{"id":160236,"date":"2022-01-28T12:41:20","date_gmt":"2022-01-28T17:41:20","guid":{"rendered":"https:\/\/www.acrartex.com\/products\/bivy-essential-festesett\/"},"modified":"2022-01-28T12:41:20","modified_gmt":"2022-01-28T17:41:20","slug":"bivy-essential-festesett","status":"publish","type":"product","link":"https:\/\/www.acrartex.com\/no\/products\/bivy-essential-festesett\/","title":{"rendered":"Bivy Essential-festesett"},"content":{"rendered":"<p>Ta med deg Bivy Stick overalt med Bivy Stick Essential Mounting Kit. Dette er ideelt for eventyrere som beveger seg fra en aktivitet til den neste. Hele settet f\u00e5r enkelt plass i det medf\u00f8lgende vanntette og st\u00f8tsikre etuiet, noe som gj\u00f8r det enkelt \u00e5 tilpasse Bivy Stick til dine behov.  <\/p>\n<ul class=\"a-unordered-list a-vertical a-spacing-mini\">\n<li><span class=\"a-list-item\"><strong>Sugekoppfeste<\/strong><br \/>\n Sugekoppen fester Bivy Stick til bilen.  <\/span><\/li>\n<li><span class=\"a-list-item\"><strong>Styrefeste<\/strong><br \/>\n Styrefeste passer til styre med en diameter p\u00e5 1,9\u20133,6 cm p\u00e5 sykkelen og motorsykkelen din, og tillater 180\u00b0 tiltbevegelse.  <\/span><\/li>\n<li><strong>Ryggsekkklips<\/strong><br \/>\n 360 graders roterbar ryggsekk-capsklemmefeste + lange skruer<\/li>\n<li><strong>J-krokspenne<\/strong><br \/>\n <span data-spm-anchor-id=\"a2700.wholesale.0.i26.35472ba2pcG0VM\">Festes godt til selvklebende feste for h\u00e5ndfri og bekymringsfri bruk.<\/span><\/li>\n<li><strong>Utl\u00f8serspenner og 3-veis svingarmadapter, lange og korte tilkoblinger<\/strong><\/li>\n<li><strong>1\/4&#8243; gjengemonteringsadaptere<\/strong><\/li>\n<li><strong>3M selvklebende putefester<\/strong><\/li>\n<li><strong>Ekstra lange og korte skruer<\/strong><\/li>\n<li><strong>Festestropper<\/strong><\/li>\n<li><strong>B\u00e6rbar b\u00e6reveske<\/strong><\/li>\n<\/ul>\n","protected":false},"excerpt":{"rendered":"<p>&nbsp;<\/p>\n<p><a href=\"https:\/\/www.dropbox.com\/s\/fk04stqsp2hgk5f\/Prop%2065%20-%20DEHP.pdf?dl=0\" data-cke-saved-href=\"https:\/\/www.dropbox.com\/s\/fk04stqsp2hgk5f\/Prop%2065%20-%20DEHP.pdf?dl=0\">ADVARSEL: FORSLAG 65<\/a><\/p>\n","protected":false},"featured_media":160238,"template":"","meta":{"_acf_changed":false,"om_disable_all_campaigns":false},"product_brand":[],"product_cat":[5635,6553,5686],"product_tag":[13087,15868,13089,13078,13091,13107,13109,13103,13117,13113,13079,13095,13093,5697,13083,13097,13119,13099,13077,13115,13101,13085],"class_list":{"0":"post-160236","1":"product","2":"type-product","3":"status-publish","4":"has-post-thumbnail","6":"product_cat-marine-no","7":"product_cat-sikkerhetstilbehor","8":"product_cat-utendors","9":"product_tag-2-veis-kommunikasjon","10":"product_tag-4605-no","11":"product_tag-acr-bivy-no","12":"product_tag-bivy-no","13":"product_tag-bivy-appen-no","14":"product_tag-bivy-overlevelse-no","15":"product_tag-bivy-overlevelsessett","16":"product_tag-bivy-mot-plb-no","17":"product_tag-bivy-og-solcellepanelsett","18":"product_tag-bivy-solcellepanel","19":"product_tag-bivy-stokk","20":"product_tag-bluetooth-no","21":"product_tag-global-redning-no","22":"product_tag-gps-en","23":"product_tag-iridium-no","24":"product_tag-mini-no","25":"product_tag-mini-gps-no","26":"product_tag-minste-satellittkommunikator","27":"product_tag-overlevelsessett-no","28":"product_tag-overlevelsessett-bivy-og-solcellepanel","29":"product_tag-satellitt-gps-sporing","30":"product_tag-sporing-no","31":"pa_activity-camping-no","32":"pa_activity-fiske","33":"pa_activity-fotturer","34":"pa_activity-klatring","35":"pa_activity-langrenn","36":"pa_activity-padlesport","37":"pa_activity-ski-snowboard-no","38":"pa_activity-snoscooter","39":"pa_activity-sykkel","40":"pa_activity-terrengkjoring-4x4","41":"pa_aircraft-type-eksperimentell","42":"pa_aircraft-type-enkelt-motor-no","43":"pa_aircraft-type-flermotor","44":"pa_aircraft-type-lette-jetstraler","45":"pa_aircraft-type-mellomstore-jetfly","46":"pa_aircraft-type-passasjerfly-no","47":"pa_aircraft-type-rotocraft-no","48":"pa_aircraft-type-store-jetfly","49":"pa_aircraft-type-turboprop-no","50":"pa_boat-type-charteryacht","51":"pa_boat-type-kommersielt-fiske","52":"pa_boat-type-lasteskip","53":"pa_boat-type-motorbat-no","54":"pa_boat-type-seilbat","55":"pa_boat-type-slepebat","56":"pa_boat-type-sportcraft-no","57":"pa_boat-type-yacht-no","58":"pa_product-sikkerhetstilbehor","59":"pa_terrain-as-og-fjell","60":"pa_terrain-elver-vatmarker-innsjoer","61":"pa_terrain-skog-og-jungel","62":"pa_terrain-tundra-no","64":"first","65":"instock","66":"taxable","67":"shipping-taxable","68":"purchasable","69":"product-type-simple"},"acf":[],"_links":{"self":[{"href":"https:\/\/www.acrartex.com\/no\/wp-json\/wp\/v2\/product\/160236","targetHints":{"allow":["GET"]}}],"collection":[{"href":"https:\/\/www.acrartex.com\/no\/wp-json\/wp\/v2\/product"}],"about":[{"href":"https:\/\/www.acrartex.com\/no\/wp-json\/wp\/v2\/types\/product"}],"wp:featuredmedia":[{"embeddable":true,"href":"https:\/\/www.acrartex.com\/no\/wp-json\/wp\/v2\/media\/160238"}],"wp:attachment":[{"href":"https:\/\/www.acrartex.com\/no\/wp-json\/wp\/v2\/media?parent=160236"}],"wp:term":[{"taxonomy":"product_brand","embeddable":true,"href":"https:\/\/www.acrartex.com\/no\/wp-json\/wp\/v2\/product_brand?post=160236"},{"taxonomy":"product_cat","embeddable":true,"href":"https:\/\/www.acrartex.com\/no\/wp-json\/wp\/v2\/product_cat?post=160236"},{"taxonomy":"product_tag","embeddable":true,"href":"https:\/\/www.acrartex.com\/no\/wp-json\/wp\/v2\/product_tag?post=160236"}],"curies":[{"name":"wp","href":"https:\/\/api.w.org\/{rel}","templated":true}]}}