{"id":159969,"date":"2022-01-28T12:52:37","date_gmt":"2022-01-28T17:52:37","guid":{"rendered":"https:\/\/www.acrartex.com\/products\/bivy-omfattende-monteringssett\/"},"modified":"2022-01-28T12:52:37","modified_gmt":"2022-01-28T17:52:37","slug":"bivy-omfattende-monteringssett","status":"publish","type":"product","link":"https:\/\/www.acrartex.com\/no\/products\/bivy-omfattende-monteringssett\/","title":{"rendered":"Bivy Omfattende Monteringssett"},"content":{"rendered":"<p>Ta med deg Bivy Stick overalt med det omfattende monteringssettet for Bivy Stick. Dette er ideelt for eventyrere som beveger seg fra en aktivitet til den neste. Hele settet f\u00e5r enkelt plass i det medf\u00f8lgende vanntette og st\u00f8tsikre etuiet, noe som gj\u00f8r det enkelt \u00e5 tilpasse Bivy Stick til dine behov.  <\/p>\n<ul class=\"a-unordered-list a-vertical a-spacing-mini\">\n<li><strong>Blekksprutstativ<br \/>\n<\/strong> Lett og kompakt, kan brukes som h\u00e5ndholdt pinne, stativ for ujevne overflater, eller rundt gjenstander<\/li>\n<li><strong>Jaws Flex Clamp Mount Justerbar Hals<br \/>\n<\/strong> Festes raskt til stolper eller andre gjenstander. Lett og enkel \u00e5 justere. <\/li>\n<li><strong>EVA h\u00e5ndholdt flytende flytepose<\/strong><br \/>\n Ekstra sikkerhet mot utilsiktet vannfall. Forseglet oppbevaringsplass for sm\u00e5 gjenstander. 1\/4&#8243; adapter for feste til stativ.  <\/li>\n<li><span class=\"a-list-item\"><strong>Sugekoppfeste<\/strong><br \/>\n Sugekoppen fester Bivy Stick til bilen.  <\/span><\/li>\n<li><span class=\"a-list-item\"><strong>Styrefeste<\/strong><br \/>\n Styrefeste passer til styre med en diameter p\u00e5 1,9\u20133,6 cm p\u00e5 sykkelen og motorsykkelen din, og tillater 180\u00b0 tiltbevegelse.  <\/span><\/li>\n<li><strong>Ryggsekkklips<\/strong><br \/>\n 360 graders roterbar ryggsekk-capsklemmefeste + lange skruer<\/li>\n<li><strong>J-krokspenne<\/strong><br \/>\n <span data-spm-anchor-id=\"a2700.wholesale.0.i26.35472ba2pcG0VM\">Festes godt til selvklebende feste for h\u00e5ndfri og bekymringsfri bruk.<\/span><\/li>\n<li><strong>Utl\u00f8serspenner og 3-veis svingarmadapter, lange og korte tilkoblinger<\/strong><\/li>\n<li><strong>1\/4&#8243; gjengemonteringsadaptere<\/strong><\/li>\n<li><strong>3M selvklebende putefester<\/strong><\/li>\n<li><strong>Ekstra lange og korte skruer<\/strong><\/li>\n<li><strong>Festestropper<\/strong><\/li>\n<li><strong>B\u00e6rbar b\u00e6reveske<\/strong><\/li>\n<\/ul>\n","protected":false},"excerpt":{"rendered":"<p>&nbsp;<\/p>\n<p><a href=\"https:\/\/www.dropbox.com\/s\/fk04stqsp2hgk5f\/Prop%2065%20-%20DEHP.pdf?dl=0\" data-cke-saved-href=\"https:\/\/www.dropbox.com\/s\/fk04stqsp2hgk5f\/Prop%2065%20-%20DEHP.pdf?dl=0\">ADVARSEL: FORSLAG 65<\/a><\/p>\n","protected":false},"featured_media":159971,"template":"","meta":{"_acf_changed":false,"om_disable_all_campaigns":false},"product_brand":[],"product_cat":[5635,5686],"product_tag":[13087,15868,13089,13078,13091,13107,13109,13103,13117,13113,13079,13095,13093,5697,13083,13097,13119,13099,13077,13115,13101,13085],"class_list":{"0":"post-159969","1":"product","2":"type-product","3":"status-publish","4":"has-post-thumbnail","6":"product_cat-marine-no","7":"product_cat-utendors","8":"product_tag-2-veis-kommunikasjon","9":"product_tag-4605-no","10":"product_tag-acr-bivy-no","11":"product_tag-bivy-no","12":"product_tag-bivy-appen-no","13":"product_tag-bivy-overlevelse-no","14":"product_tag-bivy-overlevelsessett","15":"product_tag-bivy-mot-plb-no","16":"product_tag-bivy-og-solcellepanelsett","17":"product_tag-bivy-solcellepanel","18":"product_tag-bivy-stokk","19":"product_tag-bluetooth-no","20":"product_tag-global-redning-no","21":"product_tag-gps-en","22":"product_tag-iridium-no","23":"product_tag-mini-no","24":"product_tag-mini-gps-no","25":"product_tag-minste-satellittkommunikator","26":"product_tag-overlevelsessett-no","27":"product_tag-overlevelsessett-bivy-og-solcellepanel","28":"product_tag-satellitt-gps-sporing","29":"product_tag-sporing-no","30":"pa_activity-camping-no","31":"pa_activity-fiske","32":"pa_activity-fotturer","33":"pa_activity-klatring","34":"pa_activity-langrenn","35":"pa_activity-padlesport","36":"pa_activity-ski-snowboard-no","37":"pa_activity-snoscooter","38":"pa_activity-sykkel","39":"pa_activity-terrengkjoring-4x4","40":"pa_aircraft-type-eksperimentell","41":"pa_aircraft-type-enkelt-motor-no","42":"pa_aircraft-type-flermotor","43":"pa_aircraft-type-lette-jetstraler","44":"pa_aircraft-type-mellomstore-jetfly","45":"pa_aircraft-type-passasjerfly-no","46":"pa_aircraft-type-rotocraft-no","47":"pa_aircraft-type-store-jetfly","48":"pa_aircraft-type-turboprop-no","49":"pa_boat-type-charteryacht","50":"pa_boat-type-kommersielt-fiske","51":"pa_boat-type-lasteskip","52":"pa_boat-type-motorbat-no","53":"pa_boat-type-seilbat","54":"pa_boat-type-slepebat","55":"pa_boat-type-sportcraft-no","56":"pa_boat-type-yacht-no","57":"pa_product-sikkerhetstilbehor","58":"pa_terrain-as-og-fjell","59":"pa_terrain-elver-vatmarker-innsjoer","60":"pa_terrain-skog-og-jungel","61":"pa_terrain-tundra-no","63":"first","64":"instock","65":"taxable","66":"shipping-taxable","67":"purchasable","68":"product-type-simple"},"acf":[],"_links":{"self":[{"href":"https:\/\/www.acrartex.com\/no\/wp-json\/wp\/v2\/product\/159969","targetHints":{"allow":["GET"]}}],"collection":[{"href":"https:\/\/www.acrartex.com\/no\/wp-json\/wp\/v2\/product"}],"about":[{"href":"https:\/\/www.acrartex.com\/no\/wp-json\/wp\/v2\/types\/product"}],"wp:featuredmedia":[{"embeddable":true,"href":"https:\/\/www.acrartex.com\/no\/wp-json\/wp\/v2\/media\/159971"}],"wp:attachment":[{"href":"https:\/\/www.acrartex.com\/no\/wp-json\/wp\/v2\/media?parent=159969"}],"wp:term":[{"taxonomy":"product_brand","embeddable":true,"href":"https:\/\/www.acrartex.com\/no\/wp-json\/wp\/v2\/product_brand?post=159969"},{"taxonomy":"product_cat","embeddable":true,"href":"https:\/\/www.acrartex.com\/no\/wp-json\/wp\/v2\/product_cat?post=159969"},{"taxonomy":"product_tag","embeddable":true,"href":"https:\/\/www.acrartex.com\/no\/wp-json\/wp\/v2\/product_tag?post=159969"}],"curies":[{"name":"wp","href":"https:\/\/api.w.org\/{rel}","templated":true}]}}