{"id":159952,"date":"2022-07-06T11:31:11","date_gmt":"2022-07-06T16:31:11","guid":{"rendered":"https:\/\/www.acrartex.com\/products\/plb-bivy-veske-og-karabinkrok-med-borrelasstropp\/"},"modified":"2022-07-06T11:31:11","modified_gmt":"2022-07-06T16:31:11","slug":"plb-bivy-veske-og-karabinkrok-med-borrelasstropp","status":"publish","type":"product","link":"https:\/\/www.acrartex.com\/no\/products\/plb-bivy-veske-og-karabinkrok-med-borrelasstropp\/","title":{"rendered":"PLB + Bivy -veske og karabinkrok med borrel\u00e5sstropp"},"content":{"rendered":"<p>Dette settet er kompatibelt med ACR Bivy Stick og ACR PLB -400, PLB -410, PLB -425 og PLB -435, og er et viktig tillegg til sikkerhetsutstyr, da det bidrar til \u00e5 sikre at du kan oppbevare ACR livreddende produkter trygt p\u00e5 deg, slik at du har dem n\u00e5r du trenger dem mest.<\/p>\n<p>Karabinen med borrel\u00e5s kan brukes til \u00e5 feste PLB eller Bivy din til en ryggsekk, redningsvest eller rett og slett til yttert\u00f8yet som er forbundet med en rekke utend\u00f8rsaktiviteter. P\u00e5 samme m\u00e5te har beskyttelsesvesken et beltefeste som gj\u00f8r at den kan festes til en rekke beltebredder i tillegg til stroppene p\u00e5 en ryggsekk eller redningsvest. <\/p>\n<p>Uansett hvor eventyret ditt tar deg, enten det er en tur til de h\u00f8yeste fjelltoppene, det mest uoppdagede terrenget eller de st\u00f8rste havene, kan du nyte den \u00f8kte enkelheten ved \u00e5 integrere PLB eller Bivy din p\u00e5 deg, eller med utstyret ditt, noe som gj\u00f8r alle eventyrene dine ikke bare tryggere, men ogs\u00e5 mer praktiske.<\/p>\n","protected":false},"excerpt":{"rendered":"<p>ACR vesken og karabinkroken med borrel\u00e5s-tilbeh\u00f8rssettet tilbyr en rekke bruksomr\u00e5der for en rekke ACR produkter.<\/p>\n<p>Dette settet er kompatibelt med ACR Bivy Stick og ACR ResQLink Personal Locator Beacon serien (inkludert PLB -375, PLB -400, PLB -410, PLB -425 og PLB -435), og er et viktig tillegg til sikkerhetsutstyr, da det bidrar til \u00e5 sikre at du kan oppbevare ACR livreddende produkter trygt p\u00e5 deg, slik at du har dem n\u00e5r du trenger dem mest.<\/p>\n<p>&nbsp;<\/p>\n<p>Denne vesken er IKKE kompatibel med den nye ResQLink AIS PLB -450<\/p>\n<p>&nbsp;<\/p>\n<p>&nbsp;<\/p>\n<p><a href=\"https:\/\/www.dropbox.com\/s\/fk04stqsp2hgk5f\/Prop%2065%20-%20DEHP.pdf?dl=0\">ADVARSEL: FORSLAG 65<\/a><\/p>\n","protected":false},"featured_media":27632,"template":"","meta":{"_acf_changed":false,"om_disable_all_campaigns":false},"product_brand":[],"product_cat":[5635,6553,5686],"product_tag":[],"class_list":{"0":"post-159952","1":"product","2":"type-product","3":"status-publish","4":"has-post-thumbnail","6":"product_cat-marine-no","7":"product_cat-sikkerhetstilbehor","8":"product_cat-utendors","9":"pa_activity-camping-no","10":"pa_activity-fiske","11":"pa_activity-fotturer","12":"pa_activity-klatring","13":"pa_activity-langrenn","14":"pa_activity-padlesport","15":"pa_activity-ski-snowboard-no","16":"pa_activity-snoscooter","17":"pa_activity-sykkel","18":"pa_activity-terrengkjoring-4x4","19":"pa_product-sikkerhetstilbehor","21":"first","22":"instock","23":"taxable","24":"shipping-taxable","25":"purchasable","26":"product-type-simple"},"acf":[],"_links":{"self":[{"href":"https:\/\/www.acrartex.com\/no\/wp-json\/wp\/v2\/product\/159952","targetHints":{"allow":["GET"]}}],"collection":[{"href":"https:\/\/www.acrartex.com\/no\/wp-json\/wp\/v2\/product"}],"about":[{"href":"https:\/\/www.acrartex.com\/no\/wp-json\/wp\/v2\/types\/product"}],"wp:featuredmedia":[{"embeddable":true,"href":"https:\/\/www.acrartex.com\/no\/wp-json\/wp\/v2\/media\/27632"}],"wp:attachment":[{"href":"https:\/\/www.acrartex.com\/no\/wp-json\/wp\/v2\/media?parent=159952"}],"wp:term":[{"taxonomy":"product_brand","embeddable":true,"href":"https:\/\/www.acrartex.com\/no\/wp-json\/wp\/v2\/product_brand?post=159952"},{"taxonomy":"product_cat","embeddable":true,"href":"https:\/\/www.acrartex.com\/no\/wp-json\/wp\/v2\/product_cat?post=159952"},{"taxonomy":"product_tag","embeddable":true,"href":"https:\/\/www.acrartex.com\/no\/wp-json\/wp\/v2\/product_tag?post=159952"}],"curies":[{"name":"wp","href":"https:\/\/api.w.org\/{rel}","templated":true}]}}