{"id":159918,"date":"2022-11-14T17:30:44","date_gmt":"2022-11-14T22:30:44","guid":{"rendered":"https:\/\/www.acrartex.com\/products\/acr-globalfix-v6-epirb-med-return-link-service-og-mobilapp\/"},"modified":"2026-03-11T03:42:34","modified_gmt":"2026-03-11T08:42:34","slug":"acr-globalfix-v6-epirb-med-return-link-service-og-mobilapp","status":"publish","type":"product","link":"https:\/\/www.acrartex.com\/no\/products\/acr-globalfix-v6-epirb-med-return-link-service-og-mobilapp\/","title":{"rendered":"ACR GlobalFix V6 EPIRB med Return Link Service og mobilapp"},"content":{"rendered":"<p><iframe loading=\"lazy\" title=\"GlobalFix V6 RLS EPIRB with Mobile App | ACR ARTEX\" width=\"500\" height=\"281\" src=\"https:\/\/www.youtube.com\/embed\/hm4YxhdzD5w?feature=oembed\" frameborder=\"0\" allow=\"accelerometer; autoplay; clipboard-write; encrypted-media; gyroscope; picture-in-picture; web-share\" referrerpolicy=\"strict-origin-when-cross-origin\" allowfullscreen><\/iframe><\/p>\n<p>ACR , verdensledende innen elektroniske maritime sikkerhetsenheter, introduserer en ny h\u00f8yteknologisk EPIRB (Emergency Positioning Radio Beacon). Den nye ACR GlobalFix V6 EPIRB bruker 406 MHz satellitttilkobling for \u00e5 overf\u00f8re n\u00f8dsignaler til det globale Cospas Sarsat satellittredningssystemet. Return Link Service ( RLS )-teknologi gir brukeren visuell bekreftelse p\u00e5 at n\u00f8dmeldingen er mottatt. Et 121,5 MHz-m\u00e5ls\u00f8kingssignal hjelper redningsmannskaper med \u00e5 finne den aktiverte beaconen n\u00e5r de er p\u00e5 stedet. Synlige og infrar\u00f8de strobelys hjelper med m\u00e5lidentifikasjon om natten eller n\u00e5r sikten er begrenset, noe som fremskynder redning og berging. En ny funksjon kalt Near Field Communication ( NFC ) lar brukere overv\u00e5ke EPIRB -funksjonene sine ved hjelp av en smarttelefonapp. ACR er dedikert til maritim sikkerhet, og den nye GlobalFix V6 EPIRB tilbyr sofistikert redningsteknologi i en slitesterk og p\u00e5litelig enhet som fungerer globalt.      <\/p>\n<p>&nbsp;<\/p>\n<h3><strong>P\u00e5litelig, verdensomspennende digital mayday forteller redningsmannskaper hvor de skal lete.<\/strong><\/h3>\n<p>ACR GlobalFix V6 EPIRB beregner n\u00f8yaktig sin globale posisjon gjennom GNSS ( GPS , Galileo, Glonass) posisjoneringsnettverk. Utl\u00f8sning av enheten produserer en digital n\u00f8dmelding ved hjelp av en 406 MHz n\u00f8dsending som videresender GPS EPIRB (GPIRB) posisjonen, med en n\u00f8yaktighet p\u00e5 100 meter, til det verdensomspennende Cospas Sarsat s\u00f8k- og redningssatellittnettverket. Posisjonsinformasjon og fart\u00f8yidentifikasjon videresendes deretter av satellittene til bakkestasjoner, noe som til slutt bidrar til \u00e5 bestemme omfanget av redningsoperasjonen som skal iverksettes. N\u00e5r EPIRB er aktivert, sendes et 121,5 MHz signal i tillegg til satellittsignalet med h\u00f8yere frekvens. Dette 121,5 MHz-m\u00e5ls\u00f8kingssignalet hjelper redningsmannskaper med \u00e5 finne enheten n\u00e5r de ankommer redningsstedet, spesielt viktig hvis fyrt\u00e5rnet har drevet fra sin opprinnelige plassering. GlobalFix V6 EPIRB sender ogs\u00e5 ut b\u00e5de et visuelt og infrar\u00f8dt strobesignal for \u00e5 hjelpe redningsmannskaper med \u00e5 finne fyrt\u00e5rnet og fremskynde redningsoperasjonene.     <\/p>\n<h3><strong>Near Field Communication ( NFC ) sikrer at EPIRB fungerer som den skal  <\/strong><\/h3>\n<p>Ved \u00e5 bruke <a href=\"https:\/\/www.youtube.com\/watch?v=WqE0ag4yqG4\">ACR gratis smarttelefonapp og NFC teknologi ( Near Field Communication )<\/a> kan brukere enkelt f\u00e5 tilgang til EPIRB diagnostikk. Ved \u00e5 plassere en smarttelefon ved siden av GlobalFix V6 EPIRB \u00e5pnes ACR produktappen, som viser EPIRB data. Appen viser batterilevetiden til beaconen, antall fullf\u00f8rte GNSS- og selvtester, og hvor lenge EPIRB har v\u00e6rt aktivert. Brukere kan se detaljert informasjon om hver selvtest og GNSS-test utf\u00f8rt av enheten. GNSS-tester inkluderer en kartvisning som viser hvor tidligere tester ble utf\u00f8rt, dato og klokkeslett for testene, hvor lang tid det tok EPIRB \u00e5 finne en bestemmelse av GNSS-koordinatene, antall satellitter som ble brukt for \u00e5 f\u00e5 den bestemmelsen, og bestemmelsens n\u00f8yaktighet. NFC lar brukere rutinemessig sjekke statusen til alle EPIRB funksjoner for \u00e5 sikre at den fungerer som den skal og er klar til bruk i tilfelle en n\u00f8dsituasjon.     <\/p>\n<p>&nbsp;<\/p>\n<h3><strong>Return Link Service ( RLS )<\/strong><\/h3>\n<p>Return Link Service indikerer til brukeren at en EPIRB -redningssending er mottatt. RLS signalet sendes tilbake gjennom Galileo-satellittnettverket og bekrefter at den digitale mayday-meldingen, inkludert n\u00f8yaktig beacon-plassering og identifikatorer, er levert. Et lett synlig blinkende bl\u00e5tt lys indikerer at EPIRB -en har mottatt Return Link-meldingen gjennom Galileo-satellittnettverket. De i n\u00f8d som har utl\u00f8st beaconen og mottatt RLS bekreftelsen, vet at redningsmannskaper vil bli gjort oppmerksomme p\u00e5 EPIRB aktivering og plassering, og at redningsaksjoner vil bli iverksatt.   <\/p>\n<p>&nbsp;<\/p>\n<p>ACR er en globalt anerkjent leder innen maritim elektronisk redningsutstyr og andre livreddende produkter. De bygger kvalitetsredningsutstyrsl\u00f8sninger som den nye ACR GlobalFix V6 EPIRB , som passer for alle typer og st\u00f8rrelser fart\u00f8y i b\u00e5de fritids- og kommersiell sektor. Litiumbatterier med lang levetid, global 406 MHz satellittoverf\u00f8ring, et 121,5 MHz hjems\u00f8kingssignal, visuelle og infrar\u00f8de blitser, og Return Link Service som forteller brukerne at redningssignalet er mottatt, er alt pakket inn i en slitesterk vanntett varsellampe. Near Field Communication og den gratis ACR appen lar brukere sjekke EPIRB statusen for \u00f8kt p\u00e5litelighet. Sj\u00f8folk som seiler langs kysten, jobber offshore eller krysser hav, vil sette pris p\u00e5 de avanserte funksjonene til GlobalFix V6 EPIRB .    <\/p>\n","protected":false},"excerpt":{"rendered":"<p>Den nye ACR GlobalFix V6 EPIRB er en allsidig n\u00f8dradiopeilesender som kan brukes p\u00e5 b\u00e5de fritids- og kommersielle fart\u00f8y. H\u00f8yteknologiske funksjoner som Return Link Service ( RLS ) beroliger brukerne ved \u00e5 bekrefte at peilesenderen har sendt n\u00f8dmeldingen og at denne meldingen er mottatt. ACR nye Near Field Communication ( NFC ) lar peilesenderen koble seg til en smarttelefon for rask diagnostikk som viser at batteriet er ladet og at EPIRB fungerer som den skal. GlobalFix V6 er en ideell sikkerhetsl\u00f8sning for alle typer fart\u00f8y og aktiviteter, inkludert kystcruise, offshore-seilasing eller arbeid eller fiske i ethvert hav.   <\/p>\n<p>&nbsp;<\/p>\n<p><a href=\"https:\/\/www.dropbox.com\/s\/fk04stqsp2hgk5f\/Prop%2065%20-%20DEHP.pdf?dl=0\">ADVARSEL: FORSLAG 65<\/a><\/p>\n","protected":false},"featured_media":165562,"template":"","meta":{"_acf_changed":false,"om_disable_all_campaigns":false},"product_brand":[],"product_cat":[15826,5858,5865,5635,5860,5862,5884],"product_tag":[15847,8236,15851,6812,5640,15854,15850,15852,9253,15848,5665,9255,9257,15441,15849],"class_list":{"0":"post-159918","1":"product","2":"type-product","3":"status-publish","4":"has-post-thumbnail","6":"product_cat-epirb-no","7":"product_cat-inn-i-landet-no","8":"product_cat-kommersiell-no-2","9":"product_cat-marine-no","10":"product_cat-naer-kysten","11":"product_cat-offshore-no","12":"product_cat-sjostyrker","13":"product_tag-acr-epirb-no","14":"product_tag-acr-globalfix-no","15":"product_tag-batfyr-no","16":"product_tag-cospas-sarsat-no","17":"product_tag-epirb-no","18":"product_tag-epirb-appen-no-2","19":"product_tag-epirb-beacon-no","20":"product_tag-epirb-med-mobilapp-no","21":"product_tag-epirber-no","22":"product_tag-globalfix-v6-no","23":"product_tag-gpirb-no","24":"product_tag-gps-epirb-no","25":"product_tag-nodposisjonsindikerende-radiofyr","26":"product_tag-nodsignal-gps-signal","27":"product_tag-v6-no","28":"pa_activity-fiske","29":"pa_boat-size-0-20-no","30":"pa_boat-size-21-40-no","31":"pa_boat-size-40-80-no","32":"pa_boat-type-charteryacht","33":"pa_boat-type-kommersielt-fiske","34":"pa_boat-type-motorbat-no","35":"pa_boat-type-seilbat","36":"pa_boat-type-sportcraft-no","38":"first","39":"instock","40":"taxable","41":"shipping-taxable","42":"purchasable","43":"product-type-variable","44":"has-default-attributes"},"acf":[],"_links":{"self":[{"href":"https:\/\/www.acrartex.com\/no\/wp-json\/wp\/v2\/product\/159918","targetHints":{"allow":["GET"]}}],"collection":[{"href":"https:\/\/www.acrartex.com\/no\/wp-json\/wp\/v2\/product"}],"about":[{"href":"https:\/\/www.acrartex.com\/no\/wp-json\/wp\/v2\/types\/product"}],"wp:featuredmedia":[{"embeddable":true,"href":"https:\/\/www.acrartex.com\/no\/wp-json\/wp\/v2\/media\/165562"}],"wp:attachment":[{"href":"https:\/\/www.acrartex.com\/no\/wp-json\/wp\/v2\/media?parent=159918"}],"wp:term":[{"taxonomy":"product_brand","embeddable":true,"href":"https:\/\/www.acrartex.com\/no\/wp-json\/wp\/v2\/product_brand?post=159918"},{"taxonomy":"product_cat","embeddable":true,"href":"https:\/\/www.acrartex.com\/no\/wp-json\/wp\/v2\/product_cat?post=159918"},{"taxonomy":"product_tag","embeddable":true,"href":"https:\/\/www.acrartex.com\/no\/wp-json\/wp\/v2\/product_tag?post=159918"}],"curies":[{"name":"wp","href":"https:\/\/api.w.org\/{rel}","templated":true}]}}