{"id":159859,"date":"2022-08-11T08:04:39","date_gmt":"2022-08-11T13:04:39","guid":{"rendered":"https:\/\/www.acrartex.com\/products\/globalfix-v5-ais-epirb-med-return-link-service-og-mobilapp\/"},"modified":"2026-03-06T09:01:49","modified_gmt":"2026-03-06T14:01:49","slug":"globalfix-v5-ais-epirb-med-return-link-service-og-mobilapp","status":"publish","type":"product","link":"https:\/\/www.acrartex.com\/no\/products\/globalfix-v5-ais-epirb-med-return-link-service-og-mobilapp\/","title":{"rendered":"GlobalFix \u2122 V5 AIS EPIRB med Return Link Service og mobilapp"},"content":{"rendered":"<p class=\"ai-optimize-introduction ai-optimize-33\">Vi introduserer den mest avanserte EPIRB ( <a href=\"https:\/\/www.acrartex.com\/no\/news\/hva-er-en-epirb-eller-nodposisjonsindikerende-radiofyr\/\">Emergency Position Indicating Radio Beacon<\/a> ) som er tilgjengelig. Den nye ACR GlobalFix V5 EPIRB kombinerer 406 MHz satellitttilkobling med AIS -funksjonalitet ( Automatic Identification System ). Dette betyr at n\u00e5r EPIRB aktiveres, sender den ikke bare n\u00f8dsignalet ditt til det globale <a href=\"https:\/\/www.cospas-sarsat.int\/en\/\">Cospas Sarsat<\/a> -satellittredningssystemet, men den sender ogs\u00e5 en AIS sikkerhetsmelding p\u00e5 VHF-frekvenser som kan sees umiddelbart av ethvert AIS utstyrt fart\u00f8y i n\u00e6rheten. Andre flotte funksjoner inkluderer Return Link Service ( RLS )-teknologi som gir brukeren visuell bekreftelse p\u00e5 at n\u00f8dmeldingen er mottatt, et 121,5 MHz-m\u00e5ls\u00f8kingssignal og synlige og infrar\u00f8de strobelys for enkel m\u00e5lidentifisering om natten eller i d\u00e5rlig sikt. En annen ny funksjon er Near Field Communication ( NFC ), som lar brukere overv\u00e5ke EPIRB sin ved hjelp av en smarttelefonapp. ACR er den globale lederen innen maritim sikkerhets- og redningsteknologi, og den nye GlobalFix V5 GPS EPIRB med AIS kombinerer holdbarheten og p\u00e5liteligheten de er kjent for med avansert teknologi designet for \u00e5 \u00f8ke responstiden p\u00e5 redningsaksjoner.     <\/p>\n<h3 class=\"ai-optimize-34\"><strong>Raskere AIS EPIRB redninger gjennom sammenkobling av global og lokal redning<\/strong><\/h3>\n<p class=\"ai-optimize-35\">ACR GlobalFix V5 EPIRB beregner n\u00f8yaktig sin posisjon hvor som helst i verden ved hjelp av GNSS ( GPS , Galileo, Glonass) posisjoneringsnettverk. Ved aktivering videresender 406 MHz n\u00f8dsendinger GPS EPIRB (GPIRB) posisjonen, med en n\u00f8yaktighet p\u00e5 100 meter, til det verdensomspennende Cospas Sarsat s\u00f8k- og redningssatellittnettverket. EPIRB identifikatorer og posisjonsinformasjon videresendes til bakkestasjoner via satellittsystemet, og starter redningsoperasjoner. Med avansert AIS teknologi som n\u00e5 er integrert i EPIRB , sendes et AIS signal n\u00e5r den er aktivert, slik at fart\u00f8y i n\u00e6rheten utstyrt med en AIS transponder umiddelbart varsles om b\u00e5tens fyrsignalplassering. AIS utstyrte fart\u00f8y innenfor VHF-rekkevidde av fyrsignalet vil se en sikkerhetsmelding p\u00e5 skjermene sine, inkludert MMSI-fart\u00f8yidentifikasjon. Fart\u00f8y i omr\u00e5det der EPIRB har blitt aktivert, kan deretter starte rednings- og bergingsoperasjoner umiddelbart uten \u00e5 m\u00e5tte vente p\u00e5 n\u00f8drespons fra gjeldende SAR-myndighet. AIS lar ogs\u00e5 lokale redningspersonell enkelt finne EPIRB -ens plassering, som presenteres som et AIS m\u00e5l p\u00e5 skjermen om bord. Fart\u00f8y i n\u00e6rheten med AIS ombord kan navigere direkte til EPIRB ved \u00e5 velge AIS m\u00e5let.        Denne utrolige teknologiske fremgangen vil fremskynde gjenopprettingstiden, noe som garantert vil redde liv.<\/p>\n<h3 class=\"ai-optimize-36\"><strong>Smarttelefontilkobling ved hjelp av Near Field Communication ( NFC )<\/strong><\/h3>\n<p class=\"ai-optimize-37\"><a href=\"https:\/\/www.youtube.com\/watch?v=WqE0ag4yqG4\">NFC-teknologi (Near Field Communication)<\/a> lar brukere f\u00e5 tilgang til EPIRB-diagnostikk ved hjelp av smarttelefonene sine. N\u00e5r en smarttelefon plasseres ved siden av GlobalFix V5 n\u00f8dradiobeacon, \u00e5pnes ACR-produktappen automatisk og gir tilgang til beacons-dataene. Statusinformasjon for beacons i appen inkluderer gjeldende batterilevetid, antall fullf\u00f8rte selvtester, antall fullf\u00f8rte GNSS-tester og hvor lenge EPIRB har v\u00e6rt aktivert.   Detaljert informasjon om hver selvtest og GNSS-test som utf\u00f8res av enheten er ogs\u00e5 tilgjengelig. GNSS-tester viser en kartvisning som viser n\u00f8yaktig hvor den forrige testen ble utf\u00f8rt, dato og klokkeslett for testen, hvor lang tid det tok for EPIRB \u00e5 finne en posisjon p\u00e5 GNSS-koordinatene, antall satellitter som ble brukt for \u00e5 f\u00e5 den posisjonen og n\u00f8yaktigheten av posisjonen. Enkel app-tilkobling med NFC lar brukere enkelt sjekke statusen til alle EPIRB-funksjoner for \u00e5 sikre at den fungerer som den skal. <\/p>\n<p>&nbsp;<\/p>\n<h3 class=\"ai-optimize-38\"><strong>Return Link Service ( RLS )<\/strong><\/h3>\n<p class=\"ai-optimize-39\">Return Link-tjenesten forteller den som utl\u00f8ser n\u00f8dsignalet (EPIRB) at n\u00f8dmeldingen er levert. Et RLS-signal sendt tilbake gjennom Galileo-satellittnettverket bekrefter at n\u00f8dmeldingen sammen med den n\u00f8yaktige beacon-plasseringen og identifikatorene er oppdaget. Et lett synlig blinkende bl\u00e5tt lys indikerer at n\u00f8dsignalet har mottatt Return Link-meldingen fra Galileo-satellittnettverket.   Tryggheten ved \u00e5 vite at redningsmannskaper er klar over at en EPIRB har blitt aktivert og at de har funnet den, bidrar til \u00e5 redusere stresset forbundet med mayday-situasjoner.<\/p>\n<p class=\"ai-optimize-40\">ACR spesialiserer seg p\u00e5 elektroniske redningsenheter og andre livreddende produkter designet for b\u00e5de profesjonelle og fritidssj\u00f8folk. Med tillegg av AIS gir den innovative nye ACR GlobalFix V5 EPIRB den enkleste og raskeste veien til redning. Return Link Service gir en velkommen trygghetsf\u00f8lelse vel vitende om at n\u00f8dmeldingen din er mottatt, og Near Field Communication gir tilgang til data og produktfunksjonalitet som aldri f\u00f8r har v\u00e6rt tilgjengelig for noen EPIRB kunde. Det nye og avanserte funksjonssettet til GlobalFix V5 EPIRB gj\u00f8r den perfekt for sj\u00f8folk, enten det er kystseilas, arbeid offshore eller kryssing av hav.   <\/p>\n<p class=\"ai-optimize-41\">For en personlig EPIRB , sjekk ut den nye <a href=\"https:\/\/www.acrartex.com\/no\/products\/resqlink-ais-personal-locator-beacon\/\">ResQLink AIS Personal Locator Beacon<\/a><\/p>\n","protected":false},"excerpt":{"rendered":"<p>Den nye ACR GlobalFix V5 AIS -n\u00f8dradiosignalgiveren for posisjonering er en innovativ EPIRB med et unikt sett med funksjoner. Tillegget av et AIS varsel gir den enkleste og raskeste veien til redning, mens den inkluderte Return Link Service ( RLS )-funksjonaliteten gir en kj\u00e6rkommen trygghetsf\u00f8lelse ved \u00e5 gi direkte bekreftelse til signalgiveren om at n\u00f8dmeldingen din er mottatt. Ved \u00e5 legge til Near Field Communication ( NFC ) i miksen, muliggj\u00f8res smarttelefontilkobling og tilgang til data og produktinteraksjon som aldri f\u00f8r har v\u00e6rt tilgjengelig. Dette avanserte funksjonssettet gj\u00f8r GlobalFix V5 perfekt for sj\u00f8folk, enten de er p\u00e5 kystseilas, jobber offshore eller krysser hav.   <\/p>\n<p>&nbsp;<\/p>\n<p><a href=\"https:\/\/www.dropbox.com\/s\/fk04stqsp2hgk5f\/Prop%2065%20-%20DEHP.pdf?dl=0\">ADVARSEL: FORSLAG 65<\/a><\/p>\n<p>&nbsp;<\/p>\n","protected":false},"featured_media":33693,"template":"","meta":{"_acf_changed":false,"om_disable_all_campaigns":false},"product_brand":[],"product_cat":[15826,5858,5865,5635,5860,5862,5884],"product_tag":[15329,5640,15827,9262,9253,5648,9251,9249,5665,9270,9255,9257,5643,12994,15440],"class_list":{"0":"post-159859","1":"product","2":"type-product","3":"status-publish","4":"has-post-thumbnail","6":"product_cat-epirb-no","7":"product_cat-inn-i-landet-no","8":"product_cat-kommersiell-no-2","9":"product_cat-marine-no","10":"product_cat-naer-kysten","11":"product_cat-offshore-no","12":"product_cat-sjostyrker","13":"product_tag-ais-epirb-no","14":"product_tag-epirb-no","15":"product_tag-epirb-med-ais-no","16":"product_tag-epirb-med-gps-no","17":"product_tag-epirber-no","18":"product_tag-globalfix-no","19":"product_tag-globalfix-epirb-no","20":"product_tag-globalfix-v4-no","21":"product_tag-gpirb-no","22":"product_tag-gpirb-er","23":"product_tag-gps-epirb-no","24":"product_tag-nodposisjonsindikerende-radiofyr","25":"product_tag-nodsignal-no","26":"product_tag-return-link-service-no","27":"product_tag-rls-epirb-no","28":"pa_activity-fiske","29":"pa_boat-size-0-20-no","30":"pa_boat-size-21-40-no","31":"pa_boat-size-40-80-no","32":"pa_boat-size-80-no","33":"pa_boat-type-charteryacht","34":"pa_boat-type-kommersielt-fiske","35":"pa_boat-type-lasteskip","36":"pa_boat-type-motorbat-no","37":"pa_boat-type-seilbat","38":"pa_boat-type-slepebat","39":"pa_boat-type-sportcraft-no","40":"pa_boat-type-yacht-no","42":"first","43":"instock","44":"taxable","45":"shipping-taxable","46":"purchasable","47":"product-type-variable","48":"has-default-attributes"},"acf":[],"_links":{"self":[{"href":"https:\/\/www.acrartex.com\/no\/wp-json\/wp\/v2\/product\/159859","targetHints":{"allow":["GET"]}}],"collection":[{"href":"https:\/\/www.acrartex.com\/no\/wp-json\/wp\/v2\/product"}],"about":[{"href":"https:\/\/www.acrartex.com\/no\/wp-json\/wp\/v2\/types\/product"}],"wp:featuredmedia":[{"embeddable":true,"href":"https:\/\/www.acrartex.com\/no\/wp-json\/wp\/v2\/media\/33693"}],"wp:attachment":[{"href":"https:\/\/www.acrartex.com\/no\/wp-json\/wp\/v2\/media?parent=159859"}],"wp:term":[{"taxonomy":"product_brand","embeddable":true,"href":"https:\/\/www.acrartex.com\/no\/wp-json\/wp\/v2\/product_brand?post=159859"},{"taxonomy":"product_cat","embeddable":true,"href":"https:\/\/www.acrartex.com\/no\/wp-json\/wp\/v2\/product_cat?post=159859"},{"taxonomy":"product_tag","embeddable":true,"href":"https:\/\/www.acrartex.com\/no\/wp-json\/wp\/v2\/product_tag?post=159859"}],"curies":[{"name":"wp","href":"https:\/\/api.w.org\/{rel}","templated":true}]}}