{"id":159800,"date":"2022-11-14T18:20:23","date_gmt":"2022-11-14T23:20:23","guid":{"rendered":"https:\/\/www.acrartex.com\/products\/resqlink-ais-personal-locator-beacon\/"},"modified":"2026-03-06T10:45:17","modified_gmt":"2026-03-06T15:45:17","slug":"resqlink-ais-personal-locator-beacon","status":"publish","type":"product","link":"https:\/\/www.acrartex.com\/no\/products\/resqlink-ais-personal-locator-beacon\/","title":{"rendered":"ResQLink AIS Personal Locator Beacon"},"content":{"rendered":"<p class=\"ai-optimize-40 ai-optimize-introduction\"><b> <\/b>ACR er en verdensledende leverand\u00f8r av redningsutstyr og andre livreddende produkter som profesjonelle og fritidssj\u00f8folk stoler p\u00e5, og er stolte av \u00e5 kunne tilby den nye prisbel\u00f8nte ResQLink AIS Personal Locator Beacon ( PLB ). Denne kompakte, h\u00f8yteknologiske n\u00f8dbeaconen er verdens f\u00f8rste PLB som inkluderer b\u00e5de AIS ( Automatic Identification System ) og NFC ( Near Field Communication ) i tillegg til standard satellittvarsling gjennom <a href=\"https:\/\/www.cospas-sarsat.int\/en\/\">Cospas Sarsat<\/a> -redningssystemet. AIS betyr \u00f8yeblikkelig lokal varsling for raskere redningstider. NFC sikrer at beaconen fungerer som den skal n\u00e5r det trengs, og gir enkel tilgang til alle funksjoner og poster via smarttelefon. N\u00f8yaktig posisjonering gjennom GNSS ( GPS , Galileo, Glonass) og 406 MHz satellitttilkobling betyr p\u00e5litelig service over hele verden. 121,5 MHz-sendinger kombinert med AIS Man Overboard ( AIS MOB ) og b\u00e5de synlig og infrar\u00f8d strobe hjelper med \u00e5 finne beaconen og oppn\u00e5 raskere gjenopprettingstid. Den innovative nye ACR ResQLink AIS er den F\u00d8RSTE som kombinerer alle disse funksjonene i en kompakt, brukervennlig PLB beacon, noe som gj\u00f8r den til det F\u00d8RSTE valget for seri\u00f8se sj\u00f8folk som leter etter den beste Personal Locator Beacon for b\u00e5tfolk.      <\/p>\n<p>&nbsp;<\/p>\n<h2 class=\"ai-optimize-41\"><strong>Koble global og lokal redning med en AIS Personal Locator Beacon<\/strong><\/h2>\n<p class=\"ai-optimize-42\">Det verdensomspennende Cospas Sarsat-satellittsystemet inkluderer tre forskjellige konstellasjoner for \u00e5 sikre at 406 MHz-n\u00f8dsignalet ditt umiddelbart n\u00e5r det globale nettverket av redningsstyrker, med din posisjon n\u00f8yaktig innenfor 100 meter. Med flere niv\u00e5er av integrert signalteknologi, inkludert 406 MHz og GNSS ( GPS , Galileo, Glonass) posisjonering, sender PLB ogs\u00e5 et 121,5 MHz-m\u00e5ls\u00f8kingssignal som veileder redningstjenestene til fyrens n\u00e5v\u00e6rende posisjon n\u00e5r de ankommer stedet, ettersom fyren kan ha drevet fra den opprinnelig sendte posisjonen. Tillegget av AIS -sendinger med mann-over-bord-fyr betyr at ResQLink AIS samtidig varsler alle fart\u00f8y utstyrt med AIS transpondere innenfor VHF-radiorekkevidden til PLB n\u00f8dposisjon. Dette \u00f8ker b\u00e5de sannsynligheten for og hastigheten p\u00e5 redning betraktelig, siden fart\u00f8y i n\u00e6rheten mottar AIS MOB varsler. Umiddelbart etter utplassering av fyren vises en AIS sikkerhetsmelding eller AIS MOB -alarm med fyrens MMSI og posisjon p\u00e5 enhver AIS skjerm innenfor rekkevidde. Dette gj\u00f8r det enkelt for fart\u00f8y i n\u00e6rheten \u00e5 finne frem til fyrt\u00e5rnet siden det er et aktivt AIS m\u00e5l p\u00e5 skjermene deres.     <\/p>\n<p class=\"ai-optimize-43\">ResQLink AIS vil lyse opp veien n\u00e5r redningsmannskaper ankommer stedet med b\u00e5de et hvitt, synlig strobelys og et infrar\u00f8dt strobelys som gir redningsmannskapene den visuelle referansen de trenger under redningsoperasjoner om natten eller andre redningsoperasjoner med lav sikt.<\/p>\n<h2 class=\"ai-optimize-44\"><strong>Smarttelefontilkobling ved hjelp av Near Field Communication ( NFC )<\/strong><\/h2>\n<p class=\"ai-optimize-45\"><a href=\"https:\/\/www.youtube.com\/watch?v=WqE0ag4yqG4\">Integreringen av NFC teknologi<\/a> gir brukerne muligheten til enkelt \u00e5 f\u00e5 tilgang til beacon-data fra mobiltelefonen sin. Den enkle handlingen med \u00e5 plassere en telefon i n\u00e6rheten av beaconen \u00e5pner automatisk ACR Product App og gir tilgang til en mengde bruksdata, inkludert gjeldende batterilevetid, antall fullf\u00f8rte selvtester, antall fullf\u00f8rte GNSS-tester og, hvis aktuelt, hvor lenge beaconen har v\u00e6rt aktivert. Detaljert informasjon om hver selvtest og GNSS-test utf\u00f8rt av beaconen er ogs\u00e5 tilgjengelig om \u00f8nskelig. For hver vellykket GNSS-test kan brukerne se et kart som viser n\u00f8yaktig hvor testen ble utf\u00f8rt, dato og klokkeslett for testen, tiden det tok beaconen \u00e5 finne en posisjon p\u00e5 GNSS-koordinatene dine, antall satellitter beaconen brukte for \u00e5 finne den posisjonen og n\u00f8yaktigheten av posisjonen.   <\/p>\n<h2 class=\"ai-optimize-46\"><strong>Return Link Service ( RLS )<\/strong><\/h2>\n<p class=\"ai-optimize-47\">RLS funksjonaliteten fungerer ved \u00e5 sende et signal tilbake gjennom Galileo-satellittnettverket for \u00e5 bekrefte til fyrbrukeren at n\u00f8dmeldingen er mottatt og at kystvakten har oppdaget posisjonen deres. En bekreftelsesmelding indikeres tydelig med et blinkende bl\u00e5tt lys p\u00e5 PLB . I likhet med andre ACR fyrer som inkluderer den viktige RLS funksjonen, gir ResQLink AIS tryggheten av \u00e5 vite at en n\u00f8dmelding er levert.   \u00c5 forst\u00e5 at redningsmannskaper er klar over sendingen og plasseringen av fyrlykten reduserer stresset som ofte er forbundet med mann over bord-hendelser.<\/p>\n<h2 class=\"ai-optimize-48\"><strong>PFD-kompatibilitet og -integrasjon<\/strong><\/h2>\n<p class=\"ai-optimize-49\">ResQLink AIS er designet for \u00e5 installeres i en redningsvest og aktiveres n\u00e5r vesten bl\u00e5ses opp (halvautomatisk). Installasjonen er enkel ved \u00e5 bruke den medf\u00f8lgende klipsen for oral oppbl\u00e5sing for \u00e5 feste PLB til redningsvesten med et b\u00e5nd festet rundt bl\u00e6ren p\u00e5 redningsvesten. N\u00e5r vesten er riktig installert, utl\u00f8ser oppbl\u00e5singen av redningsvesten utl\u00f8sning av antennen og aktivering av varselb\u00e5ken.  <\/p>\n<p class=\"ai-optimize-37\"><strong>Det anbefales \u00e5 konsultere redningsvestprodusenten f\u00f8r installasjon, da spesifikke modeller kan ha sin egen foretrukne monteringsmetode eller integreringsanbefalinger.<\/strong><\/p>\n<p><iframe loading=\"lazy\" title=\"ResQLink AIS: Life Jacket Installation | ACR ARTEX\" width=\"500\" height=\"281\" src=\"https:\/\/www.youtube.com\/embed\/Y7BpQoea-mQ?start=5&#038;feature=oembed\" frameborder=\"0\" allow=\"accelerometer; autoplay; clipboard-write; encrypted-media; gyroscope; picture-in-picture; web-share\" referrerpolicy=\"strict-origin-when-cross-origin\" allowfullscreen><\/iframe><\/p>\n<p class=\"ai-optimize-50\">Brukere som ikke \u00f8nsker \u00e5 installere PLB i en redningsvest, har muligheten til \u00e5 bruke den medf\u00f8lgende webbingklipsen til \u00e5 feste varselsvarslingen til et belte av passende st\u00f8rrelse eller webbingen til en redningsvest med naturlig flyteevne.<\/p>\n<p class=\"ai-optimize-51\">Den komplette kombinasjonen av en 406 MHz Personal Locator Beacon kombinert med en AIS mann-over-bord-fyr gj\u00f8r den nye ResQLink AIS til den beste Personal Locator Beacon for b\u00e5tfolk for rask redning.<\/p>\n","protected":false},"excerpt":{"rendered":"<p>Den helt nye ACR ResQLink AIS Personal Locator Beacon ( PLB ) er den mest teknologisk avanserte beaconen i verden, ettersom den inneholder b\u00e5de satellitt- og lokale transpondere. Med introduksjonen av AIS -funksjonalitet ( Automatic Identification System ), Return Link Service ( RLS )-teknologi og NFC funksjonalitet ( Near Field Communication ) i \u00e9n 406 MHz-beacon, representerer ResQLink AIS et kritisk fremskritt i utviklingen av PLB -teknologi. <\/p>\n<p>Kombinasjonen av 406 MHz og AIS n\u00f8dmeldinger er utviklet utelukkende for maritim bruk, og kobler for f\u00f8rste gang b\u00e5de global og lokal redning i \u00e9n fyrt\u00e5rn. Dette utvider tilgangen til kystvakten og s\u00f8k og redning, samt kommersielle og fritidsb\u00e5ter i omr\u00e5det. Ved \u00e5 varsle lokale AIS utstyrte b\u00e5ter i n\u00e6rheten kan flere fart\u00f8y reagere direkte p\u00e5 den digitale n\u00f8dsituasjonen med din n\u00f8yaktige posisjon. <\/p>\n<p>I tillegg gir <a href=\"https:\/\/www.youtube.com\/watch?v=WqE0ag4yqG4\">NFC-funksjonalitet<\/a> brukerne verdens f\u00f8rste smarttelefontilkoblede personlige lokaliseringssignal, og den nye Return Link Service-funksjonen gir brukerne tryggheten i visshet om at n\u00f8dmeldingen deres er mottatt og at posisjonen deres er oppdaget av kystvakten.<\/p>\n<p>&nbsp;<\/p>\n<p><a href=\"https:\/\/www.dropbox.com\/s\/8343nj28z0d7bxa\/Prop%2065%20-%20BPA.pdf?dl=0\" data-cke-saved-href=\"https:\/\/www.dropbox.com\/s\/8343nj28z0d7bxa\/Prop%2065%20-%20BPA.pdf?dl=0\">ADVARSEL: FORSLAG 65<\/a><\/p>\n","protected":false},"featured_media":31791,"template":"","meta":{"_acf_changed":false,"om_disable_all_campaigns":false},"product_brand":[],"product_cat":[5858,5865,5635,5860,5862,12548,5884],"product_tag":[11378,9537,15442,15800,5693,5689],"class_list":{"0":"post-159800","1":"product","2":"type-product","3":"status-publish","4":"has-post-thumbnail","6":"product_cat-inn-i-landet-no","7":"product_cat-kommersiell-no-2","8":"product_cat-marine-no","9":"product_cat-naer-kysten","10":"product_cat-offshore-no","11":"product_cat-personal-locator-beacon-no","12":"product_cat-sjostyrker","13":"product_tag-acr-personlig-lokaliseringsfyr","14":"product_tag-ais-no","15":"product_tag-ais-personal-locator-beacon-no","16":"product_tag-ais-plb-no","17":"product_tag-personlig-lokaliseringsfyr","18":"product_tag-plb-no","19":"pa_activity-fiske","20":"pa_boat-size-0-20-no","21":"pa_boat-size-21-40-no","22":"pa_boat-size-40-80-no","23":"pa_boat-size-80-no","24":"pa_boat-type-charteryacht","25":"pa_boat-type-kommersielt-fiske","26":"pa_boat-type-lasteskip","27":"pa_boat-type-motorbat-no","28":"pa_boat-type-seilbat","29":"pa_boat-type-slepebat","30":"pa_boat-type-sportcraft-no","31":"pa_boat-type-yacht-no","32":"pa_product-rescue-beacons-no","34":"first","35":"instock","36":"taxable","37":"shipping-taxable","38":"purchasable","39":"product-type-variable"},"acf":[],"_links":{"self":[{"href":"https:\/\/www.acrartex.com\/no\/wp-json\/wp\/v2\/product\/159800","targetHints":{"allow":["GET"]}}],"collection":[{"href":"https:\/\/www.acrartex.com\/no\/wp-json\/wp\/v2\/product"}],"about":[{"href":"https:\/\/www.acrartex.com\/no\/wp-json\/wp\/v2\/types\/product"}],"wp:featuredmedia":[{"embeddable":true,"href":"https:\/\/www.acrartex.com\/no\/wp-json\/wp\/v2\/media\/31791"}],"wp:attachment":[{"href":"https:\/\/www.acrartex.com\/no\/wp-json\/wp\/v2\/media?parent=159800"}],"wp:term":[{"taxonomy":"product_brand","embeddable":true,"href":"https:\/\/www.acrartex.com\/no\/wp-json\/wp\/v2\/product_brand?post=159800"},{"taxonomy":"product_cat","embeddable":true,"href":"https:\/\/www.acrartex.com\/no\/wp-json\/wp\/v2\/product_cat?post=159800"},{"taxonomy":"product_tag","embeddable":true,"href":"https:\/\/www.acrartex.com\/no\/wp-json\/wp\/v2\/product_tag?post=159800"}],"curies":[{"name":"wp","href":"https:\/\/api.w.org\/{rel}","templated":true}]}}