{"id":159746,"date":"2023-01-10T13:30:30","date_gmt":"2023-01-10T18:30:30","guid":{"rendered":"https:\/\/www.acrartex.com\/products\/eksklusivt-tilbud-fra-boatus-januar-2023\/"},"modified":"2023-01-10T13:30:30","modified_gmt":"2023-01-10T18:30:30","slug":"eksklusivt-tilbud-fra-boatus-januar-2023","status":"publish","type":"product","link":"https:\/\/www.acrartex.com\/no\/products\/eksklusivt-tilbud-fra-boatus-januar-2023\/","title":{"rendered":"Eksklusivt tilbud fra BoatUS \u2013 januar 2023"},"content":{"rendered":"<p>Tidsbegrenset tilbud<\/p>\n","protected":false},"excerpt":{"rendered":"<p>Vi er glade for \u00e5 kunne tilby en enorm verdi til BoatUS-medlemmer som kj\u00f8per et ResQLink View Survival Kit og tilbeh\u00f8rssettet Pouch and Carabiner med borrel\u00e5s. <strong>Legg disse to varene i handlekurven nedenfor, se handlekurven, og skriv deretter inn kupongkoden BUSKit2023<\/strong> <strong>og klikk p\u00e5 &#8220;Bruk kupong&#8221;<\/strong> for \u00e5 motta din ResQLink View PLB ( <a href=\"https:\/\/www.acrartex.com\/products\/resqlink-view\">Les mer<\/a> ) samtidig som du mottar f\u00f8lgende varer gratis:<\/p>\n<ul>\n<li>C-Strobe\u2122 H2O redningslys \u2013 <a href=\"https:\/\/www.acrartex.com\/products\/c-strobe-h20\">L\u00e6r mer<\/a><\/li>\n<li>Res-Q\u2122-fl\u00f8yte \u2013 <a href=\"https:\/\/www.acrartex.com\/products\/ww-3-res-q-whistle\">L\u00e6r mer<\/a><\/li>\n<li>Veske og karabinkrok med borrel\u00e5sstropp \u2013 <a href=\"https:\/\/www.acrartex.com\/products\/pouch-and-carabiner-with-velcro-strap\/\">Finn ut mer<\/a><\/li>\n<li>RapidDitch t\u00f8rrpose<\/li>\n<li>Signalspeil<\/li>\n<\/ul>\n<p><strong>Merk: ResQLink View PLB som kj\u00f8pes alene koster 399,95 dollar, men BoatUS-medlemmer som bruker kupongkoden BUSKit2023 vil motta alle varene ovenfor for 399,95 dollar n\u00e5r de kj\u00f8per minst ett ResQLink View overlevelsessett og ett tilbeh\u00f8rssett med veske og karabinkrok med borrel\u00e5s.<\/strong><\/p>\n<p>Uansett hvor eventyret ditt tar deg, enten det er en tur til de h\u00f8yeste fjelltoppene, det mest uoppdagede terrenget eller de st\u00f8rste havene, kan du v\u00e6re trygg p\u00e5 din sikkerhet n\u00e5r du pakker ResQLink View Survival Kit. Bare aktiver ResQLink View ved \u00e5 utl\u00f8se antennen, trykke p\u00e5 av-knappen, s\u00e5 vil beaconen gj\u00f8re resten for deg ved uanstrengt \u00e5 veilede redningsmannskaper innenfor 100 meter eller mindre fra din posisjon, samtidig som den gir live beacon-status og GPS koordinater p\u00e5 det innebygde digitale displayet. <\/p>\n<p>N\u00e5r redningstjenesten ankommer stedet, vil det sterke LED-C-Strobe H2O-strobelyset fange redningsmannskapenes oppmerksomhet om natten, eller bruke signalspeilet i dagslys. Oppbevar alt n\u00f8dutstyret ditt i RapidDitch Dry Bag for \u00e5 holde overlevelsessettet ditt praktisk samlet. <\/p>\n<p>I tillegg gir ACR vesken og karabinkroken med borrel\u00e5s-tilbeh\u00f8rssettet en rekke bruksmuligheter for din ResQLink View PLB . Dette settet er et viktig tillegg til sikkerhetsutstyr, og det dekker en rekke bruksomr\u00e5der, da det bidrar til \u00e5 sikre at du kan oppbevare ResQLink View trygt p\u00e5 deg, slik at du har den n\u00e5r du trenger den mest. <\/p>\n<p>&nbsp;<\/p>\n<p><a href=\"https:\/\/www.dropbox.com\/s\/fk04stqsp2hgk5f\/Prop%2065%20-%20DEHP.pdf?dl=0\">ADVARSEL: FORSLAG 65<\/a><\/p>\n<p>&nbsp;<\/p>\n","protected":false},"featured_media":159749,"template":"","meta":{"_acf_changed":false,"om_disable_all_campaigns":false},"product_brand":[],"product_cat":[2925],"product_tag":[],"class_list":{"0":"post-159746","1":"product","2":"type-product","3":"status-publish","4":"has-post-thumbnail","6":"product_cat-uncategorized-no","8":"first","9":"instock","10":"taxable","11":"shipping-taxable","12":"product-type-grouped"},"acf":[],"_links":{"self":[{"href":"https:\/\/www.acrartex.com\/no\/wp-json\/wp\/v2\/product\/159746","targetHints":{"allow":["GET"]}}],"collection":[{"href":"https:\/\/www.acrartex.com\/no\/wp-json\/wp\/v2\/product"}],"about":[{"href":"https:\/\/www.acrartex.com\/no\/wp-json\/wp\/v2\/types\/product"}],"wp:featuredmedia":[{"embeddable":true,"href":"https:\/\/www.acrartex.com\/no\/wp-json\/wp\/v2\/media\/159749"}],"wp:attachment":[{"href":"https:\/\/www.acrartex.com\/no\/wp-json\/wp\/v2\/media?parent=159746"}],"wp:term":[{"taxonomy":"product_brand","embeddable":true,"href":"https:\/\/www.acrartex.com\/no\/wp-json\/wp\/v2\/product_brand?post=159746"},{"taxonomy":"product_cat","embeddable":true,"href":"https:\/\/www.acrartex.com\/no\/wp-json\/wp\/v2\/product_cat?post=159746"},{"taxonomy":"product_tag","embeddable":true,"href":"https:\/\/www.acrartex.com\/no\/wp-json\/wp\/v2\/product_tag?post=159746"}],"curies":[{"name":"wp","href":"https:\/\/api.w.org\/{rel}","templated":true}]}}