{"id":159644,"date":"2023-11-20T13:29:13","date_gmt":"2023-11-20T18:29:13","guid":{"rendered":"https:\/\/www.acrartex.com\/products\/fpt-8800-serien-artex-elt-programmerer\/"},"modified":"2026-03-06T10:09:54","modified_gmt":"2026-03-06T15:09:54","slug":"fpt-8800-serien-artex-elt-programmerer","status":"publish","type":"product","link":"https:\/\/www.acrartex.com\/no\/products\/fpt-8800-serien-artex-elt-programmerer\/","title":{"rendered":"FPT 8800-serien ARTEX ELT-programmerer"},"content":{"rendered":"<p>ARTEX-programmereren FPT 8800-serien er et robust og brukervennlig ELT-st\u00f8tteverkt\u00f8y som er egnet for benk- og feltapplikasjoner. Hvis du administrerer en fl\u00e5te, selger eller utf\u00f8rer service p\u00e5 ARTEX-n\u00f8dlokaliseringssendere, er dette verkt\u00f8yet et must. ARTEX vil introdusere ytterligere konfigurasjoner for \u00e5 programmere alle n\u00e5v\u00e6rende ELT-produkter. Ta kontakt med ARTEX for detaljer om n\u00e5r flere alternativer legges til.   <\/p>\n<p><strong>Merk: <span data-teams=\"true\">C406-programvareversjon V134B eller tidligere st\u00f8ttes ikke.<\/span><\/strong><\/p>\n<p>&nbsp;<\/p>\n<p><strong>Viktige funksjoner:<\/strong><\/p>\n<p>&nbsp;<\/p>\n<ul>\n<li><strong>Basert p\u00e5 Microsoft Surface-nettbrett:<\/strong> Si farvel til klumpete og utdatert programmeringsutstyr. ARTEX FPT utnytter kraften til Microsoft Surface-nettbrettet og gir et brukervennlig grensesnitt og en kjent og intuitiv opplevelse. Dette betyr at du kan ta med deg ELT-programmeringen din p\u00e5 farten, noe som forbedrer tilgjengeligheten og fleksibiliteten.  <\/li>\n<\/ul>\n<p>&nbsp;<\/p>\n<ul>\n<li><strong>Ettermontering av eksisterende ELT-er:<\/strong> Bekymret for omprogrammering av protokoller for nye leveranser eller ettermonteringer? Ikke v\u00e6r redd. ARTEX FPT er designet for enkel ettermontering med dine n\u00e5v\u00e6rende ELT-er, og eliminerer tredjepartsprogrammering. Det er en kostnadseffektiv l\u00f8sning som effektiviserer vedlikeholdsprosessen.   <\/li>\n<\/ul>\n<p>&nbsp;<\/p>\n<ul>\n<li><strong>Intuitivt brukergrensesnitt:<\/strong> Programmer ELT-ene dine uanstrengt med v\u00e5rt brukervennlige grensesnitt. Slutt p\u00e5 \u00e5 tyde komplekse menyer eller slite med klumpete knapper. ARTEX FPT gj\u00f8r programmering av ELT-er til en lek, sparer deg tid og reduserer potensialet for feil.  <\/li>\n<\/ul>\n<p>&nbsp;<\/p>\n<ul>\n<li><strong>Forbedret ytelse:<\/strong> Med ARTEX FPT kan du f\u00e5 tilgang til og endre kritiske innstillinger med presisjon, slik at n\u00f8dsendere fungerer optimalt. Det er banebrytende for \u00e5 opprettholde samsvar med n\u00f8dforskriftene dine. <\/li>\n<\/ul>\n<p>&nbsp;<\/p>\n<ul>\n<li><strong>Omfattende datah\u00e5ndtering:<\/strong> Hold oversikt over alle ELT-ene dine p\u00e5 ett sted med ARTEX FPTs omfattende datah\u00e5ndteringsfunksjoner. Lagre, hent og verifiser programmeringsdata og historikk enkelt for \u00e5 sikre samsvar og beredskap. <\/li>\n<\/ul>\n<p>&nbsp;<\/p>\n<ul>\n<li><strong>Fremtidssikker teknologi:<\/strong> ARTEX er et p\u00e5litelig navn innen luftfartsteknologi, og FTP-programmereren som bruker Surface Tablets er utviklet for \u00e5 utvikle seg i takt med dine behov. Motta regelmessige programvareoppdateringer for \u00e5 holde deg i forkant av bransjestandarder og forskrifter. <\/li>\n<\/ul>\n<p>&nbsp;<\/p>\n<ul>\n<li><strong>Programmering:<\/strong> ARTEX FPT kan programmere \u00f8nsket protokoll, NAV-databaudhastighet og n\u00f8dvendig informasjon som beskrevet av Cospas-Sarsat gjennom den aktuelle programmeringskabelen.<\/li>\n<\/ul>\n<p>&nbsp;<\/p>\n<ul>\n<li><strong>Utskriftsmuligheter:<\/strong> ARTEX FPT kan skrive ut en rapport for dine registre over kundeverifisering<\/li>\n<\/ul>\n<p>&nbsp;<\/p>\n<p>&nbsp;<\/p>\n<p><strong>Merk:<\/strong> Denne programmereren m\u00e5ler ikke str\u00f8m eller leser beacon-overf\u00f8ringen som sendes av radioen. FPT 8800-serien leser kun internminnet og omprogrammerer ELT-en til godkjente Cospas-Sarsat-protokoller. Ettermarkeds 406-effekttestutstyr som Viavi 10K og WST BT-200 er p\u00e5lagt \u00e5 utf\u00f8re den n\u00f8dvendige \u00e5rlige beacon-effekttesten. Ta kontakt med lokale myndigheter for ELT-testkrav for planlagte inspeksjoner.   <\/p>\n<p>&nbsp;<\/p>\n<p>ARTEX 8805-seriens programmerer vil v\u00e6re tilgjengelig i f\u00f8lgende konfigurasjoner:<\/p>\n<table width=\"714\">\n<tbody>\n<tr>\n<td colspan=\"2\" width=\"714\"><strong>P\/N-programmeringsmuligheter<\/strong><\/td>\n<\/tr>\n<tr>\n<td width=\"62\">Artikkelnr. 8805<\/td>\n<td width=\"652\">Kun nettbrett og programvare<\/td>\n<\/tr>\n<tr>\n<td width=\"62\">Artikkelnr. 8806<\/td>\n<td width=\"652\">ELT 345, 1000 og ME406<\/td>\n<\/tr>\n<tr>\n<td width=\"62\">Artikkelnummer 8807<\/td>\n<td width=\"652\">ELT 345, 1000, ME406, C406-N, C406-N HM, C406-1, C406-1 HM, C406-2, C406-2 HM, B406-4 og G406-4<\/td>\n<\/tr>\n<tr>\n<td width=\"62\">Artikkelnr. 8808<\/td>\n<td width=\"652\"><a href=\"https:\/\/www.acrartex.com\/no\/products\/elt-345\/\">ELT 345<\/a> , <a href=\"https:\/\/www.acrartex.com\/no\/products\/elt-1000\/\">1000<\/a> , <a href=\"https:\/\/www.acrartex.com\/no\/products\/me406-elt\/\">ME406<\/a> , <a href=\"https:\/\/www.acrartex.com\/no\/products\/elt-3000hm\/\">ELT<\/a> <a href=\"https:\/\/www.acrartex.com\/no\/products\/elt-3000\/\">3000<\/a> , <a href=\"https:\/\/www.acrartex.com\/no\/products\/elt-4000\/\">ELT 3000HM<\/a> , ELT 4000, <a href=\"https:\/\/www.acrartex.com\/no\/products\/elt-4000hm\/\">ELT 4000HM<\/a> , <a href=\"https:\/\/www.acrartex.com\/no\/products\/c406-n\/\">C406-N<\/a> , <a href=\"https:\/\/www.acrartex.com\/no\/products\/c406-n-hm\/\">C406-N HM<\/a> , <a href=\"https:\/\/www.acrartex.com\/no\/products\/c406-1\/\">C406-1<\/a> , <a href=\"https:\/\/www.acrartex.com\/no\/products\/c406-1-hm\/\">C406-1 HM<\/a> , <a href=\"https:\/\/www.acrartex.com\/no\/products\/c406-2\/\">C406-2<\/a> , <a href=\"https:\/\/www.acrartex.com\/no\/products\/c406-2-hm\/\">C406-2 HM<\/a> , <a href=\"https:\/\/www.acrartex.com\/no\/products\/b406-4\/\">B406-4<\/a> og <a href=\"https:\/\/www.acrartex.com\/no\/products\/g406-4-elt\/\">G406-4<\/a><\/td>\n<\/tr>\n<tr>\n<td width=\"62\">Artikkelnr. 8809<\/td>\n<td width=\"652\"><a href=\"https:\/\/www.acrartex.com\/no\/products\/elt-4000s\/\">ELT 4000S<\/a><\/td>\n<\/tr>\n<\/tbody>\n<\/table>\n<p>&nbsp;<\/p>\n<p>&nbsp;<\/p>\n","protected":false},"excerpt":{"rendered":"<p>Slipp l\u00f8s kraften i avansert teknologi med ARTEX-programmereren for n\u00f8dsendere, en revolusjonerende l\u00f8sning som er satt til \u00e5 forvandle m\u00e5ten du administrerer og programmerer ARTEX-n\u00f8dlokaliseringssenderne dine p\u00e5. ARTEX FPT (Field Programming Tablet) er bygget p\u00e5 Microsoft Surface-rammeverket og er en banebrytende enhet designet for \u00e5 ettermonteres s\u00f8ml\u00f8st med dine eksisterende n\u00f8dsendere i felten, noe som bringer en ny \u00e6ra av effektivitet og p\u00e5litelighet til driften din. <\/p>\n<p><span style=\"font-size: 11pt;\"><span style=\"font-family: Calibri,sans-serif;\"><a style=\"color: blue; text-decoration: underline;\" href=\"https:\/\/www.dropbox.com\/s\/fk04stqsp2hgk5f\/Prop%2065%20-%20DEHP.pdf?dl=0\"><span style=\"color: #000000;\">ADVARSEL: FORSLAG 65<\/span><\/a><\/span><\/span><\/p>\n<p>&nbsp;<\/p>\n","protected":false},"featured_media":85834,"template":"","meta":{"_acf_changed":false,"om_disable_all_campaigns":false},"product_brand":[],"product_cat":[5879,5876,8433,5571,5573],"product_tag":[15372,15371,15659,15656,15654,15374,15373,10986,10988],"class_list":{"0":"post-159644","1":"product","2":"type-product","3":"status-publish","4":"has-post-thumbnail","6":"product_cat-forretningsjet-no","7":"product_cat-generell-luftfart-no","8":"product_cat-kommersielle-fly","9":"product_cat-luftfart","10":"product_cat-rotocraft-no","11":"product_tag-artex-nettbrett","12":"product_tag-artex-programmerer","13":"product_tag-artex-feltprogrammerer","14":"product_tag-artex-feltprogrammeringsnettbrett","15":"product_tag-artex-fpt-no","16":"product_tag-artex-test-og-programmeringssett","17":"product_tag-artex-tps-no","18":"product_tag-elt-programmerer","19":"product_tag-tps-no","21":"first","22":"instock","23":"taxable","24":"shipping-taxable","25":"purchasable","26":"product-type-variable"},"acf":[],"_links":{"self":[{"href":"https:\/\/www.acrartex.com\/no\/wp-json\/wp\/v2\/product\/159644","targetHints":{"allow":["GET"]}}],"collection":[{"href":"https:\/\/www.acrartex.com\/no\/wp-json\/wp\/v2\/product"}],"about":[{"href":"https:\/\/www.acrartex.com\/no\/wp-json\/wp\/v2\/types\/product"}],"wp:featuredmedia":[{"embeddable":true,"href":"https:\/\/www.acrartex.com\/no\/wp-json\/wp\/v2\/media\/85834"}],"wp:attachment":[{"href":"https:\/\/www.acrartex.com\/no\/wp-json\/wp\/v2\/media?parent=159644"}],"wp:term":[{"taxonomy":"product_brand","embeddable":true,"href":"https:\/\/www.acrartex.com\/no\/wp-json\/wp\/v2\/product_brand?post=159644"},{"taxonomy":"product_cat","embeddable":true,"href":"https:\/\/www.acrartex.com\/no\/wp-json\/wp\/v2\/product_cat?post=159644"},{"taxonomy":"product_tag","embeddable":true,"href":"https:\/\/www.acrartex.com\/no\/wp-json\/wp\/v2\/product_tag?post=159644"}],"curies":[{"name":"wp","href":"https:\/\/api.w.org\/{rel}","templated":true}]}}