{"id":159576,"date":"2023-04-10T16:25:24","date_gmt":"2023-04-10T21:25:24","guid":{"rendered":"https:\/\/www.acrartex.com\/products\/elt-4000m-hm\/"},"modified":"2023-04-10T16:25:24","modified_gmt":"2023-04-10T21:25:24","slug":"elt-4000m-hm","status":"publish","type":"product","link":"https:\/\/www.acrartex.com\/no\/products\/elt-4000m-hm\/","title":{"rendered":"ELT 4000M HM"},"content":{"rendered":"<p>Den helt nye ARTEX ELT 4000M HM er en 3-frekvens Emergency Locator Transmitter ( ELT ) i transportklasse for rotorfart\u00f8ymarkedet som bruker alkaliske batterier. Denne innovative str\u00f8mkilden betyr at ELT 4000M HM er fullstendig fritatt fra FAAs spesielle tilstandskrav. ARTEX ELT 4000M HMs eierkostnadsfordeler inkluderer lavere batterikostnader per syklus, ingen frakt av farlig gods og enkel avhending. Et integrert NAV-grensesnitt (ARINC429) eliminerer kravet og kostnadene ved \u00e5 installere en separat NAV-grensesnittenhet.   <\/p>\n<p>&nbsp;<\/p>\n<p><strong>Hvordan ARTEX ELT 4000M HM fungerer<\/strong><\/p>\n<p>ARTEX ELT 4000M HM kan aktiveres manuelt (via cockpitfjernkontrollbryter) eller automatisk (G-bryteren registrerer et 2,3G eller st\u00f8rre sammenst\u00f8t), og varsler n\u00e6rmeste redningstjeneste om en n\u00f8dsituasjon. 406 MHz-signalet, som inneholder flyets GPS koordinater, sendes til Cospas-Sarsat -satellittene og videresendes til kontrollsenteret, hvor det umiddelbart rutes til n\u00e6rmeste redningstjeneste. Fyret vil gi f\u00f8rstehjelpere den n\u00f8yaktige plasseringen innenfor 100 meter. Til slutt hjelper 121,5 og 243,0 MHz-signalene redningstjenestens bakkestyrker med \u00e5 finne stedet for n\u00f8dsituasjonen.   <\/p>\n<p>&nbsp;<\/p>\n<p><strong>Enkel installasjon og ettermontering<\/strong><\/p>\n<p>ARTEX ELT 4000M HM gir en rask og enkel ettermonteringsmulighet med fleksible installasjonsalternativer, som en to-tr\u00e5ds fjernbryter som ikke krever flystr\u00f8m. ELT 4000M HM er TSO-godkjent med Legacy Switch and Antenna Systems for \u00e5 forenkle ettermontering. Fordi det er en ELT med \u00e9n utgang, bruker ARTEX ELT 4000M HM samme RF-utgang og bare \u00e9n koaksialkabel for \u00e5 overf\u00f8re signaler p\u00e5 406 MHz, 121,5 MHz og 243,0 MHz. Det innebygde navigasjonsgrensesnittet reduserer behovet for \u00e5 montere et sekund\u00e6rt eksternt grensesnitt, noe som reduserer installasjonskostnadene betraktelig. Monteringsbrettenheten matcher den eldre ARTEX C- og B-serien ELT installasjon og reduserer dermed ytterligere ingeni\u00f8rkostnadene.    <\/p>\n<p>&nbsp;<\/p>\n<p><strong>Produktfunksjoner<\/strong><\/p>\n<ul>\n<li>Automatisk fast Emergency Locator Transmitter<\/li>\n<li>3-frekvens n\u00f8dsignal, digitale 406 MHz og analoge 121,5 MHz og 243,0 MHz m\u00e5ls\u00f8kende signaler<\/li>\n<li>Dobbeltb\u00e5ndsantenne med enkeltkontakt og kabel til sender<\/li>\n<li>Kompatibel med eldre antenner<\/li>\n<li>Enkel vedlikehold og installasjon<\/li>\n<li>Mange fjernkontrollbrytere i cockpiten tilgjengelig<\/li>\n<li>Kan kobles til innebygd GPS via integrert ARINC429-grensesnitt<\/li>\n<li>GPS data er innebygd i digital overf\u00f8ring, noe som reduserer s\u00f8keradiusen ned til 100 meter. Godkjent av Cospas-Sarsat.<\/li>\n<li>Kompatibel med ARTEX 406Test.com satellittbekreftelsestestingssystem<\/li>\n<li>5 \u00e5rs batterilevetid (kan byttes ut). Sendes ikke som farlig gods. <\/li>\n<\/ul>\n<p><strong>Pakkelister<\/strong><\/p>\n<p><a href=\"https:\/\/www.dropbox.com\/scl\/fi\/66srmtbef84du2j1inktb\/8268A.pdf?rlkey=f3pwnc4za6m0728rq3sp4rwi4&amp;dl=1\">8268<\/a><br \/>\n<a href=\"https:\/\/www.dropbox.com\/scl\/fi\/7c8k7n0o89y7puw1u6yti\/8269A.pdf?rlkey=e0pa0un3tqsga4501s4tet0ao&amp;dl=1\">8269<\/a><\/p>\n","protected":false},"excerpt":{"rendered":"<p>Regelverket for litiumbatterier har endret seg, og ELT 4000M HM er her for det. ACR tilbyr innovative batterisystemdesign som sikrer en problemfri sertifiseringsprosess. Artex ELT 4000M HM er en 3-frekvens ELT som er fullstendig fritatt for alle FAA-samsvarsproblemer med litiumbatterier, og som sendes uten fare.  <\/p>\n<p>&nbsp;<\/p>\n<p><a href=\"https:\/\/www.acrartex.com\/products\/406test-elt-self-testing-service\/\"><img loading=\"lazy\" decoding=\"async\" class=\"alignnone\" style=\"width: 300px; height: 41px;\" src=\"\/\/dk2ztu5ooimmu.cloudfront.net\/ckeditor_assets\/pictures\/146\/406Test_with_desc_-_Tag.gif\" alt=\"\" width=\"641\" height=\"88\"><\/a><\/p>\n<p><a href=\"mailto:ArtexSales@acrartex.com?emne= ELT %204000% 20Salg%20Sp\u00f8rsm\u00e5l\"><img decoding=\"async\" style=\"width: 200px; height: 168px;\" src=\"\/\/dk2ztu5ooimmu.cloudfront.net\/ckeditor_assets\/pictures\/147\/ARTEX_-_ELT_4000_Ad_Bubble.gif\" alt=\"\"><\/a><\/p>\n","protected":false},"featured_media":12375,"template":"","meta":{"_acf_changed":false,"om_disable_all_campaigns":false},"product_brand":[],"product_cat":[8433,5571,5573],"product_tag":[8902,15579,15580,15593,15582,8899,12737,15584,15578,15586,15585,8311,12757,5575,8903,8896,15592,15583,15588,15590,8904,12747,12752,12741,5581,8901,8911,12762,15581],"class_list":{"0":"post-159576","1":"product","2":"type-product","3":"status-publish","4":"has-post-thumbnail","6":"product_cat-kommersielle-fly","7":"product_cat-luftfart","8":"product_cat-rotocraft-no","9":"product_tag-121-5-elt-oppgradering","10":"product_tag-243-mhz-no","11":"product_tag-2430-mhz-no","12":"product_tag-2430-mhz-elt-no","13":"product_tag-3-frekvenser-no","14":"product_tag-4000-no","15":"product_tag-4000-hm-no","16":"product_tag-4000-m-hm-no","17":"product_tag-4000-meter","18":"product_tag-4000-mhm-no-2","19":"product_tag-4000-mhm-no","20":"product_tag-406-mhz-elt-no","21":"product_tag-alkalisk-no","22":"product_tag-elt-no","23":"product_tag-elt-oppgradering","24":"product_tag-elt-4000-no","25":"product_tag-elt-4000-mhm-no","26":"product_tag-elt-4000m-no","27":"product_tag-elt-4000m-hm-no","28":"product_tag-elt-4000mhm-no","29":"product_tag-elt4000-no","30":"product_tag-ikke-litium","31":"product_tag-ikke-farlig-materiale","32":"product_tag-litiumfri-no","33":"product_tag-nodlokaliseringssender","34":"product_tag-nodlokasjonssender","35":"product_tag-spesielle-forhold-for-litium","36":"product_tag-spesielle-vilkar","37":"product_tag-tri-frekvens-no","38":"pa_aircraft-type-passasjerfly","39":"pa_product-elt-losninger","41":"first","42":"instock","43":"taxable","44":"shipping-taxable","45":"product-type-simple"},"acf":[],"_links":{"self":[{"href":"https:\/\/www.acrartex.com\/no\/wp-json\/wp\/v2\/product\/159576","targetHints":{"allow":["GET"]}}],"collection":[{"href":"https:\/\/www.acrartex.com\/no\/wp-json\/wp\/v2\/product"}],"about":[{"href":"https:\/\/www.acrartex.com\/no\/wp-json\/wp\/v2\/types\/product"}],"wp:featuredmedia":[{"embeddable":true,"href":"https:\/\/www.acrartex.com\/no\/wp-json\/wp\/v2\/media\/12375"}],"wp:attachment":[{"href":"https:\/\/www.acrartex.com\/no\/wp-json\/wp\/v2\/media?parent=159576"}],"wp:term":[{"taxonomy":"product_brand","embeddable":true,"href":"https:\/\/www.acrartex.com\/no\/wp-json\/wp\/v2\/product_brand?post=159576"},{"taxonomy":"product_cat","embeddable":true,"href":"https:\/\/www.acrartex.com\/no\/wp-json\/wp\/v2\/product_cat?post=159576"},{"taxonomy":"product_tag","embeddable":true,"href":"https:\/\/www.acrartex.com\/no\/wp-json\/wp\/v2\/product_tag?post=159576"}],"curies":[{"name":"wp","href":"https:\/\/api.w.org\/{rel}","templated":true}]}}