{"id":159500,"date":"2023-11-20T14:34:40","date_gmt":"2023-11-20T19:34:40","guid":{"rendered":"https:\/\/www.acrartex.com\/products\/globalfix-v5-v6-cat-ii-manuell-utloser-epirb-brakett\/"},"modified":"2025-07-29T14:54:29","modified_gmt":"2025-07-29T19:54:29","slug":"globalfix-v5-v6-cat-ii-manuell-utloser-epirb-brakett","status":"publish","type":"product","link":"https:\/\/www.acrartex.com\/no\/products\/globalfix-v5-v6-cat-ii-manuell-utloser-epirb-brakett\/","title":{"rendered":"GlobalFix V5\/V6 Cat II manuell utl\u00f8ser EPIRB brakett"},"content":{"rendered":"<ul>\n<li>Enkel manuell utl\u00f8sermekanisme som er enkel \u00e5 gripe og g\u00e5 med<\/li>\n<li>Enveismontering eliminerer muligheten for \u00e5 installere EPIRB baklengs<\/li>\n<li>Integrert deaktiveringsmagnet hindrer EPIRB i \u00e5 sende inntil den fjernes<\/li>\n<\/ul>\n","protected":false},"excerpt":{"rendered":"<p>T\u00f8ffe forhold har ingen sjanse mot EPIRB braketten med manuell utl\u00f8sning i Cat II. Denne EPIRB braketten er bygget for \u00e5 vare, laget for \u00e5 t\u00e5le selv dine villeste eventyr. Skulle fart\u00f8yet ditt begynne \u00e5 ta inn vann, gj\u00f8r den manuelle EPIRB brakettens enkle grip-og-g\u00e5-utl\u00f8sningsmekanisme med enveis monteringsdesign den enkel \u00e5 fjerne og aktivere. Denne braketten passer kun til GlobalFix \u2122 V5 og GlobalFix \u2122 V6 EPIRB-er.   <\/p>\n","protected":false},"featured_media":159502,"template":"","meta":{"_acf_changed":false,"om_disable_all_campaigns":false},"product_brand":[],"product_cat":[5858,5865,5635,5860,5862,5884],"product_tag":[7118,6560,5640,7126,15496,15497,15499,15498,6569,8243,15504,15505,15506,15500,15501,7120,15502,7132,7134,15503],"class_list":{"0":"post-159500","1":"product","2":"type-product","3":"status-publish","4":"has-post-thumbnail","6":"product_cat-inn-i-landet-no","7":"product_cat-kommersiell-no-2","8":"product_cat-marine-no","9":"product_cat-naer-kysten","10":"product_cat-offshore-no","11":"product_cat-sjostyrker","12":"product_tag-akr-no","13":"product_tag-brakett","14":"product_tag-epirb-no","15":"product_tag-epirb-brakett","16":"product_tag-kat-2","17":"product_tag-kat-ii","18":"product_tag-kat-ii-epirb-brakett","19":"product_tag-kat-2-epirb-brakett","20":"product_tag-kategori-2-no","21":"product_tag-kategori-ii-no","22":"product_tag-manuell-brakett","23":"product_tag-manuell-utloserbrakett","24":"product_tag-manuell-utlosing","25":"product_tag-rlb-43-no","26":"product_tag-rlb-44-no","27":"product_tag-sea-shelter-no","28":"product_tag-sea-shelter-4-no","29":"product_tag-sjo","30":"product_tag-sjoly","31":"product_tag-sjoly-4","32":"pa_boat-size-0-20-no","33":"pa_boat-size-21-40-no","34":"pa_boat-size-40-80-no","35":"pa_boat-size-80-no","36":"pa_boat-type-charteryacht","37":"pa_boat-type-kommersielt-fiske","38":"pa_boat-type-lasteskip","39":"pa_boat-type-motorbat-no","40":"pa_boat-type-seilbat","41":"pa_boat-type-slepebat","42":"pa_boat-type-sportcraft-no","43":"pa_boat-type-yacht-no","44":"pa_product-rescue-beacons-no","45":"pa_product-rescue-beacons-vhf-sart-no","46":"pa_product-sikkerhetstilbehor","48":"first","49":"instock","50":"taxable","51":"shipping-taxable","52":"purchasable","53":"product-type-simple"},"acf":[],"_links":{"self":[{"href":"https:\/\/www.acrartex.com\/no\/wp-json\/wp\/v2\/product\/159500","targetHints":{"allow":["GET"]}}],"collection":[{"href":"https:\/\/www.acrartex.com\/no\/wp-json\/wp\/v2\/product"}],"about":[{"href":"https:\/\/www.acrartex.com\/no\/wp-json\/wp\/v2\/types\/product"}],"wp:featuredmedia":[{"embeddable":true,"href":"https:\/\/www.acrartex.com\/no\/wp-json\/wp\/v2\/media\/159502"}],"wp:attachment":[{"href":"https:\/\/www.acrartex.com\/no\/wp-json\/wp\/v2\/media?parent=159500"}],"wp:term":[{"taxonomy":"product_brand","embeddable":true,"href":"https:\/\/www.acrartex.com\/no\/wp-json\/wp\/v2\/product_brand?post=159500"},{"taxonomy":"product_cat","embeddable":true,"href":"https:\/\/www.acrartex.com\/no\/wp-json\/wp\/v2\/product_cat?post=159500"},{"taxonomy":"product_tag","embeddable":true,"href":"https:\/\/www.acrartex.com\/no\/wp-json\/wp\/v2\/product_tag?post=159500"}],"curies":[{"name":"wp","href":"https:\/\/api.w.org\/{rel}","templated":true}]}}