{"id":159489,"date":"2024-01-30T08:50:30","date_gmt":"2024-01-30T13:50:30","guid":{"rendered":"https:\/\/www.acrartex.com\/products\/bivy-stick-mesh-satellittkommunikator\/"},"modified":"2026-03-06T09:33:12","modified_gmt":"2026-03-06T14:33:12","slug":"bivy-stick-mesh-satellittkommunikator","status":"publish","type":"product","link":"https:\/\/www.acrartex.com\/no\/products\/bivy-stick-mesh-satellittkommunikator\/","title":{"rendered":"Bivy Stick MESH \u2013 Satellittkommunikator"},"content":{"rendered":"<p><span style=\"font-weight: 400;\">Bivy<\/span> <b>Bivy MESH<\/b> <span style=\"font-weight: 400;\">er ikke bare en enhet \u2013 det er et banebrytende fremskritt innen<\/span> <b>bedriftskommunikasjon for fjerndrift.<\/b><span style=\"font-weight: 400;\">. Den er designet for \u00e5 holde teamene tilkoblet selv i de mest utfordrende milj\u00f8ene, og leverer  <\/span><b>S\u00f8ml\u00f8s dual-mode-tilkobling<\/b> <span style=\"font-weight: 400;\">, som intelligent bytter mellom <strong>det<\/strong><\/span> <b>globale Iridium\u00ae-satellittnettverket<\/b> <span style=\"font-weight: 400;\">og<\/span> <b>LoRa\u00ae-aktivert mesh-nettverk<\/b> <span style=\"font-weight: 400;\">for uovertruffen p\u00e5litelighet og dekning.<\/span><\/p>\n<p>&nbsp;<\/p>\n<p>Styrker fjernkommunikasjonen din:<\/p>\n<ul>\n<li><strong>Global Iridium-satellittdekning:<\/strong> Operer med trygghet hvor som helst p\u00e5 jorden, og utnytt Iridiums uovertrufne satellittkonstellasjon for urokkelig kommunikasjon.<\/li>\n<li><strong>LoRa\u00ae-aktivert mesh-nettverk:<\/strong> Selvdannende mesh-nettverk, som muliggj\u00f8r meldinger i sanntid og GPS posisjonsoppdateringer for forbedret teamkoordinering.<\/li>\n<\/ul>\n<p><strong> <\/strong><\/p>\n<p><span style=\"font-weight: 400;\">ACR Bivy har konsekvent ledet bransjen, og introduserte f\u00f8rst satellittaktivert gruppekommunikasjon og sporing for opptil 12 Bivy Stick-er. N\u00e5, med LoRa\u00ae-aktivert MESH-integrasjon, hever Bivy standarden igjen og befester sin posisjon som den fremste kommunikasjonsl\u00f8sningen for team som opererer p\u00e5 steder utenfor str\u00f8mnettet. <\/span><\/p>\n<h2>Bivy Stick MESH-funksjoner:<\/h2>\n<ul>\n<li><strong>Doble kommunikasjonsmoduser<\/strong> : Kombinerer LoRa\u00ae-aktivert mesh-nettverk p\u00e5 en unik m\u00e5te med robust global satellittkommunikasjon, og tilbyr enest\u00e5ende tilkoblingsmuligheter i ulike milj\u00f8er, og setter en ny standard innen utend\u00f8rs kommunikasjonsteknologi.\n<ul>\n<li><strong>Global satellittkommunikasjon<\/strong> :<br \/>\n Stol p\u00e5 Iridium-nettverket for konsistent, global tilkobling, selv p\u00e5 de mest isolerte stedene.<\/li>\n<li><strong>LoRa\u00ae-aktivert mesh-nettverk:<br \/>\n<\/strong> Forbedre teamkoordineringen med mesh-nettverk for direkte enhetstilkoblinger opptil en kilometer fra hverandre, med st\u00f8tte for opptil 12 enheter.<\/li>\n<\/ul>\n<\/li>\n<li><strong>LoRa\u00ae-aktivert meldingsoverf\u00f8ring:<\/strong> Meldingsoverf\u00f8ring fra enhet til enhet i l\u00f8pet av sekunder, noe som er betydelig raskere enn tradisjonell satellittkommunikasjon som kan ta minutter mellom enheter.<\/li>\n<\/ul>\n<ul>\n<li><strong>Tilpasningsdyktig til t\u00f8ffe milj\u00f8er: <span style=\"font-weight: 400;\">Utviklet for \u00e5 fungere s\u00f8ml\u00f8st i ekstreme omgivelser, fra tett skog med tykke baldakiner til omr\u00e5der med betongkonstruksjoner, og etablerer seg som en viktig ressurs for team og f\u00f8rstehjelpere i soner med signalkompromitterte omr\u00e5der.<\/span><\/strong><\/li>\n<li><strong>Gruppemeldinger:<\/strong> Brukere kan enkelt opprette og bli med i gruppechatter i mesh-nettverket, noe som muliggj\u00f8r effektiv koordinering og kommunikasjon mellom team eller grupper av mennesker.<\/li>\n<li style=\"font-weight: 400;\" aria-level=\"1\"><b>Deling av posisjon i sanntid:<\/b> <span style=\"font-weight: 400;\">Enheter lar brukere dele sin sanntidsposisjon med andre i mesh-nettverket, noe som forbedrer sikkerheten og muliggj\u00f8r effektiv koordinering under utend\u00f8rsaktiviteter og n\u00f8dsituasjoner.<\/span><\/li>\n<li><strong>MESH-nettverksintelligens:<\/strong> Overv\u00e5ker mobil- og satellittsignalstyrken til hver enhet i nettverket, og ruter meldinger intelligent gjennom enheter med bedre tilkoblinger for \u00e5 optimalisere kommunikasjonseffektiviteten.<\/li>\n<li><strong>Intelligent meldingsoverf\u00f8ring<\/strong> : Bivy Stick MESH kan fungere som en kommunikasjonsnode for s\u00f8ml\u00f8st \u00e5 videresende meldinger, enten mellom enheter eller via satellitt, noe som maksimerer kommunikasjonseffektiviteten.<\/li>\n<li><strong>SOS-n\u00f8dbatteri:<\/strong> Utstyrt med et dedikert 24-timers SOS-batterireservebatteri, som sikrer at kritisk SOS-signal opprettholdes i n\u00f8dsituasjoner.<\/li>\n<li><strong>Robust og vanntett:<\/strong><\/li>\n<li style=\"font-weight: 400;\" aria-level=\"1\"><span style=\"font-weight: 400;\">Bivy Stick MESH er bygget for krevende milj\u00f8er og har en slitesterk konstruksjon som oppfyller IP67-standardene for vanntetthet. Den er konstruert for \u00e5 fungere i all slags v\u00e6r, og sikrer p\u00e5litelig drift uansett hvor oppdraget ditt tar deg. <\/span><\/li>\n<li><strong>Integreringsklar:<\/strong> Utviklet for kompatibilitet med eksisterende arbeidsflyter i bedriften for s\u00f8ml\u00f8s integrering.<\/li>\n<\/ul>\n<p>N\u00f8d-SOS Aktiveres i appen eller p\u00e5 enhetens knapp. Leveres av GlobalRescue\u2122 <\/p>\n","protected":false},"excerpt":{"rendered":"<p><span style=\"font-weight: 400;\">Med Bivy Stick MESH kan du nyte en p\u00e5litelig<\/span> <b>2-veis satellittkommunikator<\/b> <span style=\"font-weight: 400;\">,<\/span> <b>gruppemeldinger<\/b> <span style=\"font-weight: 400;\">,<\/span> <b>SOS-st\u00f8tte d\u00f8gnet rundt<\/b> <span style=\"font-weight: 400;\">,<\/span> <b>GPS -sporing<\/b> <span style=\"font-weight: 400;\">og<\/span> <b>posisjonsdeling<\/b> <span style=\"font-weight: 400;\">\u2013 alt i ett<\/span> <b>kompakt<\/b> <span style=\"font-weight: 400;\">og<\/span> <b>lett.<\/b><span style=\"font-weight: 400;\">  enhet. Den gir deg   <\/span><b>Frihet til kommunikasjon utenfor nettet<\/b> <span style=\"font-weight: 400;\">til den<\/span> <b>rimeligste prisen p\u00e5 markedet<\/b> <span style=\"font-weight: 400;\">.<\/span> Hold deg tilkoblet, selv utenfor mobildekningen.<\/p>\n<h4><\/h4>\n<h4><span style=\"color: #ff0000;\"><strong>Stolt laget i USA!<\/strong><\/span><\/h4>\n<p><a href=\"https:\/\/bivystick.com\/bivy-go-plan\/\"><strong>Oppdag Bivy Go-abonnementet<\/strong><\/a><\/p>\n<p><a href=\"https:\/\/www.dropbox.com\/s\/0ezw0kexbm120vv\/Prop%2065%20-%20Lead%20and%20Lead%20Compounds.pdf?dl=0\">ADVARSEL: FORSLAG 65<\/a><\/p>\n<p>&nbsp;<\/p>\n<p>&nbsp;<\/p>\n","protected":false},"featured_media":164384,"template":"","meta":{"_acf_changed":false,"om_disable_all_campaigns":false},"product_brand":[],"product_cat":[16200,5635,5686],"product_tag":[13087,13105,13089,13078,13091,13103,13081,13079,16189,13095,13093,13083,13097,13099,13101,13085],"class_list":{"0":"post-159489","1":"product","2":"type-product","3":"status-publish","4":"has-post-thumbnail","6":"product_cat-bivy-mesh-popup","7":"product_cat-marine-no","8":"product_cat-utendors","9":"product_tag-2-veis-kommunikasjon","10":"product_tag-4601-no","11":"product_tag-acr-bivy-no","12":"product_tag-bivy-no","13":"product_tag-bivy-appen-no","14":"product_tag-bivy-mot-plb-no","15":"product_tag-bivy-stick-bla-no","16":"product_tag-bivy-stokk","17":"product_tag-bivy-mesh-popup","18":"product_tag-bluetooth-no","19":"product_tag-global-redning-no","20":"product_tag-iridium-no","21":"product_tag-mini-no","22":"product_tag-minste-satellittkommunikator","23":"product_tag-satellitt-gps-sporing","24":"product_tag-sporing-no","25":"pa_activity-camping-no","26":"pa_activity-fiske","27":"pa_activity-fotturer","28":"pa_activity-klatring","29":"pa_activity-langrenn","30":"pa_activity-padlesport","31":"pa_activity-ski-snowboard-no","32":"pa_activity-snoscooter","33":"pa_activity-sykkel","34":"pa_activity-terrengkjoring-4x4","35":"pa_boat-type-charteryacht","36":"pa_boat-type-kommersielt-fiske","37":"pa_boat-type-lasteskip","38":"pa_boat-type-motorbat-no","39":"pa_boat-type-seilbat","40":"pa_boat-type-slepebat","41":"pa_boat-type-sportcraft-no","42":"pa_boat-type-yacht-no","43":"pa_terrain-as-og-fjell","44":"pa_terrain-elver-vatmarker-innsjoer","45":"pa_terrain-skog-og-jungel","46":"pa_terrain-tundra-no","48":"first","49":"instock","50":"taxable","51":"shipping-taxable","52":"purchasable","53":"product-type-simple"},"acf":[],"_links":{"self":[{"href":"https:\/\/www.acrartex.com\/no\/wp-json\/wp\/v2\/product\/159489","targetHints":{"allow":["GET"]}}],"collection":[{"href":"https:\/\/www.acrartex.com\/no\/wp-json\/wp\/v2\/product"}],"about":[{"href":"https:\/\/www.acrartex.com\/no\/wp-json\/wp\/v2\/types\/product"}],"wp:featuredmedia":[{"embeddable":true,"href":"https:\/\/www.acrartex.com\/no\/wp-json\/wp\/v2\/media\/164384"}],"wp:attachment":[{"href":"https:\/\/www.acrartex.com\/no\/wp-json\/wp\/v2\/media?parent=159489"}],"wp:term":[{"taxonomy":"product_brand","embeddable":true,"href":"https:\/\/www.acrartex.com\/no\/wp-json\/wp\/v2\/product_brand?post=159489"},{"taxonomy":"product_cat","embeddable":true,"href":"https:\/\/www.acrartex.com\/no\/wp-json\/wp\/v2\/product_cat?post=159489"},{"taxonomy":"product_tag","embeddable":true,"href":"https:\/\/www.acrartex.com\/no\/wp-json\/wp\/v2\/product_tag?post=159489"}],"curies":[{"name":"wp","href":"https:\/\/api.w.org\/{rel}","templated":true}]}}