{"id":159445,"date":"2024-04-15T10:49:36","date_gmt":"2024-04-15T15:49:36","guid":{"rendered":"https:\/\/www.acrartex.com\/products\/globalfix-v6-sikkerhetssett-for-bater\/"},"modified":"2024-04-15T10:49:36","modified_gmt":"2024-04-15T15:49:36","slug":"globalfix-v6-sikkerhetssett-for-bater","status":"publish","type":"product","link":"https:\/\/www.acrartex.com\/no\/products\/globalfix-v6-sikkerhetssett-for-bater\/","title":{"rendered":"GlobalFix V6 sikkerhetssett for b\u00e5ter"},"content":{"rendered":"<p>Enten det er fritidsb\u00e5tliv, havfiske, seiling eller en annen spennende maritim ekspedisjon, er de nye GlobalFix V6 Boating Safety Kits her for \u00e5 sikre dine reiser i alle st\u00f8rrelser. Med disse omfattende settene ved din side kan du omfavne ethvert nautisk eventyr med trygghet, vel vitende om at sikkerheten aldri blir kompromittert. Fra uforutsette utfordringer til uventede situasjoner, utstyrer GlobalFix V6 Boating Safety Kit deg med alt som trengs for en sikker retur, og sikrer din trygghet selv under de mest krevende omstendigheter.  <\/p>\n<p>Det er 4 (fire) alternativer \u00e5 velge mellom for GlobalFix V6-settene. Disse settene inneholder f\u00f8lgende viktige overlevelsesprodukter: <\/p>\n<p><span style=\"color: #ff0000;\"><strong>SKU 2339.1 GlobalFix V6 Premium b\u00e5tsett<\/strong><\/span><\/p>\n<ul>\n<li>GlobalFIX V6 RLS Cat. 2 EPIRB med Return Link Service og NFC -mobilapp <a href=\"https:\/\/www.acrartex.com\/no\/products\/acr-globalfix-v6-epirb-med-return-link-service-og-mobilapp\/\">Finn ut mer<\/a> <\/li>\n<li>ResQlink RLS PLB 410 <a href=\"https:\/\/www.acrartex.com\/no\/products\/resqlink-410-rls-personal-locator-beacon\/\">Finn ut mer<\/a><\/li>\n<li>FireFly PRO Waterbug \u2013 SOLAS-godkjent strobelys med innebygd vannaktivering <a href=\"https:\/\/www.acrartex.com\/products\/firefly-pro-waterbug\/\">Finn ut mer<\/a><\/li>\n<li>RapidDitch Express-veske <a href=\"https:\/\/www.acrartex.com\/no\/products\/rapidditch-express-veske\/\">Finn ut mer<\/a><\/li>\n<li>HemiLight \u21223 <a href=\"https:\/\/www.acrartex.com\/no\/products\/hemilight-3-med-og-solas-redningsvestlys\/\">Finn ut mer<\/a><\/li>\n<li>Signalspeil<\/li>\n<li>WW-3 Res-Q\u2122-fl\u00f8yte <a href=\"https:\/\/www.acrartex.com\/no\/products\/ww-3-resq-floyte\/\">Finn ut mer<\/a><\/li>\n<\/ul>\n<p><span style=\"color: #ff0000;\"><strong>SKU 2342.1: GlobalFix V6 og ResQflare sikkerhetssett for b\u00e5ter<\/strong><\/span><\/p>\n<ul>\n<li>GlobalFIX V6 RLS Cat. 2 EPIRB med Return Link Service og NFC -mobilapp <a href=\"https:\/\/www.acrartex.com\/no\/products\/acr-globalfix-v6-epirb-med-return-link-service-og-mobilapp\/\">Finn ut mer<\/a> <\/li>\n<li>ResQflare (H\u00f8yintensiv LED elektronisk n\u00f8dbluss for b\u00e5tliv) <a href=\"https:\/\/www.acrartex.com\/no\/products\/resqflare-elektronisk-led-nodsignal-for-bat\/\">Finn ut mer<\/a><\/li>\n<li>RapidDitch Express-veske <a href=\"https:\/\/www.acrartex.com\/no\/products\/rapidditch-express-veske\/\">Finn ut mer<\/a><\/li>\n<li>HemiLight \u21223 <a href=\"https:\/\/www.acrartex.com\/no\/products\/hemilight-3-med-og-solas-redningsvestlys\/\">Finn ut mer<\/a><\/li>\n<li>C-Strobe H2O SOLAS Strobelys <a href=\"https:\/\/www.acrartex.com\/products\/c-strobe-h20\/\">Finn ut mer<\/a><\/li>\n<li>Signalspeil<\/li>\n<li>WW-3 Res-Q\u2122-fl\u00f8yte <a href=\"https:\/\/www.acrartex.com\/no\/products\/ww-3-resq-floyte\/\">Finn ut mer<\/a><\/li>\n<\/ul>\n<p><strong><span style=\"color: #ff0000;\">SKU 2343.1: GlobalFix V6 Base B\u00e5tsikkerhetssett<\/span><\/strong><\/p>\n<ul>\n<li>GlobalFIX V6 RLS Cat. 2 EPIRB med Return Link Service og NFC -mobilapp <a href=\"https:\/\/www.acrartex.com\/no\/products\/acr-globalfix-v6-epirb-med-return-link-service-og-mobilapp\/\">Finn ut mer<\/a> <\/li>\n<li>RapidDitch Express-veske <a href=\"https:\/\/www.acrartex.com\/no\/products\/rapidditch-express-veske\/\">Finn ut mer<\/a><\/li>\n<\/ul>\n<p><span style=\"color: #ff0000;\"><strong>SKU 2344.1: GlobalFix V6 Plus sikkerhetssett for b\u00e5ter<\/strong><\/span><\/p>\n<ul>\n<li>GlobalFIX V6 RLS Cat. 2 EPIRB med Return Link Service og NFC -mobilapp <a href=\"https:\/\/www.acrartex.com\/no\/products\/acr-globalfix-v6-epirb-med-return-link-service-og-mobilapp\/\">Finn ut mer<\/a> <\/li>\n<li>RapidDitch Express-veske <a href=\"https:\/\/www.acrartex.com\/no\/products\/rapidditch-express-veske\/\">Finn ut mer<\/a><\/li>\n<li>HemiLight \u21223 <a href=\"https:\/\/www.acrartex.com\/no\/products\/hemilight-3-med-og-solas-redningsvestlys\/\">Finn ut mer<\/a><\/li>\n<li>C-Strobe H2O SOLAS Strobelys <a href=\"https:\/\/www.acrartex.com\/products\/c-strobe-h20\/\">Finn ut mer<\/a><\/li>\n<li>Signalspeil<\/li>\n<li>WW-3 Res-Q\u2122-fl\u00f8yte <a href=\"https:\/\/www.acrartex.com\/no\/products\/ww-3-resq-floyte\/\">Finn ut mer<\/a><\/li>\n<\/ul>\n<p>&nbsp;<\/p>\n","protected":false},"excerpt":{"rendered":"<h2><\/h2>\n<h4><span style=\"color: #ff0000;\">Stolt laget i USA!<\/span><\/h4>\n<p><a href=\"https:\/\/www.dropbox.com\/s\/fk04stqsp2hgk5f\/Prop%2065%20-%20DEHP.pdf?dl=0\">ADVARSEL: FORSLAG 65<\/a><\/p>\n","protected":false},"featured_media":88814,"template":"","meta":{"_acf_changed":false,"om_disable_all_campaigns":false},"product_brand":[],"product_cat":[5858,5865,5635,14665,5860,5862],"product_tag":[8439,9537,15329,15442,15448,15439,5640,15444,5648,9255,7796,5643,15441,12729,5693,5689,12599,12993,15440,7684,15446],"class_list":{"0":"post-159445","1":"product","2":"type-product","3":"status-publish","4":"has-post-thumbnail","6":"product_cat-inn-i-landet-no","7":"product_cat-kommersiell-no-2","8":"product_cat-marine-no","9":"product_cat-maritime-sikkerhetssett","10":"product_cat-naer-kysten","11":"product_cat-offshore-no","12":"product_tag-406-mhz-emergency-locator-transmitter-no","13":"product_tag-ais-no","14":"product_tag-ais-epirb-no","15":"product_tag-ais-personal-locator-beacon-no","16":"product_tag-batsett","17":"product_tag-c-strobe-no","18":"product_tag-epirb-no","19":"product_tag-epirb-sett","20":"product_tag-globalfix-no","21":"product_tag-gps-epirb-no","22":"product_tag-nodlys-med-led","23":"product_tag-nodsignal-no","24":"product_tag-nodsignal-gps-signal","25":"product_tag-nodsituasjon","26":"product_tag-personlig-lokaliseringsfyr","27":"product_tag-plb-no","28":"product_tag-resq-floyte","29":"product_tag-rls-no","30":"product_tag-rls-epirb-no","31":"product_tag-sos-no","32":"product_tag-sos-nodlys","34":"first","35":"instock","36":"taxable","37":"shipping-taxable","38":"purchasable","39":"product-type-variable"},"acf":[],"_links":{"self":[{"href":"https:\/\/www.acrartex.com\/no\/wp-json\/wp\/v2\/product\/159445","targetHints":{"allow":["GET"]}}],"collection":[{"href":"https:\/\/www.acrartex.com\/no\/wp-json\/wp\/v2\/product"}],"about":[{"href":"https:\/\/www.acrartex.com\/no\/wp-json\/wp\/v2\/types\/product"}],"wp:featuredmedia":[{"embeddable":true,"href":"https:\/\/www.acrartex.com\/no\/wp-json\/wp\/v2\/media\/88814"}],"wp:attachment":[{"href":"https:\/\/www.acrartex.com\/no\/wp-json\/wp\/v2\/media?parent=159445"}],"wp:term":[{"taxonomy":"product_brand","embeddable":true,"href":"https:\/\/www.acrartex.com\/no\/wp-json\/wp\/v2\/product_brand?post=159445"},{"taxonomy":"product_cat","embeddable":true,"href":"https:\/\/www.acrartex.com\/no\/wp-json\/wp\/v2\/product_cat?post=159445"},{"taxonomy":"product_tag","embeddable":true,"href":"https:\/\/www.acrartex.com\/no\/wp-json\/wp\/v2\/product_tag?post=159445"}],"curies":[{"name":"wp","href":"https:\/\/api.w.org\/{rel}","templated":true}]}}