{"id":159349,"date":"2024-12-05T11:37:40","date_gmt":"2024-12-05T16:37:40","guid":{"rendered":"https:\/\/www.acrartex.com\/products\/fjernfunksjonspanel\/"},"modified":"2026-03-06T09:04:25","modified_gmt":"2026-03-06T14:04:25","slug":"fjernfunksjonspanel","status":"publish","type":"product","link":"https:\/\/www.acrartex.com\/no\/products\/fjernfunksjonspanel\/","title":{"rendered":"Fjernfunksjonspanel"},"content":{"rendered":"<p>ARTEX , et eksklusivt merke fra ACR Electronics , og en bransjeleder innen luftfartsteknologi, fortsetter \u00e5 opprettholde sin arv av innovasjon og urokkelig p\u00e5litelighet. Vi introduserer ARTEX RFP \u2013 et banebrytende tillegg til v\u00e5re sikkerhetsl\u00f8sninger for luftfart. <\/p>\n<p>RFP-programmereren er et robust og brukervennlig st\u00f8tteverkt\u00f8y for <a href=\"https:\/\/www.acrartex.com\/no\/products\/elt-5000-distress-tracking-dt-for-gadss-samsvar\/\">ARTEX ELT 5000<\/a> , designet for b\u00e5de benk- og feltapplikasjoner. For fl\u00e5teforvaltere, flyselskaper og tjenesteleverand\u00f8rer som spesialiserer seg p\u00e5 ARTEX ELT 5000, fungerer dette uunnv\u00e6rlige verkt\u00f8yet ikke bare som ELT 5000-programmerer, men bidrar ogs\u00e5 til \u00e5 effektivisere driften og forbedre effektiviteten.<\/p>\n<p>RFP-settet inneholder et robust nettbrett, en 25-fots grensesnittkabel og programvare som kreves for konfigurasjonen.<\/p>\n<p>Anbudsforesp\u00f8rselen lar brukeren utf\u00f8re f\u00f8lgende handlinger:<\/p>\n<ul>\n<li>Overv\u00e5k ARINC-etiketter<\/li>\n<li>Overv\u00e5k CCP-bryter<\/li>\n<li>Batterilevetid<\/li>\n<li>Utf\u00f8r en serie med selvtester<\/li>\n<li>Overv\u00e5k hendelseslogger<\/li>\n<li>Last ned loggdata<\/li>\n<li>Last ned selvtestrapport<\/li>\n<li>Sl\u00e5 av summeren<\/li>\n<\/ul>\n<p>&nbsp;<\/p>\n<p><strong>ARTEX RFP Viktige funksjoner:<\/strong><\/p>\n<p><a href=\"https:\/\/www.microsoft.com\/en-us\/surface\/business\/surface-go-4\"><strong>Microsoft Surface Tablet-basert<\/strong><\/a> : Utnytter kraften til Microsoft Surface-nettbrettet og gir et brukervennlig grensesnitt og en kjent og intuitiv opplevelse. Ta med deg ELT-programmeringen din p\u00e5 farten, og forbedre tilgjengeligheten og fleksibiliteten.<\/p>\n<p><strong>Intuitivt brukergrensesnitt:<\/strong> Programmer ELT-ene dine uanstrengt med v\u00e5rt brukervennlige grensesnitt. Slutt p\u00e5 \u00e5 tyde komplekse menyer eller slite med klumpete knapper. ARTEX RFP gj\u00f8r programmering av ELT-er til en lek, sparer deg tid og reduserer potensialet for feil.  <\/p>\n<p><strong>Forbedret ytelse:<\/strong> Med ARTEX RFP kan du f\u00e5 tilgang til og endre kritiske innstillinger med presisjon, slik at ELT-ene dine fungerer optimalt.<\/p>\n<p><strong>Omfattende datah\u00e5ndtering:<\/strong> Hold oversikt over alle ELT-ene dine p\u00e5 ett sted med ARTEX RFPs omfattende datah\u00e5ndteringsfunksjoner. Lagre, hent og verifiser programmeringsdata og historikk enkelt for \u00e5 sikre samsvar og beredskap. <\/p>\n<p><strong>Fremtidssikker teknologi:<\/strong> ARTEX er et p\u00e5litelig navn innen luftfartsteknologi, og RFP-programmereren som bruker Surface Tablets er utviklet for \u00e5 utvikle seg i takt med dine behov. Motta regelmessige programvareoppdateringer for \u00e5 holde deg i forkant av bransjestandarder og forskrifter. <\/p>\n<p><strong>Programmering:<\/strong> ARTEX RFP er i stand til \u00e5 programmere \u00f8nsket protokoll og GADSS-krevd informasjon som beskrevet av Cospas-Sarsat gjennom det inkluderte grensesnittet.<\/p>\n<p><strong>Utskriftsmuligheter:<\/strong> ARTEX RFP kan skrive ut en rapport for samsvar med journalf\u00f8ring.<\/p>\n","protected":false},"excerpt":{"rendered":"<p>RFP er et vedlikeholdsverkt\u00f8y laget av ARTEX for \u00e5 gi vedlikeholdsst\u00f8tte til ACR Electronics ARTEX ELT 5000 ( ELT -DT). ARTEX RFP gir viktige muligheter for konfigurasjon, vedlikehold og feils\u00f8king. Enheten bruker en enkelt kabel for \u00e5 koble til enten et eksternt grensesnittpanel eller direkte til ELT -DT. RFP er n\u00f8dvendig for \u00e5 utf\u00f8re \u00e5rlige ELT testkrav for FAA- og EASA-sertifiserte fly.   <\/p>\n<p><span style=\"font-size: 11pt;\"><span style=\"font-family: Calibri,sans-serif;\"><a style=\"color: blue; text-decoration: underline;\" href=\"https:\/\/www.dropbox.com\/s\/fk04stqsp2hgk5f\/Prop%2065%20-%20DEHP.pdf?dl=0\"><span style=\"color: #000000;\">ADVARSEL: FORSLAG 65<\/span><\/a><\/span><\/span><\/p>\n","protected":false},"featured_media":159353,"template":"","meta":{"_acf_changed":false,"om_disable_all_campaigns":false},"product_brand":[],"product_cat":[5879,5876,8433,5571,5573],"product_tag":[15375,15372,15371,15376,15377,15374,15373,15379,10986,15378,10988],"class_list":{"0":"post-159349","1":"product","2":"type-product","3":"status-publish","4":"has-post-thumbnail","6":"product_cat-forretningsjet-no","7":"product_cat-generell-luftfart-no","8":"product_cat-kommersielle-fly","9":"product_cat-luftfart","10":"product_cat-rotocraft-no","11":"product_tag-artex-anbud","12":"product_tag-artex-nettbrett","13":"product_tag-artex-programmerer","14":"product_tag-artex-fjernkontrollfunksjonspanel","15":"product_tag-artex-rfp-nettbrett","16":"product_tag-artex-test-og-programmeringssett","17":"product_tag-artex-tps-no","18":"product_tag-elt-dt-programmerer","19":"product_tag-elt-programmerer","20":"product_tag-elt-5000-programmerer","21":"product_tag-tps-no","23":"first","24":"instock","25":"taxable","26":"shipping-taxable","27":"purchasable","28":"product-type-variable"},"acf":[],"_links":{"self":[{"href":"https:\/\/www.acrartex.com\/no\/wp-json\/wp\/v2\/product\/159349","targetHints":{"allow":["GET"]}}],"collection":[{"href":"https:\/\/www.acrartex.com\/no\/wp-json\/wp\/v2\/product"}],"about":[{"href":"https:\/\/www.acrartex.com\/no\/wp-json\/wp\/v2\/types\/product"}],"wp:featuredmedia":[{"embeddable":true,"href":"https:\/\/www.acrartex.com\/no\/wp-json\/wp\/v2\/media\/159353"}],"wp:attachment":[{"href":"https:\/\/www.acrartex.com\/no\/wp-json\/wp\/v2\/media?parent=159349"}],"wp:term":[{"taxonomy":"product_brand","embeddable":true,"href":"https:\/\/www.acrartex.com\/no\/wp-json\/wp\/v2\/product_brand?post=159349"},{"taxonomy":"product_cat","embeddable":true,"href":"https:\/\/www.acrartex.com\/no\/wp-json\/wp\/v2\/product_cat?post=159349"},{"taxonomy":"product_tag","embeddable":true,"href":"https:\/\/www.acrartex.com\/no\/wp-json\/wp\/v2\/product_tag?post=159349"}],"curies":[{"name":"wp","href":"https:\/\/api.w.org\/{rel}","templated":true}]}}