{"id":159328,"date":"2024-04-16T10:16:43","date_gmt":"2024-04-16T15:16:43","guid":{"rendered":"https:\/\/www.acrartex.com\/products\/globalfix-v5-sikkerhetssett-for-bater\/"},"modified":"2024-04-16T10:16:43","modified_gmt":"2024-04-16T15:16:43","slug":"globalfix-v5-sikkerhetssett-for-bater","status":"publish","type":"product","link":"https:\/\/www.acrartex.com\/no\/products\/globalfix-v5-sikkerhetssett-for-bater\/","title":{"rendered":"GlobalFix V5 sikkerhetssett for b\u00e5ter"},"content":{"rendered":"<p>Vi introduserer de NYE ACR GlobalFix V5 AIS RLS EPIRB overlevelsessettene for b\u00e5ter \u2013 et altomfattende og p\u00e5litelig sett med viktige ressurser som sikrer din sikkerhet og overlevelse i vannb\u00e5rne n\u00f8dsituasjoner. Disse settene er skreddersydd for erfarne seilere, ivrige sportsfiskere og v\u00e5gale cruisere, og er et uunnv\u00e6rlig tillegg til utstyret ditt om bord. <\/p>\n<p><strong>Basissettet<\/strong> inneholder f\u00f8lgende viktige overlevelsesprodukter ( <strong>2337.1<\/strong> ):<\/p>\n<ul>\n<li>GlobalFIX V5 AIS KAT. 2 EPIRB <a href=\"https:\/\/www.acrartex.com\/no\/products\/globalfix-v5-ais-epirb-med-return-link-service-og-mobilapp\/\">Finn ut mer<\/a> <\/li>\n<li>RapidDitch Express-veske <a href=\"https:\/\/www.acrartex.com\/no\/products\/rapidditch-express-veske\/\">Finn ut mer<\/a><\/li>\n<\/ul>\n<p><strong>Plus-<\/strong> settet inneholder f\u00f8lgende viktige overlevelsesprodukter ( <strong>2338.1<\/strong> ):<\/p>\n<ul>\n<li>GlobalFIX V5 AIS KAT. 2 EPIRB <a href=\"https:\/\/www.acrartex.com\/no\/products\/globalfix-v5-ais-epirb-med-return-link-service-og-mobilapp\/\">Finn ut mer<\/a> <\/li>\n<li>RapidDitch Express-veske <a href=\"https:\/\/www.acrartex.com\/no\/products\/rapidditch-express-veske\/\">Finn ut mer<\/a><\/li>\n<li>HemiLight \u21223 <a href=\"https:\/\/www.acrartex.com\/no\/products\/hemilight-3-med-og-solas-redningsvestlys\/\">Finn ut mer<\/a><\/li>\n<li>C-Strobe H2O SOLAS Strobelys <a href=\"https:\/\/www.acrartex.com\/products\/c-strobe-h20\/\">Finn ut mer<\/a><\/li>\n<li>Signalspeil<\/li>\n<li>WW-3 Res-Q\u2122-fl\u00f8yte <a href=\"https:\/\/www.acrartex.com\/no\/products\/ww-3-resq-floyte\/\">Finn ut mer<\/a><\/li>\n<\/ul>\n<p><strong>Premium-<\/strong> settet inneholder f\u00f8lgende viktige overlevelsesprodukter ( <strong>2341.1<\/strong> ):<\/p>\n<ul>\n<li>GlobalFIX V5 AIS Cat. 2 EPIRB med Return Link Service og NFC -mobilapp <a href=\"https:\/\/www.acrartex.com\/no\/products\/globalfix-v5-ais-epirb-med-return-link-service-og-mobilapp\/\">Finn ut mer<\/a> <\/li>\n<li>ResQlink View RLS PLB 435 <a href=\"https:\/\/www.acrartex.com\/no\/products\/resqlink-view-rls-personal-locator-beacon\/\">Finn ut mer<\/a><\/li>\n<li>ResQflare elektronisk n\u00f8dbluss (USCG-sertifisert) <a href=\"https:\/\/www.acrartex.com\/no\/products\/resqflare-elektronisk-led-nodsignal-for-bat\/\">Finn ut mer<\/a><\/li>\n<li>FireFly PRO Waterbug \u2013 SOLAS-godkjent strobelys med innebygd vannaktivering <a href=\"https:\/\/www.acrartex.com\/products\/firefly-pro-waterbug\/\">Finn ut mer<\/a><\/li>\n<li>RapidDitch Express-veske <a href=\"https:\/\/www.acrartex.com\/no\/products\/rapidditch-express-veske\/\">Finn ut mer<\/a><\/li>\n<li>HemiLight \u21223 <a href=\"https:\/\/www.acrartex.com\/no\/products\/hemilight-3-med-og-solas-redningsvestlys\/\">Finn ut mer<\/a><\/li>\n<li>Signalspeil<\/li>\n<li>WW-3 Res-Q\u2122-fl\u00f8yte <a href=\"https:\/\/www.acrartex.com\/no\/products\/ww-3-resq-floyte\/\">Finn ut mer<\/a><\/li>\n<\/ul>\n<p>Vi introduserer den mest avanserte EPIRB ( <a href=\"https:\/\/www.acrartex.com\/no\/news\/hva-er-en-epirb-eller-nodposisjonsindikerende-radiofyr\/\">Emergency Position Indicating Radio Beacon<\/a> ) som er tilgjengelig. Den nye ACR GlobalFix V5 EPIRB kombinerer 406 MHz satellitttilkobling med AIS -funksjonalitet ( Automatic Identification System ). Dette betyr at n\u00e5r EPIRB aktiveres, sender den ikke bare n\u00f8dsignalet ditt til det globale <a href=\"https:\/\/www.cospas-sarsat.int\/en\/\">Cospas Sarsat<\/a> -satellittredningssystemet, men den sender ogs\u00e5 en AIS sikkerhetsmelding p\u00e5 VHF-frekvenser som kan sees umiddelbart av ethvert AIS utstyrt fart\u00f8y i n\u00e6rheten. Andre flotte funksjoner inkluderer Return Link Service ( RLS )-teknologi som gir brukeren visuell bekreftelse p\u00e5 at n\u00f8dmeldingen er mottatt, et 121,5 MHz-m\u00e5ls\u00f8kingssignal og synlige og infrar\u00f8de strobelys for enkel m\u00e5lidentifisering om natten eller i d\u00e5rlig sikt. En annen ny funksjon er Near Field Communication ( NFC ), som lar brukere overv\u00e5ke EPIRB sin ved hjelp av en smarttelefonapp. ACR er den globale lederen innen maritim sikkerhets- og redningsteknologi, og den nye GlobalFix V5 GPS EPIRB med AIS kombinerer holdbarheten og p\u00e5liteligheten de er kjent for med avansert teknologi designet for \u00e5 \u00f8ke responstiden p\u00e5 redningsaksjoner.     <\/p>\n<h3><strong>Raskere AIS EPIRB redninger gjennom sammenkobling av global og lokal redning<\/strong><\/h3>\n<p>ACR GlobalFix V5 EPIRB beregner n\u00f8yaktig sin posisjon hvor som helst i verden ved hjelp av GNSS ( GPS , Galileo, Glonass) posisjoneringsnettverk. Ved aktivering videresender 406 MHz n\u00f8dsendinger GPS EPIRB (GPIRB) posisjonen, med en n\u00f8yaktighet p\u00e5 100 meter, til det verdensomspennende Cospas Sarsat s\u00f8k- og redningssatellittnettverket. EPIRB identifikatorer og posisjonsinformasjon videresendes til bakkestasjoner via satellittsystemet, og starter redningsoperasjoner. Med avansert AIS teknologi som n\u00e5 er integrert i EPIRB , sendes et AIS signal n\u00e5r den er aktivert, slik at fart\u00f8y i n\u00e6rheten utstyrt med en AIS transponder umiddelbart varsles om b\u00e5tens fyrsignalplassering. AIS utstyrte fart\u00f8y innenfor VHF-rekkevidde av fyrsignalet vil se en sikkerhetsmelding p\u00e5 skjermene sine, inkludert MMSI-fart\u00f8yidentifikasjon. Fart\u00f8y i omr\u00e5det der EPIRB har blitt aktivert, kan deretter starte rednings- og bergingsoperasjoner umiddelbart uten \u00e5 m\u00e5tte vente p\u00e5 n\u00f8drespons fra gjeldende SAR-myndighet. AIS lar ogs\u00e5 lokale responspersoner enkelt finne EPIRB -ens plassering, som presenteres som et AIS m\u00e5l p\u00e5 skjermen om bord. Fart\u00f8y i n\u00e6rheten med AIS ombord kan navigere direkte til EPIRB ved \u00e5 velge AIS m\u00e5let.        Denne utrolige teknologiske fremgangen vil fremskynde gjenopprettingstiden, noe som garantert vil redde liv.<\/p>\n<h3><strong>Smarttelefontilkobling ved hjelp av Near Field Communication ( NFC )<\/strong><\/h3>\n<p><a href=\"https:\/\/www.youtube.com\/watch?v=WqE0ag4yqG4\">NFC teknologi ( Near Field Communication )<\/a> lar brukere f\u00e5 tilgang til EPIRB diagnostikk ved hjelp av smarttelefonene sine. N\u00e5r en smarttelefon plasseres ved siden av GlobalFix V5 n\u00f8dposisjoneringsindikerende radiofyr, \u00e5pnes ACR produktappen automatisk og gir tilgang til fyrdataene. Statusinformasjon for fyr i appen inkluderer batterilevetid, antall fullf\u00f8rte selvtester, antall fullf\u00f8rte GNSS-tester og hvor lenge EPIRB har v\u00e6rt aktivert. Detaljert informasjon om hver selvtest og GNSS-test utf\u00f8rt av enheten er ogs\u00e5 tilgjengelig. GNSS-tester viser en kartvisning som viser hvor forrige test ble utf\u00f8rt, dato og klokkeslett for testen, hvor lang tid det tok EPIRB \u00e5 finne en GNSS-posisjonering, antall satellitter som ble brukt for \u00e5 finne den posisjoneringen, og n\u00f8yaktigheten av posisjoneringen. Enkel app-tilkobling med NFC lar brukere enkelt sjekke statusen til alle EPIRB funksjoner for \u00e5 sikre at den fungerer som den skal.     <\/p>\n<h3><strong>Return Link Service ( RLS )<\/strong><\/h3>\n<p>Return Link Service forteller den som utl\u00f8ser EPIRB at n\u00f8dmeldingen er levert. Et RLS signal sendt tilbake gjennom Galileo-satellittnettverket bekrefter at n\u00f8dmeldingen sammen med den n\u00f8yaktige plasseringen av fyren og identifikatorene er oppdaget. Et lett synlig blinkende bl\u00e5tt lys indikerer at EPIRB har mottatt Return Link-meldingen fra Galileo-satellittnettverket. Tryggheten ved \u00e5 vite at redningsmannskaper er klar over at en EPIRB har blitt aktivert og at de har dens plassering, bidrar til \u00e5 redusere stresset forbundet med makaber situasjoner.   <\/p>\n<p>ACR spesialiserer seg p\u00e5 elektroniske redningsenheter og andre livreddende produkter designet for b\u00e5de profesjonelle og fritidssj\u00f8folk. Med tillegg av AIS gir den innovative nye ACR GlobalFix V5 EPIRB den enkleste og raskeste veien til redning. Return Link Service gir en velkommen trygghetsf\u00f8lelse vel vitende om at n\u00f8dmeldingen din er mottatt, og Near Field Communication gir tilgang til data og produktfunksjonalitet som aldri f\u00f8r har v\u00e6rt tilgjengelig for noen EPIRB kunde. Det nye og avanserte funksjonssettet til GlobalFix V5 EPIRB gj\u00f8r den perfekt for sj\u00f8folk, enten det er kystseilas, arbeid offshore eller kryssing av hav.   <\/p>\n","protected":false},"excerpt":{"rendered":"<h4><span style=\"color: #000000;\"><strong>Stolt laget i USA!<\/strong><\/span><\/h4>\n<p><a href=\"https:\/\/www.dropbox.com\/s\/fk04stqsp2hgk5f\/Prop%2065%20-%20DEHP.pdf?dl=0\">ADVARSEL: FORSLAG 65<\/a><\/p>\n","protected":false},"featured_media":88813,"template":"","meta":{"_acf_changed":false,"om_disable_all_campaigns":false},"product_brand":[],"product_cat":[5858,5865,5635,14665,5860,5862,2925],"product_tag":[8234,8345,15323,8236,11378,15327,15329,15326,15325,6814,9144,13093,7284,15324,12120,15328,15330],"class_list":{"0":"post-159328","1":"product","2":"type-product","3":"status-publish","4":"has-post-thumbnail","6":"product_cat-inn-i-landet-no","7":"product_cat-kommersiell-no-2","8":"product_cat-marine-no","9":"product_cat-maritime-sikkerhetssett","10":"product_cat-naer-kysten","11":"product_cat-offshore-no","12":"product_cat-uncategorized-no","13":"product_tag-406-epirb-no","14":"product_tag-406-mhz-beacon-no","15":"product_tag-acr-406-epirb-no","16":"product_tag-acr-globalfix-no","17":"product_tag-acr-personlig-lokaliseringsfyr","18":"product_tag-ais-beacon-no","19":"product_tag-ais-epirb-no","20":"product_tag-ais-sikkerhetssett","21":"product_tag-batliv-no","22":"product_tag-batsikkerhet","23":"product_tag-batsikkerhetsveske","24":"product_tag-global-redning-no","25":"product_tag-hemilight-no","26":"product_tag-overlevelsessett-for-bater","27":"product_tag-signalbluss","28":"product_tag-sikkerhetssett-for-bater","29":"product_tag-stobe-no","31":"first","32":"instock","33":"taxable","34":"shipping-taxable","35":"purchasable","36":"product-type-variable"},"acf":[],"_links":{"self":[{"href":"https:\/\/www.acrartex.com\/no\/wp-json\/wp\/v2\/product\/159328","targetHints":{"allow":["GET"]}}],"collection":[{"href":"https:\/\/www.acrartex.com\/no\/wp-json\/wp\/v2\/product"}],"about":[{"href":"https:\/\/www.acrartex.com\/no\/wp-json\/wp\/v2\/types\/product"}],"wp:featuredmedia":[{"embeddable":true,"href":"https:\/\/www.acrartex.com\/no\/wp-json\/wp\/v2\/media\/88813"}],"wp:attachment":[{"href":"https:\/\/www.acrartex.com\/no\/wp-json\/wp\/v2\/media?parent=159328"}],"wp:term":[{"taxonomy":"product_brand","embeddable":true,"href":"https:\/\/www.acrartex.com\/no\/wp-json\/wp\/v2\/product_brand?post=159328"},{"taxonomy":"product_cat","embeddable":true,"href":"https:\/\/www.acrartex.com\/no\/wp-json\/wp\/v2\/product_cat?post=159328"},{"taxonomy":"product_tag","embeddable":true,"href":"https:\/\/www.acrartex.com\/no\/wp-json\/wp\/v2\/product_tag?post=159328"}],"curies":[{"name":"wp","href":"https:\/\/api.w.org\/{rel}","templated":true}]}}