{"id":159299,"date":"2024-06-11T10:06:29","date_gmt":"2024-06-11T15:06:29","guid":{"rendered":"https:\/\/www.acrartex.com\/products\/exposure-olas-mann-over-bord-flytelykt-vanntett-handholdt-lys-og-mob-sender\/"},"modified":"2025-07-29T14:01:22","modified_gmt":"2025-07-29T19:01:22","slug":"exposure-olas-mann-over-bord-flytelykt-vanntett-handholdt-lys-og-mob-sender","status":"publish","type":"product","link":"https:\/\/www.acrartex.com\/no\/products\/exposure-olas-mann-over-bord-flytelykt-vanntett-handholdt-lys-og-mob-sender\/","title":{"rendered":"EXPOSURE OLAS Mann-over-bord flytelykt \u2013 Vanntett, h\u00e5ndholdt lys og MOB sender"},"content":{"rendered":"<div class=\"panel-block-row col-md-12 title-v7\">\n<div class=\"content-heading\">\n<h3 class=\"title\"><strong style=\"font-size: 16px;\">Spor OLAS -sendere direkte med telefonen din \u2013 ingen ekstra maskinvare n\u00f8dvendig<\/strong><\/h3>\n<\/div>\n<\/div>\n<p>OLAS -appen er tilgjengelig gratis p\u00e5 b\u00e5de iOS- og Android-enheter, slik at du enkelt kan overv\u00e5ke opptil seks OLAS sendere. Ideell for fart\u00f8y opptil 30 fot lange, er dette en kostnadseffektiv l\u00f8sning for rask selvgjenoppretting, perfekt for solo- eller sm\u00e5mannskapsseiling p\u00e5 bl\u00e5tt vann. <\/p>\n<p><strong>Fri til \u00e5 bevege seg samtidig som du holder deg trygg<\/strong><\/p>\n<p>Koble OLAS -sendere med Guardian- eller N2K-motorstoppsystemer for \u00e5 fungere som tr\u00e5dl\u00f8se n\u00f8dstoppsnorer. Dette sikrer at motorb\u00e5t- og RIB-f\u00f8rere umiddelbart kan stoppe fart\u00f8yet sitt hvis skipperen eller mannskapet blir skilt fra hverandre, noe som forhindrer ulykker fra ubemannede, ukontrollerte b\u00e5ter. Det er en viktig sikkerhetsl\u00f8sning for solostyrte motorfart\u00f8y og fiskeb\u00e5ter, og gir bevegelsesfrihet rundt fart\u00f8yet under drift.  <\/p>\n<h3 class=\"subheading mt sm-mt size--default sm-size--default\">B\u00e6rbart overbordalarmsystem<\/h3>\n<p>Koble OLAS -sendere til OLAS Core, et b\u00e6rbart 5V overbordalarmsystem som kan spore opptil 25 sendere p\u00e5 fart\u00f8y opptil 15 meter lange. Dette systemet er uunnv\u00e6rlig for brukere som g\u00e5r om bord p\u00e5 fart\u00f8y uten installerte overbordalarmsystemer, for eksempel charterturer eller leveranser av fart\u00f8y med kort h\u00e5nd. <\/p>\n<p style=\"margin: 0in 0in 0.0001pt;\"><span style=\"font-size: 16px;\"><span style=\"line-height: 150%;\">  <\/span><\/span><\/p>\n<p style=\"text-align: justify; margin: 0in 0in 0.0001pt;\"><span style=\"font-size: 16px;\"><span style=\"line-height: 150%;\"><b>Viktige funksjoner:<\/b><\/span><\/span><\/p>\n<ul>\n<li style=\"text-align: justify; margin: 0in 0in 0.0001pt;\"><span style=\"font-size: 16px;\"><span style=\"line-height: 150%;\"><a name=\"_Hlk8669295\"><\/a>  OLAS gratis mobilappintegrasjon<\/span><\/span><\/li>\n<li style=\"margin: 0in 0in 0.0001pt;\"><span style=\"font-size: 16px;\"><span style=\"line-height: 150%;\">LED-lommelykt (lav\/middels\/h\u00f8y)<\/span><\/span><\/li>\n<li style=\"margin: 0in 0in 0.0001pt;\"><span style=\"font-size: 16px;\"><span style=\"line-height: 150%;\">Vannaktivert strobe<\/span><\/span><\/li>\n<li style=\"margin: 0in 0in 0.0001pt;\"><span style=\"font-size: 16px;\"><span style=\"line-height: 150%;\">Vanntett (IP67)<\/span><\/span><\/li>\n<li style=\"margin: 0in 0in 0.0001pt;\"><span style=\"font-size: 16px;\"><span style=\"line-height: 150%;\">Oppdrift<\/span><\/span><\/li>\n<li style=\"margin: 0in 0in 0.0001pt;\"><span style=\"font-size: 16px;\"><span style=\"line-height: 150%;\"><a name=\"_Hlk8669342\"><\/a>Bluetooth\u00ae 4.1-kompatibel<\/span><\/span><\/li>\n<li style=\"margin: 0in 0in 0.0001pt;\"><span style=\"font-size: 16px;\"><span style=\"line-height: 150%;\">Batterilevetidindikator<\/span><\/span><\/li>\n<li style=\"margin: 0in 0in 0.0001pt;\"><span style=\"font-size: 16px;\"><span style=\"line-height: 150%;\">Hurtiglading (3 timer)<\/span><\/span><\/li>\n<li style=\"margin: 0in 0in 0.0001pt;\"><span style=\"font-size: 16px;\"><span style=\"line-height: 150%;\">USB-oppladbar<\/span><\/span><\/li>\n<\/ul>\n","protected":false},"excerpt":{"rendered":"<p>OLAS Float-On er en vanntett, flytende lommelykt og OLAS sender. Unik integrering av Exposures MOB teknologi (vannaktivert strobe) og OLAS tilkobling i ett produkt skaper et multifunksjonelt sikkerhetshjelpemiddel for b\u00e5de nybegynnere og erfarne b\u00e5tfolk. Kombinasjonen av alarmen og den kraftige stroben bidrar til \u00e5 sikre at MOB kan sees under hele redningsaksjonen.  <\/p>\n<p>OLAS Float-On spores av OLAS applikasjonen mens de er om bord fra mobilenheten eller via Core, Guardian og Extender.<\/p>\n<p><strong>OLAS Float-On-fordeler<\/strong> Oppladbar OLAS sender Vanntett Flytende Vannaktivert strobe (MOBT) Batteritilbakemelding USB Oppladbar OLAS -appen krever minimum IOS11 eller Android 5.1 for \u00e5 fungere.<\/p>\n<p><strong>I esken:<\/strong> OLAS Float-On, Micro USB-ladekabel, brukerh\u00e5ndbok<\/p>\n<p style=\"margin-top: 0in; margin-right: 0in; margin-left: 0in;\"><span style=\"font-size: 16px;\"><span style=\"background: white;\"><span style=\"line-height: 150%;\"> <\/span><\/span><\/span><\/p>\n<p style=\"margin-top: 0in; margin-right: 0in; margin-left: 0in;\"><a href=\"https:\/\/www.dropbox.com\/s\/fk04stqsp2hgk5f\/Prop%2065%20-%20DEHP.pdf?dl=0\">ADVARSEL: FORSLAG 65<\/a><\/p>\n<p>&nbsp;<\/p>\n<p>&nbsp;<\/p>\n","protected":false},"featured_media":159301,"template":"","meta":{"_acf_changed":false,"om_disable_all_campaigns":false},"product_brand":[],"product_cat":[5858,5865,5635,5860,5862],"product_tag":[13976,13095,13992,13969,14004,11173,11823,13983,11165,12146,11844,11290],"class_list":{"0":"post-159299","1":"product","2":"type-product","3":"status-publish","4":"has-post-thumbnail","6":"product_cat-inn-i-landet-no","7":"product_cat-kommersiell-no-2","8":"product_cat-marine-no","9":"product_cat-naer-kysten","10":"product_cat-offshore-no","11":"product_tag-2982-no","12":"product_tag-bluetooth-no","13":"product_tag-cob-no","14":"product_tag-flyt-pa","15":"product_tag-lommelykt","16":"product_tag-mann-over-bord","17":"product_tag-mann-over-bord-system","18":"product_tag-mannskap-over-bord","19":"product_tag-mob-no","20":"product_tag-mob-system-no","21":"product_tag-olas-no","22":"product_tag-strobelys-no","23":"pa_boat-size-0-20-no","24":"pa_boat-size-21-40-no","25":"pa_boat-size-40-80-no","26":"pa_boat-size-80-no","27":"pa_boat-type-charteryacht","28":"pa_boat-type-kommersielt-fiske","29":"pa_boat-type-lasteskip","30":"pa_boat-type-motorbat-no","31":"pa_boat-type-seilbat","32":"pa_boat-type-slepebat","33":"pa_boat-type-sportcraft-no","34":"pa_boat-type-yacht-no","35":"pa_product-signaleringsprodukter","37":"first","38":"instock","39":"taxable","40":"shipping-taxable","41":"purchasable","42":"product-type-simple"},"acf":[],"_links":{"self":[{"href":"https:\/\/www.acrartex.com\/no\/wp-json\/wp\/v2\/product\/159299","targetHints":{"allow":["GET"]}}],"collection":[{"href":"https:\/\/www.acrartex.com\/no\/wp-json\/wp\/v2\/product"}],"about":[{"href":"https:\/\/www.acrartex.com\/no\/wp-json\/wp\/v2\/types\/product"}],"wp:featuredmedia":[{"embeddable":true,"href":"https:\/\/www.acrartex.com\/no\/wp-json\/wp\/v2\/media\/159301"}],"wp:attachment":[{"href":"https:\/\/www.acrartex.com\/no\/wp-json\/wp\/v2\/media?parent=159299"}],"wp:term":[{"taxonomy":"product_brand","embeddable":true,"href":"https:\/\/www.acrartex.com\/no\/wp-json\/wp\/v2\/product_brand?post=159299"},{"taxonomy":"product_cat","embeddable":true,"href":"https:\/\/www.acrartex.com\/no\/wp-json\/wp\/v2\/product_cat?post=159299"},{"taxonomy":"product_tag","embeddable":true,"href":"https:\/\/www.acrartex.com\/no\/wp-json\/wp\/v2\/product_tag?post=159299"}],"curies":[{"name":"wp","href":"https:\/\/api.w.org\/{rel}","templated":true}]}}