{"id":159281,"date":"2024-06-11T10:23:22","date_gmt":"2024-06-11T15:23:22","guid":{"rendered":"https:\/\/www.acrartex.com\/products\/exposure-olas-flermotorkontakt\/"},"modified":"2024-06-11T10:23:22","modified_gmt":"2024-06-11T15:23:22","slug":"exposure-olas-flermotorkontakt","status":"publish","type":"product","link":"https:\/\/www.acrartex.com\/no\/products\/exposure-olas-flermotorkontakt\/","title":{"rendered":"EXPOSURE OLAS flermotorkontakt"},"content":{"rendered":"","protected":false},"excerpt":{"rendered":"<p>OLAS multimotorkontakten er designet for \u00e5 fungere med flere p\u00e5hengsmotorer, opptil 3 totalt. Den er designet for \u00e5 fungere med OLAS N2K NMEA 2000 tr\u00e5dl\u00f8s motorstoppbryter og mann-over-bord-alarmsystem eller med OLAS Guardian tr\u00e5dl\u00f8s motorstoppbryter og mann-over-bord-alarmsystem. Dette tilbeh\u00f8ret, som er mest n\u00f8dvendig p\u00e5 Yamaha-b\u00e5ter med to og tre motorer, kobler de flere motorene til ett stoppbrytersystem.  <\/p>\n<p>For koblingsinstruksjoner, se koblingsskjemaet for flermotorkontakten som er inkludert som et av produktbildene p\u00e5 denne produktsiden.<\/p>\n<p class=\"x\" style=\"margin: 0in; text-align: start; margin-right: 0in; margin-left: 0in;\"><span style=\"font-size: 12pt;\"><span style=\"background: white;\"> <\/span><\/span><\/p>\n<p class=\"x\" style=\"margin: 0in; text-align: start; margin-right: 0in; margin-left: 0in;\"><a href=\"https:\/\/www.dropbox.com\/s\/fk04stqsp2hgk5f\/Prop%2065%20-%20DEHP.pdf?dl=0\">ADVARSEL: FORSLAG 65<\/a><\/p>\n","protected":false},"featured_media":159284,"template":"","meta":{"_acf_changed":false,"om_disable_all_campaigns":false},"product_brand":[],"product_cat":[5858,5865,5635,5860,5862],"product_tag":[15267,15268,15269,15279,15273,15270,15282,15276],"class_list":{"0":"post-159281","1":"product","2":"type-product","3":"status-publish","4":"has-post-thumbnail","6":"product_cat-inn-i-landet-no","7":"product_cat-kommersiell-no-2","8":"product_cat-marine-no","9":"product_cat-naer-kysten","10":"product_cat-offshore-no","11":"product_tag-flermotorkontakt-no","12":"product_tag-flermotorsele-no","13":"product_tag-olas-flermotorkontakt","14":"product_tag-olas-guardian-flermotorkontakt","15":"product_tag-olas-guardian-flermotorsele-no","16":"product_tag-olas-mec-no","17":"product_tag-olas-n2k-flermotorkontakt","18":"product_tag-olas-n2k-flermotorsele-no","20":"first","21":"instock","22":"taxable","23":"shipping-taxable","24":"purchasable","25":"product-type-simple"},"acf":[],"_links":{"self":[{"href":"https:\/\/www.acrartex.com\/no\/wp-json\/wp\/v2\/product\/159281","targetHints":{"allow":["GET"]}}],"collection":[{"href":"https:\/\/www.acrartex.com\/no\/wp-json\/wp\/v2\/product"}],"about":[{"href":"https:\/\/www.acrartex.com\/no\/wp-json\/wp\/v2\/types\/product"}],"wp:featuredmedia":[{"embeddable":true,"href":"https:\/\/www.acrartex.com\/no\/wp-json\/wp\/v2\/media\/159284"}],"wp:attachment":[{"href":"https:\/\/www.acrartex.com\/no\/wp-json\/wp\/v2\/media?parent=159281"}],"wp:term":[{"taxonomy":"product_brand","embeddable":true,"href":"https:\/\/www.acrartex.com\/no\/wp-json\/wp\/v2\/product_brand?post=159281"},{"taxonomy":"product_cat","embeddable":true,"href":"https:\/\/www.acrartex.com\/no\/wp-json\/wp\/v2\/product_cat?post=159281"},{"taxonomy":"product_tag","embeddable":true,"href":"https:\/\/www.acrartex.com\/no\/wp-json\/wp\/v2\/product_tag?post=159281"}],"curies":[{"name":"wp","href":"https:\/\/api.w.org\/{rel}","templated":true}]}}