{"id":159217,"date":"2024-08-16T14:02:09","date_gmt":"2024-08-16T19:02:09","guid":{"rendered":"https:\/\/www.acrartex.com\/products\/exposure-olas-n2k-mann-over-bord-nodalarm-tradlos-motorstoppbryter\/"},"modified":"2026-03-06T08:41:42","modified_gmt":"2026-03-06T13:41:42","slug":"exposure-olas-n2k-mann-over-bord-nodalarm-tradlos-motorstoppbryter","status":"publish","type":"product","link":"https:\/\/www.acrartex.com\/no\/products\/exposure-olas-n2k-mann-over-bord-nodalarm-tradlos-motorstoppbryter\/","title":{"rendered":"EXPOSURE OLAS N2K \u2013 Mann over bord-n\u00f8dalarm, tr\u00e5dl\u00f8s motorstoppbryter"},"content":{"rendered":"<h3>Spor flere sendere eller enkeltbrikker med letthet<\/h3>\n<p>OLAS N2K opererer i stor skala og kan spore opptil 25 OLAS -sendere rundt fart\u00f8y opptil 30 meter lange. Enten du har et stort motorfart\u00f8y eller et seilfart\u00f8y, har denne enheten det du trenger. Alternativt kan den brukes til \u00e5 spore en enkelt tagg p\u00e5 en motorb\u00e5t, slik at motoren stopper umiddelbart hvis roret faller over bord.  <\/p>\n<h3><\/h3>\n<h3>Leveres med oppladbar OLAS T2-sender.<\/h3>\n<p>OLAS T2 er en vanntett, kompakt og oppladbar OLAS sender. Integrert vibrasjon og lysindikasjon sikrer brukervennlig oversikt over brikkens status. <\/p>\n<ul>\n<li>Leveres med h\u00e5ndleddsstropp og halssnor<\/li>\n<li>Vibrasjonsvarsel for lavt batteri.<\/li>\n<li>Over 7 dagers driftstid fra \u00e9n lading.<\/li>\n<li>2 timers ladetid.<\/li>\n<li>Smart l\u00e5sekontroll for motor.<\/li>\n<\/ul>\n<h3><\/h3>\n<h3>G\u00e5 aldri glipp av en Mann over bord-begivenhet<\/h3>\n<p>Med OLAS N2K kan du reagere raskt p\u00e5 en mann over bord-situasjon, ettersom den automatisk lagrer plasseringen av MOB -punktet der det mistes et varsel p\u00e5 plotteren. Du trenger ikke lenger \u00e5 stole p\u00e5 menneskelig hukommelse eller risikere glemsel. N\u00e5r en OLAS brikke g\u00e5r \u00abtapt\u00bb og antas \u00e5 v\u00e6re over bord, utl\u00f8ses flere varsler samtidig, noe som gir deg st\u00f8rst mulig sikkerhet og bevissthet.  <\/p>\n<p>&nbsp;<\/p>\n<p>MOB pgn \u2013 Mann over bord-signalet (PGN 127233) sendes ut til NMEA 2000-nettverket. Enhver tilkoblet MOB enhet som er programmert til \u00e5 reagere p\u00e5 MOB pgn-signalet, vil bli utl\u00f8st. <\/p>\n<p>&nbsp;<\/p>\n<p>AIS Safety Broadcast (PGN 129802) \u2013 dette varselet emulerer meldingen som ville blitt mottatt fra en EPIRB eller SART-enhet med AIS VHF-st\u00f8tte. Meldingen er kun intern og vil ikke bli sendt fra fart\u00f8yet. Meldingen inkluderer fart\u00f8yets GPS posisjon p\u00e5 det tidspunktet da varselet ble utl\u00f8st. Kartplotteren kan deretter sette MOB merket.   <\/p>\n<p>&nbsp;<\/p>\n<h3>Tr\u00e5dl\u00f8s drepebryter for uovertruffen sikkerhet<\/h3>\n<p>En tr\u00e5dl\u00f8s n\u00f8dstopp er en viktig sikkerhetsfunksjon p\u00e5 enhver motorb\u00e5t, og OLAS N2K leverer eksepsjonell funksjonalitet i denne forbindelse. Her er hvorfor en tr\u00e5dl\u00f8s n\u00f8dstopp er s\u00e5 fordelaktig: <\/p>\n<ul>\n<li>Operat\u00f8rsikkerhet: Hvis f\u00f8reren faller over bord eller uventet blir kastet av b\u00e5ten, sl\u00e5r OLAS N2K automatisk av motoren, noe som forhindrer ulykker og gj\u00f8r det enklere for redningsoperasjoner.<\/li>\n<li>N\u00f8dstopp: I farlige situasjoner som kollisjoner, tillater den tr\u00e5dl\u00f8se n\u00f8dstoppbryteren umiddelbar avstengning av motoren, noe som forhindrer ytterligere skade eller skade.<\/li>\n<li>Beskyttelse av mannskap: Utvid sikkerhetsfordelene for passasjerer og besetningsmedlemmer ved \u00e5 utstyre dem med separate brikker som ogs\u00e5 kan stoppe motoren om n\u00f8dvendig.<\/li>\n<li>Overholdelse av regelverk: Mange b\u00e5tmyndigheter krever bruk av n\u00f8dstopp i spesifikke situasjoner. OLAS N2K sikrer samsvar med disse forskriftene, og unng\u00e5r b\u00f8ter eller straffer. <\/li>\n<\/ul>\n<p>&nbsp;<\/p>\n<h3>Enkel installasjon og integrasjon for MOB -varsler<\/h3>\n<p>Installasjonen av OLAS N2K er en lek, takket v\u00e6re NMEA 2000-tilkoblingen. Den integreres s\u00f8ml\u00f8st i fart\u00f8yets eksisterende NMEA 2000-nettverk, noe som gir en problemfri oppsettprosess. OLAS N2K er kompatibel med et bredt utvalg av kartplottere og multifunksjonelle skjermer, og s\u00f8rger for at du enkelt kan se og svare p\u00e5 varsler.  <\/p>\n<p>&nbsp;<\/p>\n<h3>Tilpassbare tagmoduser for fleksibilitet<\/h3>\n<p>OLAS N2K tilbyr tre brukervalgbare tagmoduser, slik at du kan skreddersy enheten til dine spesifikke behov. Du kan enkelt bytte mellom modusene ved hjelp av OLAS -mobilappen. Her er en oversikt over tagmodusene:  <\/p>\n<ul>\n<li>Standardmodus: Ideell for st\u00f8rre motorfart\u00f8y og seilfart\u00f8y. Denne modusen utl\u00f8ser varsler for det gjenv\u00e6rende mannskapet samtidig som motoren sl\u00e5s av. Den sikrer at alle blir varslet og at fart\u00f8yet er under kontroll. <\/li>\n<li>Mannskapsmerkemodus: Anbefales for mannskap og passasjerer p\u00e5 b\u00e5de motor- og seilb\u00e5ter. Denne modusen varsler det gjenv\u00e6rende mannskapet uten \u00e5 sl\u00e5 av motoren. Den muliggj\u00f8r umiddelbare redningsoperasjoner. <\/li>\n<li>Rormerke-modus: Denne modusen er spesielt utviklet for motorfart\u00f8y under 35 fot, og fungerer som en stoppsnor som stopper fart\u00f8yet n\u00e5r merket g\u00e5r utenfor en tilpassbar avstand fra navet. Denne modusen lar brukeren forlate og returnere til fart\u00f8yet uten \u00e5 utl\u00f8se alarmen. Den utl\u00f8ser ikke MOB varsler og b\u00f8r ikke brukes som et MOB alarmsystem.  <\/li>\n<\/ul>\n<h3><\/h3>\n<h3>Kraftige OLAS -appfunksjoner for \u00f8kt sikkerhet<\/h3>\n<p>OLAS -mobilappen tilbyr tilleggsfunksjoner som ytterligere forbedrer sikkerheten din p\u00e5 vannet:<\/p>\n<ul>\n<li>Solomodus: For b\u00e5tf\u00f8rere som opererer innafor kysten eller p\u00e5 fart\u00f8y med offshore-tilkobling, aktiverer solomodusen automatisk SOS-meldinger. Ved en hendelse MOB sendes en n\u00f8dmelding til det forh\u00e5ndsinntastede n\u00f8dnummeret ditt, som inneholder viktig informasjon om fart\u00f8yet ditt. <\/li>\n<li>Spor tilbake og sist sett posisjon: OLAS -appen genererer en lettforst\u00e5elig retningspil og avstandsregistrering for \u00e5 hjelpe redningsmannskaper med \u00e5 returnere til MOB posisjonen. Breddegrad og lengdegrad for MOB varselet vises ogs\u00e5, noe som muliggj\u00f8r effektiv koordinering med redningstjenester eller fart\u00f8y i n\u00e6rheten. <\/li>\n<li>Automatisk VHF-mayday-informasjon: Appen genererer automatisk et VHF-skript som inkluderer informasjon om fart\u00f8yet ditt og sist observerte posisjonsdata. Dette sikrer at et n\u00f8yaktig mayday-anrop kan sendes over VHF, noe som maksimerer sjansene for rask redning. <\/li>\n<\/ul>\n<p>&nbsp;<\/p>\n<p><strong>I esken:<\/strong> OLAS N2K, NMEA 2000-tilkoblingskabel (1 m), kontrollbryter i rustfritt st\u00e5l (0,5 m), motortilkoblingsledning (0,5 m) + 3 x marinekontakter, OLAS T2-brikke + USB-lader + silikonstropp + halssnor, brukerh\u00e5ndbok.<\/p>\n","protected":false},"excerpt":{"rendered":"<p>Forbedre b\u00e5topplevelsen din og s\u00f8rg for din egen og mannskapets sikkerhet med OLAS N2K. Denne bemerkelsesverdige enheten fungerer som en MOB alarm, en tr\u00e5dl\u00f8s motorstoppbryter eller begge deler, og integreres med NMEA 2000-nettverket for \u00e5 gi en omfattende sikkerhetsl\u00f8sning, som sikrer at MOB varsler raskt og effektivt kommuniseres p\u00e5 tvers av fart\u00f8yets systemer, noe som forbedrer mannskapets generelle sikkerhet og responskapasitet. <\/p>\n<p>&nbsp;<\/p>\n<h4 class=\"Title\">Produktkompatibilitet:<\/h4>\n<div class=\"Content\" data-height-match-group=\"\"><span class=\"FeatureName\">OLAS T2,<\/span> <span class=\"FeatureName\">OLAS Tag, OLAS FloatOn og OLAS Extender<\/span><\/div>\n<div data-height-match-group=\"\"><\/div>\n<div data-height-match-group=\"\"><a href=\"https:\/\/www.dropbox.com\/s\/fk04stqsp2hgk5f\/Prop%2065%20-%20DEHP.pdf?dl=0\">ADVARSEL: FORSLAG 65<\/a><\/div>\n<p>&nbsp;<\/p>\n","protected":false},"featured_media":163623,"template":"","meta":{"_acf_changed":false,"om_disable_all_campaigns":false},"product_brand":[],"product_cat":[5858,5865,5635,5860,5862],"product_tag":[15054,13095,15020,14813,15048,15057,12206,15028,15024,15051,11165,15041,11876,11865,15008,15011,15033,15015,15045,11844,14819,15037,15005],"class_list":{"0":"post-159217","1":"product","2":"type-product","3":"status-publish","4":"has-post-thumbnail","6":"product_cat-inn-i-landet-no","7":"product_cat-kommersiell-no-2","8":"product_cat-marine-no","9":"product_cat-naer-kysten","10":"product_cat-offshore-no","11":"product_tag-batkartplotter-no","12":"product_tag-bluetooth-no","13":"product_tag-drepebryter","14":"product_tag-exposure-no","15":"product_tag-kartplotter-no","16":"product_tag-kartplotter-for-yachter","17":"product_tag-mann-over-bord-no","18":"product_tag-mann-over-bord-alarm-no","19":"product_tag-mann-over-bord-alarm","20":"product_tag-marin-kartplotter-no","21":"product_tag-mob-no","22":"product_tag-motoravstengningsbryter","23":"product_tag-motoren-er-avstengt","24":"product_tag-motorens-dodmannsbryter","25":"product_tag-n2k-no","26":"product_tag-nmea-2000-no","27":"product_tag-nmea-mob-alarm-no","28":"product_tag-nmea2000-no","29":"product_tag-nodalarm-for-bat","30":"product_tag-olas-no","31":"product_tag-olas-bluetooth-no","32":"product_tag-tradlos-motoravstengning","33":"product_tag-uscg-no","35":"first","36":"instock","37":"taxable","38":"shipping-taxable","39":"purchasable","40":"product-type-simple"},"acf":[],"_links":{"self":[{"href":"https:\/\/www.acrartex.com\/no\/wp-json\/wp\/v2\/product\/159217","targetHints":{"allow":["GET"]}}],"collection":[{"href":"https:\/\/www.acrartex.com\/no\/wp-json\/wp\/v2\/product"}],"about":[{"href":"https:\/\/www.acrartex.com\/no\/wp-json\/wp\/v2\/types\/product"}],"wp:featuredmedia":[{"embeddable":true,"href":"https:\/\/www.acrartex.com\/no\/wp-json\/wp\/v2\/media\/163623"}],"wp:attachment":[{"href":"https:\/\/www.acrartex.com\/no\/wp-json\/wp\/v2\/media?parent=159217"}],"wp:term":[{"taxonomy":"product_brand","embeddable":true,"href":"https:\/\/www.acrartex.com\/no\/wp-json\/wp\/v2\/product_brand?post=159217"},{"taxonomy":"product_cat","embeddable":true,"href":"https:\/\/www.acrartex.com\/no\/wp-json\/wp\/v2\/product_cat?post=159217"},{"taxonomy":"product_tag","embeddable":true,"href":"https:\/\/www.acrartex.com\/no\/wp-json\/wp\/v2\/product_tag?post=159217"}],"curies":[{"name":"wp","href":"https:\/\/api.w.org\/{rel}","templated":true}]}}