{"id":159145,"date":"2024-06-11T14:16:22","date_gmt":"2024-06-11T19:16:22","guid":{"rendered":"https:\/\/www.acrartex.com\/products\/exposure-olas-core-kompakt-baerbar-overbordalarm-og-nodlyssystem\/"},"modified":"2025-11-26T07:05:54","modified_gmt":"2025-11-26T12:05:54","slug":"exposure-olas-core-kompakt-baerbar-overbordalarm-og-nodlyssystem","status":"publish","type":"product","link":"https:\/\/www.acrartex.com\/no\/products\/exposure-olas-core-kompakt-baerbar-overbordalarm-og-nodlyssystem\/","title":{"rendered":"EXPOSURE OLAS CORE \u2013 Kompakt b\u00e6rbar overbordalarm og n\u00f8dlyssystem"},"content":{"rendered":"<h3 class=\"title\">Hva den gj\u00f8r<\/h3>\n<p>Core sporer tr\u00e5dl\u00f8st OLAS -sendere rundt fart\u00f8yet. N\u00e5r en person som bruker en sender faller over bord, utl\u00f8ses den innebygde alarmen, og et kraftig r\u00f8dt n\u00f8dlys gir visuell indikasjon og lyser opp omr\u00e5det rundt, alt innen 4 sekunder. <\/p>\n<p>I tillegg til \u00e5 utl\u00f8se alarmen, kobles Core til den gratis OLAS -mobilapplikasjonen som gir en lettlest pil tilbake til varslingsposisjonen, pluss viktig informasjon om MOB siste kjente posisjon og automatisk utfylte VHF-meldingsskjermer for \u00e5 st\u00f8tte mannskapet under stresset med en bergingsoperasjon.<\/p>\n<p>&nbsp;<\/p>\n<h3>Hvorfor bruke OLAS CORE<\/h3>\n<p>Kjernen gir skipperne full trygghet for at hele mannskapet blir varslet umiddelbart og kan iverksette umiddelbare redningstiltak i tilfelle en MOB -hendelse.<\/p>\n<p>\u00c5 miste et besetningsmedlem over bord er alle sj\u00f8menns verste mareritt. Jo st\u00f8rre b\u00e5ten er, desto vanskeligere kan det v\u00e6re \u00e5 vite umiddelbart at en MOB -hendelse har skjedd, spesielt i m\u00f8rket med besetningsmedlemmer foran masten. <\/p>\n<p>Det kan skje altfor lett selv under gunstige forhold. Det er tilr\u00e5delig \u00e5 bruke en fysisk fort\u00f8yning, men det er ikke alltid praktisk, og det \u00e5 falle over bord p\u00e5 en fort\u00f8yning har faktisk vist seg \u00e5 ikke v\u00e6re noen garanti for overlevelse hvis b\u00e5ten er i full fart og skipperen ikke umiddelbart er klar over hendelsen. <\/p>\n<p>&nbsp;<\/p>\n<h3>Hvem er det for<\/h3>\n<p>Core kobles til 25 besetningsmedlemmer via b\u00e6rbare OLAS -brikkesendere, og skaper en virtuell livline. St\u00f8rre fart\u00f8y kan utstyres med en OLAS Extender som \u00f8ker rekkevidden fra 15 til 30 meter. Passer for alle som skal ut p\u00e5 vannet og \u00f8nsker ekstra sikkerhet og trygghet. OLAS -brikkene er kompakte, lette og har brukerutskiftbare batterier, egnet for voksne, barn, kj\u00e6ledyr eller viktige gjenstander som kan falle over bord.   <\/p>\n<p>&nbsp;<\/p>\n<h3>Kjernefordeler<\/h3>\n<div class=\"col-sm-6 col-xs-12\">\n<p><strong>OLAS -integrasjon  <\/strong><\/p>\n<p>Alle OLAS -sendere, OLAS tagger og OLAS Float-On LED-lys, innenfor rekkevidde kan spores av CORE, noe som gir mannskapet frihet til \u00e5 bevege seg rundt p\u00e5 dekk, med full tillit til at et tidlig varslingssystem vil varsle dem umiddelbart om en MOB -hendelse, slik at en rask gjenoppretting kan iverksettes.<\/p>\n<p><strong>Kobles til 25 OLAS -sendere ( OLAS -tagger eller OLAS Float-On)<\/strong><\/p>\n<p>Ved \u00e5 koble til opptil 25 OLAS -sendere kan CORE brukes om bord p\u00e5 st\u00f8rre fart\u00f8y. OLAS -sendere er ikke bare designet for mannskap. Ved \u00e5 feste en sender til gjenstander som MOB , hunden eller en yacht-tender, kan du alltid v\u00e6re oppmerksom p\u00e5 om noe har forsvunnet. <\/p>\n<p><strong>Kompatibel med forlenger<\/strong><\/p>\n<p>En OLAS Extender, som ogs\u00e5 er 5V USB-drevet med et internt oppladbart batteri, kan brukes til \u00e5 dekke omr\u00e5der der sendersignalet kan v\u00e6re blokkert. Dette gir full skalerbarhet og portabilitet til fart\u00f8y opptil 24 meter. <\/p>\n<p><strong>B\u00e6rbar med lavt str\u00f8mforbruk \u2013 5V USB<\/strong><\/p>\n<p>Den b\u00e6rbare modulen drives av en 5V USB-str\u00f8mforsyning, slik at den kan brukes p\u00e5 forskjellige fart\u00f8y uten behov for fast kabling.<\/p>\n<\/div>\n<div class=\"col-sm-6 col-xs-12\">\n<p><strong>Innebygd alarm<\/strong><\/p>\n<p>En 85 dB-alarm vil lyde for \u00e5 indikere at en OLAS sender har kommet utenfor rekkevidde. CORE kan kobles til OLAS -appen slik at alarmer kan plasseres p\u00e5 to steder p\u00e5 fart\u00f8yet. <\/p>\n<p><strong>Innebygd n\u00f8dlys<\/strong><\/p>\n<p>Et kraftig r\u00f8dt n\u00f8dlys vil lyse, og gi tydelig visuell indikasjon p\u00e5 et varsel, samtidig som det fungerer som et lys for \u00e5 lyse opp omr\u00e5det for \u00e5 hjelpe til med gjenoppretting om natten.<\/p>\n<p><strong>Systemtilbakemelding<\/strong><\/p>\n<p>CORE-en indikerer tydelig hvor mange OLAS sendere som er koblet til under oppsettprosessen. Sendere kan legges til\/fjernes fra systemet enten ved hjelp av mobilappen eller gjennom en enkel innebygd bytteprosess. <\/p>\n<\/div>\n<h3>Mobilappfunksjoner<\/h3>\n<p>Core betjenes enkelt via OLAS -appen, som kan lastes ned gratis fra App Store for iOS og Google Play Store for Android. OLAS -appen krever en enhet som kj\u00f8rer minimum IOS11 eller Android 5.1 for \u00e5 fungere. OLAS -appen er et kraftig verkt\u00f8y for \u00e5 kontrollere Core-funksjonene og for \u00e5 hjelpe til med rask redning. Appen tilbyr f\u00f8lgende funksjonalitet:   <\/p>\n<ul>\n<li>Overv\u00e5k alle OLAS -sendere som spores.<\/li>\n<li>Tilpass navn p\u00e5 OLAS sendere slik at de er enkle \u00e5 tildele.<\/li>\n<li>Sjekk batteristatusen til OLAS -sendere<\/li>\n<li>Legg til nye OLAS -sendere i systemet<\/li>\n<li>Juster tiden f\u00f8r Core reagerer p\u00e5 en sender over bord mellom 2 sekunder og 15 sekunder, noe som gir mer frihet rundt st\u00f8rre fart\u00f8y.<\/li>\n<li>Ekstern alarmmodus aktiverer den innebygde bryteren inntil den avbrytes manuelt. Dette gj\u00f8r det mulig \u00e5 seriekoble eksterne alarmer med h\u00f8y effekt. <\/li>\n<li>Sett alarmtilstanden p\u00e5 pause<\/li>\n<li>utl\u00f8se den eksterne alarmen hvis en Tag-bruker er utenfor rekkevidde p\u00e5 b\u00e5de Core og mobilenheten din.<\/li>\n<li>Juster tiden f\u00f8r avstengningsbryteren eller alarmen utl\u00f8ses \u2013 gir st\u00f8rre frihet<\/li>\n<li>Maksimal volumalarm og vibrasjon p\u00e5 mobiltelefonen din, synkronisert med Core.<\/li>\n<li>Indikasjon p\u00e5 hvilken sender som har utl\u00f8st alarmen.<\/li>\n<li>Registrer GPS posisjonen der alarmen ble utl\u00f8st \u2022 Tydelig veivisning tilbake til GPS posisjonen der alarmen ble utl\u00f8st.<\/li>\n<li>Tydelig visning av tidspunkt og GPS posisjon for hvor alarmen ble utl\u00f8st og brukerens n\u00e5v\u00e6rende posisjon.<\/li>\n<li>VHF-n\u00f8dskript med automatisk inntasting av GPS -koordinater og tilpasset fart\u00f8yinformasjon. Solomodus.<\/li>\n<li>Utviklet for b\u00e5tturer p\u00e5 egenh\u00e5nd innenfor 2G-mobildekning eller offshore Wi-Fi. Solomodus sender en automatisk tekstmelding til et tilpasset nummer med posisjon og tidspunkt for hendelsen. Hvis en selvredningsaksjon h\u00e5ndteres, sendes en automatisk tekstmelding som avbryter varselet.  <\/li>\n<\/ul>\n<h3 class=\"title\">Oppsett og montering<\/h3>\n<ul>\n<li>USB-tilkobling \u2013 bare koble til en hvilken som helst 5V USB-str\u00f8mforsyning og start sporing (merk: ikke kompatibel med alle b\u00e6rbare powerbanker p\u00e5 grunn av lavt str\u00f8mforbruk)<\/li>\n<li>Automatisk oppstart.<\/li>\n<li>Varsel om ingen forbindelse \u2013 automatisk varsel n\u00e5r ingen OLAS sendere er innen rekkevidde, noe som ber om oppsett.<\/li>\n<li>Monteringshull for permanent montering \u2022 Taperill for semi-permanent feste.<\/li>\n<\/ul>\n","protected":false},"excerpt":{"rendered":"<p>Core er et kompakt, b\u00e6rbart overbordalarm- og n\u00f8dlyssystem. Det reagerer innen 2 sekunder etter at en person faller over bord, og kan enkelt byttes mellom fart\u00f8y uten tiden og kostnadene ved kablet installasjon. Core kan kobles til opptil 25 OLAS -sendere og dekke et fart\u00f8y opptil 15 meter.  <\/p>\n<p><a href=\"https:\/\/www.dropbox.com\/s\/fk04stqsp2hgk5f\/Prop%2065%20-%20DEHP.pdf?dl=0\">ADVARSEL: FORSLAG 65<\/a><\/p>\n","protected":false},"featured_media":164636,"template":"","meta":{"_acf_changed":false,"om_disable_all_campaigns":false},"product_brand":[],"product_cat":[5858,5865,5635,5860,5862],"product_tag":[13095,14827,11833,11173,11823,11165],"class_list":{"0":"post-159145","1":"product","2":"type-product","3":"status-publish","4":"has-post-thumbnail","6":"product_cat-inn-i-landet-no","7":"product_cat-kommersiell-no-2","8":"product_cat-marine-no","9":"product_cat-naer-kysten","10":"product_cat-offshore-no","11":"product_tag-bluetooth-no","12":"product_tag-bluetooth-alarm-for-mann-over-bord","13":"product_tag-gps-sporing","14":"product_tag-mann-over-bord","15":"product_tag-mann-over-bord-system","16":"product_tag-mob-no","17":"pa_product-signaleringsprodukter","18":"pa_terrain-elver-vatmarker-innsjoer","20":"first","21":"instock","22":"taxable","23":"shipping-taxable","24":"purchasable","25":"product-type-simple"},"acf":[],"_links":{"self":[{"href":"https:\/\/www.acrartex.com\/no\/wp-json\/wp\/v2\/product\/159145","targetHints":{"allow":["GET"]}}],"collection":[{"href":"https:\/\/www.acrartex.com\/no\/wp-json\/wp\/v2\/product"}],"about":[{"href":"https:\/\/www.acrartex.com\/no\/wp-json\/wp\/v2\/types\/product"}],"wp:featuredmedia":[{"embeddable":true,"href":"https:\/\/www.acrartex.com\/no\/wp-json\/wp\/v2\/media\/164636"}],"wp:attachment":[{"href":"https:\/\/www.acrartex.com\/no\/wp-json\/wp\/v2\/media?parent=159145"}],"wp:term":[{"taxonomy":"product_brand","embeddable":true,"href":"https:\/\/www.acrartex.com\/no\/wp-json\/wp\/v2\/product_brand?post=159145"},{"taxonomy":"product_cat","embeddable":true,"href":"https:\/\/www.acrartex.com\/no\/wp-json\/wp\/v2\/product_cat?post=159145"},{"taxonomy":"product_tag","embeddable":true,"href":"https:\/\/www.acrartex.com\/no\/wp-json\/wp\/v2\/product_tag?post=159145"}],"curies":[{"name":"wp","href":"https:\/\/api.w.org\/{rel}","templated":true}]}}