{"id":159127,"date":"2024-08-16T14:07:16","date_gmt":"2024-08-16T19:07:16","guid":{"rendered":"https:\/\/www.acrartex.com\/products\/exposure-olas-t2-baerbar-og-vanntett-oppladbar-merkelapp-mann-over-bord-alarmsender\/"},"modified":"2025-07-24T13:09:24","modified_gmt":"2025-07-24T18:09:24","slug":"exposure-olas-t2-baerbar-og-vanntett-oppladbar-merkelapp-mann-over-bord-alarmsender","status":"publish","type":"product","link":"https:\/\/www.acrartex.com\/no\/products\/exposure-olas-t2-baerbar-og-vanntett-oppladbar-merkelapp-mann-over-bord-alarmsender\/","title":{"rendered":"EXPOSURE OLAS T2 B\u00e6rbar og vanntett oppladbar merkelapp \u2013 Mann over bord-alarmsender"},"content":{"rendered":"<p>N\u00e5r den kombineres med OLAS Guardian eller OLAS N2K, kan T2 ogs\u00e5 brukes til \u00e5 stoppe og l\u00e5se motorene dine hvis den brukes med OLAS Smart Lock.<\/p>\n<p>OLAS T2-brikkene er kompatible med alle OLAS mottakere. Etter sekunder etter at brikken \u00abbryter\u00bb forbindelsen med en OLAS mottaker, blir mannskapet varslet, og hvis de er tilkoblet, aktiveres MOB redningsskjermen i OLAS appen. <\/p>\n<p>Spor flere brikker, tilpass navnene og overv\u00e5k batterilevetiden i OLAS -appen. Opptil 6 OLAS T2 kan spores direkte ved hjelp av OLAS -mobilappen. Opptil 25 OLAS T2 kan spores av OLAS mottakerne, Guardian eller Core.  <\/p>\n<p><strong>Spor OLAS -sendere direkte med telefonen din \u2013 Ingen ekstra maskinvare n\u00f8dvendig:<\/strong><\/p>\n<p>OLAS -appen er tilgjengelig gratis p\u00e5 b\u00e5de iOS- og Android-enheter, slik at du enkelt kan overv\u00e5ke opptil seks OLAS sendere. Ideell for fart\u00f8y opptil 30 fot lange, er dette en kostnadseffektiv l\u00f8sning for rask selvgjenoppretting, perfekt for solo- eller sm\u00e5mannskapsseiling p\u00e5 bl\u00e5tt vann. <\/p>\n<p><strong>Fri til \u00e5 bevege seg mens du holder deg trygg:<\/strong><\/p>\n<p>Koble OLAS -sendere med Guardian- eller N2K-motorstoppsystemer for \u00e5 fungere som tr\u00e5dl\u00f8se n\u00f8dstoppsnorer. Dette sikrer at motorb\u00e5t- og RIB-f\u00f8rere umiddelbart kan stoppe fart\u00f8yet sitt hvis skipperen eller mannskapet blir skilt fra hverandre, noe som forhindrer ulykker fra ubemannede, ukontrollerte b\u00e5ter. Det er en viktig sikkerhetsl\u00f8sning for solostyrte motorfart\u00f8y og fiskeb\u00e5ter, og gir bevegelsesfrihet rundt fart\u00f8yet under drift.  <\/p>\n","protected":false},"excerpt":{"rendered":"<p>OLAS T2 er en vanntett, kompakt og oppladbar sender som kan spores av en hvilken som helst OLAS mottaker. Integrert vibrasjon og lysindikasjon sikrer at man er oppmerksom p\u00e5 brikkens status under hele bruken. <\/p>\n<p>Hvis mannskapet forlater fart\u00f8yet eller faller over bord, vil alarmen utl\u00f8ses. OLAS tilbyr deretter tydelig veiledning til det gjenv\u00e6rende mannskapet, noe som hjelper til med en vellykket berging av MOB og kommunikasjon med n\u00f8detatene. For \u00f8kt allsidighet leveres T2 med en silikonh\u00e5ndleddsstropp og en sikkerhetsl\u00e5s med silikonholder.  <\/p>\n<p><a href=\"https:\/\/www.dropbox.com\/s\/fk04stqsp2hgk5f\/Prop%2065%20-%20DEHP.pdf?dl=0\">ADVARSEL: FORSLAG 65<\/a><\/p>\n","protected":false},"featured_media":159134,"template":"","meta":{"_acf_changed":false,"om_disable_all_campaigns":false},"product_brand":[],"product_cat":[5858,5865,5635,5860,5862],"product_tag":[14831,14833,14827,14825,14813,11844,14817,14819,14815,14811,14820,14823,14822,14821,14829],"class_list":{"0":"post-159127","1":"product","2":"type-product","3":"status-publish","4":"has-post-thumbnail","6":"product_cat-inn-i-landet-no","7":"product_cat-kommersiell-no-2","8":"product_cat-marine-no","9":"product_cat-naer-kysten","10":"product_cat-offshore-no","11":"product_tag-baerbar-mob-sender","12":"product_tag-baerbart-mann-over-bord-signal","13":"product_tag-bluetooth-alarm-for-mann-over-bord","14":"product_tag-bluetooth-mann-over-bord","15":"product_tag-exposure-no","16":"product_tag-olas-no","17":"product_tag-olas-klokke","18":"product_tag-olas-bluetooth-no","19":"product_tag-olas-t2-no","20":"product_tag-olas-tagg-no","21":"product_tag-olas-sender","22":"product_tag-oppladbar","23":"product_tag-oppladbar-mann-over-bord-sender","24":"product_tag-oppladbar-merkelapp","25":"product_tag-tradlos-sender","27":"first","28":"instock","29":"taxable","30":"shipping-taxable","31":"purchasable","32":"product-type-simple"},"acf":[],"_links":{"self":[{"href":"https:\/\/www.acrartex.com\/no\/wp-json\/wp\/v2\/product\/159127","targetHints":{"allow":["GET"]}}],"collection":[{"href":"https:\/\/www.acrartex.com\/no\/wp-json\/wp\/v2\/product"}],"about":[{"href":"https:\/\/www.acrartex.com\/no\/wp-json\/wp\/v2\/types\/product"}],"wp:featuredmedia":[{"embeddable":true,"href":"https:\/\/www.acrartex.com\/no\/wp-json\/wp\/v2\/media\/159134"}],"wp:attachment":[{"href":"https:\/\/www.acrartex.com\/no\/wp-json\/wp\/v2\/media?parent=159127"}],"wp:term":[{"taxonomy":"product_brand","embeddable":true,"href":"https:\/\/www.acrartex.com\/no\/wp-json\/wp\/v2\/product_brand?post=159127"},{"taxonomy":"product_cat","embeddable":true,"href":"https:\/\/www.acrartex.com\/no\/wp-json\/wp\/v2\/product_cat?post=159127"},{"taxonomy":"product_tag","embeddable":true,"href":"https:\/\/www.acrartex.com\/no\/wp-json\/wp\/v2\/product_tag?post=159127"}],"curies":[{"name":"wp","href":"https:\/\/api.w.org\/{rel}","templated":true}]}}