{"id":159088,"date":"2021-03-16T08:18:23","date_gmt":"2021-03-16T13:18:23","guid":{"rendered":"https:\/\/www.acrartex.com\/products\/hot-shot-signalspeil\/"},"modified":"2021-03-16T08:18:23","modified_gmt":"2021-03-16T13:18:23","slug":"hot-shot-signalspeil","status":"publish","type":"product","link":"https:\/\/www.acrartex.com\/no\/products\/hot-shot-signalspeil\/","title":{"rendered":"Hot Shot\u2122 Signalspeil"},"content":{"rendered":"<ul>\n<li>Designet for \u00e5 gi optimal siktepunkt med holografisk r\u00f8dpunktsvindu<\/li>\n<li>N\u00e5r m\u00e5lbilde, speil og sol er riktig justert, s\u00f8rger den r\u00f8de prikken p\u00e5 m\u00e5let for at speilrefleksjonen er p\u00e5 m\u00e5let<\/li>\n<li>Teleskopkvalitets reflekterende speil av andre overflate er lyssterkt og gir fokusert bilde<\/li>\n<li>Flytekraftig flyteanordning for enkel opphenting hvis den faller over bord<\/li>\n<li>Patentert fl\u00f8yte (oppfyller USCG) for h\u00f8rbar varsling under d\u00e5rlige siktforhold<\/li>\n<li>Linje for festing til person eller redningsfl\u00e5te<\/li>\n<li>Enkel, komplett sikkerhetssignalpakke<\/li>\n<\/ul>\n","protected":false},"excerpt":{"rendered":"<p><span style=\"color: #ff0000;\"><strong>DETTE ER ET UTG\u00c5TT PRODUKT SOM IKKE LENGER PRODUSERES ELLER SELGES SAMMEN<\/strong><\/span><\/p>\n<p>&nbsp;<\/p>\n<p>Fullf\u00f8r n\u00f8dutstyret ditt med et kvalitetsspeil som Hot Shot\u2122 Signal. Denne feilsikre signalenheten for dagtid tar n\u00f8dvarsler til neste niv\u00e5 med sitt holografiske &#8220;r\u00f8dpunkt&#8221;-visningsvindu, som raskt finner det optimale siktepunktet for et sterkt, fokusert signal. N\u00e5r m\u00e5lbildet, speilet og solen er riktig justert, s\u00f8rger den r\u00f8de prikken for at speilets refleksjon er p\u00e5 m\u00e5let. Hot Shot Signal har en flytende design, slik at den enkelt kan hentes opp hvis den faller over bord. Og p\u00e5 toppen, hvis alt faller av, oppfyller denne patenterte fl\u00f8yten USCG-standardene og leveres med en snor slik at den enkelt kan festes til en person eller redningsfl\u00e5te.    <\/p>\n<p>&nbsp;<\/p>\n","protected":false},"featured_media":159090,"template":"","meta":{"_acf_changed":false,"om_disable_all_campaigns":false},"product_brand":[],"product_cat":[5635,5686],"product_tag":[14748,14757,14749,14746,14747,14750,12531,14741,14742,14743,14752,14754,14745,14744,14759],"class_list":{"0":"post-159088","1":"product","2":"type-product","3":"status-publish","4":"has-post-thumbnail","6":"product_cat-marine-no","7":"product_cat-utendors","8":"product_tag-glasssignalspeil","9":"product_tag-instruksjoner-for-signalspeil","10":"product_tag-overlevelsessignalering-no","11":"product_tag-overlevelsessignalspeil","12":"product_tag-overlevelsessignalspeil-no","13":"product_tag-overlevelsesspeil","14":"product_tag-signalspeil","15":"product_tag-signalspeil-no","16":"product_tag-signalspeil-no-2","17":"product_tag-signalspeil-no-3","18":"product_tag-sikkerhetssignalering","19":"product_tag-sikkerhetssignalspeil","20":"product_tag-speilsignal","21":"product_tag-speilsignaler","22":"product_tag-ved-hjelp-av-et-signalspeil","23":"pa_product-arv-no","25":"first","26":"outofstock","27":"taxable","28":"shipping-taxable","29":"product-type-simple"},"acf":[],"_links":{"self":[{"href":"https:\/\/www.acrartex.com\/no\/wp-json\/wp\/v2\/product\/159088","targetHints":{"allow":["GET"]}}],"collection":[{"href":"https:\/\/www.acrartex.com\/no\/wp-json\/wp\/v2\/product"}],"about":[{"href":"https:\/\/www.acrartex.com\/no\/wp-json\/wp\/v2\/types\/product"}],"wp:featuredmedia":[{"embeddable":true,"href":"https:\/\/www.acrartex.com\/no\/wp-json\/wp\/v2\/media\/159090"}],"wp:attachment":[{"href":"https:\/\/www.acrartex.com\/no\/wp-json\/wp\/v2\/media?parent=159088"}],"wp:term":[{"taxonomy":"product_brand","embeddable":true,"href":"https:\/\/www.acrartex.com\/no\/wp-json\/wp\/v2\/product_brand?post=159088"},{"taxonomy":"product_cat","embeddable":true,"href":"https:\/\/www.acrartex.com\/no\/wp-json\/wp\/v2\/product_cat?post=159088"},{"taxonomy":"product_tag","embeddable":true,"href":"https:\/\/www.acrartex.com\/no\/wp-json\/wp\/v2\/product_tag?post=159088"}],"curies":[{"name":"wp","href":"https:\/\/api.w.org\/{rel}","templated":true}]}}