{"id":159033,"date":"2024-10-30T08:21:41","date_gmt":"2024-10-30T13:21:41","guid":{"rendered":"https:\/\/www.acrartex.com\/products\/resqflare-pro-elektronisk-led-nodsignal-med-hoy-intensitet-for-bat\/"},"modified":"2026-03-06T10:44:22","modified_gmt":"2026-03-06T15:44:22","slug":"resqflare-pro-elektronisk-led-nodsignal-med-hoy-intensitet-for-bat","status":"publish","type":"product","link":"https:\/\/www.acrartex.com\/no\/products\/resqflare-pro-elektronisk-led-nodsignal-med-hoy-intensitet-for-bat\/","title":{"rendered":"ResQFlare PRO \u2013 Elektronisk LED-n\u00f8dsignal med h\u00f8y intensitet for b\u00e5t"},"content":{"rendered":"<p>Den flytende elektroniske b\u00e5tblussfunksjonen ResQFlare PRO oppfyller kravene i RTCM 13200.0 og er klassifisert som en elektronisk visuell n\u00f8dsignalenhet (eVDSD) og bruker flerfarget SOS-n\u00f8dsignalering for \u00e5 produsere st\u00f8rre lysstyrke med betydelig bedre lysfordeling. Bruken av r\u00f8d-oransje og cyan LED-lys gir forbedret sikt p\u00e5 vannet, mens tillegget av en infrar\u00f8d (IR) komponent f\u00f8rer til enda bedre sikt n\u00e5r nattsynsutstyr brukes av s\u00f8k og redning. <\/p>\n<p>Det elektroniske b\u00e5tblusset ResQFlare PRO forenkler redning ved \u00e5 sende ut blitskarakteristikken for den internasjonale morsekoden for SOS, hvor den f\u00f8rste \u00abS\u00bb-en representeres av tre r\u00f8doransje LED-blink, etterfulgt av \u00abO\u00bb-en som representeres av tre cyan LED-blink, og den siste \u00abS\u00bb-en som representeres av ytterligere tre r\u00f8doransje LED-blink. Samtidig med de synlige r\u00f8doransje og cyan blinkende LED-ene, blinker IR-komponenten det samme SOS-m\u00f8nsteret som er optimalisert for synlighet via nattsynsbriller (NVG). Kanskje mest imponerende er det at selv med det store antallet synlige og IR-blink, den h\u00f8ye lysintensiteten og det betydelige lysfordelingsomr\u00e5det (lysvinkel \u2265 180\u00b0) som oppn\u00e5s, oppn\u00e5r ResQFlare PRO fortsatt en imponerende levetid p\u00e5 minst tre timer (og overg\u00e5r RTCM-kravene med 50 %).  <\/p>\n<p><strong>MERK: F\u00f8r du installerer batterier, fest den \u00f8verste delen til festepunktet nederst i batterirommet ved hjelp av den medf\u00f8lgende snoren (som finnes under borrel\u00e5sen).<\/strong><\/p>\n<h4>Hva er inkludert<\/h4>\n<p>ResQFlare PRO-b\u00e5tblusssignalet oppfyller ogs\u00e5 kravene i <a href=\"https:\/\/www.ecfr.gov\/current\/title-46\/chapter-I\/subchapter-Q\/part-161\/subpart-161.013?toc=1\">46 CFR 161.013<\/a> og er klassifisert som et godkjent visuelt n\u00f8dsignal for natten. Gitt at et n\u00f8dflagg, som oppfyller kravene i <a href=\"https:\/\/www.ecfr.gov\/current\/title-46\/chapter-I\/subchapter-Q\/part-160\/subpart-160.072\">46 CFR 160.072<\/a> , er inkludert i pakken med hver ResQFlare PRO, f\u00e5r brukerne ogs\u00e5 et godkjent visuelt n\u00f8dsignal p\u00e5 dagtid (kravet om \u00e5 b\u00e6re godkjente visuelle n\u00f8dsignaler p\u00e5 dagtid og natt finnes i 33 CFR del 175).<\/p>\n<p>Det medf\u00f8lgende n\u00f8dflagget tilbyr en rekke signalalternativer for dagslys. Flagget kan festes til masten eller heises til h\u00f8yest mulig punkt. Det kan ogs\u00e5 vises for h\u00e5nd, knyttes til og deretter viftes p\u00e5 gjenstander som en b\u00e5tkrok, padle eller fiskestang, eller det kan legges flatt p\u00e5 dekk for \u00e5 tiltrekke seg fly. Flagget skal kun brukes som dagsignal, og n\u00e5r det vises riktig, skal den svarte firkanten v\u00e6re over den svarte sirkelen.   <\/p>\n<p>I tillegg til n\u00f8dflagget er det ogs\u00e5 inkludert en brakett og tilh\u00f8rende monteringsutstyr som gj\u00f8r det mulig for brukere \u00e5 enkelt montere produktet p\u00e5 fart\u00f8yet, slik at ResQFlare PRO alltid er tilgjengelig ved behov. En 1 meter lang snor finnes ogs\u00e5 skjult under den svarte borrel\u00e5sstroppen rundt midten av produktet. Denne snoren kan brukes til \u00e5 feste ResQFlare PRO til en person eller redningsfl\u00e5te i en n\u00f8dsituasjon.  <\/p>\n<h4>Krav til transport<\/h4>\n<p>I USA* gir bruk av ResQFlare PRO-b\u00e5tbluss og n\u00f8dflagg sammen b\u00e5teiere muligheten til \u00e5 gi avkall p\u00e5 kravet om tradisjonelle pyrotekniske bluss n\u00e5r de er p\u00e5 fritidsfart\u00f8y opptil 65 fot lange, i b\u00e5t p\u00e5 De store sj\u00f8er, innenfor 12 miles fra amerikansk farvann, eller p\u00e5 ethvert vann med en passasje til sj\u00f8en som er minst to miles bred. Fart\u00f8y under 16 fot er ikke p\u00e5lagt \u00e5 ha et visuelt n\u00f8dsignal om dagen, men m\u00e5 fortsatt ha et visuelt n\u00f8dsignal om natten, noe som gj\u00f8r ResQFlare PRO til et mer enn levedyktig alternativ til pyrotekniske bluss ogs\u00e5 for fart\u00f8y av denne st\u00f8rrelsen. <\/p>\n<p>Merk: I Canada kan ResQFlare PRO medbringes p\u00e5 fritidsb\u00e5ter i stedet for pyrotekniske bluss (Policy TP 13585 E) hvis den medbringes med et godkjent r\u00f8yksignal (for varsling p\u00e5 dagtid).<\/p>\n<p>Med jevn lysfordeling over et betydelig omr\u00e5de** og en brenntid som er 15 ganger lengre enn gjennomsnittlige pyrotekniske bluss***, er ResQFlare PRO elektroniske bluss helt klart det \u00ablyseste\u00bb valget man kan ta.<\/p>\n<p>&nbsp;<\/p>\n<p>*For godkjenninger i andre land, se kravene fra gjeldende nasjonal myndighet for \u00e5 referere til deres spesifikke aksept av en eVDSD som oppfyller RTCM 13200.00<\/p>\n<p>**Lysvinkel \u2265 180\u00b0<\/p>\n<p>***Basert p\u00e5 bruk av 4 pyrotekniske bluss med en gjennomsnittlig brennetid p\u00e5 3 minutter hver<\/p>\n<p>&nbsp;<\/p>\n<p>For \u00e5 l\u00e6re mer om elektroniske maritime fakler (e-flares), se bloggartikkelen v\u00e5r om <a href=\"https:\/\/www.acrartex.com\/news\/legal-requirements-for-electronic-boat-flares\/\">juridiske krav til elektroniske b\u00e5tfakler.<\/a><\/p>\n<p>&nbsp;<\/p>\n<h4><strong>Funksjoner og fordeler:<\/strong><\/h4>\n<p>&nbsp;<\/p>\n<ul>\n<li>Oppfyller RTCM-standard 13200.0 for eVDSD-er<\/li>\n<li>ResQFlare PRO elektronisk b\u00e5tbluss og inkludert n\u00f8dflagg, n\u00e5r de b\u00e6res sammen, kvalifiserer som en erstatning for b\u00e6reevnen til USCG pyrotekniske bluss (kun USA)<\/li>\n<li>Sterkt lys i alle retninger (360\u00b0 synlighet og lysvinkel \u2265 180\u00b0)<\/li>\n<li>Retter seg automatisk opp og flyter n\u00e5r den er i vannet (ingen oppdrifts-\/flytering n\u00f8dvendig)<\/li>\n<li>Synlig over 13 kilometer<\/li>\n<li>123 litiumbatterier kan byttes av brukeren (x8 \u2013 ikke inkludert)<\/li>\n<li>Maksimal lysintensitet&gt; 170 cd-er<\/li>\n<li>Gjennomsnittlig effektiv lysintensitet p\u00e5 50 cd<\/li>\n<li>En driftslevetid p\u00e5 3 timer (ved minimum 50 cd gjennomsnittlig effektiv lysintensitet) overg\u00e5r RTCM-kravene med 50 %<\/li>\n<li>Slitesterk design: Testet i henhold til gjeldende milj\u00f8standarder knyttet til t\u00f8rr varme, fuktig varme, lav temperatur, termisk sjokk, fall, vibrasjon, solstr\u00e5ling, regn og sprut, korrosjon og EMC (i henhold til IEC 60945)<\/li>\n<li>Vanntett (IP67)<\/li>\n<li>Sertifisert under USCG 161.013 som et visuelt n\u00f8dsignal om natten<\/li>\n<li>Inkluderer n\u00f8dflagg (sertifisert i henhold til USCG 160.072 som visuelt n\u00f8dsignal p\u00e5 dagtid), monteringsbrakett og 1 m snor (skjult under borrel\u00e5s)<\/li>\n<\/ul>\n<p>&nbsp;<\/p>\n<h4><strong> <\/strong><strong>Fordeler med ResQFlare PRO elektronisk b\u00e5tbluss vs. tradisjonelle pyrotekniske bluss:<\/strong><\/h4>\n<p>&nbsp;<\/p>\n<ul>\n<li>Ingen utl\u00f8psdato<\/li>\n<li>Familiesikker (ingen brennende flamme)<\/li>\n<li>Enkel \u00e5 betjene (slik at selv barn og f\u00f8rstegangsb\u00e5tfolk kan bruke den i n\u00f8dstilfeller)<\/li>\n<li>Ingen problemer med de eksisterende strenge obligatoriske avhendingskravene for pyrotekniske bluss (lovlig ansett som farlig materiale)<\/li>\n<li>Vanntett og flytebestandig<\/li>\n<li>Engangskj\u00f8p (mindre kostnad over produktets levetid)<\/li>\n<li>2 forskjellige metoder for n\u00f8dsignalering i ett produkt \u2013 Flerfarget LED-strobe og infrar\u00f8d LED-strobe<\/li>\n<li>Mulighet for \u00e5 forlenge produktets levetid i en n\u00f8dsituasjon ved \u00e5 bytte batterier<\/li>\n<\/ul>\n","protected":false},"excerpt":{"rendered":"<p>Som det neste fremskrittet innen elektroniske bluss fra ACR Electronics , introduserer ResQFlare PRO elektronisk b\u00e5tbluss banebrytende SOS-n\u00f8dsignalteknologi. Ved \u00e5 bruke r\u00f8d-oransje og cyan LED-lys kombinert med en infrar\u00f8d (IR) komponent, tilbyr ResQFlare PRO betydelig driftslevetid (brennetid) samtidig som den forbedrer siktniv\u00e5et betydelig. <\/p>\n<p>Selges med det medf\u00f8lgende n\u00f8dflagget p\u00e5 dagtid, og ResQFlare PRO og det tilh\u00f8rende flagget er sertifisert for \u00e5 oppfylle gjeldende krav fra den amerikanske kystvakten, slik at de kan b\u00e6res i stedet for tradisjonelle pyrotekniske bluss i USA.<\/p>\n<p><a href=\"https:\/\/www.dropbox.com\/s\/0ezw0kexbm120vv\/Prop%2065%20-%20Lead%20and%20Lead%20Compounds.pdf?dl=0\">ADVARSEL: FORSLAG 65<\/a><\/p>\n","protected":false},"featured_media":165558,"template":"","meta":{"_acf_changed":false,"om_disable_all_campaigns":false},"product_brand":[],"product_cat":[5858,5635,14665,5855,5860,5862,7784,6553,5686],"product_tag":[12091,12107,12023,12037,12183,12010,11998,12154,12140,12061,12128,12049,13814,13824,12163,12173,12120],"class_list":{"0":"post-159033","1":"product","2":"type-product","3":"status-publish","4":"has-post-thumbnail","6":"product_cat-inn-i-landet-no","7":"product_cat-marine-no","8":"product_cat-maritime-sikkerhetssett","9":"product_cat-militaer","10":"product_cat-naer-kysten","11":"product_cat-offshore-no","12":"product_cat-signaleringsprodukter","13":"product_cat-sikkerhetstilbehor","14":"product_cat-utendors","15":"product_tag-batbluss","16":"product_tag-batbluss-no","17":"product_tag-bluss","18":"product_tag-bluss-no","19":"product_tag-blusspistol","20":"product_tag-e-flare-no","21":"product_tag-elektronisk-bluss","22":"product_tag-handholdt-bluss","23":"product_tag-led-bluss","24":"product_tag-led-nodlys-no","25":"product_tag-marin-bluss","26":"product_tag-nodbluss","27":"product_tag-nodbluss-no-2","28":"product_tag-orion-bluss","29":"product_tag-rodt-bluss","30":"product_tag-roykbluss","31":"product_tag-signalbluss","33":"first","34":"instock","35":"taxable","36":"shipping-taxable","37":"purchasable","38":"product-type-simple"},"acf":[],"_links":{"self":[{"href":"https:\/\/www.acrartex.com\/no\/wp-json\/wp\/v2\/product\/159033","targetHints":{"allow":["GET"]}}],"collection":[{"href":"https:\/\/www.acrartex.com\/no\/wp-json\/wp\/v2\/product"}],"about":[{"href":"https:\/\/www.acrartex.com\/no\/wp-json\/wp\/v2\/types\/product"}],"wp:featuredmedia":[{"embeddable":true,"href":"https:\/\/www.acrartex.com\/no\/wp-json\/wp\/v2\/media\/165558"}],"wp:attachment":[{"href":"https:\/\/www.acrartex.com\/no\/wp-json\/wp\/v2\/media?parent=159033"}],"wp:term":[{"taxonomy":"product_brand","embeddable":true,"href":"https:\/\/www.acrartex.com\/no\/wp-json\/wp\/v2\/product_brand?post=159033"},{"taxonomy":"product_cat","embeddable":true,"href":"https:\/\/www.acrartex.com\/no\/wp-json\/wp\/v2\/product_cat?post=159033"},{"taxonomy":"product_tag","embeddable":true,"href":"https:\/\/www.acrartex.com\/no\/wp-json\/wp\/v2\/product_tag?post=159033"}],"curies":[{"name":"wp","href":"https:\/\/api.w.org\/{rel}","templated":true}]}}