{"id":158989,"date":"2021-03-16T08:25:51","date_gmt":"2021-03-16T13:25:51","guid":{"rendered":"https:\/\/www.acrartex.com\/products\/sm-3-solas-livboyemarkeringslys\/"},"modified":"2026-03-06T10:51:39","modified_gmt":"2026-03-06T15:51:39","slug":"sm-3-solas-livboyemarkeringslys","status":"publish","type":"product","link":"https:\/\/www.acrartex.com\/no\/products\/sm-3-solas-livboyemarkeringslys\/","title":{"rendered":"SM-3 SOLAS livb\u00f8yemarkeringslys"},"content":{"rendered":"<p style=\"margin: 0in 0in 0.0001pt;\"><span style=\"font-size: 10pt;\"><span style=\"font-size: 11.0pt;\">SM-3 SOLAS livb\u00f8yelys med en minimum lysintensitet p\u00e5 3 candela gjennom hele levetiden. Dette h\u00f8yintensitets LED-strobelyset markerer et sted der mannskapet har g\u00e5tt over bord med hvert str\u00e5lende blink. Det retter seg automatisk opp og aktiveres n\u00e5r man er i vannet, noe som sikrer at aktivering aldri er et problem som et besetningsmedlem i n\u00f8d trenger \u00e5 bekymre seg for. SM-3 bruker 2 AA litiumbatterier, og batteriene kan byttes av brukeren, noe som gir potensial for lengre produktlevetid enn de mange engangslivb\u00f8yelysene p\u00e5 markedet.  <\/span><\/span><\/p>\n<p>&nbsp;<\/p>\n<p style=\"margin: 0in 0in 0.0001pt;\"><span style=\"font-size: 10pt;\"><span style=\"font-size: 11.0pt;\">Den medf\u00f8lgende monteringsbraketten holder SM-3 sikkert under de t\u00f8ffeste forhold, men den er fortsatt lett tilgjengelig ved behov i en n\u00f8dsituasjon. I tillegg, selv om SM-3 og braketten er betydelig mindre enn SM-2-motpartene, har SM-3-braketten praktisk talt samme monteringshullm\u00f8nster som SM-2, noe som muliggj\u00f8r enkel ettermontering uten behov for ekstra adapterplate. <\/span><\/span><\/p>\n<p style=\"margin: 0in 0in 0.0001pt;\"><span style=\"font-size: 10pt;\"><span style=\"font-size: 11.0pt;\">SM-3 er godkjent av USCG\/MED\/SOLAS for bruk over hele verden, og denne slitesterke LED-markeringslampen er derfor et utmerket alternativ for fart\u00f8y som trenger \u00e5 oppfylle USCG- og SOLAS-kravene for selvantennende livb\u00f8yelys. I henhold til USCG- og SOLAS-kravene for passasjer- og lasteskip m\u00e5 minst halvparten av det totale antallet livb\u00f8yer p\u00e5 fart\u00f8yet v\u00e6re utstyrt med et selvantennende lys.  Minimumskrav til transport er basert p\u00e5 fart\u00f8yets lengde og kan variere fra minimum fire til minimum femten livb\u00f8yer med selvantennende lys per fart\u00f8y.  <\/span><\/span><\/p>\n<p>&nbsp;<\/p>\n<p style=\"margin: 0in 0in 0.0001pt;\"><span style=\"font-size: 10pt;\"><span style=\"font-size: 11.0pt;\">Robust design gir st\u00f8rre fleksibilitet i bruk. Selv om SOLAS-godkjenningen kun krever en falltest p\u00e5 30 meter, har SM-3 blitt falltestet ned til 76 meter. Dette gj\u00f8r SM-3 til et allsidig alternativ for bruk p\u00e5 en rekke plattformer eller fart\u00f8y i forskjellige st\u00f8rrelser.  <\/span><\/span><\/p>\n<p style=\"margin: 0in 0in 0.0001pt;\"><span style=\"font-size: 10pt;\"><span style=\"font-size: 11.0pt;\">Med sin lett utskiftbare litium AA-batterikilde vil SM-3 vare i \u00e5revis og v\u00e6re klar n\u00e5r den trengs.<\/span><\/span><\/p>\n<p>&nbsp;<\/p>\n<p><iframe loading=\"lazy\" title=\"The New ACR SM-3 Buoy Marker Light is USCG, MED, SOLAS Approved\" width=\"500\" height=\"281\" src=\"https:\/\/www.youtube.com\/embed\/hHbvfrkWlic?feature=oembed\" frameborder=\"0\" allow=\"accelerometer; autoplay; clipboard-write; encrypted-media; gyroscope; picture-in-picture; web-share\" referrerpolicy=\"strict-origin-when-cross-origin\" allowfullscreen><\/iframe><\/p>\n<h2 style=\"margin: 0in 0in 0.0001pt;\"><span style=\"font-size: 10pt;\"><b><span style=\"font-size: 12.0pt;\">Funksjoner og fordeler:<\/span><\/b><\/span><\/h2>\n<ul>\n<li style=\"margin-right: 13.5pt; margin: 0in 0in 0.0001pt;\"><span style=\"font-size: 10pt;\"><span style=\"background: white;\"><span style=\"color: black;\"><span style=\"font-size: 11.0pt;\">SOLAS \/ MED-godkjent  <\/span><\/span><\/span><\/span><\/li>\n<li style=\"margin-right: 13.5pt; margin: 0in 0in 0.0001pt;\"><span style=\"font-size: 10pt;\"><span style=\"background: white;\"><span style=\"color: black;\"><span style=\"font-size: 11.0pt;\">Sterkt lys i alle retninger (360\u00b0 synlighet)<\/span><\/span><\/span><\/span><\/li>\n<li style=\"margin-right: 13.5pt; margin: 0in 0in 0.0001pt;\"><span style=\"font-size: 10pt;\"><span style=\"background: white;\"><span style=\"font-size: 11.0pt;\"><span style=\"color: black;\">UV-bestandig polykarbonathus<\/span><\/span><\/span><\/span><\/li>\n<li style=\"margin-right: 13.5pt; margin: 0in 0in 0.0001pt;\"><span style=\"font-size: 10pt;\"><span style=\"background: white;\"><span style=\"color: black;\"><span style=\"font-size: 11.0pt;\">Lett og kompakt i st\u00f8rrelse<\/span><\/span><\/span><\/span><\/li>\n<li style=\"margin-right: 13.5pt; margin: 0in 0in 0.0001pt;\"><span style=\"font-size: 10pt;\"><span style=\"background: white;\"><span style=\"color: black;\"><span style=\"font-size: 11.0pt;\">Enkel montering av brakett<\/span><\/span><\/span><\/span><\/li>\n<li style=\"margin-right: 13.5pt; margin: 0in 0in 0.0001pt;\"><span style=\"font-size: 10pt;\"><span style=\"background: white;\"><span style=\"color: black;\"><span style=\"font-size: 11.0pt;\">Braketten er inkludert og har samme hullm\u00f8nster som SM-2 for enkel ettermontering<\/span><\/span><\/span><\/span><\/li>\n<li style=\"margin-right: 13.5pt; margin: 0in 0in 0.0001pt;\"><span style=\"font-size: 10pt;\"><span style=\"background: white;\"><span style=\"color: black;\"><span style=\"font-size: 11.0pt;\">Retter seg automatisk opp og aktiveres n\u00e5r den er i vannet<\/span><\/span><\/span><\/span><\/li>\n<li style=\"margin-right: 13.5pt; margin: 0in 0in 0.0001pt;\"><span style=\"font-size: 10pt;\"><span style=\"background: white;\"><span style=\"color: black;\"><span style=\"font-size: 11.0pt;\">H\u00f8yintensitets LED-strobe<\/span><\/span><\/span><\/span><\/li>\n<li style=\"margin-right: 13.5pt; margin: 0in 0in 0.0001pt;\"><span style=\"font-size: 10pt;\"><span style=\"background: white;\"><span style=\"color: black;\"><span style=\"font-size: 11.0pt;\">Flyter oppreist under alle forhold<\/span><\/span><\/span><\/span><\/li>\n<li style=\"margin-right: 13.5pt; margin: 0in 0in 0.0001pt;\"><span style=\"font-size: 10pt;\"><span style=\"background: white;\"><span style=\"color: black;\"><span style=\"font-size: 11.0pt;\">Minimum 40 timers kontinuerlig driftstid ved  <\/span><span style=\"font-size: 11.0pt;\"><span style=\"background: white;\">30 <sup>\u00b0<\/sup> C (86 <sup>\u00b0<\/sup> F) eller over 24 timer ved -1 <sup>\u00b0<\/sup> C (30 <sup>\u00b0<\/sup> F)<\/span><\/span><\/span><\/span><\/span><\/li>\n<li style=\"margin-right: 13.5pt; margin: 0in 0in 0.0001pt;\"><span style=\"font-size: 11.0pt;\"><span style=\"color: black;\">Brukerutskiftbare AA Energizer L91 litiumbatterier (ikke inkludert)<\/span><\/span><\/li>\n<\/ul>\n","protected":false},"excerpt":{"rendered":"<p><span style=\"font-size: 11.0pt;\"><span style=\"background: white;\"><span style=\"color: black;\">Det SOLAS-godkjente livb\u00f8yemarkeringslyset SM-3 er et h\u00f8yintensivt LED-strobelys som gir 360\u00b0 sikt i omtrent 3,2 km <sup>.<\/sup> Dette kompakte, men slitesterke markeringslyset forenkler redning ved \u00e5 automatisk aktiveres og begynne \u00e5 strobe n\u00e5r man er i vannet, og fungerer i over 40 timer ved 30 <sup>\u00b0<\/sup> C eller over 24 timer ved -1 <sup>\u00b0<\/sup> <sup>C<\/sup> . Perfekt for kommersiell marine, petromarine, cruisere og alle andre bruksomr\u00e5der som trenger et p\u00e5litelig COB-lys (Crew Overboard Marker). SM-3 flyter oppreist under alle forhold, og sikrer at det fortsetter \u00e5 lyse n\u00e5r du trenger det mest.  <\/span><\/span><\/span><\/p>\n<p><a href=\"https:\/\/www.dropbox.com\/s\/0ezw0kexbm120vv\/Prop%2065%20-%20Lead%20and%20Lead%20Compounds.pdf?dl=0\">ADVARSEL: FORSLAG 65<\/a><\/p>\n<p>&nbsp;<\/p>\n","protected":false},"featured_media":164467,"template":"","meta":{"_acf_changed":false,"om_disable_all_campaigns":false},"product_brand":[],"product_cat":[5635,7784],"product_tag":[14604,14602,14601,14594,7286,14598,14588,14592,9830,14600,14590,14578,14582,14586,14576,14580,14584,7285,14596,14603,11549],"class_list":{"0":"post-158989","1":"product","2":"type-product","3":"status-publish","4":"has-post-thumbnail","6":"product_cat-marine-no","7":"product_cat-signaleringsprodukter","8":"product_tag-3947-no","9":"product_tag-acr-sm-2-no","10":"product_tag-acr-sm2-no","11":"product_tag-blinkende-mannskapslys-overbord","12":"product_tag-gmdss-no","13":"product_tag-gmdss-lys-no","14":"product_tag-livboyelys","15":"product_tag-mannskap-overbord-lys","16":"product_tag-marint-strobelys","17":"product_tag-ringboyelys","18":"product_tag-selvantennende-livboyelys","19":"product_tag-sm-3-no","20":"product_tag-sm-3-markeringslys-no","21":"product_tag-sm-3-strobe-no","22":"product_tag-sm3-no","23":"product_tag-sm3-markeringslys-no","24":"product_tag-sm3-lys-no","25":"product_tag-solas-no","26":"product_tag-solas-lys-no","27":"product_tag-solas-godkjenning","28":"product_tag-strobe-redningslys-no","29":"pa_boat-size-0-20-no","30":"pa_boat-size-21-40-no","31":"pa_boat-size-40-80-no","32":"pa_boat-size-80-no","33":"pa_boat-type-charteryacht","34":"pa_boat-type-kommersielt-fiske","35":"pa_boat-type-lasteskip","36":"pa_boat-type-seilbat","37":"pa_boat-type-slepebat","38":"pa_boat-type-yacht-no","39":"pa_product-redningslys","40":"pa_product-rescue-beacons-vhf-sart-no","41":"pa_product-signaleringsprodukter","43":"first","44":"instock","45":"taxable","46":"shipping-taxable","47":"purchasable","48":"product-type-simple"},"acf":[],"_links":{"self":[{"href":"https:\/\/www.acrartex.com\/no\/wp-json\/wp\/v2\/product\/158989","targetHints":{"allow":["GET"]}}],"collection":[{"href":"https:\/\/www.acrartex.com\/no\/wp-json\/wp\/v2\/product"}],"about":[{"href":"https:\/\/www.acrartex.com\/no\/wp-json\/wp\/v2\/types\/product"}],"wp:featuredmedia":[{"embeddable":true,"href":"https:\/\/www.acrartex.com\/no\/wp-json\/wp\/v2\/media\/164467"}],"wp:attachment":[{"href":"https:\/\/www.acrartex.com\/no\/wp-json\/wp\/v2\/media?parent=158989"}],"wp:term":[{"taxonomy":"product_brand","embeddable":true,"href":"https:\/\/www.acrartex.com\/no\/wp-json\/wp\/v2\/product_brand?post=158989"},{"taxonomy":"product_cat","embeddable":true,"href":"https:\/\/www.acrartex.com\/no\/wp-json\/wp\/v2\/product_cat?post=158989"},{"taxonomy":"product_tag","embeddable":true,"href":"https:\/\/www.acrartex.com\/no\/wp-json\/wp\/v2\/product_tag?post=158989"}],"curies":[{"name":"wp","href":"https:\/\/api.w.org\/{rel}","templated":true}]}}