{"id":158912,"date":"2021-03-16T08:18:08","date_gmt":"2021-03-16T13:18:08","guid":{"rendered":"https:\/\/www.acrartex.com\/products\/tps-kontaktfjerningsverktoy\/"},"modified":"2021-03-16T08:18:08","modified_gmt":"2021-03-16T13:18:08","slug":"tps-kontaktfjerningsverktoy","status":"publish","type":"product","link":"https:\/\/www.acrartex.com\/no\/products\/tps-kontaktfjerningsverktoy\/","title":{"rendered":"TPS-kontaktfjerningsverkt\u00f8y"},"content":{"rendered":"","protected":false},"excerpt":{"rendered":"<p>TPS-verkt\u00f8yet for fjerning av kontakter hjelper deg med \u00e5 koble fra selv de mest vanskelig plasserte kontaktene, slik at fjerning av ELT (C406-2 og C406-2 HM, B406-4 og G406-4) og antenne g\u00e5r raskt og effektivt. Dette verkt\u00f8yet fungerer med f\u00f8lgende ELT modeller: \u2013 C406-2 \u2013 C406-2 HM \u2013 B406-4 \u2013 G406-4 <\/p>\n","protected":false},"featured_media":158938,"template":"","meta":{"_acf_changed":false,"om_disable_all_campaigns":false},"product_brand":[],"product_cat":[2925],"product_tag":[14465,14471,14476,14462,14457,14453,14479,14474,14472,10988,14449,14468],"class_list":{"0":"post-158912","1":"product","2":"type-product","3":"status-publish","4":"has-post-thumbnail","6":"product_cat-uncategorized-no","7":"product_tag-145-0001-no","8":"product_tag-artikkelnr-145-0001","9":"product_tag-delenummer-145-0001-no","10":"product_tag-delenummer-145-0001","11":"product_tag-fjerning-av-elt-for-vedlikehold","12":"product_tag-fjerning-av-kontakter","13":"product_tag-fjerningsverktoy","14":"product_tag-p-n4145-0001-no","15":"product_tag-pn4145-0001-no","16":"product_tag-tps-no","17":"product_tag-tps-kontaktfjerningsverktoy","18":"product_tag-varenummer-145-0001-no","20":"first","21":"instock","22":"taxable","23":"shipping-taxable","24":"product-type-simple"},"acf":[],"_links":{"self":[{"href":"https:\/\/www.acrartex.com\/no\/wp-json\/wp\/v2\/product\/158912","targetHints":{"allow":["GET"]}}],"collection":[{"href":"https:\/\/www.acrartex.com\/no\/wp-json\/wp\/v2\/product"}],"about":[{"href":"https:\/\/www.acrartex.com\/no\/wp-json\/wp\/v2\/types\/product"}],"wp:featuredmedia":[{"embeddable":true,"href":"https:\/\/www.acrartex.com\/no\/wp-json\/wp\/v2\/media\/158938"}],"wp:attachment":[{"href":"https:\/\/www.acrartex.com\/no\/wp-json\/wp\/v2\/media?parent=158912"}],"wp:term":[{"taxonomy":"product_brand","embeddable":true,"href":"https:\/\/www.acrartex.com\/no\/wp-json\/wp\/v2\/product_brand?post=158912"},{"taxonomy":"product_cat","embeddable":true,"href":"https:\/\/www.acrartex.com\/no\/wp-json\/wp\/v2\/product_cat?post=158912"},{"taxonomy":"product_tag","embeddable":true,"href":"https:\/\/www.acrartex.com\/no\/wp-json\/wp\/v2\/product_tag?post=158912"}],"curies":[{"name":"wp","href":"https:\/\/api.w.org\/{rel}","templated":true}]}}