{"id":158790,"date":"2021-03-16T08:17:57","date_gmt":"2021-03-16T13:17:57","guid":{"rendered":"https:\/\/www.acrartex.com\/products\/tps-8715-test-og-programmeringssett\/"},"modified":"2021-03-16T08:17:57","modified_gmt":"2021-03-16T13:17:57","slug":"tps-8715-test-og-programmeringssett","status":"publish","type":"product","link":"https:\/\/www.acrartex.com\/no\/products\/tps-8715-test-og-programmeringssett\/","title":{"rendered":"TPS 8715 \u2013 Test- og programmeringssett"},"content":{"rendered":"<p><strong><u>ELT -testing og verifisering av ELT -ID<\/u><\/strong><\/p>\n<p>Flyets n\u00f8dsendere (ELT-er) m\u00e5 ha sitt unike identifikasjonsnummer registrert hos nasjonale myndigheter. ARTEX TPS 8715 for generell luftfart gir en enkel metode for \u00e5 bekrefte og lagre ARTEX ELT-ID-en etter installasjon, omprogrammering eller dersom fyret m\u00e5 registreres p\u00e5 nytt etter et eierskifte i flyet. Dette systemet programmerer kun ARTEX General Aviation ELT-er*, inkludert ME406, ELT 345 og ELT 1000.  <\/p>\n<p><strong><u>ELT -dekoding<\/u><\/strong><\/p>\n<p>ARTEX TPS 8715 er et robust, kompakt og b\u00e6rbart system som dekoder overf\u00f8ringen av 406 MHz Cospas-Sarsat sendinger. Overf\u00f8ringen kan leses direkte gjennom antennekabelen eller gjennom selve antennen. Enheten vil ogs\u00e5 indikere om 121,5 MHz er tilstede. TPS 8715 er kun en dekodingsenhet og m\u00e5ler ikke effekt. Ta kontakt med lokale myndigheter for krav til ELT -m\u00e5ling for \u00e5rlige inspeksjoner.    <\/p>\n<p><strong><u>Program GA-linjen til ELT<\/u><\/strong><\/p>\n<p>TPS 8715 kan raskt og enkelt programmere hele serien med ARTEX General Aviation ELT-er med \u00f8nsket protokoll, NAV Data Baud Rate og n\u00f8dvendig informasjon som beskrevet av Cospas-Sarsat via programmeringskabelen (inkludert).<\/p>\n<p><strong><u>Testdata<\/u><\/strong><\/p>\n<p>TPS 8715 registrerer alle data i en intern database som kan sikkerhetskopieres til PC-en din. Dataene kan vises p\u00e5 datamaskinen uavhengig av TPS 8715, og de er tidsstemplet som bevis p\u00e5 overf\u00f8ring og riktig programmering. TPS 8715 kan skrive ut via et USB-grensesnitt til en PC. Utskriftsfunksjonen krever et nedlastbart program som er tilgjengelig p\u00e5 ACRARTEX.com.   <\/p>\n<p>TPS 8715 leveres uten programvare, og du m\u00e5 registrere deg og ta oppl\u00e6ring p\u00e5 <a href=\"http:\/\/www.acrartex.com\/\">www.ACRARTEX.com<\/a> for \u00e5 laste ned de n\u00f8dvendige programvarene. Oppl\u00e6ringen er selvbetjent og tilgjengelig uten kostnad. En hurtigstartveiledning som beskriver prosedyren f\u00f8lger med hver enhet.  <\/p>\n<p>*For ELT -programmering p\u00e5 transportniv\u00e5, se PN 8700 ELT TPS.<\/p>\n","protected":false},"excerpt":{"rendered":"<p>ARTEX TPS 8715 muliggj\u00f8r verifisering, testing og programmering av ARTEX General Aviation-serien med ELT-er.<\/p>\n<p> <span style=\"color: #ff0000;\"><strong>MERK: Dette produktet er utg\u00e5tt og har blitt erstattet med <a href=\"https:\/\/www.acrartex.com\/products\/fpt\/\">FPT 8800-serien ARTEX programmerer<\/a> .<\/strong><\/span><\/p>\n","protected":false},"featured_media":158813,"template":"","meta":{"_acf_changed":false,"om_disable_all_campaigns":false},"product_brand":[],"product_cat":[5876,5571],"product_tag":[14310,10991,10994,5575,10986,10973,10995,10997,10983,10970,10976,10980,10988,14302],"class_list":{"0":"post-158790","1":"product","2":"type-product","3":"status-publish","4":"has-post-thumbnail","6":"product_cat-generell-luftfart-no","7":"product_cat-luftfart","8":"product_tag-8715-no","9":"product_tag-bekreftelse","10":"product_tag-dekoding","11":"product_tag-elt-no","12":"product_tag-elt-programmerer","13":"product_tag-elt-programmering-no","14":"product_tag-ga-no","15":"product_tag-generell-luftfart","16":"product_tag-programmerer","17":"product_tag-programmering-no","18":"product_tag-test-no","19":"product_tag-testing-no","20":"product_tag-tps-no","21":"product_tag-tps-8715-no","22":"pa_product-arv-no","24":"first","25":"instock","26":"taxable","27":"shipping-taxable","28":"product-type-simple"},"acf":[],"_links":{"self":[{"href":"https:\/\/www.acrartex.com\/no\/wp-json\/wp\/v2\/product\/158790","targetHints":{"allow":["GET"]}}],"collection":[{"href":"https:\/\/www.acrartex.com\/no\/wp-json\/wp\/v2\/product"}],"about":[{"href":"https:\/\/www.acrartex.com\/no\/wp-json\/wp\/v2\/types\/product"}],"wp:featuredmedia":[{"embeddable":true,"href":"https:\/\/www.acrartex.com\/no\/wp-json\/wp\/v2\/media\/158813"}],"wp:attachment":[{"href":"https:\/\/www.acrartex.com\/no\/wp-json\/wp\/v2\/media?parent=158790"}],"wp:term":[{"taxonomy":"product_brand","embeddable":true,"href":"https:\/\/www.acrartex.com\/no\/wp-json\/wp\/v2\/product_brand?post=158790"},{"taxonomy":"product_cat","embeddable":true,"href":"https:\/\/www.acrartex.com\/no\/wp-json\/wp\/v2\/product_cat?post=158790"},{"taxonomy":"product_tag","embeddable":true,"href":"https:\/\/www.acrartex.com\/no\/wp-json\/wp\/v2\/product_tag?post=158790"}],"curies":[{"name":"wp","href":"https:\/\/api.w.org\/{rel}","templated":true}]}}