{"id":158732,"date":"2021-03-16T08:17:46","date_gmt":"2021-03-16T13:17:46","guid":{"rendered":"https:\/\/www.acrartex.com\/products\/firefly-pro-nodstrobelys\/"},"modified":"2025-12-01T05:43:37","modified_gmt":"2025-12-01T10:43:37","slug":"firefly-pro-nodstrobelys","status":"publish","type":"product","link":"https:\/\/www.acrartex.com\/no\/products\/firefly-pro-nodstrobelys\/","title":{"rendered":"Firefly \u00ae PRO n\u00f8dstrobelys"},"content":{"rendered":"<p>N\u00e5r det gjelder \u00e5 redde liv, er alt annet enn det beste ikke et alternativ. Firefly PRO redningsstrobelysene er noen av de lyseste og mest funksjonsrike strobelysene p\u00e5 markedet i dag. Med tre aktiveringsfunksjoner kan du veksle mellom ultrasterkt strobelys eller SOS-strobelys for \u00e5 visuelt varsle redningstjenesten om hvor du befinner deg, og deretter bytte til fast lys for bergingsoperasjoner p\u00e5 n\u00e6rt hold. Velg mellom Firefly PRO SOLAS (ikke vannaktivert) eller Firefly PRO Waterbug (vannaktivert) versjoner.   <\/p>\n<p>V\u00e5re innovative nye LED-lys med bred lysutstr\u00e5ling produserer en 360\u00b0 lysstr\u00e5le (41 candela) som gir en sikt p\u00e5 over 5 km. V\u00e5rt kj\u00f8lige hvite lys har ingen gulfarging, noe som gir en mer synlig lysstr\u00e5le som kan sees p\u00e5 st\u00f8rre avstander. Med en energieffektiv mikroprosessor og nydesignet elektronikk kan Firefly PRO skryte av maksimal levetid under de t\u00f8ffeste forhold. Med et enkelt sett med AA-litiumbatterier vil Firefly PRO kontinuerlig blinke i over 56 timer eller bruke Steady-On-funksjonen i 28 timer. Det er dobbelt s\u00e5 lenge som konkurrentene v\u00e5re, og overg\u00e5r USCG- og SOLAS-kravene med over 48 timer.    <\/p>\n<p>Den kompakte st\u00f8rrelsen f\u00e5r enkelt plass i en oppbl\u00e5sbar redningsvest eller lomme for komfortabel bruk. Det milit\u00e6rspesifikke kabinettet er robust nok til \u00e5 t\u00e5le \u00e5revis med slitasje og de t\u00f8ffeste milj\u00f8ene. De to festel\u00f8kkene og den inkluderte borrel\u00e5sstroppen gj\u00f8r det ekstremt enkelt \u00e5 montere Firefly PRO p\u00e5 redningsvesten, beltet eller sekken, slik at strobelyset er lett tilgjengelig n\u00e5r du trenger det.  <\/p>\n","protected":false},"excerpt":{"rendered":"<p>Firefly PRO redningsstrobelysene er noen av de lyseste og mest funksjonsrike strobelysene p\u00e5 markedet i dag. Med tre aktiveringsfunksjoner kan du veksle mellom ultrasterkt strobelys eller SOS-strobelys for \u00e5 visuelt varsle redningstjenesten om posisjonen din, og deretter bytte til fast lys for bergingsoperasjoner p\u00e5 n\u00e6rt hold. Velg mellom Firefly PRO SOLAS (ikke vannaktivert) eller Firefly PRO Waterbug (vannaktivert) versjoner.  <\/p>\n<p>Disse n\u00f8dblitselysene har et innovativt lysstyringssystem som produserer over 41 candela lys per blitselys i opptil 56 timers bruk (med AA-litiumbatterier). Ved hjelp av LED-lys med bred lysutstr\u00e5ling klarer de selv de t\u00f8ffeste forholdene og skaper et supersterkt blits som er synlig i over 5 kilometers rekkevidde. <\/p>\n","protected":false},"featured_media":36741,"template":"","meta":{"_acf_changed":false,"om_disable_all_campaigns":false},"product_brand":[],"product_cat":[5869,5887,5867,5858,5865,5883,5635,5855,5860,5862,5873,5880,5870,7784,5884,5686],"product_tag":[14318,14325,14289,11223,14274,14295,7808,11292,11321,14334,9834,14311,14297,14303,7982,11290,14283],"class_list":{"0":"post-158732","1":"product","2":"type-product","3":"status-publish","4":"has-post-thumbnail","6":"product_cat-actionsport-offroad-no","7":"product_cat-bakken-spesialstyrker-no","8":"product_cat-fotturer-klatring-leir-no","9":"product_cat-inn-i-landet-no","10":"product_cat-kommersiell-no-2","11":"product_cat-luftpatrulje-no","12":"product_cat-marine-no","13":"product_cat-militaer","14":"product_cat-naer-kysten","15":"product_cat-offshore-no","16":"product_cat-padlesport-fiske","17":"product_cat-politi-kommune","18":"product_cat-reiseutstyr","19":"product_cat-signaleringsprodukter","20":"product_cat-sjostyrker","21":"product_cat-utendors","22":"product_tag-3970-3-no","23":"product_tag-3970-4-no","24":"product_tag-3971-3-no","25":"product_tag-firefly-no","26":"product_tag-firefly-pro-no","27":"product_tag-firefly-pro-solas-no","28":"product_tag-lys-no","29":"product_tag-nodstrobe","30":"product_tag-nodstrobelys-no-2","31":"product_tag-redningsblits","32":"product_tag-redningsstrobelys","33":"product_tag-solas-redningsvestlys","34":"product_tag-solas-strobe-lys-no","35":"product_tag-solas-godkjent-pdf-lys","36":"product_tag-strobe-no","37":"product_tag-strobelys-no","38":"product_tag-uscg-strobelys-no","39":"pa_activity-camping-no","40":"pa_activity-fiske","41":"pa_activity-fotturer","42":"pa_activity-klatring","43":"pa_activity-langrenn","44":"pa_activity-padlesport","45":"pa_activity-ski-snowboard-no","46":"pa_activity-snoscooter","47":"pa_activity-sykkel","48":"pa_activity-terrengkjoring-4x4","49":"pa_aircraft-type-eksperimentell","50":"pa_aircraft-type-enkelt-motor-no","51":"pa_aircraft-type-flermotor","52":"pa_aircraft-type-lette-jetstraler","53":"pa_aircraft-type-mellomstore-jetfly","54":"pa_aircraft-type-rotocraft-no","55":"pa_aircraft-type-store-jetfly","56":"pa_aircraft-type-turboprop-no","57":"pa_boat-size-0-20-no","58":"pa_boat-size-21-40-no","59":"pa_boat-size-40-80-no","60":"pa_boat-size-80-no","61":"pa_boat-type-charteryacht","62":"pa_boat-type-kommersielt-fiske","63":"pa_boat-type-lasteskip","64":"pa_boat-type-motorbat-no","65":"pa_boat-type-seilbat","66":"pa_boat-type-slepebat","67":"pa_boat-type-sportcraft-no","68":"pa_boat-type-yacht-no","69":"pa_product-redningslys","70":"pa_product-signaleringsprodukter","71":"pa_product-sikkerhetstilbehor","73":"first","74":"instock","75":"taxable","76":"shipping-taxable","77":"purchasable","78":"product-type-variable"},"acf":[],"_links":{"self":[{"href":"https:\/\/www.acrartex.com\/no\/wp-json\/wp\/v2\/product\/158732","targetHints":{"allow":["GET"]}}],"collection":[{"href":"https:\/\/www.acrartex.com\/no\/wp-json\/wp\/v2\/product"}],"about":[{"href":"https:\/\/www.acrartex.com\/no\/wp-json\/wp\/v2\/types\/product"}],"wp:featuredmedia":[{"embeddable":true,"href":"https:\/\/www.acrartex.com\/no\/wp-json\/wp\/v2\/media\/36741"}],"wp:attachment":[{"href":"https:\/\/www.acrartex.com\/no\/wp-json\/wp\/v2\/media?parent=158732"}],"wp:term":[{"taxonomy":"product_brand","embeddable":true,"href":"https:\/\/www.acrartex.com\/no\/wp-json\/wp\/v2\/product_brand?post=158732"},{"taxonomy":"product_cat","embeddable":true,"href":"https:\/\/www.acrartex.com\/no\/wp-json\/wp\/v2\/product_cat?post=158732"},{"taxonomy":"product_tag","embeddable":true,"href":"https:\/\/www.acrartex.com\/no\/wp-json\/wp\/v2\/product_tag?post=158732"}],"curies":[{"name":"wp","href":"https:\/\/api.w.org\/{rel}","templated":true}]}}