{"id":158609,"date":"2021-03-16T08:18:16","date_gmt":"2021-03-16T13:18:16","guid":{"rendered":"https:\/\/www.acrartex.com\/products\/ww-3-resq-floyte\/"},"modified":"2021-03-16T08:18:16","modified_gmt":"2021-03-16T13:18:16","slug":"ww-3-resq-floyte","status":"publish","type":"product","link":"https:\/\/www.acrartex.com\/no\/products\/ww-3-resq-floyte\/","title":{"rendered":"WW-3 ResQ\u2122-fl\u00f8yte"},"content":{"rendered":"<ul>\n<li>F\u00e5r oppmerksomhet!<\/li>\n<li>H\u00f8y, skingrende, totonet h\u00f8rbar fra stor avstand<\/li>\n<li>Unik flat design hindrer vannhold<\/li>\n<li>Oppfyller USCG-kravene<\/li>\n<li>Hjelper ved redning p\u00e5 land eller sj\u00f8<\/li>\n<li>Brukes p\u00e5 redningsvester, vester, v\u00e6rutstyr, ringb\u00f8yer, fl\u00e5ter, n\u00f8kkelringer osv.<\/li>\n<li>Komplett med 80 cm snor<\/li>\n<\/ul>\n","protected":false},"excerpt":{"rendered":"<p>F\u00e5 oppmerksomhet n\u00e5r du trenger det med WW-3 ResQ\u2122-fl\u00f8yten. Denne kompakte overlevelsesfl\u00f8yten ble spesielt utviklet for \u00e5 finne b\u00e5tfolk som har falt over bord, men den kan ogs\u00e5 hjelpe til med redninger p\u00e5 land. WW-3 ResQ avgir en skingrende to-tonelyd p\u00e5 opptil 100 desibel, som er h\u00f8rbar over store avstander. Den unike, flate designen til denne fl\u00f8yten hindrer den i \u00e5 holde vann, og den 80 cm lange snoren festes enkelt til redningsvester, fl\u00e5ter og annet v\u00e6rutstyr. Og i tillegg til alt dette ble denne redningsfl\u00f8yten bygget for \u00e5 oppfylle USCG-krav.    <\/p>\n","protected":false},"featured_media":158745,"template":"","meta":{"_acf_changed":false,"om_disable_all_campaigns":false},"product_brand":[],"product_cat":[5869,5867,5858,5865,5635,5860,5862,5873,5870,7784,5686],"product_tag":[14226,14244,14232,14237,14239,14257,14265,5892,14276,14250],"class_list":{"0":"post-158609","1":"product","2":"type-product","3":"status-publish","4":"has-post-thumbnail","6":"product_cat-actionsport-offroad-no","7":"product_cat-fotturer-klatring-leir-no","8":"product_cat-inn-i-landet-no","9":"product_cat-kommersiell-no-2","10":"product_cat-marine-no","11":"product_cat-naer-kysten","12":"product_cat-offshore-no","13":"product_cat-padlesport-fiske","14":"product_cat-reiseutstyr","15":"product_cat-signaleringsprodukter","16":"product_cat-utendors","17":"product_tag-2-trads-elt-rswt-grensesnitt","18":"product_tag-floytesikkerhet","19":"product_tag-nodfloyte","20":"product_tag-nodfloyter","21":"product_tag-nodforsyninger-no","22":"product_tag-plastfloyte","23":"product_tag-plystre","24":"product_tag-resq-no-2","25":"product_tag-signal-no","26":"product_tag-sikkerhetsfloyte","27":"pa_product-signaleringsprodukter","28":"pa_product-sikkerhetstilbehor","30":"first","31":"instock","32":"taxable","33":"shipping-taxable","34":"purchasable","35":"product-type-simple"},"acf":[],"_links":{"self":[{"href":"https:\/\/www.acrartex.com\/no\/wp-json\/wp\/v2\/product\/158609","targetHints":{"allow":["GET"]}}],"collection":[{"href":"https:\/\/www.acrartex.com\/no\/wp-json\/wp\/v2\/product"}],"about":[{"href":"https:\/\/www.acrartex.com\/no\/wp-json\/wp\/v2\/types\/product"}],"wp:featuredmedia":[{"embeddable":true,"href":"https:\/\/www.acrartex.com\/no\/wp-json\/wp\/v2\/media\/158745"}],"wp:attachment":[{"href":"https:\/\/www.acrartex.com\/no\/wp-json\/wp\/v2\/media?parent=158609"}],"wp:term":[{"taxonomy":"product_brand","embeddable":true,"href":"https:\/\/www.acrartex.com\/no\/wp-json\/wp\/v2\/product_brand?post=158609"},{"taxonomy":"product_cat","embeddable":true,"href":"https:\/\/www.acrartex.com\/no\/wp-json\/wp\/v2\/product_cat?post=158609"},{"taxonomy":"product_tag","embeddable":true,"href":"https:\/\/www.acrartex.com\/no\/wp-json\/wp\/v2\/product_tag?post=158609"}],"curies":[{"name":"wp","href":"https:\/\/api.w.org\/{rel}","templated":true}]}}