{"id":158560,"date":"2021-03-16T08:21:51","date_gmt":"2021-03-16T13:21:51","guid":{"rendered":"https:\/\/www.acrartex.com\/products\/globalfix-pro-epirb\/"},"modified":"2021-03-16T08:21:51","modified_gmt":"2021-03-16T13:21:51","slug":"globalfix-pro-epirb","status":"publish","type":"product","link":"https:\/\/www.acrartex.com\/no\/products\/globalfix-pro-epirb\/","title":{"rendered":"GlobalFix \u2122 PRO EPIRB"},"content":{"rendered":"<p><a href=\"https:\/\/www.acrartex.com\/products\/globalfix-v5-ais-epirb\/\"><b><i>View tilgjengelig produktoppgradering<\/i><\/b><\/a><\/p>\n<p>GlobalFix \u2122 PRO sender ut et unikt registrert n\u00f8dsignal som ikke bare forteller redningsmannskapene hvor du er, men ogs\u00e5 hvem du er. Den interne GPS vil automatisk sl\u00e5 seg p\u00e5 og finne posisjonen din ved aktivering, og deretter bruke et kraftig 406 MHz-signal til \u00e5 videresende n\u00f8danropet til satellitter i bane. N\u00e5r lokal s\u00f8k og redning utplasseres, veileder et separat m\u00e5ls\u00f8kingssignal og integrert LED-strobelys redningsmannskapene til din n\u00f8yaktige posisjon.  <\/p>\n<p>&nbsp;<\/p>\n<p>GlobalFix \u2122 PRO er liten og robust, og leveres med over 53 \u00e5r med livreddende teknologi innebygd i hver enkelt. \u00c5 utf\u00f8re en full funksjonell selvtest av GlobalFix \u2122 PROs interne kretser, batterispenning og -str\u00f8m, og 406 MHz-overf\u00f8ring gir deg tryggheten i vissheten om at EPIRB din vil fungere n\u00e5r du trenger den mest. ACR Exclusive: Innebygd GPS innsamlingstestmodus lar deg teste den interne GPS mottakeren for \u00e5 sikre at den fungerer som den skal.  <\/p>\n<p>&nbsp;<\/p>\n<p>Benytt deg av den samme feltutpr\u00f8vde redningsteknologien som brukes av det amerikanske milit\u00e6ret, kystvakten, NATO, spesialstyrker og arktiske oppdagere.<\/p>\n<p>&nbsp;<\/p>\n<p>GlobalFix \u2122 PRO tilbyr det aller nyeste innen elektronisk livredningsteknologi for sj\u00f8en:<\/p>\n<ul>\n<li>Sv\u00e6rt synlig LED-strobelys \u2013 Energieffektiv<\/li>\n<li>Intern 66-kanals GPS \u2013 Rask kaldstart<\/li>\n<li>H\u00f8y effektivitet \u2013 ytelse du kan stole p\u00e5<\/li>\n<li>Ufarlige batterier \u2013 Ingen problemer med frakt<\/li>\n<li>Profesjonell design \u2013 Konstruert, testet og bygget for \u00e5revis med hard bruk i havet<\/li>\n<li>Ergonomisk, kompakt design; Minste, funksjonsrike EPIRB tilgjengelig<\/li>\n<\/ul>\n<p>&nbsp;<\/p>\n<p>Hvis du bruker den &#8230; erstatter vi den <a href=\"http:\/\/www.survivorclub.com\/\">kostnadsfritt<\/a> . Bare send inn historien din, send oss \u200b\u200btilbake den brukte beaconen din, slik at vi kan f\u00e5 den montert p\u00e5 v\u00e5r Wall of Fame, og vi sender deg en helt ny beacon av samme eller h\u00f8yere verdi. <\/p>\n","protected":false},"excerpt":{"rendered":"<p>#Hold degTryggDerUte med GlobalFix \u2122 PRO Emergency Posisjonsindikerende Radio Beacon ( EPIRB ). Denne radiosenderen er utstyrt med en intern GPS som raskt og n\u00f8yaktig videresender posisjonen din til et verdensomspennende nettverk av s\u00f8ke- og redningssatellitter, hvis du skulle st\u00f8te p\u00e5 en b\u00e5tn\u00f8dsituasjon. F\u00e5 trygghet hver gang du drar offshore, vel vitende om at GlobalFix PRO EPIRB konsekvent fjerner \u00abs\u00f8k\u00bb fra \u00abs\u00f8k og redning\u00bb.  <\/p>\n<p><span style=\"color: #3366ff;\"><strong>Dette produktet har blitt oppgradert. <a href=\"https:\/\/www.acrartex.com\/products\/globalfix-v5-ais-epirb\/\">Klikk her<\/a> for \u00e5 se tilgjengelige produktoppgraderinger<\/strong><\/span><\/p>\n<p>&nbsp;<\/p>\n","protected":false},"featured_media":158659,"template":"","meta":{"_acf_changed":false,"om_disable_all_campaigns":false},"product_brand":[],"product_cat":[5635],"product_tag":[14229,14235,14222,5640,6180,5653,5648,14205,9257,5643,14194,14214],"class_list":{"0":"post-158560","1":"product","2":"type-product","3":"status-publish","4":"has-post-thumbnail","6":"product_cat-marine-no","7":"product_tag-2842-no","8":"product_tag-2844-no","9":"product_tag-acr-globalfix-pro-no","10":"product_tag-epirb-no","11":"product_tag-fyrtarn","12":"product_tag-global-losning-no","13":"product_tag-globalfix-no","14":"product_tag-globalfix-pro-no","15":"product_tag-nodposisjonsindikerende-radiofyr","16":"product_tag-nodsignal-no","17":"product_tag-proff","18":"product_tag-rlb-37-no","19":"pa_product-arv-no","21":"first","22":"outofstock","23":"taxable","24":"shipping-taxable","25":"product-type-variable"},"acf":[],"_links":{"self":[{"href":"https:\/\/www.acrartex.com\/no\/wp-json\/wp\/v2\/product\/158560","targetHints":{"allow":["GET"]}}],"collection":[{"href":"https:\/\/www.acrartex.com\/no\/wp-json\/wp\/v2\/product"}],"about":[{"href":"https:\/\/www.acrartex.com\/no\/wp-json\/wp\/v2\/types\/product"}],"wp:featuredmedia":[{"embeddable":true,"href":"https:\/\/www.acrartex.com\/no\/wp-json\/wp\/v2\/media\/158659"}],"wp:attachment":[{"href":"https:\/\/www.acrartex.com\/no\/wp-json\/wp\/v2\/media?parent=158560"}],"wp:term":[{"taxonomy":"product_brand","embeddable":true,"href":"https:\/\/www.acrartex.com\/no\/wp-json\/wp\/v2\/product_brand?post=158560"},{"taxonomy":"product_cat","embeddable":true,"href":"https:\/\/www.acrartex.com\/no\/wp-json\/wp\/v2\/product_cat?post=158560"},{"taxonomy":"product_tag","embeddable":true,"href":"https:\/\/www.acrartex.com\/no\/wp-json\/wp\/v2\/product_tag?post=158560"}],"curies":[{"name":"wp","href":"https:\/\/api.w.org\/{rel}","templated":true}]}}