{"id":158473,"date":"2021-03-16T08:19:07","date_gmt":"2021-03-16T13:19:07","guid":{"rendered":"https:\/\/www.acrartex.com\/products\/110-340-bladantenne\/"},"modified":"2021-03-16T08:19:07","modified_gmt":"2021-03-16T13:19:07","slug":"110-340-bladantenne","status":"publish","type":"product","link":"https:\/\/www.acrartex.com\/no\/products\/110-340-bladantenne\/","title":{"rendered":"110-340 bladantenne"},"content":{"rendered":"<p>Tri-Band Blade h\u00f8yhastighetsantennen tilbyr v\u00e5r innovative Tri-Band-teknologi, som bringer frekvensene 121,5, 243 og 406 MHz inn i en kompakt pakke. 110-340 tilbyr \u00e9n enkelt kontakt for installasjoner som krever dette oppsettet. <\/p>\n<p>To modeller tilgjengelig:<\/p>\n<ul>\n<li>110-340<\/li>\n<li>110-340-01 (beskyttelseskant)<\/li>\n<\/ul>\n","protected":false},"excerpt":{"rendered":"<p>Trippelb\u00e5nd, 121,5, 243 og 406 MHz<\/p>\n","protected":false},"featured_media":158608,"template":"","meta":{"_acf_changed":false,"om_disable_all_campaigns":false},"product_brand":[],"product_cat":[5879,8433,5571],"product_tag":[14173,10102,10307,10104,10312,10098,14191,10116,14162,10100,14204,10096,14181,14213],"class_list":{"0":"post-158473","1":"product","2":"type-product","3":"status-publish","4":"has-post-thumbnail","6":"product_cat-forretningsjet-no","7":"product_cat-kommersielle-fly","8":"product_cat-luftfart","9":"product_tag-110-340-no","10":"product_tag-121-243-antenne-no","11":"product_tag-121-406-antenne","12":"product_tag-406-antenne-no","13":"product_tag-406-antenneblad","14":"product_tag-antenne-tri-band-no","15":"product_tag-artikkelnr-110-340","16":"product_tag-bladantenne-elt","17":"product_tag-delenummer-110-340","18":"product_tag-dobbelfrekvensantenne","19":"product_tag-pn110-340-no","20":"product_tag-tri-bandsantenne","21":"product_tag-varenummer-110-340-no","22":"product_tag-varenummer-110-340-no-2","23":"pa_aircraft-speed-200-350-knop-no","24":"pa_aircraft-speed-350-knop-no","25":"pa_aircraft-type-flermotor","26":"pa_aircraft-type-lette-jetstraler","27":"pa_aircraft-type-mellomstore-jetfly","28":"pa_aircraft-type-passasjerfly","29":"pa_aircraft-type-passasjerfly-no","30":"pa_aircraft-type-store-jetfly","31":"pa_product-elt-losninger","32":"pa_product-sikkerhetstilbehor","34":"first","35":"instock","36":"taxable","37":"shipping-taxable","38":"product-type-simple"},"acf":[],"_links":{"self":[{"href":"https:\/\/www.acrartex.com\/no\/wp-json\/wp\/v2\/product\/158473","targetHints":{"allow":["GET"]}}],"collection":[{"href":"https:\/\/www.acrartex.com\/no\/wp-json\/wp\/v2\/product"}],"about":[{"href":"https:\/\/www.acrartex.com\/no\/wp-json\/wp\/v2\/types\/product"}],"wp:featuredmedia":[{"embeddable":true,"href":"https:\/\/www.acrartex.com\/no\/wp-json\/wp\/v2\/media\/158608"}],"wp:attachment":[{"href":"https:\/\/www.acrartex.com\/no\/wp-json\/wp\/v2\/media?parent=158473"}],"wp:term":[{"taxonomy":"product_brand","embeddable":true,"href":"https:\/\/www.acrartex.com\/no\/wp-json\/wp\/v2\/product_brand?post=158473"},{"taxonomy":"product_cat","embeddable":true,"href":"https:\/\/www.acrartex.com\/no\/wp-json\/wp\/v2\/product_cat?post=158473"},{"taxonomy":"product_tag","embeddable":true,"href":"https:\/\/www.acrartex.com\/no\/wp-json\/wp\/v2\/product_tag?post=158473"}],"curies":[{"name":"wp","href":"https:\/\/api.w.org\/{rel}","templated":true}]}}