{"id":158232,"date":"2021-03-16T08:20:39","date_gmt":"2021-03-16T08:20:39","guid":{"rendered":"https:\/\/www.acrartex.com\/products\/sr203-vhf-handholdt-overlevelsesradio\/"},"modified":"2026-01-07T14:33:57","modified_gmt":"2026-01-07T19:33:57","slug":"sr203-vhf-handholdt-overlevelsesradio","status":"publish","type":"product","link":"https:\/\/www.acrartex.com\/no\/products\/sr203-vhf-handholdt-overlevelsesradio\/","title":{"rendered":"SR203 VHF h\u00e5ndholdt overlevelsesradio"},"content":{"rendered":"<p>Det digitale displayet og kontrollknappene er bakgrunnsbelyste, noe som gj\u00f8r det enkelt \u00e5 bruke dem i omgivelser med lite lys. N\u00e5r den er aktivert, stilles SR203 automatisk inn p\u00e5 kanal 16, og den har en enkelt trykk-knapp p\u00e5 kanal 16 for raskt \u00e5 g\u00e5 tilbake til n\u00f8dkanalen. Den h\u00e5ndholdte VHF-radioen SR203 har en eksepsjonell batterilevetid p\u00e5 over 16 timer (@ -20 \u00b0C) takket v\u00e6re den sv\u00e6rt effektive senderen som er designet for \u00e5 maksimere batterilevetiden. Den innovative batteribeskyttelsesfliken betyr at hovedbatteriet kan festes permanent til radioen uten frykt for \u00e5 miste ladingen. Radioen vil alltid v\u00e6re tilgjengelig for bruk i n\u00f8dstilfeller uten behov for \u00e5 fjerne beskyttelsesetiketter. Bare bryt av den r\u00f8de beskyttelsesfliken, og radioen vil umiddelbart v\u00e6re klar til \u00e5 sl\u00e5s p\u00e5 til kanal 16. For daglig bruk tilbyr ACR et oppladbart litiumpolymerbatteri. Hurtigladeren gir den ideelle l\u00f8sningen for \u00e5 holde batteriene fulladet.       <\/p>\n<ul>\n<li>  Effektiv sender<\/li>\n<li>  Robust design<\/li>\n<li>  Prim\u00e6rt litiumbatteri overg\u00e5r GMDSS-kravene<\/li>\n<li>  Beskyttende batteriflik<\/li>\n<li>  Ikke-farlige batterier<\/li>\n<li>  16 timers typisk driftslevetid<\/li>\n<li>  Valgfritt oppladbart batterisett<\/li>\n<li>  Laseretsede kontrollknapper<\/li>\n<li>  H\u00f8ykontrast\/bakgrunnsbelyst digital skjerm og tastatur<\/li>\n<li>  21 kanaler<\/li>\n<\/ul>\n","protected":false},"excerpt":{"rendered":"<p>SR203 VHF h\u00e5ndholdt overlevelsesradio er en FCC-godkjent enhet som er bygget for alle maritime applikasjoner. Den digitale skjermen og kontrollknappene er bakgrunnsbelyste, noe som gj\u00f8r enheten enkel \u00e5 bruke i m\u00f8rke omgivelser. Hvis du trenger hjelp, er SR203 VHF enkel \u00e5 bruke. N\u00e5r den er aktivert, stiller denne overlevelsesradioen seg automatisk inn p\u00e5 n\u00f8dkanal 16, og har en enkelt trykknapp slik at du raskt kan sende ut n\u00f8dmeldingen din. SR203 VHF har en batterilevetid p\u00e5 over 16 timer og oppfyller alle kravene i IMO.    <\/p>\n<p>&nbsp;<\/p>\n<p><strong>Dette produktet er ikke tilgjengelig for kommersielt salg.<\/strong><\/p>\n<p>&nbsp;<\/p>\n","protected":false},"featured_media":158520,"template":"","meta":{"_acf_changed":false,"om_disable_all_campaigns":false},"product_brand":[],"product_cat":[5865,5635,5862],"product_tag":[14090,14149,14139,14158,14128,14101,14028,14081,14046,14115,14036,14058,14167,14069],"class_list":{"0":"post-158232","1":"product","2":"type-product","3":"status-publish","4":"has-post-thumbnail","6":"product_cat-kommersiell-no-2","7":"product_cat-marine-no","8":"product_cat-offshore-no","9":"product_tag-anmeldelser-av-marin-vhf-radio","10":"product_tag-gmdss-overlevelsesradio-no","11":"product_tag-gmdss-vhf-radio-no","12":"product_tag-gmdss-godkjent-radio","13":"product_tag-handholdt-marin-vhf-radio-no","14":"product_tag-handholdt-vhf-radio-no","15":"product_tag-marin-vhf-radio-no","16":"product_tag-marin-vhf-radioantenne","17":"product_tag-marine-vhf-radioer-no","18":"product_tag-marine-vhf-radioer-til-salgs","19":"product_tag-vhf-marinradio-no","20":"product_tag-vhf-radio-no","21":"product_tag-vhf-radio-gmdss-no","22":"product_tag-vhf-radioer-no","23":"pa_boat-size-80-no","24":"pa_boat-type-charteryacht","25":"pa_boat-type-kommersielt-fiske","26":"pa_boat-type-lasteskip","27":"pa_boat-type-seilbat","28":"pa_boat-type-slepebat","29":"pa_boat-type-yacht-no","30":"pa_product-rescue-beacons-vhf-sart-no","32":"first","33":"instock","34":"taxable","35":"shipping-taxable","36":"product-type-simple"},"acf":[],"_links":{"self":[{"href":"https:\/\/www.acrartex.com\/no\/wp-json\/wp\/v2\/product\/158232","targetHints":{"allow":["GET"]}}],"collection":[{"href":"https:\/\/www.acrartex.com\/no\/wp-json\/wp\/v2\/product"}],"about":[{"href":"https:\/\/www.acrartex.com\/no\/wp-json\/wp\/v2\/types\/product"}],"wp:featuredmedia":[{"embeddable":true,"href":"https:\/\/www.acrartex.com\/no\/wp-json\/wp\/v2\/media\/158520"}],"wp:attachment":[{"href":"https:\/\/www.acrartex.com\/no\/wp-json\/wp\/v2\/media?parent=158232"}],"wp:term":[{"taxonomy":"product_brand","embeddable":true,"href":"https:\/\/www.acrartex.com\/no\/wp-json\/wp\/v2\/product_brand?post=158232"},{"taxonomy":"product_cat","embeddable":true,"href":"https:\/\/www.acrartex.com\/no\/wp-json\/wp\/v2\/product_cat?post=158232"},{"taxonomy":"product_tag","embeddable":true,"href":"https:\/\/www.acrartex.com\/no\/wp-json\/wp\/v2\/product_tag?post=158232"}],"curies":[{"name":"wp","href":"https:\/\/api.w.org\/{rel}","templated":true}]}}