{"id":157968,"date":"2021-04-09T11:18:09","date_gmt":"2021-04-09T16:18:09","guid":{"rendered":"https:\/\/www.acrartex.com\/products\/lnk-al15-flylokaliseringslys-tso-c85b\/"},"modified":"2021-04-09T11:18:09","modified_gmt":"2021-04-09T16:18:09","slug":"lnk-al15-flylokaliseringslys-tso-c85b","status":"publish","type":"product","link":"https:\/\/www.acrartex.com\/no\/products\/lnk-al15-flylokaliseringslys-tso-c85b\/","title":{"rendered":"LNK-AL15 Flylokaliseringslys (TSO-C85b)"},"content":{"rendered":"<p style=\"margin: 0in 0in 0.0001pt;\"><span style=\"font-size: 10pt;\"><span style=\"font-size: 11.0pt;\"><span style=\"background: white;\"><span style=\"color: black;\">LNK-AL15-lampen er tilgjengelig under de tre forskjellige delenumrene som er oppf\u00f8rt nedenfor, og som korresponderer med forskjellige ledningslengder. Muligheten til \u00e5 tilby flere ledningslengder gir st\u00f8rre fleksibilitet for forskjellige installasjonsscenarier. De tilgjengelige ledningslengdene for LNK-AL15 er 9&#8243;, 18&#8243; og 24&#8243;.    <\/span><\/span><\/span><\/span><\/p>\n<p>&nbsp;<\/p>\n<p style=\"margin: 0in 0in 0.0001pt;\"><span style=\"font-size: 10pt;\"><b><span style=\"font-size: 11.0pt;\">ACR -delenumre:<\/span><\/b><\/span><\/p>\n<p style=\"margin: 0in 0in 0.0001pt;\"><span style=\"font-size: 10pt;\"><span style=\"font-size: 11.0pt;\">1503023B \u2013 9\u201d (23 cm) ledningslengde<\/span><\/span><\/p>\n<p style=\"margin: 0in 0in 0.0001pt;\"><span style=\"font-size: 10pt;\"><span style=\"font-size: 11.0pt;\">1503046B \u2013 46 cm ledningslengde<\/span><\/span><\/p>\n<p style=\"margin: 0in 0in 0.0001pt;\"><span style=\"font-size: 10pt;\"><span style=\"font-size: 11.0pt;\">1503061B \u2013 61 cm ledningslengde<\/span><\/span><\/p>\n<p>&nbsp;<\/p>\n<p style=\"margin: 0in 0in 0.0001pt;\"><span style=\"font-size: 10pt;\"><b><span style=\"font-size: 12.0pt;\">Funksjoner og fordeler:<\/span><\/b><\/span><\/p>\n<ul>\n<li style=\"margin-right: 13.5pt; margin: 0in 0in 0.0001pt;\"><span style=\"font-size: 10pt;\"><span style=\"background: white;\"><span style=\"color: black;\"><span style=\"font-size: 11.0pt;\">TSO-C85b-godkjent lokaliseringslys for luftfart<\/span><\/span><\/span><\/span><\/li>\n<li style=\"margin-right: 13.5pt; margin: 0in 0in 0.0001pt;\"><span style=\"font-size: 10pt;\"><span style=\"background: white;\"><span style=\"color: black;\"><span style=\"font-size: 11.0pt;\">H\u00f8yeffektiv LED-p\u00e6re<\/span><\/span><\/span><\/span><\/li>\n<li style=\"margin-right: 13.5pt; margin: 0in 0in 0.0001pt;\"><span style=\"font-size: 10pt;\"><span style=\"background: white;\"><span style=\"font-size: 11.0pt;\"><span style=\"color: black;\">Enkel integrering av redningsvester<\/span><\/span><\/span><\/span><\/li>\n<li style=\"margin-right: 13.5pt; margin: 0in 0in 0.0001pt;\"><span style=\"font-size: 10pt;\"><span style=\"background: white;\"><span style=\"color: black;\"><span style=\"font-size: 11.0pt;\">Ultraliten og lett design<\/span><\/span><\/span><\/span><\/li>\n<li style=\"margin-right: 13.5pt; margin: 0in 0in 0.0001pt;\"><span style=\"font-size: 10pt;\"><span style=\"background: white;\"><span style=\"color: black;\"><span style=\"font-size: 11.0pt;\">Vannaktivert (ferskvann og saltvann)<\/span><\/span><\/span><\/span><\/li>\n<li style=\"margin-right: 13.5pt; margin: 0in 0in 0.0001pt;\"><span style=\"font-size: 10pt;\"><span style=\"background: white;\"><span style=\"color: black;\"><span style=\"font-size: 11.0pt;\">Ubegrenset batterilevetid*<\/span><\/span><\/span><\/span><\/li>\n<\/ul>\n<p><span style=\"font-size: 11.0pt;\"><span style=\"color: black;\">*Forutsatt at lys ikke ved et uhell kommer i kontakt med vann og lagres i henhold til angitte lagringskrav<\/span><\/span><\/p>\n","protected":false},"excerpt":{"rendered":"<p style=\"margin: 0in 0in 0.0001pt;\"><span style=\"font-size: 10pt;\"><span style=\"font-size: 11.0pt;\"><span style=\"background: white;\"><span style=\"color: black;\">LNK-AL15 er en FAA TSO-C85b-godkjent vannaktivert LED-overlevelseslokaliseringslampe som er godkjent for bruk p\u00e5 redningsvester eller redningsvester for \u00e5 indikere plasseringen av overlevende i vann som f\u00f8lge av en luftfartsrelatert ulykke. Lampe- og linsekombinasjonen til LNK-AL15 produserer et kraftig lys som varer i minst 8 timer etter aktivering med en minimum lysintensitet p\u00e5 1 cd. Gjennom hele levetiden vil lampen kontinuerlig avgi et stabilt hvitt lys for \u00e5 tydelig indikere en overlevendes plassering og \u00f8ke sannsynligheten for redning.    <strong>Pakket som 300 enheter per eske.<\/strong><\/span><\/span><\/span><\/span><\/p>\n<p><a href=\"sales@acrartex.com\">Be om et tilbud p\u00e5 en storbestilling<\/a><\/p>\n","protected":false},"featured_media":12512,"template":"","meta":{"_acf_changed":false,"om_disable_all_campaigns":false},"product_brand":[],"product_cat":[5879,5876,8433,5571],"product_tag":[13836,13819,13863,13852,13827,9839,13844],"class_list":{"0":"post-157968","1":"product","2":"type-product","3":"status-publish","4":"has-post-thumbnail","6":"product_cat-forretningsjet-no","7":"product_cat-generell-luftfart-no","8":"product_cat-kommersielle-fly","9":"product_cat-luftfart","10":"product_tag-flyoverlevelseslokaliseringslys","11":"product_tag-flyredningsvestlys","12":"product_tag-led-lys-for-overlevelseslokalisering-av-luftfart","13":"product_tag-led-redningslys","14":"product_tag-overlevendelokaliseringslys","15":"product_tag-redningslys-no-2","16":"product_tag-reservebatteridrevet-lys-for-overlevende-i-luftfart","17":"pa_aircraft-type-eksperimentell","18":"pa_aircraft-type-enkelt-motor-no","19":"pa_aircraft-type-flermotor","20":"pa_aircraft-type-lette-jetstraler","21":"pa_aircraft-type-mellomstore-jetfly","22":"pa_aircraft-type-passasjerfly","23":"pa_aircraft-type-passasjerfly-no","24":"pa_aircraft-type-rotocraft-no","25":"pa_aircraft-type-store-jetfly","26":"pa_aircraft-type-turboprop-no","28":"first","29":"instock","30":"taxable","31":"shipping-taxable","32":"purchasable","33":"product-type-variable"},"acf":[],"_links":{"self":[{"href":"https:\/\/www.acrartex.com\/no\/wp-json\/wp\/v2\/product\/157968","targetHints":{"allow":["GET"]}}],"collection":[{"href":"https:\/\/www.acrartex.com\/no\/wp-json\/wp\/v2\/product"}],"about":[{"href":"https:\/\/www.acrartex.com\/no\/wp-json\/wp\/v2\/types\/product"}],"wp:featuredmedia":[{"embeddable":true,"href":"https:\/\/www.acrartex.com\/no\/wp-json\/wp\/v2\/media\/12512"}],"wp:attachment":[{"href":"https:\/\/www.acrartex.com\/no\/wp-json\/wp\/v2\/media?parent=157968"}],"wp:term":[{"taxonomy":"product_brand","embeddable":true,"href":"https:\/\/www.acrartex.com\/no\/wp-json\/wp\/v2\/product_brand?post=157968"},{"taxonomy":"product_cat","embeddable":true,"href":"https:\/\/www.acrartex.com\/no\/wp-json\/wp\/v2\/product_cat?post=157968"},{"taxonomy":"product_tag","embeddable":true,"href":"https:\/\/www.acrartex.com\/no\/wp-json\/wp\/v2\/product_tag?post=157968"}],"curies":[{"name":"wp","href":"https:\/\/api.w.org\/{rel}","templated":true}]}}