{"id":157967,"date":"2021-04-09T11:18:50","date_gmt":"2021-04-09T16:18:50","guid":{"rendered":"https:\/\/www.acrartex.com\/products\/resqflare-elektronisk-led-nodsignal-for-bat\/"},"modified":"2025-11-26T03:34:54","modified_gmt":"2025-11-26T08:34:54","slug":"resqflare-elektronisk-led-nodsignal-for-bat","status":"publish","type":"product","link":"https:\/\/www.acrartex.com\/no\/products\/resqflare-elektronisk-led-nodsignal-for-bat\/","title":{"rendered":"ResQFlare \u2013 Elektronisk LED-n\u00f8dsignal for b\u00e5t"},"content":{"rendered":"<p><span style=\"font-size: 10pt;\"><span style=\"font-size: 11.0pt;\"><span style=\"background: white;\"><span style=\"color: black;\">ResQFlare er et USCG-godkjent elektronisk b\u00e5tblusssett som forenkler redning ved \u00e5 sende ut blinkkarakteristikken for den internasjonale morsekoden for SOS. ResQFlare h\u00f8yeffektive elektronikk gj\u00f8r at den kan opprettholde den USCG-krevde 75 cd peak-ekvivalente faste intensiteten i over 20 timer (mer enn 3 ganger lenger enn USCG-kravet for \u00e5 opprettholde dette lysintensitetsniv\u00e5et). Med sin brukerutskiftbare batteristr\u00f8mkilde (2 C-batterier) gir ResQFlare mange \u00e5rs tjeneste. Som et resultat er b\u00e5ter tryggere ved \u00e5 eliminere de vanlige ulempene med pyrotekniske b\u00e5tbluss, inkludert utl\u00f8psdatoer og strenge obligatoriske avhendingskrav.   <\/span><\/span><\/span><\/span><\/p>\n<h2 style=\"margin: 0in 0in 0.0001pt;\"><span style=\"font-size: 10pt;\"><b><span style=\"font-size: 12.0pt;\">Fordeler ResQFlare kontra tradisjonelle pyrotekniske b\u00e5tbluss:<\/span><\/b><\/span><\/h2>\n<ul>\n<li style=\"margin: 0in 0in 0.0001pt;\"><span style=\"font-size: 10pt;\"><span style=\"font-size: 11.0pt;\">Ingen utl\u00f8psdato<\/span><\/span><\/li>\n<li style=\"margin: 0in 0in 0.0001pt;\"><span style=\"font-size: 10pt;\"><span style=\"font-size: 11.0pt;\">Familiesikker (ingen brennende flamme)  <\/span><\/span><\/li>\n<li style=\"margin: 0in 0in 0.0001pt;\"><span style=\"font-size: 10pt;\"><span style=\"font-size: 11.0pt;\">Enkel \u00e5 betjene (slik at selv barn og f\u00f8rstegangsb\u00e5tfolk kan bruke den i n\u00f8dstilfeller)  <\/span><\/span><\/li>\n<li style=\"margin: 0in 0in 0.0001pt;\"><span style=\"font-size: 10pt;\"><span style=\"font-size: 11.0pt;\">Ingen problemer med de eksisterende strenge obligatoriske avhendingskravene for pyrotekniske bluss (lovlig ansett som farlig materiale)<\/span><\/span><\/li>\n<li style=\"margin: 0in 0in 0.0001pt;\"><span style=\"font-size: 10pt;\"><span style=\"font-size: 11.0pt;\">Vanntett og flytebestandig  <\/span><\/span><\/li>\n<li style=\"margin: 0in 0in 0.0001pt;\"><span style=\"font-size: 10pt;\"><span style=\"font-size: 11.0pt;\">Engangskj\u00f8p (mindre kostnad over produktets levetid)<\/span><\/span><\/li>\n<\/ul>\n<p style=\"margin: 0in 0in 0.0001pt;\"><span style=\"font-size: 10pt;\"><span style=\"font-size: 11.0pt;\"><span style=\"background: white;\"><span style=\"color: black;\">ResQFlare oppfyller kravene i USCG (46 CFR 161.013) og er klassifisert som et godkjent visuelt n\u00f8dsignal om natten. Siden et n\u00f8dflagg, som oppfyller kravene i 46 CFR 160.072, er inkludert i pakken med hver ResQFlare , f\u00e5r brukerne ogs\u00e5 et godkjent visuelt n\u00f8dsignal om dagen (kravet om \u00e5 b\u00e6re godkjente visuelle n\u00f8dsignaler om dagen og om natten finnes i 33 CFR del 175). <\/span><\/span><\/span><\/span><\/p>\n<p>&nbsp;<\/p>\n<p style=\"margin: 0in 0in 0.0001pt;\"><span style=\"font-size: 10pt;\"><span style=\"font-size: 11.0pt;\">Det medf\u00f8lgende n\u00f8dflagget tilbyr en rekke signalalternativer for dagslys. Flagget kan festes til masten eller heises til h\u00f8yest mulig punkt. Det kan ogs\u00e5 vises for h\u00e5nd, knyttes til og deretter viftes p\u00e5 gjenstander som en b\u00e5tkrok, padle eller fiskestang, eller det kan legges flatt p\u00e5 dekk for \u00e5 tiltrekke seg fly. Flagget skal kun brukes som dagsignal, og n\u00e5r det vises riktig, skal den svarte firkanten v\u00e6re over den svarte sirkelen.   <\/span><\/span><\/p>\n<p>&nbsp;<\/p>\n<p style=\"margin: 0in 0in 0.0001pt;\"><span style=\"font-size: 10pt;\"><span style=\"font-size: 11.0pt;\"><span style=\"background: white;\"><span style=\"color: black;\">Ved \u00e5 bruke ResQFlare og n\u00f8dflaggsettet sammen, slipper b\u00e5tf\u00f8rere kravet om tradisjonelle pyrotekniske bluss n\u00e5r de er p\u00e5 fart\u00f8y opptil 65 fot lange, i b\u00e5t p\u00e5 De store sj\u00f8er, innenfor 12 miles fra amerikanske farvann, eller p\u00e5 ethvert vann med en passasje til sj\u00f8en som er minst to miles bred. Fart\u00f8y under 16 fot er ikke p\u00e5lagt \u00e5 ha et visuelt n\u00f8dsignal om dagen, men m\u00e5 fortsatt ha et visuelt n\u00f8dsignal om natten. Dette gj\u00f8r ResQFlare til et mer enn levedyktig alternativ til pyrotekniske bluss ogs\u00e5 for fart\u00f8y av denne st\u00f8rrelsen.  <\/span><\/span><\/span><\/span><\/p>\n<p>&nbsp;<\/p>\n<p style=\"margin: 0in 0in 0.0001pt;\"><span style=\"font-size: 10pt;\"><span style=\"font-size: 11.0pt;\"><span style=\"background: white;\"><span style=\"color: black;\">Tilf\u00f8yelsen av ResQFlare til ACR serie med sikkerhetsutstyr for b\u00e5ter gir amerikanske fritidsb\u00e5tf\u00f8rere en omfattende n\u00f8dsignall\u00f8sning. N\u00e5r den kombineres med en <a href=\"https:\/\/www.acrartex.com\/products\/resqkit\/\">ACR EPIRB<\/a> eller <a href=\"https:\/\/www.acrartex.com\/products\/resqkit-pro-2357\/\">Personal Locator Beacon<\/a> , vet redningspersonell fra USCG ikke bare hvor du er i l\u00f8pet av minutter, men har ogs\u00e5 et visuelt referanselys \u00e5 se p\u00e5 fra opptil 9,6 kilometer unna. <\/span><\/span><\/span><\/span><\/p>\n<h2><span style=\"font-size: 10pt;\"><b><span style=\"font-size: 12.0pt;\">Produktegenskaper og fordeler:<\/span><\/b><\/span><\/h2>\n<ul>\n<li style=\"margin: 0in 0in 0.0001pt;\"><span style=\"font-size: 10pt;\"><span style=\"font-size: 11.0pt;\">ResQFlare og det inkluderte n\u00f8dflagget, n\u00e5r de b\u00e6res sammen, kvalifiserer som erstatning for b\u00e6ring av USCG pyrotekniske b\u00e5tbluss og b\u00e5tblusspistoler (kun USA)<\/span><\/span><\/li>\n<li style=\"margin-right: 13.5pt; margin: 0in 0in 0.0001pt;\"><span style=\"font-size: 10pt;\"><span style=\"background: white;\"><span style=\"color: black;\"><span style=\"font-size: 11.0pt;\">Sterkt lys i alle retninger (360\u00b0 synlighet)<\/span><\/span><\/span><\/span><\/li>\n<li style=\"margin-right: 13.5pt; margin: 0in 0in 0.0001pt;\"><span style=\"font-size: 10pt;\"><span style=\"background: white;\"><span style=\"color: black;\"><span style=\"font-size: 11.0pt;\">Lett og kompakt i st\u00f8rrelse<\/span><\/span><\/span><\/span><\/li>\n<li style=\"margin-right: 13.5pt; margin: 0in 0in 0.0001pt;\"><span style=\"font-size: 10pt;\"><span style=\"background: white;\"><span style=\"color: black;\"><span style=\"font-size: 11.0pt;\">Retter seg automatisk opp og flyter n\u00e5r den er i vannet<\/span> <span style=\"font-size: 11.0pt;\">(ingen oppdrifts-\/flytering n\u00f8dvendig)<\/span><\/span><\/span><\/span><\/li>\n<li style=\"margin: 0in 0in 0.0001pt;\"><span style=\"font-size: 10pt;\"><span style=\"font-size: 11.0pt;\">Synlig over 6 miles<\/span><\/span><\/li>\n<li style=\"margin: 0in 0in 0.0001pt;\"><span style=\"font-size: 10pt;\"><span style=\"font-size: 11.0pt;\"><span style=\"color: black;\">Brukerutskiftbare alkaliske C-cellebatterier (ikke inkludert)<\/span><\/span><\/span><\/li>\n<li style=\"margin: 0in 0in 0.0001pt;\"><span style=\"font-size: 10pt;\"><span style=\"font-size: 11.0pt;\">H\u00f8yintensitets-LED-strobe opprettholder en minimum <span style=\"background: white;\"><span style=\"color: black;\">toppekvivalent fast intensitet<\/span><\/span> p\u00e5 75 cd i 20 timer eller mer (romtemperatur)<\/span><\/span><\/li>\n<li style=\"margin: 0in 0in 0.0001pt;\"><span style=\"font-size: 10pt;\"><span style=\"font-size: 11.0pt;\">Levetiden p\u00e5 20 timer er over 3 ganger lengre enn USCG-kravet for \u00e5 opprettholde <span style=\"background: white;\"><span style=\"color: black;\">en tilsvarende fast intensitet<\/span><\/span> p\u00e5 75 cd.<\/span><\/span><\/li>\n<li style=\"margin: 0in 0in 0.0001pt;\"><span style=\"font-size: 10pt;\"><span style=\"font-size: 11.0pt;\">Slitesterk design: Brannbestandig, oljebestandig, soppbestandig og korrosjonsbestandig<\/span><\/span><\/li>\n<li style=\"margin: 0in 0in 0.0001pt;\"><span style=\"font-size: 10pt;\"><span style=\"font-size: 11.0pt;\">Vanntett (IP67)<\/span><\/span><\/li>\n<li style=\"margin: 0in 0in 0.0001pt;\"><span style=\"font-size: 10pt;\"><span style=\"font-size: 11.0pt;\">Sertifisert under USCG 161.013 som et visuelt n\u00f8dsignal om natten<\/span><\/span><\/li>\n<li style=\"margin: 0in 0in 0.0001pt;\"><span style=\"font-size: 10pt;\"><span style=\"font-size: 11.0pt;\">Inkluderer n\u00f8dflagg (sertifisert under USCG 160.072 som visuelt n\u00f8dsignal p\u00e5 dagtid)  <\/span><\/span><\/li>\n<\/ul>\n<h3 style=\"margin: 0in 0in 0.0001pt;\"><strong>ResQFlare i nyhetene:<\/strong><\/h3>\n<p><a href=\"https:\/\/www.sailingworld.com\/story\/gear\/safe-distress-flare-alternative\/\">Sailing World \u2013 et trygt alternativ til n\u00f8dbluss<\/a><\/p>\n<p><a href=\"https:\/\/www.greatlakesscuttlebutt.com\/news\/featured-news\/this-year-s-boating-finds\/\">Great Lakes Scuttlebutt \u2013 \u00e5rets b\u00e5tfunn<\/a><\/p>\n<p><a href=\"https:\/\/lakelandboating.com\/acr-electronics-introduces-new-alternative-to-pyrotechnic-flares\/\">Lakeland Boating \u2013 ACR Electronics introduserer nytt alternativ til pyrotekniske bluss<\/a><\/p>\n","protected":false},"excerpt":{"rendered":"<p><span style=\"font-size: 11.0pt;\"><span style=\"background: white;\"><span style=\"color: black;\">ACR ResQFlare er et h\u00f8yintensitets LED elektronisk n\u00f8dblusssett for b\u00e5ter. Kombinert med det medf\u00f8lgende n\u00f8dflagget er ResQFlare og flagget sertifisert for \u00e5 oppfylle gjeldende krav fra den amerikanske kystvakten, slik at de kan b\u00e6res i stedet for tradisjonelle pyrotekniske bluss for b\u00e5ter p\u00e5 de fleste fritidsb\u00e5ter. Som et praktisk alternativ til pyrotekniske bluss for b\u00e5ter eller blusspistoler for b\u00e5ter, gir ResQFlare 360\u00b0 sikt i over 9,6 km, og den effektive designen gir betydelig levetid (+20 timers brennetid), noe som \u00f8ker sjansene dine for overlevelse og redning drastisk.  <\/span><\/span><\/span><\/p>\n<p>https:\/\/www.youtube.com\/watch?v=AVNmWXIpSro&amp;lc=UgwVlLiY8UH7ddCAyoZ4AaABAg<\/p>\n<p><a href=\"https:\/\/www.dropbox.com\/s\/0ezw0kexbm120vv\/Prop%2065%20-%20Lead%20and%20Lead%20Compounds.pdf?dl=0\">ADVARSEL: FORSLAG 65<\/a><\/p>\n<p>&nbsp;<\/p>\n<p><strong>MERK: ResQFlare (modell: LNK-ERS1) er oppf\u00f8rt p\u00e5 nettstedet til den amerikanske kystvakten som ACR ResQFlare (modell LNK-ERS1). <a href=\"https:\/\/www.dropbox.com\/scl\/fi\/y2nf76hvxhmy9t4bxljnf\/USCG-Approved-Equipment-Details-Page_ResQFlare.pdf?rlkey=ash5nle98cfnrpnmr8jcizp8a&amp;st=i6dizypz&amp;dl=1\">Klikk p\u00e5 denne lenken<\/a> for \u00e5 se ACR ResQFlare listen p\u00e5 den amerikanske kystvaktens godkjente utstyrsliste.<\/strong><\/p>\n","protected":false},"featured_media":164583,"template":"","meta":{"_acf_changed":false,"om_disable_all_campaigns":false},"product_brand":[],"product_cat":[5858,5635,5860,5862,5873,5686],"product_tag":[12091,12107,12023,12037,12183,12010,11998,12154,12140,12061,12128,12049,13814,13824,12163,12173,12120],"class_list":{"0":"post-157967","1":"product","2":"type-product","3":"status-publish","4":"has-post-thumbnail","6":"product_cat-inn-i-landet-no","7":"product_cat-marine-no","8":"product_cat-naer-kysten","9":"product_cat-offshore-no","10":"product_cat-padlesport-fiske","11":"product_cat-utendors","12":"product_tag-batbluss","13":"product_tag-batbluss-no","14":"product_tag-bluss","15":"product_tag-bluss-no","16":"product_tag-blusspistol","17":"product_tag-e-flare-no","18":"product_tag-elektronisk-bluss","19":"product_tag-handholdt-bluss","20":"product_tag-led-bluss","21":"product_tag-led-nodlys-no","22":"product_tag-marin-bluss","23":"product_tag-nodbluss","24":"product_tag-nodbluss-no-2","25":"product_tag-orion-bluss","26":"product_tag-rodt-bluss","27":"product_tag-roykbluss","28":"product_tag-signalbluss","29":"pa_activity-fiske","30":"pa_activity-padlesport","31":"pa_boat-size-0-20-no","32":"pa_boat-size-21-40-no","33":"pa_boat-size-40-80-no","34":"pa_boat-type-charteryacht","35":"pa_boat-type-kommersielt-fiske","36":"pa_boat-type-motorbat-no","37":"pa_boat-type-seilbat","38":"pa_boat-type-slepebat","39":"pa_boat-type-sportcraft-no","40":"pa_boat-type-yacht-no","41":"pa_terrain-elver-vatmarker-innsjoer","43":"first","44":"instock","45":"taxable","46":"shipping-taxable","47":"purchasable","48":"product-type-simple"},"acf":[],"_links":{"self":[{"href":"https:\/\/www.acrartex.com\/no\/wp-json\/wp\/v2\/product\/157967","targetHints":{"allow":["GET"]}}],"collection":[{"href":"https:\/\/www.acrartex.com\/no\/wp-json\/wp\/v2\/product"}],"about":[{"href":"https:\/\/www.acrartex.com\/no\/wp-json\/wp\/v2\/types\/product"}],"wp:featuredmedia":[{"embeddable":true,"href":"https:\/\/www.acrartex.com\/no\/wp-json\/wp\/v2\/media\/164583"}],"wp:attachment":[{"href":"https:\/\/www.acrartex.com\/no\/wp-json\/wp\/v2\/media?parent=157967"}],"wp:term":[{"taxonomy":"product_brand","embeddable":true,"href":"https:\/\/www.acrartex.com\/no\/wp-json\/wp\/v2\/product_brand?post=157967"},{"taxonomy":"product_cat","embeddable":true,"href":"https:\/\/www.acrartex.com\/no\/wp-json\/wp\/v2\/product_cat?post=157967"},{"taxonomy":"product_tag","embeddable":true,"href":"https:\/\/www.acrartex.com\/no\/wp-json\/wp\/v2\/product_tag?post=157967"}],"curies":[{"name":"wp","href":"https:\/\/api.w.org\/{rel}","templated":true}]}}