{"id":157890,"date":"2021-04-09T11:17:38","date_gmt":"2021-04-09T16:17:38","guid":{"rendered":"https:\/\/www.acrartex.com\/products\/wi-fi-fjernkontrollmodul\/"},"modified":"2021-04-09T11:17:38","modified_gmt":"2021-04-09T16:17:38","slug":"wi-fi-fjernkontrollmodul","status":"publish","type":"product","link":"https:\/\/www.acrartex.com\/no\/products\/wi-fi-fjernkontrollmodul\/","title":{"rendered":"Wi-Fi-fjernkontrollmodul"},"content":{"rendered":"<p>For \u00e5 kontrollere og betjene Wi-Fi-modulen trenger du:<\/p>\n<ul>\n<li>Passer til iOS- eller Android-smarttelefon eller nettbrett<\/li>\n<li>Ekstern GPS hvis du \u00f8nsker \u00e5 vise posisjonsdata p\u00e5 en iPad eller annen mobil enhet med kun Wi-Fi uten intern GPS<\/li>\n<\/ul>\n<p>Wi-Fi-modulen har en integrert str\u00f8m-\/datakabel med fire ledninger. Funksjonen til hver ledning vises p\u00e5 produktetiketten. Wi-Fi-modulen har en NMEA0183-inngang som lar en ekstern GPS gi posisjonsinformasjon for visning i ACR Searchlight-appen. Dette er spesielt nyttig hvis mobilenheten ikke har en intern GPS , for eksempel en iPad med kun Wi-Fi. Hvis ingen ekstern GPS er koblet til, vil appen automatisk bruke mobilenhetens interne GPS , og hvis denne ikke er tilgjengelig, vil ingen posisjon vises i ACR Searchlight-appen.    <\/p>\n<p>&nbsp;<\/p>\n<h3>Installasjonsinstruksjoner for mobilapper:<\/h3>\n<p><em><strong>iOS \u2013 G\u00e5 til Apple App Store, s\u00f8k etter \u00ab ACR Searchlight\u00bb og last ned gratisappen.<\/strong><\/em><\/p>\n<p><em><strong>Android \u2013 Som vist p\u00e5 skjermbildet nedenfor, g\u00e5 til innstillingsskjermen \u00abL\u00e5seskjerm og sikkerhet\u00bb p\u00e5 mobilenheten du \u00f8nsker \u00e5 bruke til \u00e5 kontrollere s\u00f8kelyset ditt, velg alternativet for \u00e5 tillate installasjon av apper fra \u00abUkjente kilder\u00bb og klikk p\u00e5 \u00abOK\u00bb. Etter at du har fullf\u00f8rt disse trinnene, <a href=\"https:\/\/www.dropbox.com\/scl\/fi\/7vf72mbbatofnee3bw3mx\/ACR_searchlight_release.apk?rlkey=codcu1zvl5yhy7bryqn29e8pv&amp;dl=1\">klikker du her<\/a> for \u00e5 installere ACR Searchlight-mobilappen p\u00e5 enheten din. <\/strong><\/em><\/p>\n<p><a href=\"https:\/\/www.acrartex.com\/wp-content\/uploads\/2021\/03\/Android-Searchlight-App_Download-Instructions.png\"><img loading=\"lazy\" decoding=\"async\" class=\" wp-image-83080 aligncenter\" src=\"https:\/\/www.acrartex.com\/wp-content\/uploads\/2021\/03\/Android-Searchlight-App_Download-Instructions-300x265.png\" alt=\"\" width=\"317\" height=\"280\" srcset=\"https:\/\/www.acrartex.com\/wp-content\/uploads\/2021\/03\/Android-Searchlight-App_Download-Instructions-300x265.png 300w, https:\/\/www.acrartex.com\/wp-content\/uploads\/2021\/03\/Android-Searchlight-App_Download-Instructions.png 446w\" sizes=\"auto, (max-width: 317px) 100vw, 317px\" \/><\/a><\/p>\n<p>&nbsp;<\/p>\n<p>&nbsp;<\/p>\n","protected":false},"excerpt":{"rendered":"<p>Denne Wi-Fi-fjernkontrollmodulen gir deg fleksibiliteten til \u00e5 kontrollere RCL -100LED og RCL -100D direkte fra mobiltelefonen din.<\/p>\n<p><strong>Merk: ACR Searchlight-appen er tilgjengelig for iOS og Android. Se fanen \u00abBeskrivelse\u00bb nedenfor for instruksjoner om hvordan du installerer appen p\u00e5 mobilenheten din. <\/strong><\/p>\n<p>&nbsp;<\/p>\n<p><a href=\"https:\/\/www.dropbox.com\/s\/ezakylsa2478sav\/Prop%2065%20-%20DINP%20and%20BPA.pdf?dl=0\">ADVARSEL: FORSLAG 65<\/a><\/p>\n<p>&nbsp;<\/p>\n<p><span style=\"color: #e74c3c;\">KODE: <strong>SHIPFREE20<\/strong> Gratis bakkefrakt p\u00e5 bestillinger over U$30. Gjelder ikke HI og AK <\/span><\/p>\n<p>&nbsp;<\/p>\n","protected":false},"featured_media":157971,"template":"","meta":{"_acf_changed":false,"om_disable_all_campaigns":false},"product_brand":[],"product_cat":[5858,5635,5860,5862,7122],"product_tag":[13808,13815,7728,13795,7133,13786,13778,7129,7139,13803],"class_list":{"0":"post-157890","1":"product","2":"type-product","3":"status-publish","4":"has-post-thumbnail","6":"product_cat-inn-i-landet-no","7":"product_cat-marine-no","8":"product_cat-naer-kysten","9":"product_cat-offshore-no","10":"product_cat-sokelys","11":"product_tag-9602-no","12":"product_tag-acr-100-d-no","13":"product_tag-acr-rcl-100-led-no","14":"product_tag-acr-sokelykt","15":"product_tag-batsokelys","16":"product_tag-marin-sokelykt","17":"product_tag-militaer","18":"product_tag-sokelys-no","19":"product_tag-sokelysselskap","20":"product_tag-wifi-kontrollmodul","21":"pa_boat-size-21-40-no","22":"pa_boat-size-40-80-no","23":"pa_product-arv-no","25":"first","26":"instock","27":"taxable","28":"shipping-taxable","29":"product-type-simple"},"acf":[],"_links":{"self":[{"href":"https:\/\/www.acrartex.com\/no\/wp-json\/wp\/v2\/product\/157890","targetHints":{"allow":["GET"]}}],"collection":[{"href":"https:\/\/www.acrartex.com\/no\/wp-json\/wp\/v2\/product"}],"about":[{"href":"https:\/\/www.acrartex.com\/no\/wp-json\/wp\/v2\/types\/product"}],"wp:featuredmedia":[{"embeddable":true,"href":"https:\/\/www.acrartex.com\/no\/wp-json\/wp\/v2\/media\/157971"}],"wp:attachment":[{"href":"https:\/\/www.acrartex.com\/no\/wp-json\/wp\/v2\/media?parent=157890"}],"wp:term":[{"taxonomy":"product_brand","embeddable":true,"href":"https:\/\/www.acrartex.com\/no\/wp-json\/wp\/v2\/product_brand?post=157890"},{"taxonomy":"product_cat","embeddable":true,"href":"https:\/\/www.acrartex.com\/no\/wp-json\/wp\/v2\/product_cat?post=157890"},{"taxonomy":"product_tag","embeddable":true,"href":"https:\/\/www.acrartex.com\/no\/wp-json\/wp\/v2\/product_tag?post=157890"}],"curies":[{"name":"wp","href":"https:\/\/api.w.org\/{rel}","templated":true}]}}