{"id":157681,"date":"2021-08-04T13:32:16","date_gmt":"2021-08-04T18:32:16","guid":{"rendered":"https:\/\/www.acrartex.com\/products\/aquafix-plb-200-201\/"},"modified":"2021-08-04T13:32:16","modified_gmt":"2021-08-04T18:32:16","slug":"aquafix-plb-200-201","status":"publish","type":"product","link":"https:\/\/www.acrartex.com\/no\/products\/aquafix-plb-200-201\/","title":{"rendered":"AquaFix ( PLB -200\/201)"},"content":{"rendered":"<p><a href=\"https:\/\/www.acrartex.com\/sv\/products\/resqlink-400-personal-locator-beacon\/\"><span style=\"color: #3366ff;\"><strong>Dette produktet har blitt oppgradert.<\/strong><\/span><\/a><\/p>\n<div>Ulykker skjer hver dag p\u00e5 vannet, enten b\u00e5ten din g\u00e5r ned, det er mann over bord, eller en storm har satt b\u00e5ten ut av spill. P\u00e5 vannet kan en hverdagsulykke umiddelbart bli en livstruende situasjon hvis du ikke er forberedt. <\/div>\n<div><\/div>\n<div>Hvorfor vente i dagevis og v\u00e6re strandet i h\u00e5p om at noen skal finne deg? Gi deg selv full kontroll med AquaFix\u2122 406 GPS PLB . N\u00e5 kan du gj\u00f8re den livstruende situasjonen om til en vellykket redningshistorie. Det er like enkelt som \u00e5 trykke p\u00e5 en knapp, og med en intern GPS mottaker (P\/N 2797.4NH) vil AquaFix\u2122 innhente GPS posisjonen din og overf\u00f8re den sammen med din personlige identifikasjonskode via COSPAS-SARSAT-satellittene, slik at SAR-styrkene umiddelbart blir varslet om at du trenger hjelp!   <\/div>\n<div><\/div>\n<div>AquaFix\u2122 fungerer raskt. Hvis GPS data er tilstede i det f\u00f8rste utbruddet av fyrlykten, kan SAR-styrker varsles og begynne \u00e5 planlegge redningsaksjonen p\u00e5 s\u00e5 lite som tre minutter. V\u00e6r ansvarlig, v\u00e6r forberedt, v\u00e6r trygg. <\/div>\n","protected":false},"excerpt":{"rendered":"<p><span style=\"color: #3366ff;\"><strong>Dette produktet har blitt oppgradert. <a href=\"https:\/\/www.acrartex.com\/products\/resqlink-400\/\">Klikk her<\/a> for tilgjengelige oppgraderinger<\/strong><\/span><\/p>\n<p> AquaFix\u2122 Personal Locator Beacon eller PLB sender p\u00e5 406 MHz via COSPAS-SARSAT satellittsystem med ditt registrerte unike, digitalt kodede n\u00f8dsignal og 121,5 MHz SAR lokal m\u00e5ls\u00f8kingsfrekvens.<\/p>\n<p style=\"margin-left: 0in; margin-right: 0in;\">\n","protected":false},"featured_media":157750,"template":"","meta":{"_acf_changed":false,"om_disable_all_campaigns":false},"product_brand":[],"product_cat":[5635,5686],"product_tag":[13691,13710,13695,13700,13706,5577,5705,13677,13670,13682,13688,5697,6149,5693,5689,13452,13457,5710],"class_list":{"0":"post-157681","1":"product","2":"type-product","3":"status-publish","4":"has-post-thumbnail","6":"product_cat-marine-no","7":"product_cat-utendors","8":"product_tag-2797-no","9":"product_tag-27974nh","10":"product_tag-2797-2-no","11":"product_tag-2797-2nh-no","12":"product_tag-2797-4-no","13":"product_tag-406-no","14":"product_tag-akva","15":"product_tag-aqua-fix-no","16":"product_tag-aquafix-no","17":"product_tag-aquafix-i-no","18":"product_tag-aquafix-i-o-no","19":"product_tag-gps-en","20":"product_tag-nodlokalisering-no","21":"product_tag-personlig-lokaliseringsfyr","22":"product_tag-plb-no","23":"product_tag-plb-200-no","24":"product_tag-plb-201-no","25":"product_tag-vann","26":"pa_product-arv-no","28":"first","29":"outofstock","30":"taxable","31":"shipping-taxable","32":"product-type-simple"},"acf":[],"_links":{"self":[{"href":"https:\/\/www.acrartex.com\/no\/wp-json\/wp\/v2\/product\/157681","targetHints":{"allow":["GET"]}}],"collection":[{"href":"https:\/\/www.acrartex.com\/no\/wp-json\/wp\/v2\/product"}],"about":[{"href":"https:\/\/www.acrartex.com\/no\/wp-json\/wp\/v2\/types\/product"}],"wp:featuredmedia":[{"embeddable":true,"href":"https:\/\/www.acrartex.com\/no\/wp-json\/wp\/v2\/media\/157750"}],"wp:attachment":[{"href":"https:\/\/www.acrartex.com\/no\/wp-json\/wp\/v2\/media?parent=157681"}],"wp:term":[{"taxonomy":"product_brand","embeddable":true,"href":"https:\/\/www.acrartex.com\/no\/wp-json\/wp\/v2\/product_brand?post=157681"},{"taxonomy":"product_cat","embeddable":true,"href":"https:\/\/www.acrartex.com\/no\/wp-json\/wp\/v2\/product_cat?post=157681"},{"taxonomy":"product_tag","embeddable":true,"href":"https:\/\/www.acrartex.com\/no\/wp-json\/wp\/v2\/product_tag?post=157681"}],"curies":[{"name":"wp","href":"https:\/\/api.w.org\/{rel}","templated":true}]}}