{"id":157578,"date":"2021-07-29T17:07:01","date_gmt":"2021-07-29T22:07:01","guid":{"rendered":"https:\/\/www.acrartex.com\/products\/globalfix-rlb-35\/"},"modified":"2021-07-29T17:07:01","modified_gmt":"2021-07-29T22:07:01","slug":"globalfix-rlb-35","status":"publish","type":"product","link":"https:\/\/www.acrartex.com\/no\/products\/globalfix-rlb-35\/","title":{"rendered":"GlobalFix RLB-35"},"content":{"rendered":"<p><a href=\"https:\/\/www.acrartex.com\/products\/globalfix-v5-ais-epirb\/\"><em><strong>Dette produktet har blitt oppgradert.<\/strong><\/em><\/a><\/p>\n<div data-canvas-width=\"547.4670718954251\">\n<div data-canvas-width=\"539.4155986928106\">FastACQ\u2122 GPS motoren registrerer LAT\/LON bedre fra kaldstart enn vanlige GPS motorer.<\/div>\n<div data-canvas-width=\"371.07709150326815\"><\/div>\n<div data-canvas-width=\"371.07709150326815\">FastACQ\u2122 GPS er p\u00e5 i opptil 25 minutter i l\u00f8pet av de f\u00f8rste 45 minuttene av driften.<\/div>\n<div data-canvas-width=\"516.3214869281046\"><\/div>\n<div data-canvas-width=\"516.3214869281046\">Patentert propriet\u00e6r elektronikkpakke gir st\u00f8rre frekvensstabilitet for mest mulig n\u00f8yaktig posisjonering gjennom LEOSAR-satellittene. 100 m (110 yards) GPS posisjonsn\u00f8yaktighet, optimalt muliggjort av COSPAS-SARSAT. <\/div>\n<div data-canvas-width=\"482.5856732026145\"><\/div>\n<div data-canvas-width=\"482.5856732026145\">Kun EPIRB tilgjengelig som tilbyr en GPS innsamlingstest, en full funksjonell selvtest av interne kretser og batterispenningstest.<\/div>\n<div data-canvas-width=\"482.5856732026145\"><\/div>\n<div data-canvas-width=\"482.5856732026145\">Kategori 1: Fullstendig lukket, UV-stabilisert polyetylen med h\u00f8y tetthet<\/div>\n<div data-canvas-width=\"474.1053562091504\">brakett med hydrostatisk utl\u00f8sning. T\u00e5ler ekstremt krevende milj\u00f8er. Hydrostatisk utl\u00f8sning aktiverer automatisk EPIRB hvis fart\u00f8yet synker til omtrent 4 m (13 fot).  <\/div>\n<div data-canvas-width=\"506.93075816993485\">Kategori 2: Universell Low Pro2-brakett; inkluderer skott- og skinnemonteringsalternativ.<\/div>\n<div data-canvas-width=\"506.93075816993485\"><\/div>\n<div data-canvas-width=\"547.7559820261438\">Sender p\u00e5 406 MHz (COSPAS-SARSAT) med ditt registrerte, digitalt kodede n\u00f8dsignal og 121,5 MHz (SAR-hjems\u00f8kingsfrekvens).<\/div>\n<\/div>\n","protected":false},"excerpt":{"rendered":"<p><em><strong>Dette produktet har blitt oppgradert. <a href=\"https:\/\/www.acrartex.com\/products\/globalfix-v5-ais-epirb\/\">Klikk her<\/a> for tilgjengelig produktoppgradering.<\/strong><\/em><\/p>\n<div data-canvas-width=\"547.4670718954251\">Uansett hva slags b\u00e5tliv du driver med, skjer det ulykker p\u00e5 vannet hver dag. N\u00e5r situasjonen blir verre, s\u00f8rg for at du er forberedt! <\/div>\n<div data-canvas-width=\"496.097777777778\">Det ultimate innen marin livreddende teknologi er n\u00e5 lett tilgjengelig. Slipp l\u00f8s kraften til GlobalFix \u2122 406 MHz GPS EPIRB og forvandle den livstruende situasjonen til en vellykket redningshistorie. <\/div>\n<div data-canvas-width=\"141.5316320261438\">Det er like enkelt som \u00e5 sl\u00e5 p\u00e5 en bryter, og med en intern GPS mottaker vil GlobalFix \u2122 innhente GPS posisjonen din og overf\u00f8re den sammen med din personlige identifikasjonskode via SARSAT-satellittene, slik at SAR-styrker umiddelbart varsles om at du trenger hjelp!<\/div>\n<div data-canvas-width=\"133.5515816993464\">GlobalFix fungerer raskt. N\u00e5r GPS data er tilstede i beacons f\u00f8rste utbrudd, kan SAR-styrker varsles og begynne \u00e5 planlegge redningen p\u00e5 s\u00e5 lite som tre minutter. GlobalFix er uavhengig testet i virkelige scenarier og overgikk alle andre 406 MHz EPIRB-er p\u00e5 markedet. <\/div>\n<p>&nbsp;<\/p>\n<p>&nbsp;<\/p>\n","protected":false},"featured_media":157630,"template":"","meta":{"_acf_changed":false,"om_disable_all_campaigns":false},"product_brand":[],"product_cat":[5635],"product_tag":[13621,13625,13631,13636,5640,5653,5648,5665,5643,13647,13642],"class_list":{"0":"post-157578","1":"product","2":"type-product","3":"status-publish","4":"has-post-thumbnail","6":"product_cat-marine-no","7":"product_tag-2742-no","8":"product_tag-2742nh-no","9":"product_tag-2744-no","10":"product_tag-2744nh-no","11":"product_tag-epirb-no","12":"product_tag-global-losning-no","13":"product_tag-globalfix-no","14":"product_tag-gpirb-no","15":"product_tag-nodsignal-no","16":"product_tag-rlb-35-no","17":"product_tag-rlb35-no","18":"pa_product-arv-no","20":"first","21":"outofstock","22":"taxable","23":"shipping-taxable","24":"product-type-simple"},"acf":[],"_links":{"self":[{"href":"https:\/\/www.acrartex.com\/no\/wp-json\/wp\/v2\/product\/157578","targetHints":{"allow":["GET"]}}],"collection":[{"href":"https:\/\/www.acrartex.com\/no\/wp-json\/wp\/v2\/product"}],"about":[{"href":"https:\/\/www.acrartex.com\/no\/wp-json\/wp\/v2\/types\/product"}],"wp:featuredmedia":[{"embeddable":true,"href":"https:\/\/www.acrartex.com\/no\/wp-json\/wp\/v2\/media\/157630"}],"wp:attachment":[{"href":"https:\/\/www.acrartex.com\/no\/wp-json\/wp\/v2\/media?parent=157578"}],"wp:term":[{"taxonomy":"product_brand","embeddable":true,"href":"https:\/\/www.acrartex.com\/no\/wp-json\/wp\/v2\/product_brand?post=157578"},{"taxonomy":"product_cat","embeddable":true,"href":"https:\/\/www.acrartex.com\/no\/wp-json\/wp\/v2\/product_cat?post=157578"},{"taxonomy":"product_tag","embeddable":true,"href":"https:\/\/www.acrartex.com\/no\/wp-json\/wp\/v2\/product_tag?post=157578"}],"curies":[{"name":"wp","href":"https:\/\/api.w.org\/{rel}","templated":true}]}}