{"id":157527,"date":"2021-06-21T15:30:55","date_gmt":"2021-06-21T20:30:55","guid":{"rendered":"https:\/\/www.acrartex.com\/products\/bivy-stick-satellittkommunikator\/"},"modified":"2026-03-06T09:27:05","modified_gmt":"2026-03-06T14:27:05","slug":"bivy-stick-satellittkommunikator","status":"publish","type":"product","link":"https:\/\/www.acrartex.com\/no\/products\/bivy-stick-satellittkommunikator\/","title":{"rendered":"Bivy Stick \u2013 Satellittkommunikator"},"content":{"rendered":"<p><span style=\"font-weight: 400;\">Hold deg tilkoblet og trygg hvor som helst p\u00e5 jorden med<\/span> <b>Bivy Stick<\/b> <span style=\"font-weight: 400;\">\u2013 en kompakt og kraftig enhet som forvandler smarttelefonen din til en<\/span> <b>global satellittkommunikator.<\/b><span style=\"font-weight: 400;\">. Drevet av  <\/span>Bivy Stick, et <b>Iridium-satellittnettverk<\/b> <span style=\"font-weight: 400;\">Bivy sikrer<\/span> <b>100 % global dekning<\/b> <span style=\"font-weight: 400;\">, selv i de mest avsidesliggende og robuste milj\u00f8ene.<\/span><\/p>\n<p><span style=\"font-weight: 400;\">Bivy Stick er designet for eventyrere, oppdagelsesreisende og beredskapspersonell, og muliggj\u00f8r<\/span> <b>toveis satellittmeldinger<\/b> <span style=\"font-weight: 400;\">,<\/span> <b>deling av GPS posisjon<\/b> <span style=\"font-weight: 400;\">og<\/span> <b>v\u00e6roppdateringer.<\/b><span style=\"font-weight: 400;\">\u2013 alt tilgjengelig via Bivy -appen p\u00e5 iOS eller Android. Dens unike   <\/span><b>GroupTrack\u2122-funksjonen<\/b> <span style=\"font-weight: 400;\">lar deg sende meldinger til og spore opptil<\/span> <b>12 Bivy Stick-brukere<\/b> <span style=\"font-weight: 400;\">samtidig, noe som gj\u00f8r det enkelt for team, guider og familier \u00e5 holde kontakten og v\u00e6re synlige p\u00e5 et delt gruppekart.<\/span><\/p>\n<p><span style=\"font-weight: 400;\">I en n\u00f8dsituasjon trykker du bare p\u00e5 den dedikerte<\/span> <b>SOS-knappen<\/b> for \u00e5 varsle <b>Global Rescue<\/b> <span style=\"font-weight: 400;\">umiddelbart<\/span> <span style=\"font-weight: 400;\">, slik at du<\/span> <b>har tilgang til n\u00f8dtjenester d\u00f8gnet rundt.<\/b><span style=\"font-weight: 400;\">\u2013 hvor som helst i verden. Enten du laster ned offline kart, navigerer p\u00e5 ukjente stier eller sjekker innom med dine kj\u00e6re, gir Bivy Stick trygghet og viktig kommunikasjon n\u00e5r det gjelder som mest. <\/span><\/p>\n<p><b>Bivy -appens rolle<\/b><\/p>\n<p><span style=\"font-weight: 400;\">Oppdag over<\/span> <b>50 000 utend\u00f8rseventyr<\/b><span style=\"font-weight: 400;\">  med Bivy -appen \u2013 ditt alt-i-ett-verkt\u00f8y for \u00e5 utforske naturen. Enten du liker \u00e5 g\u00e5 turer, sykle, padle, klatre eller noen av appens   <\/span>Bivy <b>st\u00f8tter 20 eventyrtyper<\/b> <span style=\"font-weight: 400;\">Bivy hjelper deg med \u00e5 finne det perfekte stedet og navigere det med selvtillit.<\/span><\/p>\n<p><span style=\"font-weight: 400;\">Spor<\/span> <b>tempo, kj\u00f8relengde og h\u00f8yde<\/b><span style=\"font-weight: 400;\">, og mer mens du utforsker, og loggf\u00f8r hver reise for \u00e5 holde en personlig oversikt over eventyrene dine. Med tilgang til   <\/span><b>Med detaljerte globale offline-kart<\/b> <span style=\"font-weight: 400;\">vet du alltid n\u00f8yaktig hvor du er, selv uten mobildekning.<\/span><\/p>\n<p><span style=\"font-weight: 400;\">Sammen med ACR<\/span> <b>Bivy Stick<\/b> <span style=\"font-weight: 400;\">kombinerer Bivy -appen navigasjon, tursporing og<\/span> <b>p\u00e5litelig satellittkommunikasjon<\/b> <span style=\"font-weight: 400;\">, noe som gir<\/span> <b>rimelig sikkerhet og trygghet<\/b> <span style=\"font-weight: 400;\">for alle, fra helgeutforskere til erfarne profesjonelle.<\/span><\/p>\n<p><b>Funksjoner og fordeler:<\/b><\/p>\n<ul>\n<li><b>P\u00e5litelig toveismeldinger<\/b> <span style=\"font-weight: 400;\">:<\/span> <span style=\"font-weight: 400;\">Hold kontakten utover mobildekning med toveis tekstmeldinger via det globale Iridium\u00ae-satellittnettverket.<\/span><\/li>\n<li><b>Dedikert telefonnummer og e-post<\/b> <span style=\"font-weight: 400;\">: Send melding med ditt eget telefonnummer og e-post for s\u00f8ml\u00f8s kommunikasjon.<\/span><span style=\"font-weight: 400;\"><br \/>\n<\/span><\/li>\n<li><b>Gruppemeldinger og sporing med GroupTrack\u2122<\/b> <span style=\"font-weight: 400;\">:<\/span> <span style=\"font-weight: 400;\">  Kommuniser og del posisjoner med opptil 12 Bivy Stick-brukere. Venner og familie kan overv\u00e5ke reisen din og bli med i gruppechatter via en delt nettside. <\/span><\/li>\n<li><b>Ubegrensede tilpassede innsjekkinger<\/b><span style=\"font-weight: 400;\">Send GPS -innsjekkingsmeldinger med din n\u00f8yaktige posisjon. Ubegrensede innsjekkinger er inkludert i et abonnement.* <\/span><span style=\"font-weight: 400;\"><br \/>\n<\/span><\/li>\n<li><b>Sporing og posisjonsdeling i sanntid<\/b> <span style=\"font-weight: 400;\">: Nettsiden for posisjonsdeling viser innsjekkingssporet ditt, meldingshistorikk med svar og delte spor \u2013 alt p\u00e5 ett sted.<\/span><span style=\"font-weight: 400;\"><br \/>\n<\/span><\/li>\n<li><b>D\u00f8gn\u00e5pen SOS-overv\u00e5king fra Global Rescue\u2122<\/b> <span style=\"font-weight: 400;\">:<\/span> <span style=\"font-weight: 400;\">Aktiver n\u00f8dvarsler via appen eller enhetens SOS-knapp. Kommuniser direkte med n\u00f8detatene, og SOS-varsler kan avbrytes via enheten eller telefonen. <\/span><\/li>\n<li><b>Avanserte navigasjons- og eventyrverkt\u00f8y<\/b> <span style=\"font-weight: 400;\">:<\/span> <span style=\"font-weight: 400;\">Last ned offline-kart og utforsk tusenvis av eventyr innsendt av fellesskapet, inkludert turstier, klatringer og vannveier.<\/span><\/li>\n<li><b>Robust og vanntett design<\/b> <span style=\"font-weight: 400;\">:<\/span> <span style=\"font-weight: 400;\">Med en IPX7-vurdering<\/span><\/li>\n<li><b>GoPro-kompatibel<\/b> <span style=\"font-weight: 400;\">: Fullt kompatibel med GoPro-fester og inkluderer en GoPro-tilbeh\u00f8rsadapter for enkel integrering.<\/span><\/li>\n<li><b>Komplett sett inkludert \u2013<\/b> <span style=\"font-weight: 400;\">Leveres med USB-C-ladekabel, karabinkrok, snor, hurtigstartveiledning og GoPro-adapter \u2013 alt du trenger for \u00e5 komme i gang.<\/span><\/li>\n<li><b>Laget i USA \u2013<\/b> <span style=\"font-weight: 400;\">Dekket av 1 \u00e5rs produsentgaranti for trygghet.<\/span><\/li>\n<li>* <a href=\"https:\/\/bivystick.com\/plans\/\" data-cke-saved-href=\"https:\/\/www.bivy.com\/data-plans\">M\u00e5nedlig abonnement kreves<\/a> . Se produsentens nettsted for detaljer.<\/li>\n<\/ul>\n<p>&nbsp;<\/p>\n<p>N\u00f8d-SOS Aktiveres i appen eller p\u00e5 enhetens knapp. Leveres av GlobalRescue\u2122 <\/p>\n<p><a href=\"https:\/\/www.acrartex.com\/wp-content\/uploads\/2021\/06\/ProductOverview.png\"><img loading=\"lazy\" decoding=\"async\" class=\"alignnone size-medium wp-image-37736\" src=\"https:\/\/www.acrartex.com\/wp-content\/uploads\/2021\/06\/ProductOverview-300x300.png\" alt=\"\" width=\"300\" height=\"300\" srcset=\"https:\/\/www.acrartex.com\/wp-content\/uploads\/2021\/06\/ProductOverview-300x300.png 300w, https:\/\/www.acrartex.com\/wp-content\/uploads\/2021\/06\/ProductOverview-1024x1024.png 1024w, https:\/\/www.acrartex.com\/wp-content\/uploads\/2021\/06\/ProductOverview-150x150.png 150w, https:\/\/www.acrartex.com\/wp-content\/uploads\/2021\/06\/ProductOverview-768x768.png 768w, https:\/\/www.acrartex.com\/wp-content\/uploads\/2021\/06\/ProductOverview-1536x1536.png 1536w, https:\/\/www.acrartex.com\/wp-content\/uploads\/2021\/06\/ProductOverview-600x600.png 600w, https:\/\/www.acrartex.com\/wp-content\/uploads\/2021\/06\/ProductOverview-100x100.png 100w, https:\/\/www.acrartex.com\/wp-content\/uploads\/2021\/06\/ProductOverview.png 1601w\" sizes=\"auto, (max-width: 300px) 100vw, 300px\" \/><\/a> <a href=\"https:\/\/www.acrartex.com\/wp-content\/uploads\/2021\/06\/2_ProductOverview-04.png\"><img loading=\"lazy\" decoding=\"async\" class=\"alignnone size-medium wp-image-37732\" src=\"https:\/\/www.acrartex.com\/wp-content\/uploads\/2021\/06\/2_ProductOverview-04-300x300.png\" alt=\"\" width=\"300\" height=\"300\" srcset=\"https:\/\/www.acrartex.com\/wp-content\/uploads\/2021\/06\/2_ProductOverview-04-300x300.png 300w, https:\/\/www.acrartex.com\/wp-content\/uploads\/2021\/06\/2_ProductOverview-04-1024x1024.png 1024w, https:\/\/www.acrartex.com\/wp-content\/uploads\/2021\/06\/2_ProductOverview-04-150x150.png 150w, https:\/\/www.acrartex.com\/wp-content\/uploads\/2021\/06\/2_ProductOverview-04-768x768.png 768w, https:\/\/www.acrartex.com\/wp-content\/uploads\/2021\/06\/2_ProductOverview-04-1536x1536.png 1536w, https:\/\/www.acrartex.com\/wp-content\/uploads\/2021\/06\/2_ProductOverview-04-2048x2048.png 2048w, https:\/\/www.acrartex.com\/wp-content\/uploads\/2021\/06\/2_ProductOverview-04-600x600.png 600w, https:\/\/www.acrartex.com\/wp-content\/uploads\/2021\/06\/2_ProductOverview-04-100x100.png 100w\" sizes=\"auto, (max-width: 300px) 100vw, 300px\" \/><\/a> <a href=\"https:\/\/www.acrartex.com\/wp-content\/uploads\/2021\/06\/SOS.png\"><img loading=\"lazy\" decoding=\"async\" class=\"alignnone size-medium wp-image-37734\" src=\"https:\/\/www.acrartex.com\/wp-content\/uploads\/2021\/06\/SOS-300x300.png\" alt=\"\" width=\"300\" height=\"300\" srcset=\"https:\/\/www.acrartex.com\/wp-content\/uploads\/2021\/06\/SOS-300x300.png 300w, https:\/\/www.acrartex.com\/wp-content\/uploads\/2021\/06\/SOS-1024x1024.png 1024w, https:\/\/www.acrartex.com\/wp-content\/uploads\/2021\/06\/SOS-150x150.png 150w, https:\/\/www.acrartex.com\/wp-content\/uploads\/2021\/06\/SOS-768x768.png 768w, https:\/\/www.acrartex.com\/wp-content\/uploads\/2021\/06\/SOS-1536x1536.png 1536w, https:\/\/www.acrartex.com\/wp-content\/uploads\/2021\/06\/SOS-600x600.png 600w, https:\/\/www.acrartex.com\/wp-content\/uploads\/2021\/06\/SOS-100x100.png 100w, https:\/\/www.acrartex.com\/wp-content\/uploads\/2021\/06\/SOS.png 1601w\" sizes=\"auto, (max-width: 300px) 100vw, 300px\" \/><\/a><a href=\"https:\/\/www.acrartex.com\/wp-content\/uploads\/2021\/06\/2_ProductOverview-06.png\"><img loading=\"lazy\" decoding=\"async\" class=\"alignnone size-medium wp-image-37733\" src=\"https:\/\/www.acrartex.com\/wp-content\/uploads\/2021\/06\/2_ProductOverview-06-300x300.png\" alt=\"\" width=\"300\" height=\"300\" srcset=\"https:\/\/www.acrartex.com\/wp-content\/uploads\/2021\/06\/2_ProductOverview-06-300x300.png 300w, https:\/\/www.acrartex.com\/wp-content\/uploads\/2021\/06\/2_ProductOverview-06-1024x1024.png 1024w, https:\/\/www.acrartex.com\/wp-content\/uploads\/2021\/06\/2_ProductOverview-06-150x150.png 150w, https:\/\/www.acrartex.com\/wp-content\/uploads\/2021\/06\/2_ProductOverview-06-768x768.png 768w, https:\/\/www.acrartex.com\/wp-content\/uploads\/2021\/06\/2_ProductOverview-06-1536x1536.png 1536w, https:\/\/www.acrartex.com\/wp-content\/uploads\/2021\/06\/2_ProductOverview-06-2048x2048.png 2048w, https:\/\/www.acrartex.com\/wp-content\/uploads\/2021\/06\/2_ProductOverview-06-600x600.png 600w, https:\/\/www.acrartex.com\/wp-content\/uploads\/2021\/06\/2_ProductOverview-06-100x100.png 100w\" sizes=\"auto, (max-width: 300px) 100vw, 300px\" \/><\/a><\/p>\n<p>&nbsp;<\/p>\n<p>&nbsp;<\/p>\n<p>&nbsp;<\/p>\n","protected":false},"excerpt":{"rendered":"<p><span style=\"font-weight: 400;\">Med Bivy Stick kan du nyte en p\u00e5litelig<\/span> <b>toveis satellittkommunikator<\/b> <span style=\"font-weight: 400;\">,<\/span> <b>gruppemeldinger<\/b> <span style=\"font-weight: 400;\">,<\/span> <b>SOS-st\u00f8tte d\u00f8gnet rundt<\/b> <span style=\"font-weight: 400;\">,<\/span> <b>GPS -sporing<\/b> <span style=\"font-weight: 400;\">og<\/span> <b>posisjonsdeling<\/b> <span style=\"font-weight: 400;\">\u2013 alt i ett<\/span> <b>kompakt<\/b> <span style=\"font-weight: 400;\">og<\/span> <b>lett apparat.<\/b><span style=\"font-weight: 400;\">  enhet. Den gir deg   <\/span><b>Frihet til off-grid-kommunikasjon<\/b> <span style=\"font-weight: 400;\">til den<\/span> <b>rimeligste prisen p\u00e5 markedet<\/b> <span style=\"font-weight: 400;\">.<\/span><\/p>\n<p>Hold deg tilkoblet, selv utenfor mobildekning.<\/p>\n<h4><\/h4>\n<h4><span style=\"color: #ff0000;\"><strong>Stolt laget i USA!<\/strong><\/span><\/h4>\n<p><strong><a href=\"https:\/\/bivystick.com\/bivy-go-plan\/\">Oppdag Bivy Go-planen<\/a><\/strong><\/p>\n<p>&nbsp;<\/p>\n<p><a href=\"https:\/\/www.dropbox.com\/s\/0ezw0kexbm120vv\/Prop%2065%20-%20Lead%20and%20Lead%20Compounds.pdf?dl=0\">ADVARSEL: FORSLAG 65<\/a><\/p>\n<p>&nbsp;<\/p>\n","protected":false},"featured_media":157530,"template":"","meta":{"_acf_changed":false,"om_disable_all_campaigns":false},"product_brand":[],"product_cat":[16187,5635,5686],"product_tag":[13087,13105,13089,13078,13091,13103,13081,13079,16189,13095,13093,13083,13097,13099,13101,13085],"class_list":{"0":"post-157527","1":"product","2":"type-product","3":"status-publish","4":"has-post-thumbnail","6":"product_cat-bivy-stick-popup","7":"product_cat-marine-no","8":"product_cat-utendors","9":"product_tag-2-veis-kommunikasjon","10":"product_tag-4601-no","11":"product_tag-acr-bivy-no","12":"product_tag-bivy-no","13":"product_tag-bivy-appen-no","14":"product_tag-bivy-mot-plb-no","15":"product_tag-bivy-stick-bla-no","16":"product_tag-bivy-stokk","17":"product_tag-bivy-mesh-popup","18":"product_tag-bluetooth-no","19":"product_tag-global-redning-no","20":"product_tag-iridium-no","21":"product_tag-mini-no","22":"product_tag-minste-satellittkommunikator","23":"product_tag-satellitt-gps-sporing","24":"product_tag-sporing-no","25":"pa_activity-camping-no","26":"pa_activity-fiske","27":"pa_activity-fotturer","28":"pa_activity-klatring","29":"pa_activity-langrenn","30":"pa_activity-padlesport","31":"pa_activity-ski-snowboard-no","32":"pa_activity-snoscooter","33":"pa_activity-sykkel","34":"pa_activity-terrengkjoring-4x4","35":"pa_boat-type-charteryacht","36":"pa_boat-type-kommersielt-fiske","37":"pa_boat-type-lasteskip","38":"pa_boat-type-motorbat-no","39":"pa_boat-type-seilbat","40":"pa_boat-type-slepebat","41":"pa_boat-type-sportcraft-no","42":"pa_boat-type-yacht-no","43":"pa_terrain-as-og-fjell","44":"pa_terrain-elver-vatmarker-innsjoer","45":"pa_terrain-skog-og-jungel","46":"pa_terrain-tundra-no","48":"first","49":"onbackorder","50":"taxable","51":"shipping-taxable","52":"purchasable","53":"product-type-simple"},"acf":[],"_links":{"self":[{"href":"https:\/\/www.acrartex.com\/no\/wp-json\/wp\/v2\/product\/157527","targetHints":{"allow":["GET"]}}],"collection":[{"href":"https:\/\/www.acrartex.com\/no\/wp-json\/wp\/v2\/product"}],"about":[{"href":"https:\/\/www.acrartex.com\/no\/wp-json\/wp\/v2\/types\/product"}],"wp:featuredmedia":[{"embeddable":true,"href":"https:\/\/www.acrartex.com\/no\/wp-json\/wp\/v2\/media\/157530"}],"wp:attachment":[{"href":"https:\/\/www.acrartex.com\/no\/wp-json\/wp\/v2\/media?parent=157527"}],"wp:term":[{"taxonomy":"product_brand","embeddable":true,"href":"https:\/\/www.acrartex.com\/no\/wp-json\/wp\/v2\/product_brand?post=157527"},{"taxonomy":"product_cat","embeddable":true,"href":"https:\/\/www.acrartex.com\/no\/wp-json\/wp\/v2\/product_cat?post=157527"},{"taxonomy":"product_tag","embeddable":true,"href":"https:\/\/www.acrartex.com\/no\/wp-json\/wp\/v2\/product_tag?post=157527"}],"curies":[{"name":"wp","href":"https:\/\/api.w.org\/{rel}","templated":true}]}}