{"id":157516,"date":"2021-07-28T17:05:51","date_gmt":"2021-07-28T22:05:51","guid":{"rendered":"https:\/\/www.acrartex.com\/products\/sarlink-plb-350b-personal-locator-beacon\/"},"modified":"2021-07-28T17:05:51","modified_gmt":"2021-07-28T22:05:51","slug":"sarlink-plb-350b-personal-locator-beacon","status":"publish","type":"product","link":"https:\/\/www.acrartex.com\/no\/products\/sarlink-plb-350b-personal-locator-beacon\/","title":{"rendered":"SARLink\u2122 PLB -350B Personal Locator Beacon"},"content":{"rendered":"<p><span style=\"color: #3366ff;\"><strong>Dette produktet er utg\u00e5tt.<\/strong><\/span><\/p>\n<p>Dra av g\u00e5rde med selvtillit. Med tre niv\u00e5er av integrert signalteknologi \u2013 GPS posisjonering, et kraftig 406 MHz-signal og 121,5 MHz-m\u00e5ls\u00f8kingsfunksjon \u2013 formidler SARLink\u2122 raskt og n\u00f8yaktig posisjonen din til et verdensomspennende nettverk av s\u00f8k- og redningssatellitter, noe som reduserer s\u00f8ketiden og \u00f8ker sjansene dine for \u00e5 overleve. Det er en p\u00e5litelig signalteknologi som har reddet mer enn 50 000 mennesker.<br \/>\n lever siden 1982.  <\/p>\n<p>SARLink\u2122 sender ut et unikt registrert n\u00f8dsignal som ikke bare forteller redningsmannskapene hvor du er, men ogs\u00e5 hvem du er. Den innebygde GPS kan fastsette posisjonen din innenfor 100 meter og bruker deretter et kraftig 406 MHz-signal til \u00e5 videresende n\u00f8danropet til SAR-satellitter i bane. N\u00e5r lokal s\u00f8k og redning utplasseres, veileder et separat m\u00e5ls\u00f8kingssignal og integrert LED-strobelys redningsmannskapene til din posisjon.  <\/p>\n<p>SARLink\u2122 er lett i vekt og liten nok til at den enkelt kan b\u00e6res i en sekk eller lomme av skil\u00f8pere, turg\u00e5ere, jegere, kajakkpadlere, klatrere, piloter, sn\u00f8scooterkj\u00f8rere eller andre friluftsentusiaster. Eksklusivt for ACR : Innebygd GPS innsamlingstestmodus lar deg teste GPS funksjonaliteten opptil 60 ganger i l\u00f8pet av levetiden.<br \/>\n av batteriet. Benytt deg av den samme felttestede redningsteknologien som brukes av det amerikanske milit\u00e6ret, den amerikanske kystvakten, NATOs spesialstyrker og arktiske oppdagere.  <\/p>\n","protected":false},"excerpt":{"rendered":"<p>Str\u00e5l trygt med SARLink\u2122 Personal Locator Beacon ( PLB ). Denne n\u00f8dpeilesenderen er kraftig nok til \u00e5 kringkaste et unikt n\u00f8dsignal som ikke bare forteller redningsmannskaper hvor du er, men ogs\u00e5 hvem du er. Denne PLB bruker et kraftig 406 MHz-signal for \u00e5 videresende n\u00f8danropet ditt til SAR-satellitter i bane, mens den innebygde GPS fastsetter posisjonen din innenfor 100 meter. N\u00e5r lokalt s\u00f8k og redning utplasseres, jobber et separat m\u00e5ls\u00f8kingssignal og integrert LED-strobelys sammen for \u00e5 veilede f\u00f8rstehjelpere til din posisjon.   <\/p>\n<p><span style=\"color: #3366ff;\"><strong>Dette produktet er utg\u00e5tt.<\/strong><\/span><\/p>\n","protected":false},"featured_media":157520,"template":"","meta":{"_acf_changed":false,"om_disable_all_campaigns":false},"product_brand":[],"product_cat":[5686],"product_tag":[6812,9253,11405,6148,6150,11471,11387,11401,11413,11393,13569,11396,11412],"class_list":{"0":"post-157516","1":"product","2":"type-product","3":"status-publish","4":"has-post-thumbnail","6":"product_cat-utendors","7":"product_tag-cospas-sarsat-no","8":"product_tag-epirber-no","9":"product_tag-kospas","10":"product_tag-plb-350-no","11":"product_tag-plb-350b-no","12":"product_tag-sar-no","13":"product_tag-sarlink-no","14":"product_tag-sarlink-406-no","15":"product_tag-sarlink-gps-personlig-lokasjonsbeacon","16":"product_tag-sarlink-personlig-lokaliseringsfyr","17":"product_tag-sarlink-plb-350b-no","18":"product_tag-sarsat-no","19":"product_tag-sarsat-cospas-no","20":"pa_product-arv-no","22":"first","23":"outofstock","24":"taxable","25":"shipping-taxable","26":"product-type-simple"},"acf":[],"_links":{"self":[{"href":"https:\/\/www.acrartex.com\/no\/wp-json\/wp\/v2\/product\/157516","targetHints":{"allow":["GET"]}}],"collection":[{"href":"https:\/\/www.acrartex.com\/no\/wp-json\/wp\/v2\/product"}],"about":[{"href":"https:\/\/www.acrartex.com\/no\/wp-json\/wp\/v2\/types\/product"}],"wp:featuredmedia":[{"embeddable":true,"href":"https:\/\/www.acrartex.com\/no\/wp-json\/wp\/v2\/media\/157520"}],"wp:attachment":[{"href":"https:\/\/www.acrartex.com\/no\/wp-json\/wp\/v2\/media?parent=157516"}],"wp:term":[{"taxonomy":"product_brand","embeddable":true,"href":"https:\/\/www.acrartex.com\/no\/wp-json\/wp\/v2\/product_brand?post=157516"},{"taxonomy":"product_cat","embeddable":true,"href":"https:\/\/www.acrartex.com\/no\/wp-json\/wp\/v2\/product_cat?post=157516"},{"taxonomy":"product_tag","embeddable":true,"href":"https:\/\/www.acrartex.com\/no\/wp-json\/wp\/v2\/product_tag?post=157516"}],"curies":[{"name":"wp","href":"https:\/\/api.w.org\/{rel}","templated":true}]}}