{"id":157481,"date":"2021-08-04T14:20:38","date_gmt":"2021-08-04T19:20:38","guid":{"rendered":"https:\/\/www.acrartex.com\/products\/terrafix-plb-200-201\/"},"modified":"2021-08-04T14:20:38","modified_gmt":"2021-08-04T19:20:38","slug":"terrafix-plb-200-201","status":"publish","type":"product","link":"https:\/\/www.acrartex.com\/no\/products\/terrafix-plb-200-201\/","title":{"rendered":"TerraFix ( PLB -200\/201)"},"content":{"rendered":"<p><span style=\"color: #3366ff;\"><strong>Dette produktet er utg\u00e5tt.<\/strong><\/span><\/p>\n<div>Ulykker skjer hver dag utend\u00f8rs, og n\u00e5r situasjonen blir verre, vil du v\u00e6re forberedt?<\/div>\n<div><\/div>\n<div>Hvorfor vente i dagevis strandet i h\u00e5p om at noen skal finne deg? Gi deg selv full kontroll med TerraFix\u2122 406 GPS PLB . N\u00e5 kan du gj\u00f8re den livstruende situasjonen om til en vellykket redningshistorie. Det er like enkelt som \u00e5 trykke p\u00e5 en knapp, og med en intern GPS mottaker (P\/N 2798) vil TerraFix\u2122 innhente GPS posisjonen din og overf\u00f8re den sammen med din personlige identifikasjonskode via COSPAS-SARSAT-satellittene, slik at SAR-styrker umiddelbart blir varslet om at du trenger hjelp!   <\/div>\n<div><\/div>\n<div>Terrafix\u2122 fungerer raskt. Hvis GPS data er tilstede i det f\u00f8rste utbruddet av fyrlykten, kan SAR-styrker varsles og begynne \u00e5 planlegge redningsaksjonen p\u00e5 s\u00e5 lite som tre minutter. V\u00e6r ansvarlig, v\u00e6r forberedt, v\u00e6r trygg. <\/div>\n","protected":false},"excerpt":{"rendered":"<p><span style=\"color: #3366ff;\"><strong>Dette produktet er utg\u00e5tt.<\/strong><\/span><\/p>\n<p>TerraFix\u2122 Personal Locator Beacon eller PLB sender p\u00e5 406 MHz via COSPAS-SARSAT satellittsystem med ditt registrerte unike, digitalt kodede n\u00f8dsignal og 121,5 MHz SAR lokal m\u00e5ls\u00f8kingsfrekvens.<\/p>\n<p style=\"margin-left: 0in; margin-right: 0in;\">\n","protected":false},"featured_media":157490,"template":"","meta":{"_acf_changed":false,"om_disable_all_campaigns":false},"product_brand":[],"product_cat":[5686],"product_tag":[13465,13467,13472,13469,13475,5577,13462,5697,6149,5693,5689,13452,13457,13460],"class_list":{"0":"post-157481","1":"product","2":"type-product","3":"status-publish","4":"has-post-thumbnail","6":"product_cat-utendors","7":"product_tag-2798-no","8":"product_tag-2798-2-no","9":"product_tag-2798-2nh-no","10":"product_tag-2798-4-no","11":"product_tag-2798-4nh-no","12":"product_tag-406-no","13":"product_tag-acr-terrafix-no","14":"product_tag-gps-en","15":"product_tag-nodlokalisering-no","16":"product_tag-personlig-lokaliseringsfyr","17":"product_tag-plb-no","18":"product_tag-plb-200-no","19":"product_tag-plb-201-no","20":"product_tag-terrafix-no","21":"pa_product-arv-no","23":"first","24":"outofstock","25":"taxable","26":"shipping-taxable","27":"product-type-simple"},"acf":[],"_links":{"self":[{"href":"https:\/\/www.acrartex.com\/no\/wp-json\/wp\/v2\/product\/157481","targetHints":{"allow":["GET"]}}],"collection":[{"href":"https:\/\/www.acrartex.com\/no\/wp-json\/wp\/v2\/product"}],"about":[{"href":"https:\/\/www.acrartex.com\/no\/wp-json\/wp\/v2\/types\/product"}],"wp:featuredmedia":[{"embeddable":true,"href":"https:\/\/www.acrartex.com\/no\/wp-json\/wp\/v2\/media\/157490"}],"wp:attachment":[{"href":"https:\/\/www.acrartex.com\/no\/wp-json\/wp\/v2\/media?parent=157481"}],"wp:term":[{"taxonomy":"product_brand","embeddable":true,"href":"https:\/\/www.acrartex.com\/no\/wp-json\/wp\/v2\/product_brand?post=157481"},{"taxonomy":"product_cat","embeddable":true,"href":"https:\/\/www.acrartex.com\/no\/wp-json\/wp\/v2\/product_cat?post=157481"},{"taxonomy":"product_tag","embeddable":true,"href":"https:\/\/www.acrartex.com\/no\/wp-json\/wp\/v2\/product_tag?post=157481"}],"curies":[{"name":"wp","href":"https:\/\/api.w.org\/{rel}","templated":true}]}}