{"id":157475,"date":"2021-08-04T16:21:02","date_gmt":"2021-08-04T21:21:02","guid":{"rendered":"https:\/\/www.acrartex.com\/products\/satellite2-406-rlb-32-epirb\/"},"modified":"2021-08-04T16:21:02","modified_gmt":"2021-08-04T21:21:02","slug":"satellite2-406-rlb-32-epirb","status":"publish","type":"product","link":"https:\/\/www.acrartex.com\/no\/products\/satellite2-406-rlb-32-epirb\/","title":{"rendered":"Satellite2 406 RLB-32 EPIRB"},"content":{"rendered":"<p><a href=\"https:\/\/www.acrartex.com\/products\/globalfix-v5-ais-epirb\/\"><b><i>Dette produktet har blitt oppgradert.<\/i><\/b><\/a><\/p>\n<div data-canvas-width=\"547.4670718954251\">\n<div data-canvas-width=\"482.5856732026145\">Kategori 1: Fullstendig lukket, UV-stabilisert polyetylen med h\u00f8y tetthet<\/div>\n<div data-canvas-width=\"474.1053562091504\">brakett med hydrostatisk utl\u00f8sning. T\u00e5ler ekstremt krevende milj\u00f8er. Hydrostatisk utl\u00f8sning aktiverer automatisk EPIRB hvis fart\u00f8yet synker til omtrent 4 m (13 fot).  <\/div>\n<div data-canvas-width=\"506.93075816993485\">Kategori 2: Universell Low Pro2-brakett; inkluderer skott- og skinnemonteringsalternativ.<\/div>\n<div data-canvas-width=\"506.93075816993485\"><\/div>\n<div data-canvas-width=\"547.7559820261438\">Sender p\u00e5 406 MHz (COSPAS-SARSAT) med ditt registrerte, digitalt kodede n\u00f8dsignal og 121,5 MHz (SAR-hjems\u00f8kingsfrekvens).<\/div>\n<\/div>\n","protected":false},"excerpt":{"rendered":"<p><b><i>Produktet har blitt oppgradert. <a href=\"https:\/\/www.acrartex.com\/products\/globalfix-v5-ais-epirb\/\">Klikk her<\/a> for tilgjengelige oppgraderinger.<\/i><\/b><\/p>\n<div data-canvas-width=\"133.5515816993464\">\n<div data-canvas-width=\"516.3214869281046\">Satellite2 406\u2122 er en ikke- GPS -aktivert fyrt\u00e5rn som opererer p\u00e5 frekvensen 406\/121,5 MHz for \u00e5 varsle s\u00f8k og redning om maritime n\u00f8dsituasjoner.<\/div>\n<div data-canvas-width=\"516.3214869281046\"><\/div>\n<div data-canvas-width=\"516.3214869281046\">Patentert, propriet\u00e6r elektronikkpakke gir st\u00f8rre frekvensstabilitet for mest mulig n\u00f8yaktig posisjonering gjennom LEOSAR-satellittene. GPS grensesnittet gir GPS posisjonsn\u00f8yaktighet p\u00e5 100 m (110 yards), optimalt muliggjort av COSPAS-SARSAT. <\/div>\n<\/div>\n<p>&nbsp;<\/p>\n<p>&nbsp;<\/p>\n","protected":false},"featured_media":157480,"template":"","meta":{"_acf_changed":false,"om_disable_all_campaigns":false},"product_brand":[],"product_cat":[5635],"product_tag":[13436,13439,13433,13430,5640,13428,5643,13423,13427,13415,13419,13425],"class_list":{"0":"post-157475","1":"product","2":"type-product","3":"status-publish","4":"has-post-thumbnail","6":"product_cat-marine-no","7":"product_tag-2774-no","8":"product_tag-2774nh-no","9":"product_tag-27755nh-no","10":"product_tag-2775-5-no","11":"product_tag-epirb-no","12":"product_tag-jotron-tron-sart-el","13":"product_tag-nodsignal-no","14":"product_tag-satellitt-2-406","15":"product_tag-satellitt-406-epirb","16":"product_tag-satellitt2","17":"product_tag-satellitt2-epirb","18":"product_tag-satellitt3","19":"pa_product-arv-no","21":"first","22":"outofstock","23":"taxable","24":"shipping-taxable","25":"product-type-simple"},"acf":[],"_links":{"self":[{"href":"https:\/\/www.acrartex.com\/no\/wp-json\/wp\/v2\/product\/157475","targetHints":{"allow":["GET"]}}],"collection":[{"href":"https:\/\/www.acrartex.com\/no\/wp-json\/wp\/v2\/product"}],"about":[{"href":"https:\/\/www.acrartex.com\/no\/wp-json\/wp\/v2\/types\/product"}],"wp:featuredmedia":[{"embeddable":true,"href":"https:\/\/www.acrartex.com\/no\/wp-json\/wp\/v2\/media\/157480"}],"wp:attachment":[{"href":"https:\/\/www.acrartex.com\/no\/wp-json\/wp\/v2\/media?parent=157475"}],"wp:term":[{"taxonomy":"product_brand","embeddable":true,"href":"https:\/\/www.acrartex.com\/no\/wp-json\/wp\/v2\/product_brand?post=157475"},{"taxonomy":"product_cat","embeddable":true,"href":"https:\/\/www.acrartex.com\/no\/wp-json\/wp\/v2\/product_cat?post=157475"},{"taxonomy":"product_tag","embeddable":true,"href":"https:\/\/www.acrartex.com\/no\/wp-json\/wp\/v2\/product_tag?post=157475"}],"curies":[{"name":"wp","href":"https:\/\/api.w.org\/{rel}","templated":true}]}}