{"id":157340,"date":"2021-08-04T18:10:30","date_gmt":"2021-08-04T23:10:30","guid":{"rendered":"https:\/\/www.acrartex.com\/products\/pathfinder3-sart\/"},"modified":"2021-08-04T18:10:30","modified_gmt":"2021-08-04T23:10:30","slug":"pathfinder3-sart","status":"publish","type":"product","link":"https:\/\/www.acrartex.com\/no\/products\/pathfinder3-sart\/","title":{"rendered":"Pathfinder3 SART"},"content":{"rendered":"<p><a href=\"https:\/\/www.acrartex.com\/no\/products\/pathfinder-pro-sart\/\"><b>Dette produktet har blitt oppgradert.<\/b><\/a><\/p>\n<ul>\n<li>Kompakt enhet pakkes enkelt inn i redningsfl\u00e5ten<\/li>\n<li>Hurtigutl\u00f8sende monteringsbrakett inkludert<\/li>\n<li>Driftstid: 96 timer i standby-modus; over 8 timer i driftsmodus<\/li>\n<li>Slagfast polystyrenhus designet for \u00e5 t\u00e5le t\u00f8ffe milj\u00f8er<\/li>\n<li>Inkluderer 10 m lang snor for sikkerhet og sammenleggbar stang, begge oppbevart i SART<\/li>\n<li>Vanntett ned til 10 m<\/li>\n<li>Transportsikkert litiumbatteri med lang levetid (5 \u00e5rs erstatningslevetid) (kun 2714NH)<\/li>\n<li>Verdensomspennende sertifisering; samsvarer med GMDSS, IEC, IMO\/SOLAS 88, ETSI 300 151 og RTCM-standarder, FCC-godkjent, MED<\/li>\n<\/ul>\n","protected":false},"excerpt":{"rendered":"<p><strong>Dette produktet har blitt oppgradert. <a href=\"https:\/\/www.acrartex.com\/products\/pathfinder-pro-sart\/\">Klikk her<\/a> for tilgjengelig produktoppgradering.<\/strong><\/p>\n<p>N\u00e5r denne enheten blir avh\u00f8rt av radar, sender den ut 12 intense radarskjermsignaler, noe som forbedrer s\u00f8ke- og redningsarbeidet betraktelig. Faktisk er en s\u00f8k- og redningstransponder obligatorisk for alle kommersielle fart\u00f8y som m\u00e5 overholde GMDSS, og alle fart\u00f8y som har mer enn \u00e9n redningsfl\u00e5te. Den eksklusive ACR testmodusen gir visuell\/h\u00f8rbar tilbakemelding som bekrefter driftsstatus.  <\/p>\n<p>&nbsp;<\/p>\n<p><a href=\"https:\/\/www.acrartex.com\/products\/pathfinder-pro-sart\/\"><strong>Dette produktet er IKKE tilgjengelig for netthandel.  <\/strong><\/a><\/p>\n<p>&nbsp;<\/p>\n","protected":false},"featured_media":157351,"template":"","meta":{"_acf_changed":false,"om_disable_all_campaigns":false},"product_brand":[],"product_cat":[5865,5635,5862],"product_tag":[13187,13189,9758,9776,9764,9770,9768,13183,13185,9754,9762,9788,9761,9757,9792,9790,9772,9780,9755,9784,9782,9786,9766],"class_list":{"0":"post-157340","1":"product","2":"type-product","3":"status-publish","4":"has-post-thumbnail","6":"product_cat-kommersiell-no-2","7":"product_cat-marine-no","8":"product_cat-offshore-no","9":"product_tag-2714-no","10":"product_tag-2714nh-no","11":"product_tag-acr-sart-no","12":"product_tag-gmdss-sart-no","13":"product_tag-jotron-sart-no","14":"product_tag-jotron-tron-sart-no","15":"product_tag-mcmurdo-sart-no","16":"product_tag-pathfinder2-no","17":"product_tag-pathfinder3-no","18":"product_tag-sart-no","19":"product_tag-sart-fall-no","20":"product_tag-sart-gmdss-no","21":"product_tag-sart-ivf-no","22":"product_tag-sart-batteri-no","23":"product_tag-sart-godkjenninger","24":"product_tag-sart-krav-no","25":"product_tag-sart-test-no","26":"product_tag-sart-tester-no","27":"product_tag-sart-transponder-no","28":"product_tag-sjomannsart","29":"product_tag-testing-sart-no","30":"product_tag-tron-sart-20-no","31":"product_tag-tronsart-no","32":"pa_product-arv-no","34":"first","35":"outofstock","36":"taxable","37":"shipping-taxable","38":"product-type-simple"},"acf":[],"_links":{"self":[{"href":"https:\/\/www.acrartex.com\/no\/wp-json\/wp\/v2\/product\/157340","targetHints":{"allow":["GET"]}}],"collection":[{"href":"https:\/\/www.acrartex.com\/no\/wp-json\/wp\/v2\/product"}],"about":[{"href":"https:\/\/www.acrartex.com\/no\/wp-json\/wp\/v2\/types\/product"}],"wp:featuredmedia":[{"embeddable":true,"href":"https:\/\/www.acrartex.com\/no\/wp-json\/wp\/v2\/media\/157351"}],"wp:attachment":[{"href":"https:\/\/www.acrartex.com\/no\/wp-json\/wp\/v2\/media?parent=157340"}],"wp:term":[{"taxonomy":"product_brand","embeddable":true,"href":"https:\/\/www.acrartex.com\/no\/wp-json\/wp\/v2\/product_brand?post=157340"},{"taxonomy":"product_cat","embeddable":true,"href":"https:\/\/www.acrartex.com\/no\/wp-json\/wp\/v2\/product_cat?post=157340"},{"taxonomy":"product_tag","embeddable":true,"href":"https:\/\/www.acrartex.com\/no\/wp-json\/wp\/v2\/product_tag?post=157340"}],"curies":[{"name":"wp","href":"https:\/\/api.w.org\/{rel}","templated":true}]}}