{"id":157257,"date":"2022-02-07T16:20:41","date_gmt":"2022-02-07T21:20:41","guid":{"rendered":"https:\/\/www.acrartex.com\/products\/elt-4000s\/"},"modified":"2022-02-07T16:20:41","modified_gmt":"2022-02-07T21:20:41","slug":"elt-4000s","status":"publish","type":"product","link":"https:\/\/www.acrartex.com\/no\/products\/elt-4000s\/","title":{"rendered":"ELT 4000S"},"content":{"rendered":"<p><strong>Produktoversikt<\/strong><\/p>\n<p>ARTEX <a href=\"https:\/\/www.acrartex.com\/no\/news\/neste-generasjons-ikke-litiums-emergency-locator-transmitter-lanseres-av-artex\/\">ELT 4000S er en b\u00e6rbar overlevelses- ELT<\/a> som sender p\u00e5 121,5 og 406 MHz, og som er unntatt fra TSO C142- og DO-227-kravene p\u00e5 grunn av det innovative alkaliske batteridrevne systemet. ELT senderen er basert p\u00e5 ARTEX ELT 4000-systemet og representerer den nyeste ELT senderteknologien med et litiumfritt batteri i en overlevelsesfyr som sparer operat\u00f8rer for fraktkostnader for farlig gods. ARTEX ELT 4000S har flyteevne og aktiveres automatisk n\u00e5r den brukes i vann. En manuell aktiveringsbryter er ogs\u00e5 inkludert for bruk p\u00e5 land. En intern GPS (GNSS) vil innhente posisjonsdata for inkludering i 406 MHz-overf\u00f8ringen, og en snor muliggj\u00f8r feste til en redningsfl\u00e5te.    <\/p>\n<p><iframe loading=\"lazy\" title=\"ARTEX ELT 4000S Portable Emergency Locator Transmitter\" width=\"500\" height=\"281\" src=\"https:\/\/www.youtube.com\/embed\/KBgLQOc3Xag?feature=oembed\" frameborder=\"0\" allow=\"accelerometer; autoplay; clipboard-write; encrypted-media; gyroscope; picture-in-picture; web-share\" referrerpolicy=\"strict-origin-when-cross-origin\" allowfullscreen><\/iframe><\/p>\n<p>ARTEX ELT 4000S har et lettlest testsystem som bruker to LED-indikatorer. En gr\u00f8nn LED indikerer en vellykket selvtest. Den 4,5 meter lange snoren er pent oppbevart i topphuset, og den sammenleggbare antennen er festet og kan utl\u00f8ses med \u00e9n h\u00e5nd.   <\/p>\n<p>Det TSO-godkjente monteringssystemet gir flerakset utl\u00f8sning, noe som gir fleksibilitet med hensyn til installasjonssted. Et brukerutskiftbart batterisystem gir vedlikeholdsmuligheter p\u00e5 vingen, noe som reduserer eierkostnadene. <\/p>\n<p><strong>Produktfunksjoner<\/strong><\/p>\n<ul>\n<li>Godkjent av FAA og EASA<\/li>\n<li>Robust design med innebygd oppdrift (ingen flytekrage)<\/li>\n<li>Integrert GPS<\/li>\n<li>Alkalisk batteri (unntatt fra TSO C142- og DO-227-kravene)<\/li>\n<li>Fem \u00e5rs brukerutskiftbart alkalisk batterisystem (p\u00e5 vingen)<\/li>\n<li>Unntatt fra spesielle betingelser, ingen frakt av farlig gods<\/li>\n<li>Enkel brakett for enkel utplassering med \u00e9n h\u00e5nd<\/li>\n<li>Kompatibel med eksisterende h\u00e5ndholdte ARTEX -programmerere<\/li>\n<li>Venstre- og h\u00f8yrehendte brakettkonfigurasjoner tilgjengelig<\/li>\n<\/ul>\n<p>Interessert i \u00e5 l\u00e6re om <a href=\"http:\/\/www.gadss.com\">GADSS.com<\/a><\/p>\n","protected":false},"excerpt":{"rendered":"<p>ARTEX ELT 4000S er en b\u00e6rbar overlevelses ELT (S) fra FAA og EASA som sender p\u00e5 121,5 og 406 MHz. ELT senderen er basert p\u00e5 ARTEX ELT 4000-systemet og representerer den nyeste ELT senderteknologien med et litiumfritt batteri i en redningsfyr, unntatt fra TSO C142- og DO-227-godkjenning. ARTEX ELT 4000S har flyteevne og aktiveres automatisk n\u00e5r den brukes i vann. En manuell aktiveringsbryter er ogs\u00e5 inkludert for bruk p\u00e5 land. En intern GPS (GNSS) vil innhente posisjonsdata for inkludering i 406 MHz-overf\u00f8ringen, og en snor muliggj\u00f8r feste til en redningsfl\u00e5te.    <\/p>\n<p>&nbsp;<\/p>\n","protected":false},"featured_media":27655,"template":"","meta":{"_acf_changed":false,"om_disable_all_campaigns":false},"product_brand":[],"product_cat":[5879,8433,5571],"product_tag":[8853,13035,13033,13029],"class_list":{"0":"post-157257","1":"product","2":"type-product","3":"status-publish","4":"has-post-thumbnail","6":"product_cat-forretningsjet-no","7":"product_cat-kommersielle-fly","8":"product_cat-luftfart","9":"product_tag-baerbar-elt","10":"product_tag-do-227a-no","11":"product_tag-elt-4000s-no","12":"product_tag-overlevelses-elt","13":"pa_aircraft-type-flermotor","14":"pa_aircraft-type-mellomstore-jetfly","15":"pa_aircraft-type-passasjerfly","16":"pa_aircraft-type-store-jetfly","18":"first","19":"instock","20":"taxable","21":"shipping-taxable","22":"product-type-simple"},"acf":[],"_links":{"self":[{"href":"https:\/\/www.acrartex.com\/no\/wp-json\/wp\/v2\/product\/157257","targetHints":{"allow":["GET"]}}],"collection":[{"href":"https:\/\/www.acrartex.com\/no\/wp-json\/wp\/v2\/product"}],"about":[{"href":"https:\/\/www.acrartex.com\/no\/wp-json\/wp\/v2\/types\/product"}],"wp:featuredmedia":[{"embeddable":true,"href":"https:\/\/www.acrartex.com\/no\/wp-json\/wp\/v2\/media\/27655"}],"wp:attachment":[{"href":"https:\/\/www.acrartex.com\/no\/wp-json\/wp\/v2\/media?parent=157257"}],"wp:term":[{"taxonomy":"product_brand","embeddable":true,"href":"https:\/\/www.acrartex.com\/no\/wp-json\/wp\/v2\/product_brand?post=157257"},{"taxonomy":"product_cat","embeddable":true,"href":"https:\/\/www.acrartex.com\/no\/wp-json\/wp\/v2\/product_cat?post=157257"},{"taxonomy":"product_tag","embeddable":true,"href":"https:\/\/www.acrartex.com\/no\/wp-json\/wp\/v2\/product_tag?post=157257"}],"curies":[{"name":"wp","href":"https:\/\/api.w.org\/{rel}","templated":true}]}}