{"id":157192,"date":"2021-09-23T19:59:54","date_gmt":"2021-09-24T00:59:54","guid":{"rendered":"https:\/\/www.acrartex.com\/products\/resqlink-410-rls-personal-locator-beacon\/"},"modified":"2026-01-13T14:53:30","modified_gmt":"2026-01-13T19:53:30","slug":"resqlink-410-rls-personal-locator-beacon","status":"publish","type":"product","link":"https:\/\/www.acrartex.com\/no\/products\/resqlink-410-rls-personal-locator-beacon\/","title":{"rendered":"ResQLink \u2122 410 RLS Personal Locator Beacon"},"content":{"rendered":"<p>Liten, men robust, ResQLink 410 RLS er profesjonelt konstruert og testet for \u00e5 sikre at den t\u00e5ler selv de t\u00f8ffeste elementene. Denne flytedyktige Personal Locator Beacon krever ikke abonnement for bruk og inkluderer den nye Return Link Service ( RLS )-funksjonen. Fyrt\u00e5rn med RLS gir brukeren bekreftelse p\u00e5 at n\u00f8dmeldingen fra fyrt\u00e5rnet er mottatt og at posisjonen deres er oppdaget. RLS fungerer ved \u00e5 sende et signal tilbake gjennom Cospas Sarsat-satellittnettverket for \u00e5 bekrefte til fyrt\u00e5rnbrukeren at n\u00f8dmeldingen fra et fyrt\u00e5rn er mottatt og at posisjonen deres er oppdaget. Brukerbekreftelse indikeres tydelig med et blinkende bl\u00e5tt lys.    <\/p>\n<p>&nbsp;<\/p>\n<p>Med tre niv\u00e5er av integrert n\u00f8dsignalteknologi \u2013 GPS posisjonering, et kraftig 406 MHz-signal og 121,5 MHz-m\u00e5ls\u00f8kingsfunksjon \u2013 formidler ResQLink 410 RLS raskt og n\u00f8yaktig posisjonen din til et verdensomspennende nettverk av s\u00f8k- og redningssatellitter. I tillegg forenkler en innebygd strobe og infrar\u00f8d strobe redningsaksjoner om natten eller ved annen lav sikt. Enten p\u00e5 land, til sj\u00f8s eller i luften, kan du stole p\u00e5 at ResQLink satellittpresisjon og milit\u00e6re holdbarhet setter redning i din h\u00e5ndflate.  <\/p>\n<p>&nbsp;<\/p>\n<p>Uansett hvor eventyret ditt tar deg, enten det er en tur til de h\u00f8yeste fjelltoppene, det mest uoppdagede terrenget eller de st\u00f8rste havene, kan du v\u00e6re trygg p\u00e5 at ResQLink 410 RLS alltid aktiveres enkelt. Bare utl\u00f8s antennen, trykk p\u00e5 p\u00e5-knappen, s\u00e5 vil radiosignalet gi deg en bekreftelse n\u00e5r n\u00f8dmeldingen din er mottatt og posisjonen din er oppdaget, samtidig som det uanstrengt veileder redningsmannskaper innenfor 100 meter eller mindre fra posisjonen din. <\/p>\n<p>&nbsp;<\/p>\n<p>Takket v\u00e6re innovative designelementer kan multifunksjonsklips brukes sammen med beaconen, noe som gir en rekke bruksmuligheter som dekker en rekke bruksomr\u00e5der. Den \u00f8kte enkelheten med \u00e5 integrere ResQLink 410 RLS p\u00e5 deg, eller med utstyret ditt, gjorde alle eventyrene dine ikke bare tryggere, men ogs\u00e5 mer praktiske. <\/p>\n<p>&nbsp;<\/p>\n<p>ResQLink 410 RLS er bygget for komfort, samtidig som den opprettholder den samme p\u00e5liteligheten og robuste holdbarheten som forgjengerne. Nyt tryggheten av \u00e5 vite at n\u00f8dmeldingen din er mottatt og at posisjonen din er oppdaget. Som en leder innen livreddende produkter for b\u00e5de profesjonell og fritidsbruk, gir ACR enest\u00e5ende sikkerhet og trygghet med ResQLink 410 RLS Personal Locator Beacon .  <\/p>\n<p>&nbsp;<\/p>\n<p><strong> <\/strong><strong>Funksjoner og fordeler:<\/strong><\/p>\n<p>&nbsp;<\/p>\n<ul>\n<li>Ingen abonnement kreves<\/li>\n<li>Return Link Service ( RLS )-funksjonalitet<\/li>\n<li>GPS | Galileo GNSS<\/li>\n<li>Innebygd oppdrift<\/li>\n<li>Strobe og infrar\u00f8d strobe<\/li>\n<li>Global dekning<\/li>\n<li>MEOSAR-kompatibel<\/li>\n<li>Liten og lett<\/li>\n<li>5 \u00e5rs batterilevetid<\/li>\n<li>24+ timers driftslevetid**<\/li>\n<li>Multifunksjonelt klipssystem inkludert<\/li>\n<\/ul>\n<p>&nbsp;<\/p>\n<p>**basert p\u00e5 testrapport fra akkreditert laboratorium<\/p>\n<p>&nbsp;<\/p>\n<p>Den fullstendige listen over land som har godkjent salg og bruk av RLS p\u00e5 deres territorium, finner du p\u00e5 denne lenken <span lang=\"PT-BR\">:<\/span> <a href=\"https:\/\/cospas-sarsat.int\/en\/beacon-ownership\/rls-enabled-beacon-purchase\"><span lang=\"PT-BR\">https:\/\/cospas-sarsat.int\/en\/beacon-ownership\/rls-enabled-beacon-purchase<\/span><\/a><\/p>\n<p class=\"Paragraph1\" align=\"left\"><span lang=\"PT-BR\">Det kan v\u00e6re en forsinkelse i landenes varsel til Cospas-Sarsat , s\u00e5 mange land som ikke er p\u00e5 listen ovenfor, kan ogs\u00e5 tillate RLS -aktiverte beacons.<\/span><span lang=\"PT-BR\">. Cospas-Sarsat anbefaler \u00e5 sjekke direkte med nasjonale\/territoriale myndigheter for den nyeste informasjonen om hva som er tillatt.<\/span><\/p>\n<p class=\"Paragraph1\" align=\"left\"><i><span lang=\"PT-BR\">* Du kan kontakte USCG her<\/span><\/i> <a href=\"https:\/\/www.dco.uscg.mil\/Our-Organization\/Assistant-Commandant-for-Response-Policy-CG-5R\/Office-of-Incident-Management-Preparedness-CG-5RI\/US-Coast-Guard-Office-of-Search-and-Rescue-CG-SAR\/NSARC\/\"><i>https:\/\/www.dco.uscg.mil\/Our-Organization\/Assistant-Commandant-for-Response-Policy-CG-5R\/Office-of-Incident-Management-Preparedness-CG-5RI\/US-Coast-Guard-Office-of-Search-and-Rescue-CG-SAR\/NSARC\/<\/i><\/a><\/p>\n<p class=\"Paragraph1\" align=\"left\"><i><span lang=\"PT-BR\">** NOAA kan kontaktes her<\/span><\/i> <a href=\"https:\/\/www.sarsat.noaa.gov\/\"><i>https:\/\/www.sarsat.noaa.gov\/<\/i><\/a><\/p>\n<p><strong>2331: ResQlink 410 RLS Base PLB sikkerhetssett<\/strong> | Dette settet leveres med f\u00f8lgende deler:<\/p>\n<p>ResQLink 410 RLS \u2122 Personal Locator Beacon (programmert i USA)<br \/>\n C-Strobe\u2122 H2O redningslys<br \/>\n Res-Q\u2122 fl\u00f8yte<br \/>\n RapidDitch t\u00f8rrpose<br \/>\n Signalspeil<\/p>\n","protected":false},"excerpt":{"rendered":"<p>Liten, men robust, ResQLink 410 RLS er profesjonelt konstruert og testet for \u00e5 sikre at den t\u00e5ler selv de t\u00f8ffeste elementene. Denne flytende Personal Locator Beacon krever ikke abonnement for bruk, og med den nye Return Link Service ( RLS )-funksjonen gir denne ACR senderen deg tryggheten i \u00e5 vite at n\u00f8dmeldingen din er mottatt og at posisjonen din er oppdaget. <\/p>\n<p>&nbsp;<\/p>\n<p><b>Funksjoner og fordeler:<\/b><\/p>\n<p>&nbsp;<\/p>\n<ul>\n<li>Ingen abonnement kreves<\/li>\n<li>Return Link Service ( RLS )-funksjonalitet<\/li>\n<li><a name=\"_Hlk2671037\" data-cke-saved-name=\"_Hlk2671037\"><\/a>GPS | Galileo GNSS<\/li>\n<li>Innebygd oppdrift<\/li>\n<li>Strobe og infrar\u00f8d strobe<\/li>\n<li>Global dekning<\/li>\n<li>MEOSAR-kompatibel<\/li>\n<li>Liten og lett<\/li>\n<li>5 \u00e5rs batterilevetid<\/li>\n<li>24+ timers driftslevetid**<\/li>\n<li>Multifunksjonelt klipssystem inkludert<\/li>\n<\/ul>\n<p>&nbsp;<\/p>\n<p>**Basert p\u00e5 testrapport fra akkreditert laboratorium<\/p>\n<p>&nbsp;<\/p>\n<p><a href=\"https:\/\/www.dropbox.com\/s\/8343nj28z0d7bxa\/Prop%2065%20-%20BPA.pdf?dl=0\" data-cke-saved-href=\"https:\/\/www.dropbox.com\/s\/8343nj28z0d7bxa\/Prop%2065%20-%20BPA.pdf?dl=0\">ADVARSEL: FORSLAG 65<\/a><\/p>\n","protected":false},"featured_media":88803,"template":"","meta":{"_acf_changed":false,"om_disable_all_campaigns":false},"product_brand":[],"product_cat":[5869,5867,5858,5865,5635,5860,5862,5873,12548,5870,5686],"product_tag":[5577,6179,11378,7118,6812,5697,5693,5689,5888,12994,12993],"class_list":{"0":"post-157192","1":"product","2":"type-product","3":"status-publish","4":"has-post-thumbnail","6":"product_cat-actionsport-offroad-no","7":"product_cat-fotturer-klatring-leir-no","8":"product_cat-inn-i-landet-no","9":"product_cat-kommersiell-no-2","10":"product_cat-marine-no","11":"product_cat-naer-kysten","12":"product_cat-offshore-no","13":"product_cat-padlesport-fiske","14":"product_cat-personal-locator-beacon-no","15":"product_cat-reiseutstyr","16":"product_cat-utendors","17":"product_tag-406-no","18":"product_tag-406-mhz-no","19":"product_tag-acr-personlig-lokaliseringsfyr","20":"product_tag-akr-no","21":"product_tag-cospas-sarsat-no","22":"product_tag-gps-en","23":"product_tag-personlig-lokaliseringsfyr","24":"product_tag-plb-no","25":"product_tag-resqlink-no","26":"product_tag-return-link-service-no","27":"product_tag-rls-no","28":"pa_activity-camping-no","29":"pa_activity-fiske","30":"pa_activity-fotturer","31":"pa_activity-klatring","32":"pa_activity-langrenn","33":"pa_activity-padlesport","34":"pa_activity-ski-snowboard-no","35":"pa_activity-snoscooter","36":"pa_activity-sykkel","37":"pa_activity-terrengkjoring-4x4","38":"pa_aircraft-type-eksperimentell","39":"pa_aircraft-type-enkelt-motor-no","40":"pa_aircraft-type-flermotor","41":"pa_aircraft-type-lette-jetstraler","42":"pa_aircraft-type-mellomstore-jetfly","43":"pa_aircraft-type-passasjerfly-no","44":"pa_aircraft-type-rotocraft-no","45":"pa_aircraft-type-store-jetfly","46":"pa_aircraft-type-turboprop-no","47":"pa_boat-size-0-20-no","48":"pa_boat-size-21-40-no","49":"pa_boat-size-40-80-no","50":"pa_boat-size-80-no","51":"pa_boat-type-charteryacht","52":"pa_boat-type-kommersielt-fiske","53":"pa_boat-type-lasteskip","54":"pa_boat-type-motorbat-no","55":"pa_boat-type-seilbat","56":"pa_boat-type-slepebat","57":"pa_boat-type-sportcraft-no","58":"pa_boat-type-yacht-no","59":"pa_product-rescue-beacons-no","60":"pa_terrain-as-og-fjell","61":"pa_terrain-elver-vatmarker-innsjoer","62":"pa_terrain-skog-og-jungel","63":"pa_terrain-tundra-no","65":"first","66":"instock","67":"taxable","68":"shipping-taxable","69":"purchasable","70":"product-type-variable"},"acf":[],"_links":{"self":[{"href":"https:\/\/www.acrartex.com\/no\/wp-json\/wp\/v2\/product\/157192","targetHints":{"allow":["GET"]}}],"collection":[{"href":"https:\/\/www.acrartex.com\/no\/wp-json\/wp\/v2\/product"}],"about":[{"href":"https:\/\/www.acrartex.com\/no\/wp-json\/wp\/v2\/types\/product"}],"wp:featuredmedia":[{"embeddable":true,"href":"https:\/\/www.acrartex.com\/no\/wp-json\/wp\/v2\/media\/88803"}],"wp:attachment":[{"href":"https:\/\/www.acrartex.com\/no\/wp-json\/wp\/v2\/media?parent=157192"}],"wp:term":[{"taxonomy":"product_brand","embeddable":true,"href":"https:\/\/www.acrartex.com\/no\/wp-json\/wp\/v2\/product_brand?post=157192"},{"taxonomy":"product_cat","embeddable":true,"href":"https:\/\/www.acrartex.com\/no\/wp-json\/wp\/v2\/product_cat?post=157192"},{"taxonomy":"product_tag","embeddable":true,"href":"https:\/\/www.acrartex.com\/no\/wp-json\/wp\/v2\/product_tag?post=157192"}],"curies":[{"name":"wp","href":"https:\/\/api.w.org\/{rel}","templated":true}]}}