{"id":157067,"date":"2021-03-16T08:12:35","date_gmt":"2021-03-16T08:12:35","guid":{"rendered":"https:\/\/www.acrartex.com\/products\/b406-4\/"},"modified":"2026-01-06T09:38:23","modified_gmt":"2026-01-06T14:38:23","slug":"b406-4","status":"publish","type":"product","link":"https:\/\/www.acrartex.com\/no\/products\/b406-4\/","title":{"rendered":"B406-4"},"content":{"rendered":"<p>Artex B406-4 sender p\u00e5 alle 3 n\u00f8dfrekvenser (121,5\/243,0 og 406 MHz). ELT aktiveres automatisk under en krasj og sender standard swept-tone p\u00e5 121,5 og 243,0 MHz. Hvert 50. sekund i 520 millisekunder (long message protocol) sl\u00e5s 406 MHz-senderen p\u00e5 og sender en kodet digital melding til Cospas\/Sarsat-satellittsystemet. ELT kan programmeres med flyets 24-bits adresse samt breddegrad\/lengdegradinformasjon fra flyets navigasjonssystem n\u00e5r den brukes med Artex ELT \/NAV Interface -B (P\/N 453-6501). B406-4 er designet for \u00e5 kobles til Boeings Master Caution System i forbindelse med det DZUS-monterte cockpitfjernkontrollpanelet. Monteringsutstyret for B406-4 er kompatibelt med alle tidligere versjoner av Artex 406 MHz ELT-er.     <\/p>\n<p>&nbsp;<\/p>\n<p>ARTEX ELT-er er valget for kommersielle fly, inkludert Boeing, Bombardier og Embraer.<\/p>\n","protected":false},"excerpt":{"rendered":"<p>B406-4 er modifisert for \u00e5 kobles til Boeings Master Caution System i forbindelse med det DZUS-monterte cockpitfjernkontrollpanelet (P\/N 453-0161) for B737, og er dessuten godkjent for bruk p\u00e5 alle modeller av B747, B757, B767 og B777.<\/p>\n","protected":false},"featured_media":157069,"template":"","meta":{"_acf_changed":false,"om_disable_all_campaigns":false},"product_brand":[],"product_cat":[8433,5571],"product_tag":[8306,8304,8311,7119,8307,12893,12895,6400,6398,12886,8303,8308,8313,8319,6401,6399,6397,8309,12888,12889,6812,8305,8315,12891,8317,11405,6396,11396,11412],"class_list":{"0":"post-157067","1":"product","2":"type-product","3":"status-publish","4":"has-post-thumbnail","6":"product_cat-kommersielle-fly","7":"product_cat-luftfart","8":"product_tag-1215-elt-no","9":"product_tag-406-elt-no","10":"product_tag-406-mhz-elt-no","11":"product_tag-artex-no","12":"product_tag-artex-110-4-no","13":"product_tag-artex-b406-no","14":"product_tag-artex-b406-elt-no","15":"product_tag-artex-c406-no","16":"product_tag-artex-c406-1-no","17":"product_tag-artex-c406-2-no","18":"product_tag-artex-elt-no","19":"product_tag-artex-elt-110-4-no","20":"product_tag-artex-elt-406-no","21":"product_tag-artex-elt-tester-no","22":"product_tag-artex-me-406-elt-no","23":"product_tag-artex-me406-no","24":"product_tag-artex-meg-406","25":"product_tag-artex-net-no","26":"product_tag-b406-no","27":"product_tag-b406-elt-no","28":"product_tag-cospas-sarsat-no","29":"product_tag-elt-1215-no","30":"product_tag-elt-406-no","31":"product_tag-elt-b406-no","32":"product_tag-elt-lokalisering-no","33":"product_tag-kospas","34":"product_tag-meg-406-elt","35":"product_tag-sarsat-no","36":"product_tag-sarsat-cospas-no","37":"pa_aircraft-type-lette-jetstraler","38":"pa_aircraft-type-mellomstore-jetfly","39":"pa_aircraft-type-passasjerfly","40":"pa_aircraft-type-passasjerfly-no","41":"pa_aircraft-type-store-jetfly","42":"pa_product-elt-losninger","44":"first","45":"instock","46":"taxable","47":"shipping-taxable","48":"product-type-simple"},"acf":[],"_links":{"self":[{"href":"https:\/\/www.acrartex.com\/no\/wp-json\/wp\/v2\/product\/157067","targetHints":{"allow":["GET"]}}],"collection":[{"href":"https:\/\/www.acrartex.com\/no\/wp-json\/wp\/v2\/product"}],"about":[{"href":"https:\/\/www.acrartex.com\/no\/wp-json\/wp\/v2\/types\/product"}],"wp:featuredmedia":[{"embeddable":true,"href":"https:\/\/www.acrartex.com\/no\/wp-json\/wp\/v2\/media\/157069"}],"wp:attachment":[{"href":"https:\/\/www.acrartex.com\/no\/wp-json\/wp\/v2\/media?parent=157067"}],"wp:term":[{"taxonomy":"product_brand","embeddable":true,"href":"https:\/\/www.acrartex.com\/no\/wp-json\/wp\/v2\/product_brand?post=157067"},{"taxonomy":"product_cat","embeddable":true,"href":"https:\/\/www.acrartex.com\/no\/wp-json\/wp\/v2\/product_cat?post=157067"},{"taxonomy":"product_tag","embeddable":true,"href":"https:\/\/www.acrartex.com\/no\/wp-json\/wp\/v2\/product_tag?post=157067"}],"curies":[{"name":"wp","href":"https:\/\/api.w.org\/{rel}","templated":true}]}}