{"id":157046,"date":"2021-10-05T13:04:31","date_gmt":"2021-10-05T18:04:31","guid":{"rendered":"https:\/\/www.acrartex.com\/products\/l8-5\/"},"modified":"2025-10-21T12:06:10","modified_gmt":"2025-10-21T17:06:10","slug":"l8-5","status":"publish","type":"product","link":"https:\/\/www.acrartex.com\/no\/products\/l8-5\/","title":{"rendered":"L8-5"},"content":{"rendered":"<ul>\n<li>H\u00f8yeffektiv LED-p\u00e6re<\/li>\n<li>Enkel integrering av redningsvester<\/li>\n<li>Ultraliten og lett design<\/li>\n<li>Vannaktivert (ferskvann og saltvann)<\/li>\n<li>Fem \u00e5rs batterilevetid*<\/li>\n<\/ul>\n<p>&nbsp;<\/p>\n<p>*Forutsatt at lys ikke ved et uhell kommer i kontakt med vann og lagres i henhold til angitte lagringskrav<\/p>\n","protected":false},"excerpt":{"rendered":"<p>L8-5 er en vannaktivert LED-overlevelseslokaliseringslampe godkjent av den amerikanske kystvakten. Den er godkjent for bruk p\u00e5 redningsvester eller redningsvester for \u00e5 indikere overlevendes plassering i vann som f\u00f8lge av en marin ulykke eller n\u00f8dsituasjon. Lampe- og linsekombinasjonen til L8-5 produserer et kraftig lys som varer i minst 8 timer etter aktivering med en minimum lysintensitet p\u00e5 1 cd. Gjennom hele levetiden vil lampen kontinuerlig avgi et stabilt hvitt lys for \u00e5 tydelig indikere en overlevendes plassering og \u00f8ke sannsynligheten for redning.  <\/p>\n","protected":false},"featured_media":157048,"template":"","meta":{"_acf_changed":false,"om_disable_all_campaigns":false},"product_brand":[],"product_cat":[5635],"product_tag":[12870,12873,12863,12865,12867,12876,9839],"class_list":{"0":"post-157046","1":"product","2":"type-product","3":"status-publish","4":"has-post-thumbnail","6":"product_cat-marine-no","7":"product_tag-acr-pfd-lys","8":"product_tag-l8-5-no","9":"product_tag-lys-for-redningsvester-i-havet","10":"product_tag-lys-for-redningsvester-til-sjos","11":"product_tag-marint-pfd-lys","12":"product_tag-nodlys-for-pfd","13":"product_tag-redningslys-no-2","14":"pa_product-arv-no","16":"first","17":"instock","18":"taxable","19":"shipping-taxable","20":"product-type-simple"},"acf":[],"_links":{"self":[{"href":"https:\/\/www.acrartex.com\/no\/wp-json\/wp\/v2\/product\/157046","targetHints":{"allow":["GET"]}}],"collection":[{"href":"https:\/\/www.acrartex.com\/no\/wp-json\/wp\/v2\/product"}],"about":[{"href":"https:\/\/www.acrartex.com\/no\/wp-json\/wp\/v2\/types\/product"}],"wp:featuredmedia":[{"embeddable":true,"href":"https:\/\/www.acrartex.com\/no\/wp-json\/wp\/v2\/media\/157048"}],"wp:attachment":[{"href":"https:\/\/www.acrartex.com\/no\/wp-json\/wp\/v2\/media?parent=157046"}],"wp:term":[{"taxonomy":"product_brand","embeddable":true,"href":"https:\/\/www.acrartex.com\/no\/wp-json\/wp\/v2\/product_brand?post=157046"},{"taxonomy":"product_cat","embeddable":true,"href":"https:\/\/www.acrartex.com\/no\/wp-json\/wp\/v2\/product_cat?post=157046"},{"taxonomy":"product_tag","embeddable":true,"href":"https:\/\/www.acrartex.com\/no\/wp-json\/wp\/v2\/product_tag?post=157046"}],"curies":[{"name":"wp","href":"https:\/\/api.w.org\/{rel}","templated":true}]}}