{"id":156564,"date":"2021-03-16T08:23:22","date_gmt":"2021-03-16T13:23:22","guid":{"rendered":"https:\/\/www.acrartex.com\/products\/tps-8700-test-og-programmeringssett\/"},"modified":"2021-03-16T08:23:22","modified_gmt":"2021-03-16T13:23:22","slug":"tps-8700-test-og-programmeringssett","status":"publish","type":"product","link":"https:\/\/www.acrartex.com\/no\/products\/tps-8700-test-og-programmeringssett\/","title":{"rendered":"TPS 8700 \u2013 Test- og programmeringssett"},"content":{"rendered":"<p><strong><u>ELT -testing og verifisering av ELT -ID<\/u><\/strong><\/p>\n<p>Flyets n\u00f8dsendere (ELT-er) m\u00e5 ha sitt unike identifikasjonsnummer registrert hos nasjonale myndigheter. ARTEX testeren gir en enkel metode for \u00e5 bekrefte og lagre ARTEX ELT-ID-en etter installasjon, omprogrammering eller dersom fyren m\u00e5 registreres p\u00e5 nytt etter et eierskifte i flyet. <\/p>\n<p>&nbsp;<\/p>\n<p><strong><u>Testdata<\/u><\/strong><\/p>\n<p>ARTEX testeren registrerer alle data i en intern database som kan sikkerhetskopieres til PC-en din. Dataene kan vises p\u00e5 datamaskinen uavhengig av testeren, og de er tidsstemplet som bevis p\u00e5 overf\u00f8ring og riktig programmering. Testeren kan skrive ut via et USB-grensesnitt til en PC. Utskriftsfunksjonen krever et nedlastbart program som er tilgjengelig p\u00e5 ACRARTEX.com.   <\/p>\n<p>&nbsp;<\/p>\n<p><strong><u>Programmering<\/u><\/strong><\/p>\n<p>ARTEX programmereren\/testeren har all den ovennevnte funksjonaliteten til testeren, og den kan ogs\u00e5 raskt og enkelt programmere hele serien med ARTEX ELT-er. Den er i stand til \u00e5 programmere \u00f8nsket protokoll, NAV-databaudhastighet og n\u00f8dvendig informasjon som beskrevet av Cospas-Sarsat gjennom den aktuelle programmeringskabelen (inkludert). <\/p>\n<p>&nbsp;<\/p>\n<p>*Alle funksjonene i 8700 gjelder kun for ARTEX ELT-er.<\/p>\n<table style=\"width: 500px;\" border=\"1\" cellspacing=\"1\" cellpadding=\"1\" align=\"left\">\n<tbody>\n<tr>\n<td><span style=\"font-size: 12.0pt;\">Funksjonstabell for testing og programmering<\/span><\/td>\n<td><strong><span style=\"font-size: 12.0pt;\">TPS 8700<\/span><\/strong><\/td>\n<td><strong><span style=\"font-size: 12.0pt;\">TS 8701<\/span><\/strong><\/td>\n<td><strong><span style=\"font-size: 12.0pt;\">TPS 8715<\/span><\/strong><\/td>\n<\/tr>\n<tr>\n<td><span style=\"font-size: 12.0pt;\">Verifisering av ELT -ID og dekoding av 406 MHz-overf\u00f8ring<\/span><\/td>\n<td>x<\/td>\n<td>x<\/td>\n<td>x<\/td>\n<\/tr>\n<tr>\n<td><span style=\"font-size: 12.0pt;\">Testing av tilstedev\u00e6relse av 121,5 MHz- og 243 MHz-sendinger<\/span><\/td>\n<td>x<\/td>\n<td>x<\/td>\n<td>x<\/td>\n<\/tr>\n<tr>\n<td><span style=\"font-size: 12.0pt;\">Programmering av ARTEX General Aviation ELT-er (referansenummer 8700 for enhet som ogs\u00e5 er kompatibel med ELT programmering p\u00e5 transportniv\u00e5)<\/span><\/td>\n<td><\/td>\n<td><\/td>\n<td>x<\/td>\n<\/tr>\n<tr>\n<td><span style=\"font-size: 12.0pt;\">Programmering av alle ARTEX ELT-er<\/span><\/td>\n<td>x<\/td>\n<td><\/td>\n<td><\/td>\n<\/tr>\n<tr>\n<td><span style=\"font-size: 12.0pt;\">Sikkerhetskopiering av data til PC<\/span><\/td>\n<td>x<\/td>\n<td>x<\/td>\n<td>x<\/td>\n<\/tr>\n<tr>\n<td><span style=\"font-size: 12.0pt;\">Utskriftsfunksjonalitet via USB-grensesnitt til en PC<\/span><\/td>\n<td>x<\/td>\n<td>x<\/td>\n<td>x<\/td>\n<\/tr>\n<tr>\n<td><span style=\"font-size: 12.0pt;\">Programvare inkludert med produktet<\/span><\/td>\n<td>x<\/td>\n<td>x<\/td>\n<td><\/td>\n<\/tr>\n<tr>\n<td><span style=\"font-size: 12.0pt;\">Programvare som ikke f\u00f8lger med produktet (programvare lastes ned etter at produktet er mottatt av kunden)<\/span><\/td>\n<td><\/td>\n<td><\/td>\n<td>x<\/td>\n<\/tr>\n<\/tbody>\n<\/table>\n<p>&nbsp;<\/p>\n","protected":false},"excerpt":{"rendered":"<p>TPS 8700 er et robust, kompakt og b\u00e6rbart system som muliggj\u00f8r programmering, verifisering og testing av alle ARTEX ELT-er.<\/p>\n<p> <span style=\"color: #ff0000;\"><strong>MERK: Dette produktet er utg\u00e5tt og har blitt erstattet med <a href=\"https:\/\/www.acrartex.com\/products\/fpt\/\">FPT 8800-serien ARTEX programmerer<\/a> .<\/strong><\/span><\/p>\n<p>&nbsp;<\/p>\n","protected":false},"featured_media":156565,"template":"","meta":{"_acf_changed":false,"om_disable_all_campaigns":false},"product_brand":[],"product_cat":[5571],"product_tag":[],"class_list":{"0":"post-156564","1":"product","2":"type-product","3":"status-publish","4":"has-post-thumbnail","6":"product_cat-luftfart","7":"pa_product-arv-no","9":"first","10":"instock","11":"taxable","12":"shipping-taxable","13":"product-type-simple"},"acf":[],"_links":{"self":[{"href":"https:\/\/www.acrartex.com\/no\/wp-json\/wp\/v2\/product\/156564","targetHints":{"allow":["GET"]}}],"collection":[{"href":"https:\/\/www.acrartex.com\/no\/wp-json\/wp\/v2\/product"}],"about":[{"href":"https:\/\/www.acrartex.com\/no\/wp-json\/wp\/v2\/types\/product"}],"wp:featuredmedia":[{"embeddable":true,"href":"https:\/\/www.acrartex.com\/no\/wp-json\/wp\/v2\/media\/156565"}],"wp:attachment":[{"href":"https:\/\/www.acrartex.com\/no\/wp-json\/wp\/v2\/media?parent=156564"}],"wp:term":[{"taxonomy":"product_brand","embeddable":true,"href":"https:\/\/www.acrartex.com\/no\/wp-json\/wp\/v2\/product_brand?post=156564"},{"taxonomy":"product_cat","embeddable":true,"href":"https:\/\/www.acrartex.com\/no\/wp-json\/wp\/v2\/product_cat?post=156564"},{"taxonomy":"product_tag","embeddable":true,"href":"https:\/\/www.acrartex.com\/no\/wp-json\/wp\/v2\/product_tag?post=156564"}],"curies":[{"name":"wp","href":"https:\/\/api.w.org\/{rel}","templated":true}]}}