{"id":156501,"date":"2021-03-16T08:24:25","date_gmt":"2021-03-16T13:24:25","guid":{"rendered":"https:\/\/www.acrartex.com\/products\/resqlink-400-personal-locator-beacon\/"},"modified":"2026-02-03T13:48:24","modified_gmt":"2026-02-03T18:48:24","slug":"resqlink-400-personal-locator-beacon","status":"publish","type":"product","link":"https:\/\/www.acrartex.com\/no\/products\/resqlink-400-personal-locator-beacon\/","title":{"rendered":"ResQLink \u2122 400 Personal Locator Beacon"},"content":{"rendered":"<p style=\"margin-left: 0in; margin-right: 0in;\">Med tre niv\u00e5er av integrert signalteknologi \u2013 GPS posisjonering, et kraftig 406 MHz-signal og 121,5 MHz-m\u00e5ls\u00f8kingsfunksjon \u2013 formidler ResQLink 400 raskt og n\u00f8yaktig posisjonen din til et verdensomspennende nettverk av s\u00f8k- og redningssatellitter. I tillegg forenkler en innebygd strobe og infrar\u00f8d strobe redningsoppdrag om natten eller ved andre redningsoppdrag i lav sikt. <\/p>\n<p style=\"margin-left: 0in; margin-right: 0in;\">Uansett hvor eventyret ditt tar deg, enten det er en tur til de h\u00f8yeste fjelltoppene, det mest uoppdagede terrenget eller de st\u00f8rste havene, kan du v\u00e6re trygg p\u00e5 at ResQLink 400 alltid aktiveres enkelt. Bare utl\u00f8s antennen, trykk p\u00e5 P\u00c5-knappen, s\u00e5 vil redningsmannskapet gj\u00f8re resten for deg ved \u00e5 uanstrengt veilede redningsmannskaper innenfor 100 meter eller mindre fra din posisjon. <\/p>\n<p style=\"margin-left: 0in; margin-right: 0in;\">Takket v\u00e6re innovative designelementer kan multifunksjonsklips brukes sammen med beaconen, noe som gir en rekke bruksmuligheter som dekker en rekke nyttige bruksomr\u00e5der. Den \u00f8kte enkelheten med \u00e5 integrere ResQLink 400 p\u00e5 deg, eller med utstyret ditt, gjorde alle eventyrene dine ikke bare tryggere, men ogs\u00e5 mer praktiske. <\/p>\n<p style=\"margin-left: 0in; margin-right: 0in;\">Som en leder innen livreddende produkter for b\u00e5de profesjonell og fritidsbruk, tilbyr ACR enest\u00e5ende sikkerhet og trygghet med ResQLink 400 Personal Locator Beacon .<\/p>\n<p><strong>2346: ResQlink 400 Base PLB sikkerhetssett<\/strong> | Dette settet leveres med f\u00f8lgende deler:<\/p>\n<p>+ ResQLink 400\u2122 Personal Locator Beacon (kun programmert i USA)<br \/>\n + C-Strobe\u2122 H2O redningslys<br \/>\n + Res-Q\u2122-fl\u00f8yte<br \/>\n + RapidDitch t\u00f8rrpose<br \/>\n + Signalspeil<\/p>\n","protected":false},"excerpt":{"rendered":"<p style=\"margin-left: 0in; margin-right: 0in;\"><span style=\"font-size: 14px;\">Liten, men robust, ResQLink 400 er profesjonelt konstruert og testet for \u00e5 sikre at den t\u00e5ler selv de t\u00f8ffeste elementene. Denne flytende Personal Locator Beacon krever ikke abonnement for bruk og kan brukes til \u00e5 forbedre sikkerheten din i en rekke milj\u00f8er. Enten p\u00e5 land, til sj\u00f8s eller i luften, kan du stole p\u00e5 at ResQLink satellittpresisjon og milit\u00e6re holdbarhet setter redning i din h\u00e5ndflate.  <\/span><\/p>\n<p style=\"margin-left: 0in; margin-right: 0in;\"><span style=\"font-size: 14px;\"><strong>Funksjoner og fordeler:<\/strong><\/span><\/p>\n<ul>\n<li><span style=\"font-size: 14px;\">Ingen abonnement kreves<\/span><\/li>\n<li><span style=\"font-size: 14px;\">GPS og Galileo GNSS<\/span><\/li>\n<li><span style=\"font-size: 14px;\">Innebygd oppdrift<\/span><\/li>\n<li><span style=\"font-size: 14px;\">Strobe og infrar\u00f8d strobe<\/span><\/li>\n<li><span style=\"font-size: 14px;\">Global dekning<\/span><\/li>\n<li><span style=\"font-size: 14px;\">MEOSAR-kompatibel<\/span><\/li>\n<li><span style=\"font-size: 14px;\">Liten og lett<\/span><\/li>\n<li><span style=\"font-size: 14px;\">5 \u00e5rs batterilevetid<\/span><\/li>\n<li><span style=\"font-size: 14px;\">24+ timers driftslevetid**<\/span><\/li>\n<li><span style=\"font-size: 14px;\">Multifunksjonelt klipssystem inkludert<\/span><\/li>\n<\/ul>\n<p><span style=\"font-size: 14px;\">**Basert p\u00e5 testrapport fra et akkreditert laboratorium | <a href=\"https:\/\/www.dropbox.com\/s\/8343nj28z0d7bxa\/Prop%2065%20-%20BPA.pdf?dl=0\">ADVARSEL: PROP 65<\/a> <\/span><\/p>\n","protected":false},"featured_media":156633,"template":"","meta":{"_acf_changed":false,"om_disable_all_campaigns":false},"product_brand":[],"product_cat":[5869,5867,5858,5865,5635,5860,5873,12548,5870,5686],"product_tag":[12617,5577,6179,6188,11378,7118,6189,6194,6181,6182,6184,12563,6195,6180,12604,5697,6185,12611,6193,12550,12575,6192,6187,6197,11855,11867,6196,6186,5693,5689,5892,12596,6191,12587],"class_list":{"0":"post-156501","1":"product","2":"type-product","3":"status-publish","4":"has-post-thumbnail","6":"product_cat-actionsport-offroad-no","7":"product_cat-fotturer-klatring-leir-no","8":"product_cat-inn-i-landet-no","9":"product_cat-kommersiell-no-2","10":"product_cat-marine-no","11":"product_cat-naer-kysten","12":"product_cat-padlesport-fiske","13":"product_cat-personal-locator-beacon-no","14":"product_cat-reiseutstyr","15":"product_cat-utendors","16":"product_tag-2921-no","17":"product_tag-406-no","18":"product_tag-406-mhz-no","19":"product_tag-66-kanaler-no","20":"product_tag-acr-personlig-lokaliseringsfyr","21":"product_tag-akr-no","22":"product_tag-enkel-aktivering-no","23":"product_tag-fiske-no","24":"product_tag-flytende","25":"product_tag-flytende-plb","26":"product_tag-flyter","27":"product_tag-fotturer","28":"product_tag-forstehjelpere","29":"product_tag-fyrtarn","30":"product_tag-gps-beacon-no","31":"product_tag-gps-en","32":"product_tag-gps-lokalisering-no","33":"product_tag-gps-sporing-no","34":"product_tag-jakt-no","35":"product_tag-jord","36":"product_tag-kajakkpadling","37":"product_tag-klatring","38":"product_tag-lite-fyrtarn","39":"product_tag-livreddende-utstyr","40":"product_tag-naer-kysten-no","41":"product_tag-nyeste-modell","42":"product_tag-overlevelsesfyr","43":"product_tag-personlig-epirb","44":"product_tag-personlig-lokaliseringsfyr","45":"product_tag-plb-no","46":"product_tag-resq-no-2","47":"product_tag-resqlink-400-no","48":"product_tag-tursti","49":"product_tag-utendors","50":"pa_activity-camping-no","51":"pa_activity-fiske","52":"pa_activity-fotturer","53":"pa_activity-klatring","54":"pa_activity-langrenn","55":"pa_activity-padlesport","56":"pa_activity-ski-snowboard-no","57":"pa_activity-snoscooter","58":"pa_activity-sykkel","59":"pa_activity-terrengkjoring-4x4","60":"pa_boat-type-charteryacht","61":"pa_boat-type-kommersielt-fiske","62":"pa_boat-type-motorbat-no","63":"pa_boat-type-seilbat","64":"pa_boat-type-slepebat","65":"pa_boat-type-sportcraft-no","66":"pa_boat-type-yacht-no","67":"pa_product-rescue-beacons-no","68":"pa_terrain-as-og-fjell","69":"pa_terrain-elver-vatmarker-innsjoer","70":"pa_terrain-skog-og-jungel","71":"pa_terrain-tundra-no","73":"first","74":"instock","75":"taxable","76":"shipping-taxable","77":"purchasable","78":"product-type-variable","79":"has-default-attributes"},"acf":[],"_links":{"self":[{"href":"https:\/\/www.acrartex.com\/no\/wp-json\/wp\/v2\/product\/156501","targetHints":{"allow":["GET"]}}],"collection":[{"href":"https:\/\/www.acrartex.com\/no\/wp-json\/wp\/v2\/product"}],"about":[{"href":"https:\/\/www.acrartex.com\/no\/wp-json\/wp\/v2\/types\/product"}],"wp:featuredmedia":[{"embeddable":true,"href":"https:\/\/www.acrartex.com\/no\/wp-json\/wp\/v2\/media\/156633"}],"wp:attachment":[{"href":"https:\/\/www.acrartex.com\/no\/wp-json\/wp\/v2\/media?parent=156501"}],"wp:term":[{"taxonomy":"product_brand","embeddable":true,"href":"https:\/\/www.acrartex.com\/no\/wp-json\/wp\/v2\/product_brand?post=156501"},{"taxonomy":"product_cat","embeddable":true,"href":"https:\/\/www.acrartex.com\/no\/wp-json\/wp\/v2\/product_cat?post=156501"},{"taxonomy":"product_tag","embeddable":true,"href":"https:\/\/www.acrartex.com\/no\/wp-json\/wp\/v2\/product_tag?post=156501"}],"curies":[{"name":"wp","href":"https:\/\/api.w.org\/{rel}","templated":true}]}}