{"id":156421,"date":"2021-03-16T08:24:50","date_gmt":"2021-03-16T13:24:50","guid":{"rendered":"https:\/\/www.acrartex.com\/products\/resqlink-view-personal-locator-beacon\/"},"modified":"2026-03-06T10:15:55","modified_gmt":"2026-03-06T15:15:55","slug":"resqlink-view-personal-locator-beacon","status":"publish","type":"product","link":"https:\/\/www.acrartex.com\/no\/products\/resqlink-view-personal-locator-beacon\/","title":{"rendered":"ResQLink\u2122 View personlig lokasjonssignal"},"content":{"rendered":"<p style=\"margin-left: 0in; margin-right: 0in;\">Med tre niv\u00e5er av integrert signalteknologi \u2013 GPS-posisjonering, et kraftig 406 MHz-signal og 121,5 MHz-m\u00e5ls\u00f8kingsfunksjon \u2013 formidler ResQLink View raskt og n\u00f8yaktig posisjonen din til et verdensomspennende nettverk av s\u00f8k- og redningssatellitter. I tillegg forenkler en innebygd strobe og infrar\u00f8d strobe redningsaksjoner om natten eller ved andre redningsoppdrag i lav sikt. <\/p>\n<p style=\"margin-left: 0in; margin-right: 0in;\">Uansett hvor eventyret ditt tar deg, enten det er en tur til de h\u00f8yeste fjelltoppene, det mest uoppdagede terrenget eller de st\u00f8rste havene, kan du v\u00e6re trygg p\u00e5 at ResQLink View alltid aktiveres enkelt. Bare utl\u00f8s antennen, trykk p\u00e5 av-knappen, s\u00e5 gj\u00f8r beaconen resten for deg. Den vil uanstrengt veilede redningsmannskaper innenfor 100 meter eller mindre fra din posisjon. Nyt ekstra trygghet ved \u00e5 bruke det integrerte digitale displayet for \u00e5 se live beacon-status og GPS-koordinater gjennom hele redningsprosessen.   <\/p>\n<p style=\"margin-left: 0in; margin-right: 0in;\">Takket v\u00e6re innovative designelementer kan multifunksjonsklips brukes sammen med beaconen, noe som gir en rekke bruksmuligheter som dekker en rekke nyttige bruksomr\u00e5der. Den \u00f8kte enkelheten med \u00e5 integrere ResQLink View p\u00e5 deg, eller med utstyret ditt, gjorde alle eventyrene dine ikke bare tryggere, men ogs\u00e5 mer praktiske. <\/p>\n<p style=\"margin-left: 0in; margin-right: 0in;\">Som en leder innen livreddende produkter for b\u00e5de profesjonell og fritidsbruk, tilbyr ACR enest\u00e5ende sikkerhet og trygghet med ResQLink View Personal Locator Beacon.<\/p>\n<p style=\"margin-left: 0in; margin-right: 0in;\"><strong>Funksjoner og fordeler:<\/strong><\/p>\n<ul>\n<li>Ingen abonnement kreves<\/li>\n<li>GPS og Galileo GNSS<\/li>\n<li>Innebygd oppdrift<\/li>\n<li>Strobe og infrar\u00f8d strobe<\/li>\n<li>Global dekning<\/li>\n<li>MEOSAR-kompatibel<\/li>\n<li>Liten og lett<\/li>\n<li>5 \u00e5rs batterilevetid<\/li>\n<li>28 timers driftslevetid**<\/li>\n<li>Multifunksjonelt klipssystem inkludert<\/li>\n<li><span style=\"font-family: Tahoma, sans-serif;\">Eksklusive ACR-skinn inkludert i kj\u00f8pet (tilpass beaconen din og skreddersy den til din livsstil og foretrukne aktiviteter)<\/span><\/li>\n<\/ul>\n<p>&nbsp;<\/p>\n<p><strong>2347: ResQlink View PLB-sikkerhetssett<\/strong> | Dette settet leveres med f\u00f8lgende:<\/p>\n<ul>\n<li>ResQLink View\u2122 personlig lokaliseringssignal (kun programmert i USA)<\/li>\n<li>C-Strobe\u2122 H2O redningslys \u2013 <a href=\"https:\/\/www.acrartex.com\/products\/c-strobe-h20\">L\u00e6r mer<\/a><\/li>\n<li>Res-Q\u2122-fl\u00f8yte \u2013 <a href=\"https:\/\/www.acrartex.com\/no\/products\/ww-3-resq-floyte\/\">L\u00e6r mer<\/a><\/li>\n<li>RapidDitch t\u00f8rrpose<\/li>\n<li>Signalspeil<\/li>\n<\/ul>\n<p>&nbsp;<\/p>\n<p><strong>2361: ResQLink VIEW PLB + ResQFlare sikkerhetssett<\/strong> | Dette settet inneholder f\u00f8lgende viktige overlevelsesprodukter:<\/p>\n<ul>\n<li>ResQLink View personlig lokaliseringssignal (kun programmert i USA)<\/li>\n<li>ResQFlare elektronisk n\u00f8dbluss<\/li>\n<li>C-Strobe H2O redningslys<\/li>\n<li>Signalspeil<\/li>\n<li>Res-Q\u2122 fl\u00f8yte<\/li>\n<li>RapidDitch t\u00f8rrpose<\/li>\n<\/ul>\n","protected":false},"excerpt":{"rendered":"<p style=\"margin-left: 0in; margin-right: 0in;\">Liten, men robust, ResQLink View er profesjonelt konstruert og testet for \u00e5 sikre at den t\u00e5ler selv de t\u00f8ffeste elementene. Denne flytende personlige lokaliseringssignalet krever ikke abonnement for bruk og inkluderer et digitalt display som viser sanntidsstatus og GPS-koordinater. Enten du er p\u00e5 land, til sj\u00f8s eller i luften, kan du stole p\u00e5 at ResQLinks satellittpresisjon og milit\u00e6re holdbarhet setter redning i din h\u00e5ndflate.  <\/p>\n<p>**Basert p\u00e5 testrapport fra et akkreditert laboratorium<\/p>\n<p>&nbsp;<\/p>\n<p><a href=\"https:\/\/www.dropbox.com\/s\/8343nj28z0d7bxa\/Prop%2065%20-%20BPA.pdf?dl=0\">ADVARSEL: FORSLAG 65<\/a><\/p>\n<p>&nbsp;<\/p>\n","protected":false},"featured_media":12437,"template":"","meta":{"_acf_changed":false,"om_disable_all_campaigns":false},"product_brand":[],"product_cat":[5869,5867,5858,5865,5635,5860,5873,12548,5870,5686],"product_tag":[5577,6179,11378,7118,6194,6181,6182,6184,12563,6180,5697,6185,12616,6193,12550,12575,6192,12603,6187,6197,9245,12610,6186,5689,12594,5892,5888,12585,6191],"class_list":{"0":"post-156421","1":"product","2":"type-product","3":"status-publish","4":"has-post-thumbnail","6":"product_cat-actionsport-offroad-no","7":"product_cat-fotturer-klatring-leir-no","8":"product_cat-inn-i-landet-no","9":"product_cat-kommersiell-no-2","10":"product_cat-marine-no","11":"product_cat-naer-kysten","12":"product_cat-padlesport-fiske","13":"product_cat-personal-locator-beacon-no","14":"product_cat-reiseutstyr","15":"product_cat-utendors","16":"product_tag-406-no","17":"product_tag-406-mhz-no","18":"product_tag-acr-personlig-lokaliseringsfyr","19":"product_tag-akr-no","20":"product_tag-fiske-no","21":"product_tag-flytende","22":"product_tag-flytende-plb","23":"product_tag-flyter","24":"product_tag-fotturer","25":"product_tag-fyrtarn","26":"product_tag-gps-en","27":"product_tag-gps-lokalisering-no","28":"product_tag-ingen-abonnement","29":"product_tag-jakt-no","30":"product_tag-jord","31":"product_tag-kajakkpadling","32":"product_tag-klatring","33":"product_tag-lcd-skjerm","34":"product_tag-lite-fyrtarn","35":"product_tag-livreddende-utstyr","36":"product_tag-marine-no","37":"product_tag-palitelig","38":"product_tag-personlig-epirb","39":"product_tag-plb-no","40":"product_tag-plb-425-no","41":"product_tag-resq-no-2","42":"product_tag-resqlink-no","43":"product_tag-resqlink-visning","44":"product_tag-tursti","45":"pa_activity-camping-no","46":"pa_activity-fiske","47":"pa_activity-fotturer","48":"pa_activity-klatring","49":"pa_activity-langrenn","50":"pa_activity-padlesport","51":"pa_activity-ski-snowboard-no","52":"pa_activity-snoscooter","53":"pa_activity-sykkel","54":"pa_activity-terrengkjoring-4x4","55":"pa_boat-type-charteryacht","56":"pa_boat-type-kommersielt-fiske","57":"pa_boat-type-motorbat-no","58":"pa_boat-type-seilbat","59":"pa_boat-type-sportcraft-no","60":"pa_boat-type-yacht-no","61":"pa_product-rescue-beacons-no","62":"pa_terrain-as-og-fjell","63":"pa_terrain-elver-vatmarker-innsjoer","64":"pa_terrain-skog-og-jungel","65":"pa_terrain-tundra-no","67":"first","68":"instock","69":"taxable","70":"shipping-taxable","71":"purchasable","72":"product-type-variable","73":"has-default-attributes"},"acf":[],"_links":{"self":[{"href":"https:\/\/www.acrartex.com\/no\/wp-json\/wp\/v2\/product\/156421","targetHints":{"allow":["GET"]}}],"collection":[{"href":"https:\/\/www.acrartex.com\/no\/wp-json\/wp\/v2\/product"}],"about":[{"href":"https:\/\/www.acrartex.com\/no\/wp-json\/wp\/v2\/types\/product"}],"wp:featuredmedia":[{"embeddable":true,"href":"https:\/\/www.acrartex.com\/no\/wp-json\/wp\/v2\/media\/12437"}],"wp:attachment":[{"href":"https:\/\/www.acrartex.com\/no\/wp-json\/wp\/v2\/media?parent=156421"}],"wp:term":[{"taxonomy":"product_brand","embeddable":true,"href":"https:\/\/www.acrartex.com\/no\/wp-json\/wp\/v2\/product_brand?post=156421"},{"taxonomy":"product_cat","embeddable":true,"href":"https:\/\/www.acrartex.com\/no\/wp-json\/wp\/v2\/product_cat?post=156421"},{"taxonomy":"product_tag","embeddable":true,"href":"https:\/\/www.acrartex.com\/no\/wp-json\/wp\/v2\/product_tag?post=156421"}],"curies":[{"name":"wp","href":"https:\/\/api.w.org\/{rel}","templated":true}]}}