{"id":156405,"date":"2021-03-16T08:23:13","date_gmt":"2021-03-16T13:23:13","guid":{"rendered":"https:\/\/www.acrartex.com\/products\/artex-elt-345-pilotsett\/"},"modified":"2021-03-16T08:23:13","modified_gmt":"2021-03-16T13:23:13","slug":"artex-elt-345-pilotsett","status":"publish","type":"product","link":"https:\/\/www.acrartex.com\/no\/products\/artex-elt-345-pilotsett\/","title":{"rendered":"ARTEX ELT 345\u2122 pilotsett"},"content":{"rendered":"<p>N\u00e5r en n\u00f8dsituasjon oppst\u00e5r, kan du stole p\u00e5 det samme merket som ledende flyprodusenter stoler p\u00e5 for f\u00f8rsteklasses kvalitet, overlegen teknologi og enest\u00e5ende kundeservice. Den nye ARTEX <a href=\"https:\/\/www.acrartex.com\/sv\/products\/elt-345\/\">ELT 345<\/a> er bygget i henhold til bransjens strengeste kvalitetsstyringsstandarder for \u00e5 sikre at ELT fungerer f\u00f8rste gang, hver gang. ARTEX ELT 345 sender p\u00e5 frekvensene 406 MHz og 121,5 MHz, samtidig som den gir posisjonsn\u00f8yaktighet takket v\u00e6re det innebygde GPS navigasjonsgrensesnittet. GPS data er innebygd i den f\u00f8rste n\u00f8doverf\u00f8ringen og gir redningspersonell flyets posisjon, innenfor 100 meter, p\u00e5 under ett minutt. ELT 345 kan skryte av en lav bransjepris for en ELT som gir samme kvalitet og ytelse som ARTEX merket ble bygget p\u00e5.    <\/p>\n<p>&nbsp;<\/p>\n<p><strong>Slik fungerer ARTEX ELT 345:<\/strong><\/p>\n<p>ARTEX ELT 345 kan aktiveres manuelt (via cockpitfjernbryter eller ELT bryter) eller automatisk (G-bryteren registrerer et 2,3G eller st\u00f8rre st\u00f8t), og varsler n\u00e6rmeste redningstjeneste om n\u00f8dsituasjonen. 406 MHz-signalet, som inneholder GPS koordinatene dine, sendes til Cospas-Sarsat -satellittene og videresendes til kontrollsenteret, hvor det umiddelbart rutes til n\u00e6rmeste redningstjeneste. Registreringen av beaconen din forteller f\u00f8rstehjelpere <strong>hvem<\/strong> du er, og selve beaconen lar dem vite <strong>hvor<\/strong> du er innenfor 100 meter. Til slutt hjelper det lokale 121,5 MHz-m\u00e5ls\u00f8kingssignalet redningstjenestene med \u00e5 identifisere din n\u00f8yaktige posisjon.   <\/p>\n<p>&nbsp;<\/p>\n<p><strong>Enkel installasjon:<\/strong><\/p>\n<p>ARTEX ELT 345 gir en rask og enkel ettermonteringsmulighet med fleksible installasjonsalternativer, som en to-tr\u00e5ds fjernbryter som ikke krever flystr\u00f8m. Fordi det er en ELT med \u00e9n utgang, bruker ELT 345 samme RF-utgang og bare \u00e9n koaksialkabel for \u00e5 overf\u00f8re b\u00e5de 406 MHz og 121,5 MHz signaler. Det innebygde navigasjonsgrensesnittet krever ikke flystr\u00f8m for \u00e5 fungere, noe som reduserer installasjonskostnadene betraktelig. Monteringsbraketten i rustfritt st\u00e5l har en flerhullsm\u00f8nsterkonfigurasjon som gj\u00f8r utskifting av eldre ARTEX ELT-er eller gamle ACK-, Kannad- og AmeriKing ELT-er rask og enkel.   <\/p>\n<p>Kombiner ELT 345 med ARTEX sitt eksklusive system for satellittbekreftelsestesting p\u00e5 nett, <a title=\"406Test.com\" href=\"http:\/\/www.406test.com\/\">406Test.com<\/a> , og f\u00e5 resultater av beacon-testing i sanntid fra de samme satellittene som brukes av s\u00f8k og redning, for \u00e5 sikre at ELT systemet ditt fungerer som det skal. Det er en grunn til at ARTEX ELT-er er valget til flere flyprodusenter enn noen andre; de \u200b\u200bstoler p\u00e5 ARTEX for \u00e5 bygge produkter av h\u00f8yeste kvalitet, vel vitende om at de brukes til \u00e5 redde liv. <\/p>\n<p>&nbsp;<\/p>\n<p><strong>Settets innhold:<\/strong><\/p>\n<ul style=\"list-style-type: disc;\">\n<li><a href=\"https:\/\/www.acrartex.com\/sv\/products\/elt-345\/\">ELT 345\u2122<\/a> (P\/N 8102)<\/li>\n<li><a href=\"https:\/\/www.acrartex.com\/sv\/products\/resqlink-400-personal-locator-beacon\/\">ResQLink 400\u2122<\/a> Personal Locator Beacon (P\/N 2921)<\/li>\n<li><a href=\"https:\/\/www.acrartex.com\/products\/c-light-h20\">C-Light H\u2082O\u2122<\/a> n\u00f8dlys (delnr. 3962)<\/li>\n<li>Signalspeil<\/li>\n<li>WW-3 Res-Q\u2122-fl\u00f8yte (delnr. 1700)<\/li>\n<\/ul>\n","protected":false},"excerpt":{"rendered":"<p>Dette er det nyeste overlevelsessettet for piloter som er tilgjengelig. Det nye <a href=\"https:\/\/www.acrartex.com\/press_releases\/167\">ARTEX ELT 345\u2122 pilotsettet<\/a> er den perfekte kombinasjonen av sikkerhets- og overlevelsesprodukter som er utviklet for \u00e5 holde piloter trygge i en n\u00f8dsituasjon. Pilotsettet gir piloter ett praktisk sett for \u00e5 utstyre flyene sine med den nyeste 406 MHz Emergency Locator Transmitter ( ELT ) sammen med personlig overlevelsesutstyr for \u00e5 gi et redundant system for \u00e5 varsle s\u00f8k og redning om deres posisjon.  <\/p>\n<p>&nbsp;<\/p>\n<p><a href=\"https:\/\/www.acrartex.com\/products\/elt-345-transmitter\">ARTEX ELT 345<\/a> leveres med fjernbryter, summer, antenne og installasjonsutstyr, og gir piloter en kostnadseffektiv ELT -oppgraderingsl\u00f8sning til eldre 121,5 MHz ELT-er som ikke lenger overv\u00e5kes av s\u00f8k- og redningssatellitter, eller som en erstatning for andre 406 MHz ELT-er for den kvalitets- og verdibevisste piloten.<\/p>\n<p>&nbsp;<\/p>\n<p>Dette settet inneholder f\u00f8lgende viktige overlevelsesprodukter:<\/p>\n<p>&nbsp;<\/p>\n<ul>\n<li>ELT 345\u2122 (inkluderer antenne, fjernbryter + installasjon av maskinvare)<\/li>\n<li>ResQLink +\u2122 Personal Locator Beacon<\/li>\n<li>C-Light H\u2082O\u2122 n\u00f8dlys<\/li>\n<li>Signalspeil<\/li>\n<li>WW-3 Res-Q\u2122-fl\u00f8yte<\/li>\n<\/ul>\n<p>&nbsp;<\/p>\n<p><a href=\"https:\/\/www.dropbox.com\/s\/8343nj28z0d7bxa\/Prop%2065%20-%20BPA.pdf?dl=0\">ADVARSEL: FORSLAG 65<\/a><\/p>\n<p>&nbsp;<\/p>\n<p>&nbsp;<\/p>\n","protected":false},"featured_media":156644,"template":"","meta":{"_acf_changed":false,"om_disable_all_campaigns":false},"product_brand":[],"product_cat":[5879,5876,8433,5571],"product_tag":[12617,12544,5575,9198,12558,12607,12591,12580,5693,12569,5689,12599,5888,12596,12531],"class_list":{"0":"post-156405","1":"product","2":"type-product","3":"status-publish","4":"has-post-thumbnail","6":"product_cat-forretningsjet-no","7":"product_cat-generell-luftfart-no","8":"product_cat-kommersielle-fly","9":"product_cat-luftfart","10":"product_tag-2921-no","11":"product_tag-c-light-h2o-no","12":"product_tag-elt-no","13":"product_tag-elt-345-no","14":"product_tag-nodlys-no","15":"product_tag-nodsignallys","16":"product_tag-overlevelsessett","17":"product_tag-overlevende","18":"product_tag-personlig-lokaliseringsfyr","19":"product_tag-pilotsett","20":"product_tag-plb-no","21":"product_tag-resq-floyte","22":"product_tag-resqlink-no","23":"product_tag-resqlink-400-no","24":"product_tag-signalspeil","25":"pa_product-arv-no","27":"first","28":"instock","29":"taxable","30":"shipping-taxable","31":"product-type-simple"},"acf":[],"_links":{"self":[{"href":"https:\/\/www.acrartex.com\/no\/wp-json\/wp\/v2\/product\/156405","targetHints":{"allow":["GET"]}}],"collection":[{"href":"https:\/\/www.acrartex.com\/no\/wp-json\/wp\/v2\/product"}],"about":[{"href":"https:\/\/www.acrartex.com\/no\/wp-json\/wp\/v2\/types\/product"}],"wp:featuredmedia":[{"embeddable":true,"href":"https:\/\/www.acrartex.com\/no\/wp-json\/wp\/v2\/media\/156644"}],"wp:attachment":[{"href":"https:\/\/www.acrartex.com\/no\/wp-json\/wp\/v2\/media?parent=156405"}],"wp:term":[{"taxonomy":"product_brand","embeddable":true,"href":"https:\/\/www.acrartex.com\/no\/wp-json\/wp\/v2\/product_brand?post=156405"},{"taxonomy":"product_cat","embeddable":true,"href":"https:\/\/www.acrartex.com\/no\/wp-json\/wp\/v2\/product_cat?post=156405"},{"taxonomy":"product_tag","embeddable":true,"href":"https:\/\/www.acrartex.com\/no\/wp-json\/wp\/v2\/product_tag?post=156405"}],"curies":[{"name":"wp","href":"https:\/\/api.w.org\/{rel}","templated":true}]}}