{"id":155724,"date":"2021-03-16T08:27:35","date_gmt":"2021-03-16T13:27:35","guid":{"rendered":"https:\/\/www.acrartex.com\/products\/rcl-50-led-sokelys\/"},"modified":"2026-02-03T13:57:58","modified_gmt":"2026-02-03T18:57:58","slug":"rcl-50-led-sokelys","status":"publish","type":"product","link":"https:\/\/www.acrartex.com\/no\/products\/rcl-50-led-sokelys\/","title":{"rendered":"RCL -50 LED-s\u00f8kelys"},"content":{"rendered":"<p>RCL -50 LED fortsetter \u00e5 bruke den samme robuste designen som den originale RCL -50D og inkluderer en effektiv 6-LED-gruppe som produserer over 100 000 candela med lys. Bygget for sm\u00e5 og mellomstore b\u00e5ter, aluminiumshuset og den forseglede glasslinsen beskytter for \u00e5revis med problemfri drift. Andre funksjoner inkluderer en kablet fjernkontroll som lar brukerne 360 \u200b\u200bgraders kontinuerlig rotasjon ved h\u00f8ye eller lave hastigheter uten bryet med en hard stopp. Med en 10-graders str\u00e5levinkel gir lyset ogs\u00e5 elevasjonsvinkler p\u00e5 20 grader opp og ned, noe som gj\u00f8r belysning av trekkbroer, b\u00f8yer og brygger til en lek.   <\/p>\n<p>Aluminiumshuset er belagt med UV-stabilisator for \u00e5 t\u00e5le \u00e5revis i det t\u00f8ffe maritime milj\u00f8et. S\u00f8kelysets mekanismer er fullstendig lukket med presis str\u00e5levinkelkontroll, og RCL -50 LED-p\u00e6rene er designet for \u00e5 fungere i over 40 000 driftstimer. Med eksklusiv XRCiZ\u2122, et forh\u00e5ndsprogrammert system som roterer uavhengig hver 30. dag fra aktivering for \u00e5 beskytte mot korrosjon og alle elektriske kontakter fungerer. RCL -50 LED er v\u00e6rbestandig og fungerer med 12 eller 24 likestr\u00f8m.   <\/p>\n<p>&nbsp;<\/p>\n<h3>Hovedfunksjoner til den nye RCL -50 LED:<\/h3>\n<ul>\n<li>Ultrasterkt LED-array med 6 LED-er genererer over 100 000 candela-lys per minutt<\/li>\n<li>Effektive LED-p\u00e6rer med lang levetid \u2013 40 000 driftstimer<\/li>\n<li>Redusert str\u00f8mforbruk med opptil 50 % p\u00e5 12V-fart\u00f8y<\/li>\n<li>Kontrolleren har toppmoderne elektronikk for \u00e5 beskytte lyset mot de fleste str\u00f8mst\u00f8t<\/li>\n<li>Intern hevemekanisme for presis hellingskontroll av str\u00e5len; beskytter hevemekanismen mot v\u00e6r og vind<\/li>\n<li>Robust, trippelprimet og forseglet aluminiumshus i maritim kvalitet (tilgjengelig i hvitt eller svart)<\/li>\n<li>Inkluderer fingertuppfjernkontroll for Point Pad; opptil tre eksterne Point Pad-enheter kan installeres p\u00e5 systemet; alternativer for overflate-\/innfelt montering inkludert<\/li>\n<li>Den eksklusive XRCiZ\u2122-funksjonen roterer og beveger lysenheten hver 30. dag etter aktivering for \u00e5 holde alle lagerflater fri for korrosjon og alle elektriske kontakter funksjonelle.<\/li>\n<li>Inkluderer ledningsnett p\u00e5 4,57 m<\/li>\n<li>To-trinns motor<\/li>\n<\/ul>\n<p>&nbsp;<\/p>\n<h3>Tilgjengelige konfigurasjoner:<\/h3>\n<p>RCL-50 LED er tilgjengelig i en rekke forskjellige praktiske konfigurasjoner som er listet opp nedenfor.<\/p>\n<p>&nbsp;<\/p>\n<p><em><strong>Delenumre for s\u00f8kelyssett som bruker URP-102-pekeplaten og URC-103-hovedkontrolleren:<\/strong><\/em><\/p>\n<table>\n<tbody>\n<tr>\n<td width=\"103\"><strong>DELENUMMER<\/strong><\/td>\n<td width=\"619\"><strong>BESKRIVELSE<\/strong><\/td>\n<\/tr>\n<tr>\n<td width=\"103\">1960<\/td>\n<td width=\"619\">RCL-50 LED, hvit, med URC-103 hovedkontroller og URC-102 punkttastatur<\/td>\n<\/tr>\n<tr>\n<td width=\"103\">1961<\/td>\n<td width=\"619\">RCL-50 LED, svart, med URC-103 hovedkontroller og URC-102 punkttastatur<\/td>\n<\/tr>\n<\/tbody>\n<\/table>\n<p><strong> <\/strong><\/p>\n<p><strong> <\/strong><em><strong>Delenumre for s\u00f8kelyssett som bruker URP-103-punktputen og URC-104-hovedkontrolleren:<\/strong><\/em><\/p>\n<table>\n<tbody>\n<tr>\n<td width=\"103\"><strong>DELENUMMER<\/strong><\/td>\n<td width=\"619\"><strong>BESKRIVELSE<\/strong><\/td>\n<\/tr>\n<tr>\n<td width=\"103\">1980<\/td>\n<td width=\"619\">RCL-50 LED, hvit, med ny URC-104 hovedkontroller, URP-103 pekeplate og URH-103 h\u00e5ndholdt tr\u00e5dl\u00f8s fjernkontroll<\/td>\n<\/tr>\n<tr>\n<td width=\"103\">1981<\/td>\n<td width=\"619\">RCL-50 LED, svart, med ny URC-104 hovedkontroller, URP-103 pekeplate og URH-103 h\u00e5ndholdt tr\u00e5dl\u00f8s fjernkontroll<\/td>\n<\/tr>\n<tr>\n<td width=\"103\">1982<\/td>\n<td width=\"619\">RCL-50 LED, hvit, med ny URC-104 hovedkontroller og URC-103 punkttastatur<\/td>\n<\/tr>\n<tr>\n<td width=\"103\">1983<\/td>\n<td width=\"619\">RCL-50 LED, svart, med ny URC-104 hovedkontroller og URC-103 punktpad<\/td>\n<\/tr>\n<\/tbody>\n<\/table>\n","protected":false},"excerpt":{"rendered":"<p>&nbsp;<\/p>\n<p>Denne robuste s\u00f8kelykten er designet for sm\u00e5 til mellomstore fritidsb\u00e5ter og sm\u00e5 kommersielle fart\u00f8y, og har en ny 6 LED-lampe med over 100 000 candela-effekt. Den nye RCL -50 er bygget for det r\u00f8ffe og t\u00f8ffe maritime milj\u00f8et, og bruker det samme velpr\u00f8vde st\u00f8pte aluminiumshuset med helt nye interne mekaniske kontroller for \u00e5 drive og rotere den ultrasterke LED-lampen. <\/p>\n<p>RCL -50 LEDs tradisjonelt elegante design gj\u00f8r den til et attraktivt og kostnadseffektivt valg for sportsyachter, yachter, sportsfiskere, arbeidsb\u00e5ter og lette kommersielle fart\u00f8y. Med mer effektive LED-lys har RCL -50 LED redusert str\u00f8mforbruket med opptil 50 % p\u00e5 12V-fart\u00f8y. <\/p>\n<p>&nbsp;<\/p>\n<p style=\"margin-left: 0in; margin-right: 0in;\"><span style=\"font-size: 11pt;\"><span style=\"font-family: Calibri,sans-serif;\"><a style=\"color: blue; text-decoration: underline;\" href=\"https:\/\/www.dropbox.com\/scl\/fi\/8sck4rivcx2jzxj8j61pu\/Prop-65-Lead-and-Lead-Compounds.pdf?rlkey=nsnudjcdonl81ck0z1eyzvq7b&amp;e=1&amp;dl=0\"><span style=\"color: #000000;\">ADVARSEL: FORSLAG 65<\/span><\/a><\/span><\/span><\/p>\n<p>&nbsp;<\/p>\n","protected":false},"featured_media":155926,"template":"","meta":{"_acf_changed":false,"om_disable_all_campaigns":false},"product_brand":[],"product_cat":[5858,5865,5635,5860,5862,7122],"product_tag":[12179,12191,7144,12085,12113,12030,12204,12219,7123,12149,12135,12125,7129,7127,12161,12171,12100],"class_list":{"0":"post-155724","1":"product","2":"type-product","3":"status-publish","4":"has-post-thumbnail","6":"product_cat-inn-i-landet-no","7":"product_cat-kommersiell-no-2","8":"product_cat-marine-no","9":"product_cat-naer-kysten","10":"product_cat-offshore-no","11":"product_cat-sokelys","12":"product_tag-1960-no","13":"product_tag-1961-no","14":"product_tag-fjernstyrt-sokelys","15":"product_tag-fjernstyrte-sokelys","16":"product_tag-galys","17":"product_tag-led-sokelys-for-bater-no","18":"product_tag-pn-1960-no","19":"product_tag-pn-1961-no","20":"product_tag-rcl-no","21":"product_tag-rcl-50-led-no","22":"product_tag-rcl-50-no","23":"product_tag-rcl-50b-no","24":"product_tag-sokelys-no","25":"product_tag-sokelys","26":"product_tag-sokelys-for-sma-yachter","27":"product_tag-sokelys-i-aluminium","28":"product_tag-utendors-sokelys","29":"pa_product-sokelys","31":"first","32":"onbackorder","33":"taxable","34":"shipping-taxable","35":"purchasable","36":"product-type-variable"},"acf":[],"_links":{"self":[{"href":"https:\/\/www.acrartex.com\/no\/wp-json\/wp\/v2\/product\/155724","targetHints":{"allow":["GET"]}}],"collection":[{"href":"https:\/\/www.acrartex.com\/no\/wp-json\/wp\/v2\/product"}],"about":[{"href":"https:\/\/www.acrartex.com\/no\/wp-json\/wp\/v2\/types\/product"}],"wp:featuredmedia":[{"embeddable":true,"href":"https:\/\/www.acrartex.com\/no\/wp-json\/wp\/v2\/media\/155926"}],"wp:attachment":[{"href":"https:\/\/www.acrartex.com\/no\/wp-json\/wp\/v2\/media?parent=155724"}],"wp:term":[{"taxonomy":"product_brand","embeddable":true,"href":"https:\/\/www.acrartex.com\/no\/wp-json\/wp\/v2\/product_brand?post=155724"},{"taxonomy":"product_cat","embeddable":true,"href":"https:\/\/www.acrartex.com\/no\/wp-json\/wp\/v2\/product_cat?post=155724"},{"taxonomy":"product_tag","embeddable":true,"href":"https:\/\/www.acrartex.com\/no\/wp-json\/wp\/v2\/product_tag?post=155724"}],"curies":[{"name":"wp","href":"https:\/\/api.w.org\/{rel}","templated":true}]}}