{"id":155687,"date":"2021-03-16T08:25:07","date_gmt":"2021-03-16T13:25:07","guid":{"rendered":"https:\/\/www.acrartex.com\/products\/rcl-95-led-sokelys\/"},"modified":"2026-02-03T14:13:41","modified_gmt":"2026-02-03T19:13:41","slug":"rcl-95-led-sokelys","status":"publish","type":"product","link":"https:\/\/www.acrartex.com\/no\/products\/rcl-95-led-sokelys\/","title":{"rendered":"RCL -95 LED-s\u00f8kelys"},"content":{"rendered":"<p style=\"margin: 0in 0in 0.0001pt;\"><span style=\"font-size: 10pt;\"><span style=\"line-height: 150%;\">Bruk RCL -95 LED-s\u00f8kelyset med enten<b> <\/b>Kablet joystickkontroll p\u00e5 dashbordet eller den tr\u00e5dl\u00f8se h\u00e5ndholdte fjernkontrollen for \u00e5 rotere lyset 360 grader kontinuerlig med enten rask eller langsom hastighet uten bryderiet med en hard stopp. Med en 8-graders str\u00e5levinkel kan lyset vippe imponerende 135 grader for \u00e5 gj\u00f8re belysning av trekkbroer, b\u00f8yer og brygger til en lek. Auto-home-funksjonen vil praktisk parkere s\u00f8kelyset tilbake p\u00e5 \u00f8nsket startsted hver gang du sl\u00e5r av s\u00f8kelyset. <strong><span style=\"font-weight: normal;\">RCL -95 er den lyseste LED-b\u00e5ts\u00f8kelyset som er v\u00e6rbestandig, med<\/span><\/strong> elektronikken plassert i det IP68 vannbestandige lyktehodet i stedet for i basen for \u00f8kt beskyttelse. ASA-huset og linsen er forseglet mot elementene for mange \u00e5rs problemfri drift.     <\/span><\/span><\/p>\n<p style=\"margin: 0in 0in 0.0001pt;\"><b>Viktige funksjoner:<\/b><\/p>\n<ul>\n<li style=\"text-align: justify; margin: 0in 0in 0.0001pt;\"><span style=\"font-size: 10pt;\"><span style=\"line-height: 150%;\">10 h\u00f8yflux-LED-er (OSRAM)  <\/span><\/span><\/li>\n<li style=\"text-align: justify; margin: 0in 0in 0.0001pt;\"><span style=\"font-size: 10pt;\"><span style=\"line-height: 150%;\">460 000 candela, maks str\u00e5leavstand 1372 m (4501 fot) en av de lyseste LED-b\u00e5ts\u00f8kelysene<\/span><\/span><\/li>\n<li style=\"text-align: justify; margin: 0in 0in 0.0001pt;\"><span style=\"font-size: 10pt;\"><span style=\"line-height: 150%;\">Tr\u00e5dl\u00f8s h\u00e5ndholdt fjernkontroll og kablet joystick for dashbordmontering (begge inkludert)<\/span><\/span><\/li>\n<li style=\"text-align: justify; margin: 0in 0in 0.0001pt;\"><span style=\"font-size: 10pt;\"><span style=\"line-height: 150%;\">360 <sup>\u00b0<\/sup> kontinuerlig rotasjon og 135 <sup>\u00b0<\/sup> tilt<\/span><\/span><\/li>\n<li style=\"text-align: justify; margin: 0in 0in 0.0001pt;\"><span style=\"font-size: 10pt;\"><span style=\"line-height: 150%;\">Automatisk hjemretur n\u00e5r den er av<\/span><\/span><\/li>\n<li style=\"text-align: justify; margin: 0in 0in 0.0001pt;\"><span style=\"font-size: 10pt;\"><span style=\"line-height: 150%;\">4 ampere (12V) til 2 ampere (24V)<\/span><\/span><\/li>\n<li style=\"text-align: justify; margin: 0in 0in 0.0001pt;\"><span style=\"font-size: 10pt;\"><span style=\"line-height: 150%;\">Effektive LED-p\u00e6rer med lang levetid \u2013 50 000 driftstimer<\/span><\/span><\/li>\n<li style=\"text-align: justify; margin: 0in 0in 0.0001pt;\"><span style=\"font-size: 10pt;\"><span style=\"line-height: 150%;\">UV- og v\u00e6rbestandig<\/span><\/span><\/li>\n<li style=\"text-align: justify; margin: 0in 0in 0.0001pt;\"><span style=\"font-size: 10pt;\"><span style=\"line-height: 150%;\">Enkel installasjon (12\u201324 V str\u00f8mtilkobling og 5 m kablet joystick-kontrollkabel)<\/span><\/span><\/li>\n<li>Perfekt for arbeidsbiler, varebiler, b\u00e5ter og arbeidsb\u00e5ter<\/li>\n<\/ul>\n<p><b>Valgfritt tilbeh\u00f8r:<\/b><b><\/b><\/p>\n<ul>\n<li><b><\/b><span style=\"font-size: 10pt;\"><span style=\"line-height: 150%;\">Tr\u00e5dl\u00f8s fjernkontroll for dashbordmontering (delnr. 9635)<\/span><\/span><\/li>\n<li><span style=\"font-size: 10pt;\"><span style=\"line-height: 150%;\">RCL -95 reservemonteringsplate for GOLIGHT\u00ae (delnr. 9639)*<\/span><\/span><\/li>\n<li><span style=\"font-size: 10pt;\"><span style=\"line-height: 150%;\">RCL -95 5 m skj\u00f8tekabel (delnr. 9638)<\/span><\/span><\/li>\n<li><span style=\"font-size: 10pt;\"><span style=\"line-height: 150%;\">Kabelsele for RCL -95 joystick (delnr. 9640)<\/span><\/span><\/li>\n<\/ul>\n<p><span style=\"font-size: 10pt;\"><span style=\"line-height: 150%;\">*Dette ettermonteringssettet kan brukes n\u00e5r du bytter ut GOLIGHT\u00ae Stryker- eller RadioRay-s\u00f8kelys med RCL -95-s\u00f8kelyset. Merk: Dette settet fungerer ikke for den b\u00e6rbare versjonen av RadioRay (GOLIGHT er et registrert varemerke for GOLIGHT Inc.) <\/span><\/span><\/p>\n","protected":false},"excerpt":{"rendered":"<p style=\"margin: 0in 0in 0.0001pt;\"><span style=\"font-size: 10pt;\"><span style=\"line-height: 150%;\">Den helt nye RCL -95 LED-s\u00f8kelykten er designet for ytelse og enkelhet, og for \u00e5 v\u00e6re en av de lyseste LED-s\u00f8kelyktene for b\u00e5ter. Med bransjebest p\u00e5 460 000 candela ved bruk av 10 High Flux (50 W) LED-lys, har du sikt p\u00e5 over \u00be nautisk mil for \u00e5 lyse opp veien til destinasjonen din.   <\/span><\/span><span style=\"font-size: 10.0pt;\">RCL -95 LEDs elegante design gj\u00f8r den til et attraktivt og kostnadseffektivt valg for sm\u00e5 og mellomstore fritidsb\u00e5ter samt lette kommersielle fart\u00f8y.<\/span><\/p>\n<p>&nbsp;<\/p>\n<p style=\"margin: 0in 0in 0.0001pt;\"><a href=\"https:\/\/www.dropbox.com\/s\/0ezw0kexbm120vv\/Prop%2065%20-%20Lead%20and%20Lead%20Compounds.pdf?dl=0\">ADVARSEL: FORSLAG 65<\/a><\/p>\n","protected":false},"featured_media":36733,"template":"","meta":{"_acf_changed":false,"om_disable_all_campaigns":false},"product_brand":[],"product_cat":[5858,5635,5860,5862,7122],"product_tag":[12093,12108,12077,7140,7133,12030,7729,7135,12063],"class_list":{"0":"post-155687","1":"product","2":"type-product","3":"status-publish","4":"has-post-thumbnail","6":"product_cat-inn-i-landet-no","7":"product_cat-marine-no","8":"product_cat-naer-kysten","9":"product_cat-offshore-no","10":"product_cat-sokelys","11":"product_tag-1958-no","12":"product_tag-1959-no","13":"product_tag-acr-rcl-95-no","14":"product_tag-acr-sokelys","15":"product_tag-batsokelys","16":"product_tag-led-sokelys-for-bater-no","17":"product_tag-marin-led-sokelys","18":"product_tag-marin-sokelys","19":"product_tag-sokelys-for-salg","20":"pa_product-sokelys","22":"first","23":"instock","24":"taxable","25":"shipping-taxable","26":"purchasable","27":"product-type-variable"},"acf":[],"_links":{"self":[{"href":"https:\/\/www.acrartex.com\/no\/wp-json\/wp\/v2\/product\/155687","targetHints":{"allow":["GET"]}}],"collection":[{"href":"https:\/\/www.acrartex.com\/no\/wp-json\/wp\/v2\/product"}],"about":[{"href":"https:\/\/www.acrartex.com\/no\/wp-json\/wp\/v2\/types\/product"}],"wp:featuredmedia":[{"embeddable":true,"href":"https:\/\/www.acrartex.com\/no\/wp-json\/wp\/v2\/media\/36733"}],"wp:attachment":[{"href":"https:\/\/www.acrartex.com\/no\/wp-json\/wp\/v2\/media?parent=155687"}],"wp:term":[{"taxonomy":"product_brand","embeddable":true,"href":"https:\/\/www.acrartex.com\/no\/wp-json\/wp\/v2\/product_brand?post=155687"},{"taxonomy":"product_cat","embeddable":true,"href":"https:\/\/www.acrartex.com\/no\/wp-json\/wp\/v2\/product_cat?post=155687"},{"taxonomy":"product_tag","embeddable":true,"href":"https:\/\/www.acrartex.com\/no\/wp-json\/wp\/v2\/product_tag?post=155687"}],"curies":[{"name":"wp","href":"https:\/\/api.w.org\/{rel}","templated":true}]}}