{"id":155654,"date":"2021-03-16T08:25:01","date_gmt":"2021-03-16T13:25:01","guid":{"rendered":"https:\/\/www.acrartex.com\/products\/rcl-85-led-sokelys\/"},"modified":"2026-02-03T14:08:44","modified_gmt":"2026-02-03T19:08:44","slug":"rcl-85-led-sokelys","status":"publish","type":"product","link":"https:\/\/www.acrartex.com\/no\/products\/rcl-85-led-sokelys\/","title":{"rendered":"RCL -85 LED-s\u00f8kelys"},"content":{"rendered":"<p style=\"margin: 0in 0in 0.0001pt;\"><span style=\"font-size: 10pt;\"><span style=\"line-height: 150%;\">RCL -85 LEDs elegante design gj\u00f8r den til et attraktivt og kostnadseffektivt valg for sm\u00e5 og mellomstore fritidsb\u00e5ter samt lette kommersielle fart\u00f8y. Denne s\u00f8kelyset leveres med en tr\u00e5dl\u00f8s h\u00e5ndholdt fjernkontroll for \u00e5 rotere lyset 350 grader. Med en 8-graders str\u00e5levinkel kan lyset vippe imponerende 90 grader for \u00e5 gj\u00f8re belysning av vindebroer, b\u00f8yer og brygger til en lek. Trenger du hjelp, bruk strobefunksjonen for \u00e5 signalisere etter hjelp. <strong><span style=\"font-weight: normal;\">RCL -85 er v\u00e6rbestandig med<\/span><\/strong> elektronikken plassert i det IP68 vannbestandige lyshodet i stedet for i basen for \u00f8kt beskyttelse. ASA-huset og linsen er forseglet mot elementene for mange \u00e5rs problemfri drift for alle som \u00f8nsker en rimelig og lyssterk LED-s\u00f8kelys for b\u00e5ter og lastebiler.      <\/span><\/span><\/p>\n<p style=\"text-align: justify; margin: 0in 0in 0.0001pt;\"><span style=\"font-size: 10pt;\"><span style=\"line-height: 150%;\"><b>Viktige funksjoner:<\/b><\/span><\/span><\/p>\n<ul>\n<li style=\"text-align: justify; margin: 0in 0in 0.0001pt;\"><span style=\"font-size: 10pt;\"><span style=\"line-height: 150%;\">6 h\u00f8yflux-LED-er (OSRAM)  <\/span><\/span><\/li>\n<li style=\"text-align: justify; margin: 0in 0in 0.0001pt;\"><span style=\"font-size: 10pt;\"><span style=\"line-height: 150%;\">240 000 candela, maks str\u00e5leavstand 980 m<\/span><\/span><\/li>\n<li style=\"text-align: justify; margin: 0in 0in 0.0001pt;\"><span style=\"font-size: 10pt;\"><span style=\"line-height: 150%;\">Tr\u00e5dl\u00f8s h\u00e5ndholdt fjernkontroll (inkludert)<\/span><\/span><\/li>\n<li style=\"text-align: justify; margin: 0in 0in 0.0001pt;\"><span style=\"font-size: 10pt;\"><span style=\"line-height: 150%;\">350 <sup>graders<\/sup> rotasjon og 90 <sup>graders<\/sup> tilt<\/span><\/span><\/li>\n<li style=\"text-align: justify; margin: 0in 0in 0.0001pt;\"><span style=\"font-size: 10pt;\"><span style=\"line-height: 150%;\">2 ampere (12V) til 1,1 ampere (24V)<\/span><\/span><\/li>\n<li style=\"text-align: justify; margin: 0in 0in 0.0001pt;\"><span style=\"font-size: 10pt;\"><span style=\"line-height: 150%;\">Effektive LED-p\u00e6rer med lang levetid \u2013 50 000 driftstimer<\/span><\/span><\/li>\n<li style=\"text-align: justify; margin: 0in 0in 0.0001pt;\"><span style=\"font-size: 10pt;\"><span style=\"line-height: 150%;\">UV- og v\u00e6rbestandig<\/span><\/span><\/li>\n<li>Lyssterk LED-s\u00f8kelys for b\u00e5ter og lastebiler<\/li>\n<li style=\"text-align: justify; margin: 0in 0in 0.0001pt;\"><span style=\"font-size: 10.0pt;\">Enkel installasjon (kun 12\u201324 V str\u00f8mtilkobling)<\/span><\/li>\n<\/ul>\n","protected":false},"excerpt":{"rendered":"<p style=\"margin: 0in 0in 0.0001pt;\"><span style=\"font-size: 10pt;\"><span style=\"line-height: 150%;\">Den helt nye RCL -85 LED-s\u00f8kelykten er designet for b\u00e5tf\u00f8reren som \u00f8nsker \u00e5 droppe bryet med halogen-s\u00f8kelykter, men fortsatt \u00f8nsker \u00e5 f\u00e5 den rimelige prisen i en av de sterke LED-s\u00f8kelyktene for b\u00e5ter og lastebiler. Med imponerende 240 000 candela ved hjelp av 6 High Flux (30W) LED-er, har du sikt over en halv nautisk mil for \u00e5 lyse opp veien til destinasjonen din. Den enkle installasjonen krever bare at du kobler 12 til 24 volt str\u00f8m til s\u00f8kelykten, og all betjening er helt tr\u00e5dl\u00f8s.  <\/span><\/span><\/p>\n<p>&nbsp;<\/p>\n<p style=\"margin: 0in 0in 0.0001pt;\"><a href=\"https:\/\/www.dropbox.com\/s\/fk04stqsp2hgk5f\/Prop%2065%20-%20DEHP.pdf?dl=0\">ADVARSEL: FORSLAG 65<\/a><\/p>\n<p>&nbsp;<\/p>\n","protected":false},"featured_media":36740,"template":"","meta":{"_acf_changed":false,"om_disable_all_campaigns":false},"product_brand":[],"product_cat":[5858,5635,5860,5862,7122],"product_tag":[12096,12111,12043,7140,12067,7133,12055,7725,12030,12081,7729,7135,7131],"class_list":{"0":"post-155654","1":"product","2":"type-product","3":"status-publish","4":"has-post-thumbnail","6":"product_cat-inn-i-landet-no","7":"product_cat-marine-no","8":"product_cat-naer-kysten","9":"product_cat-offshore-no","10":"product_cat-sokelys","11":"product_tag-1956-no","12":"product_tag-1957-no","13":"product_tag-acr-rcl-85-no","14":"product_tag-acr-sokelys","15":"product_tag-arbeidsbillys","16":"product_tag-batsokelys","17":"product_tag-lastebilsokelys","18":"product_tag-led-sokelys","19":"product_tag-led-sokelys-for-bater-no","20":"product_tag-lyssterk-led-sokelys-for-bater-og-lastebiler","21":"product_tag-marin-led-sokelys","22":"product_tag-marin-sokelys","23":"product_tag-sokelys-til-salgs","24":"pa_product-sokelys","26":"first","27":"instock","28":"taxable","29":"shipping-taxable","30":"purchasable","31":"product-type-variable"},"acf":[],"_links":{"self":[{"href":"https:\/\/www.acrartex.com\/no\/wp-json\/wp\/v2\/product\/155654","targetHints":{"allow":["GET"]}}],"collection":[{"href":"https:\/\/www.acrartex.com\/no\/wp-json\/wp\/v2\/product"}],"about":[{"href":"https:\/\/www.acrartex.com\/no\/wp-json\/wp\/v2\/types\/product"}],"wp:featuredmedia":[{"embeddable":true,"href":"https:\/\/www.acrartex.com\/no\/wp-json\/wp\/v2\/media\/36740"}],"wp:attachment":[{"href":"https:\/\/www.acrartex.com\/no\/wp-json\/wp\/v2\/media?parent=155654"}],"wp:term":[{"taxonomy":"product_brand","embeddable":true,"href":"https:\/\/www.acrartex.com\/no\/wp-json\/wp\/v2\/product_brand?post=155654"},{"taxonomy":"product_cat","embeddable":true,"href":"https:\/\/www.acrartex.com\/no\/wp-json\/wp\/v2\/product_cat?post=155654"},{"taxonomy":"product_tag","embeddable":true,"href":"https:\/\/www.acrartex.com\/no\/wp-json\/wp\/v2\/product_tag?post=155654"}],"curies":[{"name":"wp","href":"https:\/\/api.w.org\/{rel}","templated":true}]}}